{"id":1930,"date":"2020-11-04T13:59:51","date_gmt":"2020-11-04T12:59:51","guid":{"rendered":"http:\/\/agora.xtec.cat\/escbellavista\/?page_id=1930"},"modified":"2022-11-24T00:49:37","modified_gmt":"2022-11-23T23:49:37","slug":"criteris-davaluacio","status":"publish","type":"page","link":"https:\/\/agora.xtec.cat\/escbellavista\/criteris-davaluacio\/","title":{"rendered":"Criteris d&#8217;avaluaci\u00f3"},"content":{"rendered":"<p><span style=\"font-weight: 400;\">En els enlla\u00e7os que trobareu a continuaci\u00f3 hi ha els criteris que es tindran en compte a l\u2019hora de realitzar les avaluacions de l\u2019alumnat. El proc\u00e9s de\u00a0 l\u2019avaluaci\u00f3 servir\u00e0 perqu\u00e8 l\u2019alumnat prengui consci\u00e8ncia del seu propi aprenentatge i es pugui autoregular; i tamb\u00e9, ser\u00e0 una avaluaci\u00f3 formativa que permetr\u00e0 anar adaptant les activitats durant el proc\u00e9s d\u2019ensenyament-aprenentatge.<\/span><\/p>\n<p><span style=\"font-weight: 400;\">A l&#8217;escola, el document marc \u00e9s el <\/span><a href=\"https:\/\/projectes.xtec.cat\/nou-curriculum\/educacio-basica\/#decret\"><span style=\"font-weight: 400;\">curr\u00edculum oficial <\/span><\/a><span style=\"font-weight: 400;\">del Departament d&#8217;Educaci\u00f3. En aquest document, d\u2019obligat compliment, es desenvolupen les compet\u00e8ncies, els continguts i els criteris d\u2019avaluaci\u00f3 ordenats per cicles.\u00a0<\/span><\/p>\n<p><span style=\"font-weight: 400;\">L&#8217;objectiu principal no \u00e9s que l&#8217;alumnat assoleixi uns continguts sin\u00f3 que adquireixi unes compet\u00e8ncies al finalitzar les diferents etapes educatives.<\/span><\/p>\n<p><span style=\"font-weight: 400;\">Tenint en compte totes les coses esmentades anteriorment, les propostes que es plantegen des de l\u2019escola aniran encaminades a l\u2019adquisici\u00f3 de les compet\u00e8ncies, i capacitats a l\u2019etapa d\u2019infantil, de manera globalitzada.<\/span><\/p>\n<table style=\"height: 125px; width: 706px; background-color: #edcbf2;\" width=\"706\">\n<tbody>\n<tr>\n<td style=\"width: 706px; text-align: center;\"><a href=\"https:\/\/drive.google.com\/file\/d\/1j6d1si333AGYEc4djgww1G0nfVEgmWMd\/view?usp=share_link\">CRITERIS D&#8217;AVALUACI\u00d3 EDUCACI\u00d3 INFANTIL<\/a><\/td>\n<\/tr>\n<tr>\n<td style=\"width: 706px; text-align: center;\"><a href=\"https:\/\/drive.google.com\/file\/d\/1U0kAQJki63iHTGI91LYJa-fBK-1J-cbu\/view?usp=share_link\">CRITERIS D&#8217;AVALUACI\u00d3 CICLE II<\/a><\/td>\n<\/tr>\n<tr>\n<td style=\"width: 706px; text-align: center;\"><a href=\"https:\/\/drive.google.com\/file\/d\/1KC5oh0CZtMoD58PPY7H6Wq0760oamHGw\/view?usp=share_link\">CRITERIS D&#8217;AVALUACI\u00d3 CICLE III<\/a><\/td>\n<\/tr>\n<tr>\n<td style=\"width: 706px; text-align: center;\"><a href=\"https:\/\/drive.google.com\/file\/d\/1myFW0VRDot6nbjiBPa9_kvGMGBwt6rFq\/view?usp=share_link\">CRITERIS D&#8217;AVALUACI\u00d3 CICLE IV<\/a><\/td>\n<\/tr>\n<\/tbody>\n<\/table>\n","protected":false},"excerpt":{"rendered":"<p>En els enlla\u00e7os que trobareu a continuaci\u00f3 hi ha els criteris que es tindran en compte a l\u2019hora de realitzar les avaluacions de l\u2019alumnat. El proc\u00e9s de\u00a0 l\u2019avaluaci\u00f3 servir\u00e0 perqu\u00e8 l\u2019alumnat prengui consci\u00e8ncia del seu propi aprenentatge i es pugui autoregular; i tamb\u00e9, ser\u00e0 una&hellip;  <a href=\"https:\/\/agora.xtec.cat\/escbellavista\/criteris-davaluacio\/\" title=\"Read Criteris d&#8217;avaluaci\u00f3\">Llegeix m\u00e9s\u00bb<\/a><\/p>\n","protected":false},"author":1,"featured_media":0,"parent":0,"menu_order":0,"comment_status":"closed","ping_status":"closed","template":"page-templates\/side-menu.php","meta":{"_bbp_topic_count":0,"_bbp_reply_count":0,"_bbp_total_topic_count":0,"_bbp_total_reply_count":0,"_bbp_voice_count":0,"_bbp_anonymous_reply_count":0,"_bbp_topic_count_hidden":0,"_bbp_reply_count_hidden":0,"_bbp_forum_subforum_count":0,"footnotes":""},"class_list":["post-1930","page","type-page","status-publish","hentry"],"post_mailing_queue_ids":[],"_links":{"self":[{"href":"https:\/\/agora.xtec.cat\/escbellavista\/wp-json\/wp\/v2\/pages\/1930","targetHints":{"allow":["GET"]}}],"collection":[{"href":"https:\/\/agora.xtec.cat\/escbellavista\/wp-json\/wp\/v2\/pages"}],"about":[{"href":"https:\/\/agora.xtec.cat\/escbellavista\/wp-json\/wp\/v2\/types\/page"}],"author":[{"embeddable":true,"href":"https:\/\/agora.xtec.cat\/escbellavista\/wp-json\/wp\/v2\/users\/1"}],"replies":[{"embeddable":true,"href":"https:\/\/agora.xtec.cat\/escbellavista\/wp-json\/wp\/v2\/comments?post=1930"}],"version-history":[{"count":4,"href":"https:\/\/agora.xtec.cat\/escbellavista\/wp-json\/wp\/v2\/pages\/1930\/revisions"}],"predecessor-version":[{"id":2575,"href":"https:\/\/agora.xtec.cat\/escbellavista\/wp-json\/wp\/v2\/pages\/1930\/revisions\/2575"}],"wp:attachment":[{"href":"https:\/\/agora.xtec.cat\/escbellavista\/wp-json\/wp\/v2\/media?parent=1930"}],"curies":[{"name":"wp","href":"https:\/\/api.w.org\/{rel}","templated":true}]}}