{"id":1480,"date":"2020-01-27T19:30:32","date_gmt":"2020-01-27T18:30:32","guid":{"rendered":"http:\/\/agora.xtec.cat\/escbellavista\/?page_id=1480"},"modified":"2025-01-15T16:46:15","modified_gmt":"2025-01-15T15:46:15","slug":"ambients-2","status":"publish","type":"page","link":"https:\/\/agora.xtec.cat\/escbellavista\/linia\/ambients-2\/","title":{"rendered":"Ambients Infantil"},"content":{"rendered":"<div class=\"page\" title=\"Page 19\">\n<div class=\"layoutArea\">\n<div class=\"column\">\n<p><strong>AMBIENTS AL CICLE 1 (INFANTIL)<\/strong><\/p>\n<p>El treball per ambients \u00e9s una estrat\u00e8gia pedag\u00f2gica que implica agrupar l&#8217;alumnat d&#8217;un mateix cicle en diversos entorns on poden desenvolupar el seu aprenentatge de manera espont\u00e0nia. En aquesta din\u00e0mica, els infants passen a ser els protagonistes, aprenent de manera aut\u00f2noma, lliure, constructiva i activa.<\/p>\n<p>Aquest enfocament fomenta la interacci\u00f3, la col\u00b7laboraci\u00f3 i la cooperaci\u00f3 entre nens i nenes de diferents edats, respectant els seus ritmes individuals d&#8217;aprenentatge.<\/p>\n<p>A m\u00e9s, permet aplicar els coneixements adquirits i adquirir-ne de nous de manera significativa i funcional. Tamb\u00e9 promou la coeducaci\u00f3, la socialitzaci\u00f3 i el respecte mutu entre els estudiants de l&#8217;educaci\u00f3 infantil.<\/p>\n<div class=\"flex-1 overflow-hidden\">\n<div class=\"react-scroll-to-bottom--css-czosd-79elbk h-full\">\n<div class=\"react-scroll-to-bottom--css-czosd-1n7m0yu\">\n<div class=\"flex flex-col text-sm gizmo:pb-9 dark:bg-gray-800 gizmo:dark:bg-transparent\">\n<div class=\"group w-full text-token-text-primary border-b border-black\/10 gizmo:border-0 dark:border-gray-900\/50 gizmo:dark:border-0 bg-gray-50 gizmo:bg-transparent dark:bg-[#444654] gizmo:dark:bg-transparent\" data-testid=\"conversation-turn-3\">\n<div class=\"p-4 gizmo:py-2 justify-center text-base md:gap-6 md:py-6 m-auto\">\n<div class=\"flex flex-1 gap-4 text-base mx-auto md:gap-6 gizmo:gap-3 gizmo:md:px-5 gizmo:lg:px-1 gizmo:xl:px-5 md:max-w-2xl lg:max-w-[38rem] gizmo:md:max-w-3xl gizmo:lg:max-w-[40rem] gizmo:xl:max-w-[48rem] xl:max-w-3xl }\">\n<div class=\"relative flex w-[calc(100%-50px)] flex-col gizmo:w-full lg:w-[calc(100%-115px)] agent-turn\">\n<div class=\"flex-col gap-1 md:gap-3\">\n<div class=\"flex flex-grow flex-col max-w-full gap-3 gizmo:gap-0\">\n<div class=\"min-h-[20px] flex flex-col items-start gap-3 whitespace-pre-wrap break-words overflow-x-auto\" data-message-author-role=\"assistant\" data-message-id=\"6cc50c22-8893-408a-8d87-b43fd8137089\">\n<div class=\"markdown prose w-full break-words dark:prose-invert light\">\n<p><strong>Principis metodol\u00f2gics:<\/strong><\/p>\n<p>Per a l&#8217;alumnat:<\/p>\n<ul>\n<li>\u00c9s el protagonista del seu propi aprenentatge, explorant, experimentant, modificant, construint, destruint, comunicant-se, raonant, explicant i inventant.<\/li>\n<li>L&#8217;organitzaci\u00f3 de grups de diferents edats afavoreix la interacci\u00f3, la col\u00b7laboraci\u00f3 i la cooperaci\u00f3, on les relacions d&#8217;ajuda m\u00fatua esdevenen importants i els nens m\u00e9s grans serveixen de model per estructurar el joc i fomentar el creixement personal.<\/li>\n<li>L&#8217;alumnat pot desenvolupar i aplicar diverses intel\u00b7lig\u00e8ncies, com la ling\u00fc\u00edstica, musical, logicomatem\u00e0tica, cin\u00e8tica-corporal, visual-espacial, naturalista, intrapersonal i interpersonal.<\/li>\n<\/ul>\n<p>Per al docent:<\/p>\n<ul>\n<li>La funci\u00f3 dels docents \u00e9s la de guies, organitzadores i mediadores, observadores que faciliten el proc\u00e9s per permetre als nens desenvolupar al m\u00e0xim el seu aprenentatge.<\/li>\n<li>L&#8217;observaci\u00f3 juga un paper crucial per identificar les habilitats i el potencial dels estudiants, tenint en compte les diverses intel\u00b7lig\u00e8ncies.<\/li>\n<\/ul>\n<p>Espai i material:<\/p>\n<ul>\n<li>L&#8217;organitzaci\u00f3 de l&#8217;espai i la diversitat de materials s\u00f3n fonamentals en aquesta metodologia.<\/li>\n<li>L&#8217;objectiu \u00e9s crear espais atractius i susceptibles d&#8217;aprenentatge.<\/li>\n<\/ul>\n<p>Acci\u00f3 de l&#8217;infant:<\/p>\n<ul>\n<li>L&#8217;activitat lliure o el joc s\u00f3n recursos did\u00e0ctics i d&#8217;aprenentatge primordials, amb una prefer\u00e8ncia per les activitats no dirigides, tot i que hi ha situacions en qu\u00e8 la direcci\u00f3 \u00e9s necess\u00e0ria.<\/li>\n<\/ul>\n<\/div>\n<\/div>\n<\/div>\n<\/div>\n<\/div>\n<\/div>\n<\/div>\n<\/div>\n<\/div>\n<\/div>\n<\/div>\n<\/div>\n<p><strong>Quins ambients fem?<\/strong><\/p>\n<ul>\n<li>VOLEM SER<\/li>\n<li>SOM ARTISTES<\/li>\n<li>FEM I DESFEM<\/li>\n<li>EXPERIMENTEM<\/li>\n<li>ENS MOVEM<\/li>\n<li>ACTUEM<\/li>\n<\/ul>\n<p><a href=\"https:\/\/agora.xtec.cat\/escbellavista\/wp-content\/uploads\/usu1127\/2023\/11\/ambients.jpg\"><img loading=\"lazy\" decoding=\"async\" class=\"wp-image-2951 aligncenter\" src=\"https:\/\/agora.xtec.cat\/escbellavista\/wp-content\/uploads\/usu1127\/2023\/11\/ambients.jpg\" alt=\"\" width=\"433\" height=\"433\" srcset=\"https:\/\/agora.xtec.cat\/escbellavista\/wp-content\/uploads\/usu1127\/2023\/11\/ambients.jpg 1080w, https:\/\/agora.xtec.cat\/escbellavista\/wp-content\/uploads\/usu1127\/2023\/11\/ambients-300x300.jpg 300w, https:\/\/agora.xtec.cat\/escbellavista\/wp-content\/uploads\/usu1127\/2023\/11\/ambients-1024x1024.jpg 1024w, https:\/\/agora.xtec.cat\/escbellavista\/wp-content\/uploads\/usu1127\/2023\/11\/ambients-150x150.jpg 150w, https:\/\/agora.xtec.cat\/escbellavista\/wp-content\/uploads\/usu1127\/2023\/11\/ambients-768x768.jpg 768w\" sizes=\"auto, (max-width: 433px) 100vw, 433px\" \/><\/a><\/p>\n<p><strong>\r\n\t<div class=\"slideshow_container slideshow_container_style-light\" style=\" \" data-slideshow-id=\"3690\" data-style-name=\"style-light\" data-style-version=\"2.3.1\" >\r\n\r\n\t\t\t\t\t<div class=\"slideshow_loading_icon\"><\/div>\r\n\t\t\r\n\t\t<div class=\"slideshow_content\" style=\"display: none;\">\r\n\r\n\t\t\t<div class=\"slideshow_view\">\r\n\t\t\t\t<div class=\"slideshow_slide slideshow_slide_image\">\r\n\t\t\t\t\t\t\t\t\t\t\t<img src=\"https:\/\/agora.xtec.cat\/escbellavista\/wp-content\/uploads\/usu1127\/2025\/01\/Ambients-5.jpg\" alt=\"Screenshot\" width=\"749\" height=\"720\" \/>\r\n\t\t\t\t\t\t\t\t\t\t<div class=\"slideshow_description_box slideshow_transparent\">\r\n\t\t\t\t\t\t<div class=\"slideshow_title\">Screenshot<\/div>\t\t\t\t\t\t\t\t\t\t\t<\/div>\r\n\t\t\t\t<\/div>\r\n\r\n\t\t\t\t\t\t<div style=\"clear: both;\"><\/div><\/div><div class=\"slideshow_view\">\r\n\t\t\t\t<div class=\"slideshow_slide slideshow_slide_image\">\r\n\t\t\t\t\t\t\t\t\t\t\t<img src=\"https:\/\/agora.xtec.cat\/escbellavista\/wp-content\/uploads\/usu1127\/2025\/01\/Ambients-6.jpg\" alt=\"Screenshot\" width=\"749\" height=\"727\" \/>\r\n\t\t\t\t\t\t\t\t\t\t<div class=\"slideshow_description_box slideshow_transparent\">\r\n\t\t\t\t\t\t<div class=\"slideshow_title\">Screenshot<\/div>\t\t\t\t\t\t\t\t\t\t\t<\/div>\r\n\t\t\t\t<\/div>\r\n\r\n\t\t\t\t\t\t<div style=\"clear: both;\"><\/div><\/div><div class=\"slideshow_view\">\r\n\t\t\t\t<div class=\"slideshow_slide slideshow_slide_image\">\r\n\t\t\t\t\t\t\t\t\t\t\t<img src=\"https:\/\/agora.xtec.cat\/escbellavista\/wp-content\/uploads\/usu1127\/2025\/01\/Ambients-7.jpg\" alt=\"Screenshot\" width=\"749\" height=\"717\" \/>\r\n\t\t\t\t\t\t\t\t\t\t<div class=\"slideshow_description_box slideshow_transparent\">\r\n\t\t\t\t\t\t<div class=\"slideshow_title\">Screenshot<\/div>\t\t\t\t\t\t\t\t\t\t\t<\/div>\r\n\t\t\t\t<\/div>\r\n\r\n\t\t\t\t\t\t<div style=\"clear: both;\"><\/div><\/div><div class=\"slideshow_view\">\r\n\t\t\t\t<div class=\"slideshow_slide slideshow_slide_image\">\r\n\t\t\t\t\t\t\t\t\t\t\t<img src=\"https:\/\/agora.xtec.cat\/escbellavista\/wp-content\/uploads\/usu1127\/2025\/01\/Ambients-1.jpg\" alt=\"Screenshot\" width=\"749\" height=\"741\" \/>\r\n\t\t\t\t\t\t\t\t\t\t<div class=\"slideshow_description_box slideshow_transparent\">\r\n\t\t\t\t\t\t<div class=\"slideshow_title\">Screenshot<\/div>\t\t\t\t\t\t\t\t\t\t\t<\/div>\r\n\t\t\t\t<\/div>\r\n\r\n\t\t\t\t\t\t<div style=\"clear: both;\"><\/div><\/div><div class=\"slideshow_view\">\r\n\t\t\t\t<div class=\"slideshow_slide slideshow_slide_image\">\r\n\t\t\t\t\t\t\t\t\t\t\t<img src=\"https:\/\/agora.xtec.cat\/escbellavista\/wp-content\/uploads\/usu1127\/2025\/01\/Ambients-2.jpg\" alt=\"Screenshot\" width=\"749\" height=\"615\" \/>\r\n\t\t\t\t\t\t\t\t\t\t<div class=\"slideshow_description_box slideshow_transparent\">\r\n\t\t\t\t\t\t<div class=\"slideshow_title\">Screenshot<\/div>\t\t\t\t\t\t\t\t\t\t\t<\/div>\r\n\t\t\t\t<\/div>\r\n\r\n\t\t\t\t\t\t<div style=\"clear: both;\"><\/div><\/div><div class=\"slideshow_view\">\r\n\t\t\t\t<div class=\"slideshow_slide slideshow_slide_image\">\r\n\t\t\t\t\t\t\t\t\t\t\t<img src=\"https:\/\/agora.xtec.cat\/escbellavista\/wp-content\/uploads\/usu1127\/2025\/01\/Ambients-3.jpg\" alt=\"Screenshot\" width=\"749\" height=\"703\" \/>\r\n\t\t\t\t\t\t\t\t\t\t<div class=\"slideshow_description_box slideshow_transparent\">\r\n\t\t\t\t\t\t<div class=\"slideshow_title\">Screenshot<\/div>\t\t\t\t\t\t\t\t\t\t\t<\/div>\r\n\t\t\t\t<\/div>\r\n\r\n\t\t\t\t\t\t<div style=\"clear: both;\"><\/div><\/div><div class=\"slideshow_view\">\r\n\t\t\t\t<div class=\"slideshow_slide slideshow_slide_image\">\r\n\t\t\t\t\t\t\t\t\t\t\t<img src=\"https:\/\/agora.xtec.cat\/escbellavista\/wp-content\/uploads\/usu1127\/2025\/01\/Ambients-4.jpg\" alt=\"Screenshot\" width=\"749\" height=\"657\" \/>\r\n\t\t\t\t\t\t\t\t\t\t<div class=\"slideshow_description_box slideshow_transparent\">\r\n\t\t\t\t\t\t<div class=\"slideshow_title\">Screenshot<\/div>\t\t\t\t\t\t\t\t\t\t\t<\/div>\r\n\t\t\t\t<\/div>\r\n\r\n\t\t\t\t\t\t<div style=\"clear: both;\"><\/div><\/div>\r\n\t\t<\/div>\r\n\r\n\t\t<div class=\"slideshow_controlPanel slideshow_transparent\" style=\"display: none;\"><ul><li class=\"slideshow_togglePlay\" data-play-text=\"Visualitza\" data-pause-text=\"Pausa\"><\/li><\/ul><\/div>\r\n\r\n\t\t<div class=\"slideshow_button slideshow_previous slideshow_transparent\" role=\"button\" data-previous-text=\"Anterior\" style=\"display: none;\"><\/div>\r\n\t\t<div class=\"slideshow_button slideshow_next slideshow_transparent\" role=\"button\" data-next-text=\"Seg\u00fcent\" style=\"display: none;\"><\/div>\r\n\r\n\t\t<div class=\"slideshow_pagination\" style=\"display: none;\" data-go-to-text=\"V\u00e9s a la diapositiva\"><div class=\"slideshow_pagination_center\"><\/div><\/div>\r\n\r\n\t\t<!-- WordPress Slideshow Version 2.3.1 -->\r\n\r\n\t\t\t<\/div>\r\n\r\n<\/strong><\/p>\n<\/div>\n<\/div>\n<\/div>\n","protected":false},"excerpt":{"rendered":"<p>AMBIENTS AL CICLE 1 (INFANTIL)<br \/>\nEl treball per ambients \u00e9s una estrat\u00e8gia pedag\u00f2gica que implica agrupar l&#8217;alumnat d&#8217;un mateix cicle en diversos entorns on poden desenvolupar el seu aprenentatge de manera espont\u00e0nia. En aquesta din\u00e0mica, els infants passen a ser els protagonistes, aprenent de manera aut\u00f2noma,&hellip;  <a href=\"https:\/\/agora.xtec.cat\/escbellavista\/linia\/ambients-2\/\" title=\"Read Ambients Infantil\">Llegeix m\u00e9s\u00bb<\/a><\/p>\n","protected":false},"author":1,"featured_media":0,"parent":1038,"menu_order":6,"comment_status":"closed","ping_status":"closed","template":"page-templates\/side-menu.php","meta":{"_bbp_topic_count":0,"_bbp_reply_count":0,"_bbp_total_topic_count":0,"_bbp_total_reply_count":0,"_bbp_voice_count":0,"_bbp_anonymous_reply_count":0,"_bbp_topic_count_hidden":0,"_bbp_reply_count_hidden":0,"_bbp_forum_subforum_count":0,"footnotes":""},"class_list":["post-1480","page","type-page","status-publish","hentry"],"post_mailing_queue_ids":[],"_links":{"self":[{"href":"https:\/\/agora.xtec.cat\/escbellavista\/wp-json\/wp\/v2\/pages\/1480","targetHints":{"allow":["GET"]}}],"collection":[{"href":"https:\/\/agora.xtec.cat\/escbellavista\/wp-json\/wp\/v2\/pages"}],"about":[{"href":"https:\/\/agora.xtec.cat\/escbellavista\/wp-json\/wp\/v2\/types\/page"}],"author":[{"embeddable":true,"href":"https:\/\/agora.xtec.cat\/escbellavista\/wp-json\/wp\/v2\/users\/1"}],"replies":[{"embeddable":true,"href":"https:\/\/agora.xtec.cat\/escbellavista\/wp-json\/wp\/v2\/comments?post=1480"}],"version-history":[{"count":6,"href":"https:\/\/agora.xtec.cat\/escbellavista\/wp-json\/wp\/v2\/pages\/1480\/revisions"}],"predecessor-version":[{"id":3701,"href":"https:\/\/agora.xtec.cat\/escbellavista\/wp-json\/wp\/v2\/pages\/1480\/revisions\/3701"}],"up":[{"embeddable":true,"href":"https:\/\/agora.xtec.cat\/escbellavista\/wp-json\/wp\/v2\/pages\/1038"}],"wp:attachment":[{"href":"https:\/\/agora.xtec.cat\/escbellavista\/wp-json\/wp\/v2\/media?parent=1480"}],"curies":[{"name":"wp","href":"https:\/\/api.w.org\/{rel}","templated":true}]}}