{"id":1069,"date":"2019-02-28T15:53:51","date_gmt":"2019-02-28T14:53:51","guid":{"rendered":"http:\/\/agora.xtec.cat\/escbellavista\/?page_id=1069"},"modified":"2026-04-16T16:33:35","modified_gmt":"2026-04-16T14:33:35","slug":"ambients","status":"publish","type":"page","link":"https:\/\/agora.xtec.cat\/escbellavista\/linia\/ambients\/","title":{"rendered":"PROJECTES FAIG CURS 25-26"},"content":{"rendered":"<div class=\"page\" title=\"Page 19\">\n<div class=\"layoutArea\">\n<div class=\"layoutArea\">\n<p><a href=\"https:\/\/agora.xtec.cat\/escbellavista\/wp-content\/uploads\/usu1127\/2024\/01\/PHOTO-2024-01-26-12-14-43.jpg\"><img loading=\"lazy\" decoding=\"async\" class=\"wp-image-3067 aligncenter\" src=\"https:\/\/agora.xtec.cat\/escbellavista\/wp-content\/uploads\/usu1127\/2024\/01\/PHOTO-2024-01-26-12-14-43.jpg\" alt=\"\" width=\"537\" height=\"214\" srcset=\"https:\/\/agora.xtec.cat\/escbellavista\/wp-content\/uploads\/usu1127\/2024\/01\/PHOTO-2024-01-26-12-14-43.jpg 712w, https:\/\/agora.xtec.cat\/escbellavista\/wp-content\/uploads\/usu1127\/2024\/01\/PHOTO-2024-01-26-12-14-43-300x120.jpg 300w\" sizes=\"auto, (max-width: 537px) 100vw, 537px\" \/><\/a><\/p>\n<p>El curs 25-26, l&#8217;escola continua formant part del programa experimental FAIG &#8220;Fent per Aprendre, Imaginant Globalment&#8221;, impulsat per la Direcci\u00f3 General d\u2019Innovaci\u00f3, Digitalitzaci\u00f3, Curr\u00edculum i Lleng\u00fces i el Centre de Recursos Pedag\u00f2gics Espec\u00edfics de Suport a la Innovaci\u00f3 i a la Recerca Educativa (CESIRE).<\/p>\n<p>Es tracta d\u2019un programa experimental que impulsa el desenvolupament de projectes de treball vinculats als desafiaments de les persones i del planeta, els quals integren processos de creaci\u00f3 &#8220;maker&#8221; i de fabricaci\u00f3 digital, amb el prop\u00f2sit que infants i joves donin resposta a les necessitats de les seves comunitats i esdevinguin persones cr\u00edtiques, participatives i transformadores del seu entorn.<\/p>\n<p>El programa FAIG implica:<\/p>\n<p>La creaci\u00f3 d\u2019un espai &#8220;maker&#8221; (anomenat FAIGLab) obert a la comunitat educativa.<br \/>\nL\u2019acompanyament i formaci\u00f3 pedag\u00f2gica necess\u00e0ria per a consolidar l\u2019aprenentatge per projectes des d\u2019un enfocament globalitzat com a l\u00ednia pedag\u00f2gica de centre.<br \/>\nLa realitzaci\u00f3 de projectes interdisciplinaris que connectin l\u2019alumnat amb problemes socialment rellevants, perqu\u00e8 esdevinguin projectes d\u2019aprenentatge amb sentit.<br \/>\nLa capacitaci\u00f3 tecnol\u00f2gica necess\u00e0ria per a integrar el \u201cmaker\u201d i les possibilitats creatives de la fabricaci\u00f3 digital en els projectes d\u2019aprenentatge amb sentit, possibilitant que l&#8217;alumnat doni respostes innovadores a les necessitats de l\u2019entorn.<br \/>\nLa col\u00b7laboraci\u00f3 amb agents externs capdavanters en la recerca i la creaci\u00f3 de solucions davant els desafiaments socials actuals i reptes de futur.<br \/>\nLa participaci\u00f3 activa en la xarxa de centres FAIG de Catalunya.<br \/>\nLa creaci\u00f3 d\u2019una comunitat activa d\u2019aprenentatge al voltant del FAIGLab que possibiliti la seva obertura a l\u2019entorn.<\/p>\n<p>Els projectes previstos per aquest curs s\u00f3n els seg\u00fcents:<\/p>\n<p><span style=\"font-family: inherit; font-size: 1em; font-weight: normal;\">CICLE 1 (I3, I4 i I5)<\/span><\/p>\n<\/div>\n<\/div>\n<\/div>\n<div>\n<table style=\"height: 40px; width: 87.8196%;\" width=\"743\">\n<tbody>\n<tr style=\"height: 40px;\">\n<td style=\"width: 222.312px; text-align: center; background-color: #ce9ae6; height: 40px;\"><span style=\"color: #ffffff;\"><strong>2n QUADRIMESTRE<\/strong><\/span><\/td>\n<td style=\"width: 266.375px; text-align: center; height: 40px;\" colspan=\"2\">El Mar<\/td>\n<\/tr>\n<\/tbody>\n<\/table>\n<\/div>\n<div><\/div>\n<div>\n<div class=\"layoutArea\">\n<div class=\"page\" title=\"Page 19\">\n<div class=\"layoutArea\">\n<p>CICLE 2<\/p>\n<\/div>\n<\/div>\n<div>\n<table style=\"height: 112px; width: 87.8197%;\" width=\"743\">\n<tbody>\n<tr>\n<td style=\"width: 29.918%; text-align: center; background-color: #97e8a8;\"><span style=\"color: #333333;\"><b>1r TRIMESTRE<\/b><\/span><\/td>\n<td style=\"width: 68.5792%; text-align: center;\" colspan=\"2\">Els \u00e9ssers vius del nostre pati<\/td>\n<\/tr>\n<tr>\n<td style=\"width: 29.918%; text-align: center; background-color: #97e8a8;\"><span style=\"color: #333333;\"><b>2n i 3r TRIMESTRE<\/b><\/span><\/td>\n<td style=\"text-align: center; width: 34.2896%;\" colspan=\"2\">L&#8217;entorn de l&#8217;escola<\/td>\n<\/tr>\n<\/tbody>\n<\/table>\n<\/div>\n<div><\/div>\n<div>\n<div class=\"layoutArea\">\n<div class=\"page\" title=\"Page 19\">\n<div class=\"layoutArea\">\n<p>CICLE 3<\/p>\n<\/div>\n<\/div>\n<div>\n<table style=\"height: 78px; width: 88.0619%;\" width=\"743\">\n<tbody>\n<tr>\n<td style=\"width: 222.3125px; text-align: center; background-color: #ce9ae6;\"><span style=\"color: #ffffff;\"><strong>1r TRIMESTRE<\/strong><\/span><\/td>\n<td style=\"width: 266.375px; text-align: center;\" colspan=\"2\">Repensem els mites de l&#8217;antiga Gr\u00e8cia<\/td>\n<\/tr>\n<tr>\n<td style=\"width: 222.3125px; text-align: center; background-color: #ce9ae6;\"><span style=\"color: #ffffff;\"><strong>2n i 3r TRIMESTRE<\/strong><\/span><\/td>\n<td style=\"width: 266.375px; text-align: center;\" colspan=\"2\">Caminada a Milpins<\/td>\n<\/tr>\n<\/tbody>\n<\/table>\n<\/div>\n<div><\/div>\n<div>\n<div class=\"layoutArea\">\n<div class=\"page\" title=\"Page 19\">\n<div class=\"layoutArea\">\n<p>CICLE 4<\/p>\n<\/div>\n<\/div>\n<div>\n<table style=\"height: 92px; width: 88.5465%;\" width=\"743\">\n<tbody>\n<tr>\n<td style=\"width: 29.918%; text-align: center; background-color: #97e8a8;\"><span style=\"color: #333333;\"><b>1r TRIMESTRE<\/b><\/span><\/td>\n<td style=\"width: 68.5792%; text-align: center;\" colspan=\"2\">Compartim valors<\/td>\n<\/tr>\n<tr>\n<td style=\"width: 29.918%; text-align: center; background-color: #97e8a8;\"><span style=\"color: #333333;\"><strong>2n i 3r TRIMESTRE<\/strong><\/span><\/td>\n<td style=\"text-align: center; width: 34.2896%;\" colspan=\"2\">D&#8217;on ve el que construim<\/td>\n<\/tr>\n<\/tbody>\n<\/table>\n<p>&nbsp;<\/p>\n<\/div>\n<\/div>\n<\/div>\n<\/div>\n<\/div>\n<\/div>\n<\/div>\n","protected":false},"excerpt":{"rendered":"<p><a href=\"https:\/\/agora.xtec.cat\/escbellavista\/wp-content\/uploads\/usu1127\/2024\/01\/PHOTO-2024-01-26-12-14-43.jpg\"><\/a><br \/>\nEl curs 25-26, l&#8217;escola continua formant part del programa experimental FAIG &#8220;Fent per Aprendre, Imaginant Globalment&#8221;, impulsat per la Direcci\u00f3 General d\u2019Innovaci\u00f3, Digitalitzaci\u00f3, Curr\u00edculum i Lleng\u00fces i el Centre de Recursos Pedag\u00f2gics Espec\u00edfics de Suport a la Innovaci\u00f3 i a la Recerca Educativa (CESIRE).<br \/>\nEs&hellip;  <a href=\"https:\/\/agora.xtec.cat\/escbellavista\/linia\/ambients\/\" title=\"Read PROJECTES FAIG CURS 25-26\">Llegeix m\u00e9s\u00bb<\/a><\/p>\n","protected":false},"author":1,"featured_media":0,"parent":1038,"menu_order":3,"comment_status":"closed","ping_status":"closed","template":"page-templates\/side-menu.php","meta":{"_bbp_topic_count":0,"_bbp_reply_count":0,"_bbp_total_topic_count":0,"_bbp_total_reply_count":0,"_bbp_voice_count":0,"_bbp_anonymous_reply_count":0,"_bbp_topic_count_hidden":0,"_bbp_reply_count_hidden":0,"_bbp_forum_subforum_count":0,"footnotes":""},"class_list":["post-1069","page","type-page","status-publish","hentry"],"post_mailing_queue_ids":[],"_links":{"self":[{"href":"https:\/\/agora.xtec.cat\/escbellavista\/wp-json\/wp\/v2\/pages\/1069","targetHints":{"allow":["GET"]}}],"collection":[{"href":"https:\/\/agora.xtec.cat\/escbellavista\/wp-json\/wp\/v2\/pages"}],"about":[{"href":"https:\/\/agora.xtec.cat\/escbellavista\/wp-json\/wp\/v2\/types\/page"}],"author":[{"embeddable":true,"href":"https:\/\/agora.xtec.cat\/escbellavista\/wp-json\/wp\/v2\/users\/1"}],"replies":[{"embeddable":true,"href":"https:\/\/agora.xtec.cat\/escbellavista\/wp-json\/wp\/v2\/comments?post=1069"}],"version-history":[{"count":6,"href":"https:\/\/agora.xtec.cat\/escbellavista\/wp-json\/wp\/v2\/pages\/1069\/revisions"}],"predecessor-version":[{"id":4526,"href":"https:\/\/agora.xtec.cat\/escbellavista\/wp-json\/wp\/v2\/pages\/1069\/revisions\/4526"}],"up":[{"embeddable":true,"href":"https:\/\/agora.xtec.cat\/escbellavista\/wp-json\/wp\/v2\/pages\/1038"}],"wp:attachment":[{"href":"https:\/\/agora.xtec.cat\/escbellavista\/wp-json\/wp\/v2\/media?parent=1069"}],"curies":[{"name":"wp","href":"https:\/\/api.w.org\/{rel}","templated":true}]}}