{"id":1061,"date":"2019-02-28T15:44:48","date_gmt":"2019-02-28T14:44:48","guid":{"rendered":"http:\/\/agora.xtec.cat\/escbellavista\/?page_id=1061"},"modified":"2024-10-25T16:59:28","modified_gmt":"2024-10-25T14:59:28","slug":"projecte-innovacio-matematiques","status":"publish","type":"page","link":"https:\/\/agora.xtec.cat\/escbellavista\/linia\/projecte-innovacio-matematiques\/","title":{"rendered":"Programa OAOA de Matem\u00e0tiques"},"content":{"rendered":"<div class=\"page\" title=\"Page 17\">\n<div class=\"layoutArea\">\n<div class=\"column\">\n<p>A l\u2019escola portem a terme un projecte a l\u2019\u00e0rea de matem\u00e0tiques amb l\u2019objectiu d\u2019actualitzar les metodologies emprades i que els alumnes extreguin coneixements matem\u00e0tics a partir de les pr\u00f2pies viv\u00e8ncies utilitzant materials i estrat\u00e8gies, fent-los pensar i verbalitzant les dades extretes.<br \/>\nLa metodologia es basa en:<\/p>\n<ul>\n<li>Partir de la contextualitzaci\u00f3 de continguts funcionals.<\/li>\n<li>Passar per les tres fases d\u2019aprenentatge: vivencial\/manipulativa, gr\u00e0fica i\u00a0simb\u00f2lica.<\/li>\n<li>\u00das de suport material com per exemple: regletes de Cuisenaire, calculadora,\u00a0panell num\u00e8ric, rectes num\u00e8riques, jocs matem\u00e0tics, etc.<\/li>\n<li>Sistematitzar el c\u00e0lcul mental a partir del domini del n\u00famero i la resoluci\u00f3 de problemes matem\u00e0tics contextualitzats en situacions reals.<\/li>\n<li>Treballar reptes, fer pensar, buscar la pr\u00f2pia estrat\u00e8gia i verbalitzar el\u00a0resultat obtingut.<\/li>\n<li>Utilitzar l\u2019error com a font d\u2019aprenentatge, per tal de refor\u00e7ar el pensament cr\u00edtic i millorar l\u2019autoestima.<\/li>\n<li>Potenciar l\u2019autonomia personal i treball cooperatiu.<\/li>\n<li>Desenvolupar la compet\u00e8ncia matem\u00e0tica.<\/li>\n<\/ul>\n<p>Treballem a partir de la metodologia OAOA (otros algoritmos para las operaciones aritm\u00e9ticas). Es tracta d&#8217;un moviment que no nom\u00e9s pret\u00e9n renovar els algoritmes tradicionals de les operacions, sin\u00f3 que engloba aspectes que tenen a veure amb aquesta disciplina, tals com la numeraci\u00f3, c\u00e0lcul, geometria, resoluci\u00f3 de problemes, entre d&#8217;altres. Busca transmetre les idees mitjan\u00e7ant v\u00eddeos, on es poden veure situacions reals d&#8217;ensenyament i aprenentatge.<\/p>\n<p><a href=\"https:\/\/drive.google.com\/drive\/folders\/1PrN-TPbmgWMl5kzzHPuNiXGULRKSfhtj?usp=sharing\">Enlla\u00e7 a la carpeta de les estrat\u00e8gies de c\u00e0lcul.<\/a><\/p>\n\r\n\t<div class=\"slideshow_container slideshow_container_style-light\" style=\" \" data-slideshow-id=\"1209\" data-style-name=\"style-light\" data-style-version=\"2.3.1\" >\r\n\r\n\t\t\t\t\t<div class=\"slideshow_loading_icon\"><\/div>\r\n\t\t\r\n\t\t<div class=\"slideshow_content\" style=\"display: none;\">\r\n\r\n\t\t\t<div class=\"slideshow_view\">\r\n\t\t\t\t<div class=\"slideshow_slide slideshow_slide_image\">\r\n\t\t\t\t\t\t\t\t\t\t\t<img src=\"https:\/\/agora.xtec.cat\/escbellavista\/wp-content\/uploads\/usu1127\/2025\/01\/Eines-mates-2-scaled.jpg\" alt=\"Eines mates (2)\" width=\"2560\" height=\"1879\" \/>\r\n\t\t\t\t\t\t\t\t\t\t<div class=\"slideshow_description_box slideshow_transparent\">\r\n\t\t\t\t\t\t<div class=\"slideshow_title\">Eines mates (2)<\/div>\t\t\t\t\t\t\t\t\t\t\t<\/div>\r\n\t\t\t\t<\/div>\r\n\r\n\t\t\t\t\t\t<div style=\"clear: both;\"><\/div><\/div><div class=\"slideshow_view\">\r\n\t\t\t\t<div class=\"slideshow_slide slideshow_slide_image\">\r\n\t\t\t\t\t\t\t\t\t\t\t<img src=\"https:\/\/agora.xtec.cat\/escbellavista\/wp-content\/uploads\/usu1127\/2025\/01\/Eines-mates-1-scaled.jpg\" alt=\"Eines mates (1)\" width=\"2560\" height=\"1802\" \/>\r\n\t\t\t\t\t\t\t\t\t\t<div class=\"slideshow_description_box slideshow_transparent\">\r\n\t\t\t\t\t\t<div class=\"slideshow_title\">Eines mates (1)<\/div>\t\t\t\t\t\t\t\t\t\t\t<\/div>\r\n\t\t\t\t<\/div>\r\n\r\n\t\t\t\t\t\t<div style=\"clear: both;\"><\/div><\/div><div class=\"slideshow_view\">\r\n\t\t\t\t<div class=\"slideshow_slide slideshow_slide_image\">\r\n\t\t\t\t\t\t\t\t\t\t\t<img src=\"https:\/\/agora.xtec.cat\/escbellavista\/wp-content\/uploads\/usu1127\/2025\/01\/Mates-OAOA-2.jpg\" alt=\"Mates OAOA (2)\" width=\"2139\" height=\"2099\" \/>\r\n\t\t\t\t\t\t\t\t\t\t<div class=\"slideshow_description_box slideshow_transparent\">\r\n\t\t\t\t\t\t<div class=\"slideshow_title\">Mates OAOA (2)<\/div>\t\t\t\t\t\t\t\t\t\t\t<\/div>\r\n\t\t\t\t<\/div>\r\n\r\n\t\t\t\t\t\t<div style=\"clear: both;\"><\/div><\/div><div class=\"slideshow_view\">\r\n\t\t\t\t<div class=\"slideshow_slide slideshow_slide_image\">\r\n\t\t\t\t\t\t\t\t\t\t\t<img src=\"https:\/\/agora.xtec.cat\/escbellavista\/wp-content\/uploads\/usu1127\/2025\/01\/Mates-OAOA-1.jpg\" alt=\"Mates OAOA (1)\" width=\"1934\" height=\"1738\" \/>\r\n\t\t\t\t\t\t\t\t\t\t<div class=\"slideshow_description_box slideshow_transparent\">\r\n\t\t\t\t\t\t<div class=\"slideshow_title\">Mates OAOA (1)<\/div>\t\t\t\t\t\t\t\t\t\t\t<\/div>\r\n\t\t\t\t<\/div>\r\n\r\n\t\t\t\t\t\t<div style=\"clear: both;\"><\/div><\/div><div class=\"slideshow_view\">\r\n\t\t\t\t<div class=\"slideshow_slide slideshow_slide_image\">\r\n\t\t\t\t\t\t\t\t\t\t\t<img src=\"https:\/\/agora.xtec.cat\/escbellavista\/wp-content\/uploads\/usu1127\/2025\/01\/Mates-OAOA-3.jpg\" alt=\"Mates OAOA (3)\" width=\"2035\" height=\"1697\" \/>\r\n\t\t\t\t\t\t\t\t\t\t<div class=\"slideshow_description_box slideshow_transparent\">\r\n\t\t\t\t\t\t<div class=\"slideshow_title\">Mates OAOA (3)<\/div>\t\t\t\t\t\t\t\t\t\t\t<\/div>\r\n\t\t\t\t<\/div>\r\n\r\n\t\t\t\t\t\t<div style=\"clear: both;\"><\/div><\/div><div class=\"slideshow_view\">\r\n\t\t\t\t<div class=\"slideshow_slide slideshow_slide_image\">\r\n\t\t\t\t\t\t\t\t\t\t\t<img src=\"https:\/\/agora.xtec.cat\/escbellavista\/wp-content\/uploads\/usu1127\/2022\/02\/7-scaled.jpg\" alt=\"7\" width=\"2560\" height=\"1259\" \/>\r\n\t\t\t\t\t\t\t\t\t\t<div class=\"slideshow_description_box slideshow_transparent\">\r\n\t\t\t\t\t\t<div class=\"slideshow_title\">7<\/div>\t\t\t\t\t\t\t\t\t\t\t<\/div>\r\n\t\t\t\t<\/div>\r\n\r\n\t\t\t\t\t\t<div style=\"clear: both;\"><\/div><\/div><div class=\"slideshow_view\">\r\n\t\t\t\t<div class=\"slideshow_slide slideshow_slide_image\">\r\n\t\t\t\t\t\t\t\t\t\t\t<img src=\"https:\/\/agora.xtec.cat\/escbellavista\/wp-content\/uploads\/usu1127\/2022\/02\/4-scaled.jpg\" alt=\"4\" width=\"2560\" height=\"1349\" \/>\r\n\t\t\t\t\t\t\t\t\t\t<div class=\"slideshow_description_box slideshow_transparent\">\r\n\t\t\t\t\t\t<div class=\"slideshow_title\">4<\/div>\t\t\t\t\t\t\t\t\t\t\t<\/div>\r\n\t\t\t\t<\/div>\r\n\r\n\t\t\t\t\t\t<div style=\"clear: both;\"><\/div><\/div>\r\n\t\t<\/div>\r\n\r\n\t\t<div class=\"slideshow_controlPanel slideshow_transparent\" style=\"display: none;\"><ul><li class=\"slideshow_togglePlay\" data-play-text=\"Visualitza\" data-pause-text=\"Pausa\"><\/li><\/ul><\/div>\r\n\r\n\t\t<div class=\"slideshow_button slideshow_previous slideshow_transparent\" role=\"button\" data-previous-text=\"Anterior\" style=\"display: none;\"><\/div>\r\n\t\t<div class=\"slideshow_button slideshow_next slideshow_transparent\" role=\"button\" data-next-text=\"Seg\u00fcent\" style=\"display: none;\"><\/div>\r\n\r\n\t\t<div class=\"slideshow_pagination\" style=\"display: none;\" data-go-to-text=\"V\u00e9s a la diapositiva\"><div class=\"slideshow_pagination_center\"><\/div><\/div>\r\n\r\n\t\t<!-- WordPress Slideshow Version 2.3.1 -->\r\n\r\n\t\t\t<\/div>\r\n\r\n\n<\/div>\n<\/div>\n<\/div>\n","protected":false},"excerpt":{"rendered":"<p>A l\u2019escola portem a terme un projecte a l\u2019\u00e0rea de matem\u00e0tiques amb l\u2019objectiu d\u2019actualitzar les metodologies emprades i que els alumnes extreguin coneixements matem\u00e0tics a partir de les pr\u00f2pies viv\u00e8ncies utilitzant materials i estrat\u00e8gies, fent-los pensar i verbalitzant les dades extretes.<br \/>\nLa metodologia es basa en:<\/p>\n<ul>\n<li>Partir&hellip;  <a href=\"https:\/\/agora.xtec.cat\/escbellavista\/linia\/projecte-innovacio-matematiques\/\" title=\"Read Programa OAOA de Matem\u00e0tiques\">Llegeix m\u00e9s\u00bb<\/a><br \/>\n","protected":false},"author":1,"featured_media":0,"parent":1038,"menu_order":4,"comment_status":"closed","ping_status":"closed","template":"page-templates\/side-menu.php","meta":{"_bbp_topic_count":0,"_bbp_reply_count":0,"_bbp_total_topic_count":0,"_bbp_total_reply_count":0,"_bbp_voice_count":0,"_bbp_anonymous_reply_count":0,"_bbp_topic_count_hidden":0,"_bbp_reply_count_hidden":0,"_bbp_forum_subforum_count":0,"footnotes":""},"class_list":["post-1061","page","type-page","status-publish","hentry"],"post_mailing_queue_ids":[],"_links":{"self":[{"href":"https:\/\/agora.xtec.cat\/escbellavista\/wp-json\/wp\/v2\/pages\/1061","targetHints":{"allow":["GET"]}}],"collection":[{"href":"https:\/\/agora.xtec.cat\/escbellavista\/wp-json\/wp\/v2\/pages"}],"about":[{"href":"https:\/\/agora.xtec.cat\/escbellavista\/wp-json\/wp\/v2\/types\/page"}],"author":[{"embeddable":true,"href":"https:\/\/agora.xtec.cat\/escbellavista\/wp-json\/wp\/v2\/users\/1"}],"replies":[{"embeddable":true,"href":"https:\/\/agora.xtec.cat\/escbellavista\/wp-json\/wp\/v2\/comments?post=1061"}],"version-history":[{"count":5,"href":"https:\/\/agora.xtec.cat\/escbellavista\/wp-json\/wp\/v2\/pages\/1061\/revisions"}],"predecessor-version":[{"id":3567,"href":"https:\/\/agora.xtec.cat\/escbellavista\/wp-json\/wp\/v2\/pages\/1061\/revisions\/3567"}],"up":[{"embeddable":true,"href":"https:\/\/agora.xtec.cat\/escbellavista\/wp-json\/wp\/v2\/pages\/1038"}],"wp:attachment":[{"href":"https:\/\/agora.xtec.cat\/escbellavista\/wp-json\/wp\/v2\/media?parent=1061"}],"curies":[{"name":"wp","href":"https:\/\/api.w.org\/{rel}","templated":true}]}}