{"id":3859,"date":"2024-10-08T12:43:36","date_gmt":"2024-10-08T10:43:36","guid":{"rendered":"https:\/\/agora.xtec.cat\/escbalmes1\/?page_id=3859"},"modified":"2024-10-16T20:59:52","modified_gmt":"2024-10-16T18:59:52","slug":"teatre","status":"publish","type":"page","link":"https:\/\/agora.xtec.cat\/escbalmes1\/teatre\/","title":{"rendered":"Teatre"},"content":{"rendered":"<p><a href=\"https:\/\/agora.xtec.cat\/escbalmes1\/wp-content\/uploads\/usu1777\/2024\/10\/resized_20231023_123205.jpg\"><img loading=\"lazy\" decoding=\"async\" class=\"alignnone  wp-image-3879\" src=\"https:\/\/agora.xtec.cat\/escbalmes1\/wp-content\/uploads\/usu1777\/2024\/10\/resized_20231023_123205-1024x577.jpg\" alt=\"\" width=\"490\" height=\"276\" srcset=\"https:\/\/agora.xtec.cat\/escbalmes1\/wp-content\/uploads\/usu1777\/2024\/10\/resized_20231023_123205-1024x577.jpg 1024w, https:\/\/agora.xtec.cat\/escbalmes1\/wp-content\/uploads\/usu1777\/2024\/10\/resized_20231023_123205-300x169.jpg 300w, https:\/\/agora.xtec.cat\/escbalmes1\/wp-content\/uploads\/usu1777\/2024\/10\/resized_20231023_123205-768x432.jpg 768w, https:\/\/agora.xtec.cat\/escbalmes1\/wp-content\/uploads\/usu1777\/2024\/10\/resized_20231023_123205-1536x865.jpg 1536w, https:\/\/agora.xtec.cat\/escbalmes1\/wp-content\/uploads\/usu1777\/2024\/10\/resized_20231023_123205-2048x1153.jpg 2048w\" sizes=\"auto, (max-width: 490px) 100vw, 490px\" \/><\/a><\/p>\n<p>El teatre \u00e9s una activitat motivadora i engrescadora per als nostres alumnes, pensada per ajudar-los a desenvolupar-se com a subjectes socials.<\/p>\n<p>\u00c9s una activitat que ajuda als alumnes que presenten dificultats en la comunicaci\u00f3, afavorint-los en el creixement personal, l&#8217;autoestima, fomentant l&#8217;expressi\u00f3 oral i corporal.<\/p>\n<p>Els objectius principals d&#8217;aquesta activitat s\u00f3n els d&#8217;oferir als alumnes un espai per educar el cos i el moviment, desenvolupar la imaginaci\u00f3, la creativitat i la fantasia, insistint especialment en la capacitat de sentir, expressar, comunicar i divertir-se. Utilitzant com a base les diverses t\u00e8cniques d&#8217;expressi\u00f3 corporal i verbal, la interpretaci\u00f3 i el joc dram\u00e0tic.<\/p>\n<p style=\"text-align: justify;\">Es posen en joc les capacitats de recreaci\u00f3, concentraci\u00f3, observaci\u00f3, l&#8217;escolta i el respecte, la coordinaci\u00f3, la interpretaci\u00f3 i la reproducci\u00f3&#8230;<\/p>\n<p>Es pret\u00e9n apropar l\u2019alumne al m\u00f3n del teatre d\u2019una forma divertida, per\u00f2 que alhora posen en joc diferents aspectes molt importants per al seu desenvolupament, com:<\/p>\n<ul>\n<li>Aspectes socials<\/li>\n<li>Aspectes emocionals i ps\u00edquics<\/li>\n<li>Aspectes intel.lectuals<\/li>\n<li>Aspectes motrius<\/li>\n<\/ul>\n","protected":false},"excerpt":{"rendered":"<p><a href=\"https:\/\/agora.xtec.cat\/escbalmes1\/wp-content\/uploads\/usu1777\/2024\/10\/resized_20231023_123205.jpg\"><\/a><br \/>\nEl teatre \u00e9s una activitat motivadora i engrescadora per als nostres alumnes, pensada per ajudar-los a desenvolupar-se com a subjectes socials.<br \/>\n\u00c9s una activitat que ajuda als alumnes que presenten dificultats en la comunicaci\u00f3, afavorint-los en el creixement personal, l&#8217;autoestima, fomentant l&#8217;expressi\u00f3 oral i corporal.<br \/>\nEls&hellip;  <a href=\"https:\/\/agora.xtec.cat\/escbalmes1\/teatre\/\" title=\"Read Teatre\">Llegeix m\u00e9s\u00bb<\/a><\/p>\n","protected":false},"author":6,"featured_media":0,"parent":0,"menu_order":0,"comment_status":"closed","ping_status":"closed","template":"","meta":{"_bbp_topic_count":0,"_bbp_reply_count":0,"_bbp_total_topic_count":0,"_bbp_total_reply_count":0,"_bbp_voice_count":0,"_bbp_anonymous_reply_count":0,"_bbp_topic_count_hidden":0,"_bbp_reply_count_hidden":0,"_bbp_forum_subforum_count":0,"footnotes":""},"class_list":["post-3859","page","type-page","status-publish","hentry"],"post_mailing_queue_ids":[],"_links":{"self":[{"href":"https:\/\/agora.xtec.cat\/escbalmes1\/wp-json\/wp\/v2\/pages\/3859","targetHints":{"allow":["GET"]}}],"collection":[{"href":"https:\/\/agora.xtec.cat\/escbalmes1\/wp-json\/wp\/v2\/pages"}],"about":[{"href":"https:\/\/agora.xtec.cat\/escbalmes1\/wp-json\/wp\/v2\/types\/page"}],"author":[{"embeddable":true,"href":"https:\/\/agora.xtec.cat\/escbalmes1\/wp-json\/wp\/v2\/users\/6"}],"replies":[{"embeddable":true,"href":"https:\/\/agora.xtec.cat\/escbalmes1\/wp-json\/wp\/v2\/comments?post=3859"}],"version-history":[{"count":5,"href":"https:\/\/agora.xtec.cat\/escbalmes1\/wp-json\/wp\/v2\/pages\/3859\/revisions"}],"predecessor-version":[{"id":3881,"href":"https:\/\/agora.xtec.cat\/escbalmes1\/wp-json\/wp\/v2\/pages\/3859\/revisions\/3881"}],"wp:attachment":[{"href":"https:\/\/agora.xtec.cat\/escbalmes1\/wp-json\/wp\/v2\/media?parent=3859"}],"curies":[{"name":"wp","href":"https:\/\/api.w.org\/{rel}","templated":true}]}}