{"id":3710,"date":"2023-11-27T19:13:47","date_gmt":"2023-11-27T18:13:47","guid":{"rendered":"https:\/\/agora.xtec.cat\/escbalmes1\/?page_id=3710"},"modified":"2024-01-31T18:37:07","modified_gmt":"2024-01-31T17:37:07","slug":"ceepsir","status":"publish","type":"page","link":"https:\/\/agora.xtec.cat\/escbalmes1\/ceepsir\/","title":{"rendered":"CEEPSIR"},"content":{"rendered":"<p style=\"text-align: justify;\">El CEEPSIR Balmes I s\u2019inicia el curs 2023-2024, emmarcat dins el Decret 150\/2017 del 17 d\u2019octubre de l\u2019atenci\u00f3 educativa a l\u2019alumnat en el marc d\u2019un sistema educatiu inclusiu com a centre d\u2019educaci\u00f3 especial com a centre prove\u00efdor de serveis i recursos.<\/p>\n<p style=\"text-align: justify;\">El CEEPSIR ofereix serveis i recursos als centres ordinaris amb alumnat amb necessitats educatives especials per promoure un entorn inclusiu per a tot l\u2019alumnat, potenciant la comunicaci\u00f3 i el llenguatge, les habilitats adaptatives, l\u2019autoregulaci\u00f3 emocional o altres.<\/p>\n<p style=\"text-align: justify;\">Es treballa conjuntament amb l\u2019equip transdisciplinari del centre per millorar la qualitat de la resposta educativa en un entorn inclusiu.<\/p>\n<p><strong>Els objectius generals que plantegem s\u00f3n:<\/strong><\/p>\n<ul>\n<li style=\"text-align: justify;\">Afavorir la inclusi\u00f3 de l&#8217;alumnat de la zona educativa de Sant Boi de Llobregat i Santa Coloma de Cervell\u00f3.<\/li>\n<li style=\"text-align: justify;\">Sensibilitzar els centres ordinaris en els quals s\u2019intervingui, per tal d\u2019afavorir la mirada inclusiva vers l\u2019alumnat amb TEA i amb greus trastorns del desenvolupament.<\/li>\n<li style=\"text-align: justify;\">Incidir en la qualitat de l\u2019atenci\u00f3 a les necessitats educatives de tot l\u2019alumnat i promoure un canvi en la mirada dels equips vers la realitat i les necessitats d\u2019aquest col\u00b7lectiu d\u2019alumnes, per tal d\u2019introduir canvis en la cultura del centre.<\/li>\n<\/ul>\n<p style=\"text-align: justify;\">Per a poder concretar aquests objectius es far\u00e0 especial \u00e8mfasi en el treball de coordinaci\u00f3 amb els\/les professionals del centre ordinari en el qual s\u2019interv\u00e9 (tutor\/a; altres professionals del centre; Equip Directiu).Per al desenvolupament del projecte CEEPSIR s\u2019establiran dos tipus de programes espec\u00edfics de suport a la inclusi\u00f3:<\/p>\n<p style=\"text-align: justify;\">a) De col\u00b7laboraci\u00f3 en l\u2019atenci\u00f3 directa a l\u2019alumnat amb necessitats educatives especials en coordinaci\u00f3 amb el tutor\/a, l\u2019equip docent, el personal d\u2019atenci\u00f3 educativa de l\u2019alumne\/a i els serveis educatius.<\/p>\n<p style=\"text-align: justify;\">b) D\u2019aplicaci\u00f3 de programes d\u2019estimulaci\u00f3 de la comunicaci\u00f3 i el llenguatge, les habilitats adaptatives, l\u2019autoregulaci\u00f3 emocional o altres.<b><\/b><\/p>\n<p>Contacte: \u00a0<a href=\"mailto:ceepsirb1@ibalmes.org\" target=\"_blank\" rel=\"noopener\">ceepsirb1<span class=\"atwho-query\">@ibalmes.org<\/span><\/a><\/p>\n<p>&nbsp;<\/p>\n<div style=\"width: 100%;\">\n<div style=\"position: relative; padding-bottom: 56.25%; padding-top: 0; height: 0;\"><iframe loading=\"lazy\" style=\"position: absolute; top: 0; left: 0; width: 100%; height: 100%;\" title=\"CEEPSIR\" src=\"https:\/\/view.genial.ly\/65aa49580a16b90014accfea\" width=\"1920px\" height=\"1080px\" frameborder=\"0\" scrolling=\"yes\" allowfullscreen=\"allowfullscreen\"><\/iframe><\/div>\n<\/div>\n<p>&nbsp;<\/p>\n<p>&nbsp;<\/p>\n<p>&nbsp;<\/p>\n","protected":false},"excerpt":{"rendered":"<p>El CEEPSIR Balmes I s\u2019inicia el curs 2023-2024, emmarcat dins el Decret 150\/2017 del 17 d\u2019octubre de l\u2019atenci\u00f3 educativa a l\u2019alumnat en el marc d\u2019un sistema educatiu inclusiu com a centre d\u2019educaci\u00f3 especial com a centre prove\u00efdor de serveis i recursos.<br \/>\nEl CEEPSIR ofereix serveis i&hellip;  <a href=\"https:\/\/agora.xtec.cat\/escbalmes1\/ceepsir\/\" title=\"Read CEEPSIR\">Llegeix m\u00e9s\u00bb<\/a><\/p>\n","protected":false},"author":6,"featured_media":0,"parent":0,"menu_order":0,"comment_status":"closed","ping_status":"closed","template":"","meta":{"_bbp_topic_count":0,"_bbp_reply_count":0,"_bbp_total_topic_count":0,"_bbp_total_reply_count":0,"_bbp_voice_count":0,"_bbp_anonymous_reply_count":0,"_bbp_topic_count_hidden":0,"_bbp_reply_count_hidden":0,"_bbp_forum_subforum_count":0,"footnotes":""},"class_list":["post-3710","page","type-page","status-publish","hentry"],"post_mailing_queue_ids":[],"_links":{"self":[{"href":"https:\/\/agora.xtec.cat\/escbalmes1\/wp-json\/wp\/v2\/pages\/3710","targetHints":{"allow":["GET"]}}],"collection":[{"href":"https:\/\/agora.xtec.cat\/escbalmes1\/wp-json\/wp\/v2\/pages"}],"about":[{"href":"https:\/\/agora.xtec.cat\/escbalmes1\/wp-json\/wp\/v2\/types\/page"}],"author":[{"embeddable":true,"href":"https:\/\/agora.xtec.cat\/escbalmes1\/wp-json\/wp\/v2\/users\/6"}],"replies":[{"embeddable":true,"href":"https:\/\/agora.xtec.cat\/escbalmes1\/wp-json\/wp\/v2\/comments?post=3710"}],"version-history":[{"count":6,"href":"https:\/\/agora.xtec.cat\/escbalmes1\/wp-json\/wp\/v2\/pages\/3710\/revisions"}],"predecessor-version":[{"id":3753,"href":"https:\/\/agora.xtec.cat\/escbalmes1\/wp-json\/wp\/v2\/pages\/3710\/revisions\/3753"}],"wp:attachment":[{"href":"https:\/\/agora.xtec.cat\/escbalmes1\/wp-json\/wp\/v2\/media?parent=3710"}],"curies":[{"name":"wp","href":"https:\/\/api.w.org\/{rel}","templated":true}]}}