{"id":30,"date":"2014-09-18T12:30:23","date_gmt":"2014-09-18T11:30:23","guid":{"rendered":"http:\/\/agora.xtec.cat\/escbalmes1\/?page_id=30"},"modified":"2018-02-26T16:33:00","modified_gmt":"2018-02-26T15:33:00","slug":"instal%c2%b7lacions","status":"publish","type":"page","link":"https:\/\/agora.xtec.cat\/escbalmes1\/lescola\/instal%c2%b7lacions\/","title":{"rendered":"Instal\u00b7lacions"},"content":{"rendered":"<p>L&#8217;escola disposa d&#8217;espais amplis, sense barreres arquitect\u00f2niques i personalitzats per a cada grup, en funci\u00f3 de l&#8217;edat, les caracter\u00edstiques, les possibilitats i les condicions dels alumnes. Les \u00e0rees d&#8217;higiene estan accessibles des de qualsevol espai.<\/p>\n<p>Els espais de pati s\u00f3n amplis, i diferenciats per edats.<\/p>\n<p align=\"justify\">Comptem amb una gran diversitat de recursos materials, per tal d&#8217;utilitzar-los en el conjunt de les propostes educatives i en els diferents grups. En aquest sentit, tots els alumnes es poden beneficiar de materials de psicomotricitat, fisioter\u00e0pia, educaci\u00f3 f\u00edsica, logop\u00e8dia, materials did\u00e0ctics per l&#8217;aprenentatge de les \u00e0rees curriculars b\u00e0siques, materials tecnol\u00f2gics d&#8217;\u00faltima generaci\u00f3, materials l\u00fadics, etc,&#8230;<\/p>\n<p align=\"justify\">Cada curs incorpora materials espec\u00edfics i actualitzats a les necessitats d&#8217;atenci\u00f3 que es genera amb el treball amb els nostres alumnes.<\/p>\n<p align=\"justify\">\r\n\t<div class=\"slideshow_container slideshow_container_style-light\" style=\"height: 300px; \" data-slideshow-id=\"915\" data-style-name=\"style-light\" data-style-version=\"2.3.1\" >\r\n\r\n\t\t\t\t\t<div class=\"slideshow_loading_icon\"><\/div>\r\n\t\t\r\n\t\t<div class=\"slideshow_content\" style=\"display: none;\">\r\n\r\n\t\t\t<div class=\"slideshow_view\">\r\n\t\t\t\t<div class=\"slideshow_slide slideshow_slide_image\">\r\n\t\t\t\t\t\t\t\t\t\t\t<img src=\"https:\/\/agora.xtec.cat\/escbalmes1\/wp-content\/uploads\/usu1777\/2019\/03\/resized_Llit-el\u00e0stic.jpg\" alt=\"resized_Llit el\u00e0stic\" width=\"2656\" height=\"1494\" \/>\r\n\t\t\t\t\t\t\t\t\t\t<div class=\"slideshow_description_box slideshow_transparent\">\r\n\t\t\t\t\t\t<div class=\"slideshow_title\">resized_Llit el\u00e0stic<\/div>\t\t\t\t\t\t\t\t\t\t\t<\/div>\r\n\t\t\t\t<\/div>\r\n\r\n\t\t\t\t\t\t<div style=\"clear: both;\"><\/div><\/div><div class=\"slideshow_view\">\r\n\t\t\t\t<div class=\"slideshow_slide slideshow_slide_image\">\r\n\t\t\t\t\t\t\t\t\t\t\t<img src=\"https:\/\/agora.xtec.cat\/escbalmes1\/wp-content\/uploads\/usu1777\/2018\/06\/resized_20180608_093813.jpg\" alt=\"resized_20180608_093813\" width=\"2656\" height=\"1494\" \/>\r\n\t\t\t\t\t\t\t\t\t\t<div class=\"slideshow_description_box slideshow_transparent\">\r\n\t\t\t\t\t\t<div class=\"slideshow_title\">resized_20180608_093813<\/div>\t\t\t\t\t\t\t\t\t\t\t<\/div>\r\n\t\t\t\t<\/div>\r\n\r\n\t\t\t\t\t\t<div style=\"clear: both;\"><\/div><\/div><div class=\"slideshow_view\">\r\n\t\t\t\t<div class=\"slideshow_slide slideshow_slide_image\">\r\n\t\t\t\t\t\t\t\t\t\t\t<img src=\"https:\/\/agora.xtec.cat\/escbalmes1\/wp-content\/uploads\/usu1777\/2018\/06\/resized_20180608_093659-e1528454537281.jpg\" alt=\"resized_20180608_093659\" width=\"1494\" height=\"2655\" \/>\r\n\t\t\t\t\t\t\t\t\t\t<div class=\"slideshow_description_box slideshow_transparent\">\r\n\t\t\t\t\t\t<div class=\"slideshow_title\">resized_20180608_093659<\/div>\t\t\t\t\t\t\t\t\t\t\t<\/div>\r\n\t\t\t\t<\/div>\r\n\r\n\t\t\t\t\t\t<div style=\"clear: both;\"><\/div><\/div><div class=\"slideshow_view\">\r\n\t\t\t\t<div class=\"slideshow_slide slideshow_slide_image\">\r\n\t\t\t\t\t\t\t\t\t\t\t<img src=\"https:\/\/agora.xtec.cat\/escbalmes1\/wp-content\/uploads\/usu1777\/2018\/01\/resized_20180119_101023-1.jpg\" alt=\"resized_20180119_101023\" width=\"2656\" height=\"1494\" \/>\r\n\t\t\t\t\t\t\t\t\t\t<div class=\"slideshow_description_box slideshow_transparent\">\r\n\t\t\t\t\t\t<div class=\"slideshow_title\">resized_20180119_101023<\/div>\t\t\t\t\t\t\t\t\t\t\t<\/div>\r\n\t\t\t\t<\/div>\r\n\r\n\t\t\t\t\t\t<div style=\"clear: both;\"><\/div><\/div><div class=\"slideshow_view\">\r\n\t\t\t\t<div class=\"slideshow_slide slideshow_slide_image\">\r\n\t\t\t\t\t\t\t\t\t\t\t<img src=\"https:\/\/agora.xtec.cat\/escbalmes1\/wp-content\/uploads\/usu1777\/2014\/09\/Pati-de-Prim\u00e0ria.jpg\" alt=\"Pati de Prim\u00e0ria\" width=\"1328\" height=\"747\" \/>\r\n\t\t\t\t\t\t\t\t\t\t<div class=\"slideshow_description_box slideshow_transparent\">\r\n\t\t\t\t\t\t<div class=\"slideshow_title\">Pati de Prim\u00e0ria<\/div>\t\t\t\t\t\t\t\t\t\t\t<\/div>\r\n\t\t\t\t<\/div>\r\n\r\n\t\t\t\t\t\t<div style=\"clear: both;\"><\/div><\/div><div class=\"slideshow_view\">\r\n\t\t\t\t<div class=\"slideshow_slide slideshow_slide_image\">\r\n\t\t\t\t\t\t\t\t\t\t\t<img src=\"https:\/\/agora.xtec.cat\/escbalmes1\/wp-content\/uploads\/usu1777\/2014\/09\/Pati-de-Secund\u00e0ria.jpg\" alt=\"Pati de Secund\u00e0ria\" width=\"1328\" height=\"747\" \/>\r\n\t\t\t\t\t\t\t\t\t\t<div class=\"slideshow_description_box slideshow_transparent\">\r\n\t\t\t\t\t\t<div class=\"slideshow_title\">Pati de Secund\u00e0ria<\/div>\t\t\t\t\t\t\t\t\t\t\t<\/div>\r\n\t\t\t\t<\/div>\r\n\r\n\t\t\t\t\t\t<div style=\"clear: both;\"><\/div><\/div><div class=\"slideshow_view\">\r\n\t\t\t\t<div class=\"slideshow_slide slideshow_slide_image\">\r\n\t\t\t\t\t\t\t\t\t\t\t<img src=\"https:\/\/agora.xtec.cat\/escbalmes1\/wp-content\/uploads\/usu1777\/2014\/09\/Pista-de-F\u00fatbol-B\u00e0squet.jpg\" alt=\"Pista de F\u00fatbol-B\u00e0squet\" width=\"1328\" height=\"747\" \/>\r\n\t\t\t\t\t\t\t\t\t\t<div class=\"slideshow_description_box slideshow_transparent\">\r\n\t\t\t\t\t\t<div class=\"slideshow_title\">Pista de F\u00fatbol-B\u00e0squet<\/div>\t\t\t\t\t\t\t\t\t\t\t<\/div>\r\n\t\t\t\t<\/div>\r\n\r\n\t\t\t\t\t\t<div style=\"clear: both;\"><\/div><\/div><div class=\"slideshow_view\">\r\n\t\t\t\t<div class=\"slideshow_slide slideshow_slide_image\">\r\n\t\t\t\t\t\t\t\t\t\t\t<img src=\"https:\/\/agora.xtec.cat\/escbalmes1\/wp-content\/uploads\/usu1777\/2014\/09\/resized_20180122_135007-1-e1517762120322.jpg\" alt=\"resized_20180122_135007\" width=\"2655\" height=\"1493\" \/>\r\n\t\t\t\t\t\t\t\t\t\t<div class=\"slideshow_description_box slideshow_transparent\">\r\n\t\t\t\t\t\t<div class=\"slideshow_title\">resized_20180122_135007<\/div>\t\t\t\t\t\t\t\t\t\t\t<\/div>\r\n\t\t\t\t<\/div>\r\n\r\n\t\t\t\t\t\t<div style=\"clear: both;\"><\/div><\/div><div class=\"slideshow_view\">\r\n\t\t\t\t<div class=\"slideshow_slide slideshow_slide_image\">\r\n\t\t\t\t\t\t\t\t\t\t\t<img src=\"https:\/\/agora.xtec.cat\/escbalmes1\/wp-content\/uploads\/usu1777\/2018\/02\/resized_20180207_085339.jpg\" alt=\"resized_20180207_085339\" width=\"2656\" height=\"1494\" \/>\r\n\t\t\t\t\t\t\t\t\t\t<div class=\"slideshow_description_box slideshow_transparent\">\r\n\t\t\t\t\t\t<div class=\"slideshow_title\">resized_20180207_085339<\/div>\t\t\t\t\t\t\t\t\t\t\t<\/div>\r\n\t\t\t\t<\/div>\r\n\r\n\t\t\t\t\t\t<div style=\"clear: both;\"><\/div><\/div><div class=\"slideshow_view\">\r\n\t\t\t\t<div class=\"slideshow_slide slideshow_slide_image\">\r\n\t\t\t\t\t\t\t\t\t\t\t<img src=\"https:\/\/agora.xtec.cat\/escbalmes1\/wp-content\/uploads\/usu1777\/2018\/02\/resized_IMG_20180207_090852.jpg\" alt=\"resized_IMG_20180207_090852\" width=\"2080\" height=\"1560\" \/>\r\n\t\t\t\t\t\t\t\t\t\t<div class=\"slideshow_description_box slideshow_transparent\">\r\n\t\t\t\t\t\t<div class=\"slideshow_title\">resized_IMG_20180207_090852<\/div>\t\t\t\t\t\t\t\t\t\t\t<\/div>\r\n\t\t\t\t<\/div>\r\n\r\n\t\t\t\t\t\t<div style=\"clear: both;\"><\/div><\/div><div class=\"slideshow_view\">\r\n\t\t\t\t<div class=\"slideshow_slide slideshow_slide_image\">\r\n\t\t\t\t\t\t\t\t\t\t\t<img src=\"https:\/\/agora.xtec.cat\/escbalmes1\/wp-content\/uploads\/usu1777\/2018\/02\/resized_IMG_20180207_091024.jpg\" alt=\"resized_IMG_20180207_091024\" width=\"2080\" height=\"1560\" \/>\r\n\t\t\t\t\t\t\t\t\t\t<div class=\"slideshow_description_box slideshow_transparent\">\r\n\t\t\t\t\t\t<div class=\"slideshow_title\">resized_IMG_20180207_091024<\/div>\t\t\t\t\t\t\t\t\t\t\t<\/div>\r\n\t\t\t\t<\/div>\r\n\r\n\t\t\t\t\t\t<div style=\"clear: both;\"><\/div><\/div>\r\n\t\t<\/div>\r\n\r\n\t\t<div class=\"slideshow_controlPanel slideshow_transparent\" style=\"display: none;\"><ul><li class=\"slideshow_togglePlay\" data-play-text=\"Visualitza\" data-pause-text=\"Pausa\"><\/li><\/ul><\/div>\r\n\r\n\t\t<div class=\"slideshow_button slideshow_previous slideshow_transparent\" role=\"button\" data-previous-text=\"Anterior\" style=\"display: none;\"><\/div>\r\n\t\t<div class=\"slideshow_button slideshow_next slideshow_transparent\" role=\"button\" data-next-text=\"Seg\u00fcent\" style=\"display: none;\"><\/div>\r\n\r\n\t\t<div class=\"slideshow_pagination\" style=\"display: none;\" data-go-to-text=\"V\u00e9s a la diapositiva\"><div class=\"slideshow_pagination_center\"><\/div><\/div>\r\n\r\n\t\t<!-- WordPress Slideshow Version 2.3.1 -->\r\n\r\n\t\t\t<\/div>\r\n\r\n<\/p>\n<p align=\"justify\">\n","protected":false},"excerpt":{"rendered":"<p>L&#8217;escola disposa d&#8217;espais amplis, sense barreres arquitect\u00f2niques i personalitzats per a cada grup, en funci\u00f3 de l&#8217;edat, les caracter\u00edstiques, les possibilitats i les condicions dels alumnes. Les \u00e0rees d&#8217;higiene estan accessibles des de qualsevol espai.<br \/>\nEls espais de pati s\u00f3n amplis, i diferenciats per edats.<br \/>\nComptem amb&hellip;  <a href=\"https:\/\/agora.xtec.cat\/escbalmes1\/lescola\/instal%c2%b7lacions\/\" title=\"Read Instal\u00b7lacions\">Llegeix m\u00e9s\u00bb<\/a><\/p>\n","protected":false},"author":1,"featured_media":0,"parent":22,"menu_order":40,"comment_status":"closed","ping_status":"closed","template":"page-templates\/side-menu.php","meta":{"_bbp_topic_count":0,"_bbp_reply_count":0,"_bbp_total_topic_count":0,"_bbp_total_reply_count":0,"_bbp_voice_count":0,"_bbp_anonymous_reply_count":0,"_bbp_topic_count_hidden":0,"_bbp_reply_count_hidden":0,"_bbp_forum_subforum_count":0,"footnotes":""},"class_list":["post-30","page","type-page","status-publish","hentry"],"post_mailing_queue_ids":[],"_links":{"self":[{"href":"https:\/\/agora.xtec.cat\/escbalmes1\/wp-json\/wp\/v2\/pages\/30","targetHints":{"allow":["GET"]}}],"collection":[{"href":"https:\/\/agora.xtec.cat\/escbalmes1\/wp-json\/wp\/v2\/pages"}],"about":[{"href":"https:\/\/agora.xtec.cat\/escbalmes1\/wp-json\/wp\/v2\/types\/page"}],"author":[{"embeddable":true,"href":"https:\/\/agora.xtec.cat\/escbalmes1\/wp-json\/wp\/v2\/users\/1"}],"replies":[{"embeddable":true,"href":"https:\/\/agora.xtec.cat\/escbalmes1\/wp-json\/wp\/v2\/comments?post=30"}],"version-history":[{"count":4,"href":"https:\/\/agora.xtec.cat\/escbalmes1\/wp-json\/wp\/v2\/pages\/30\/revisions"}],"predecessor-version":[{"id":917,"href":"https:\/\/agora.xtec.cat\/escbalmes1\/wp-json\/wp\/v2\/pages\/30\/revisions\/917"}],"up":[{"embeddable":true,"href":"https:\/\/agora.xtec.cat\/escbalmes1\/wp-json\/wp\/v2\/pages\/22"}],"wp:attachment":[{"href":"https:\/\/agora.xtec.cat\/escbalmes1\/wp-json\/wp\/v2\/media?parent=30"}],"curies":[{"name":"wp","href":"https:\/\/api.w.org\/{rel}","templated":true}]}}