{"id":1509,"date":"2019-05-06T12:19:26","date_gmt":"2019-05-06T10:19:26","guid":{"rendered":"http:\/\/agora.xtec.cat\/escbalmes1\/?page_id=1509"},"modified":"2019-05-08T12:20:21","modified_gmt":"2019-05-08T10:20:21","slug":"practica-esportiva","status":"publish","type":"page","link":"https:\/\/agora.xtec.cat\/escbalmes1\/practica-esportiva\/","title":{"rendered":"Pr\u00e0ctica esportiva"},"content":{"rendered":"<p style=\"text-align: justify;\">L\u2019activitat f\u00edsica i l\u2019esport s\u2019ha anat constituint en el nostre centre com una eina efica\u00e7 per treballar i produir en els nostres alumnes tota una s\u00e8rie de millores en l\u2019\u00e0mbit de la salut, de les capacitats f\u00edsiques, en la compet\u00e8ncia social i a nivell psicol\u00f2gic.Les propostes es modulen i s\u2019organitzen en les diferents etapes evolutives dels alumnes\/as: propostes psico-motrius en les etapes inicials, jocs motrius i activitats coordinatives en la prim\u00e0ria i l\u2019<strong>ESPORT<\/strong>com a principal centre d\u2019inter\u00e8s en l\u2019etapa secund\u00e0ria. Promocionem la participaci\u00f3 dels alumnes\/as en les lligues de futbol sala i b\u00e0squet que el CEEB (Consell Esportiu Escolar a Barcelona) organitza juntament amb el CIATE LEXIA en el marc del projecte \u201cESPORT SENSE BARRERES\u201d a Barcelona. Tamb\u00e9 ens beneficiem de les Jornades de Promoci\u00f3 d\u2019Esports Minoritaris que promou \u00a0l\u2019ajuntament \u00a0de Sant Boi en les disciplines de BEISBOL, HANDBOL, HOQUEI i d\u2019altres. Participem en Jornades de Vela Adaptada, el OPEN DAY de la Fundaci\u00f3 Cruyff o la Jornada d\u2019Esport inclusiu a Barcelona.<\/p>\n","protected":false},"excerpt":{"rendered":"<p>L\u2019activitat f\u00edsica i l\u2019esport s\u2019ha anat constituint en el nostre centre com una eina efica\u00e7 per treballar i produir en els nostres alumnes tota una s\u00e8rie de millores en l\u2019\u00e0mbit de la salut, de les capacitats f\u00edsiques, en la compet\u00e8ncia social i a nivell psicol\u00f2gic.Les&hellip;  <a href=\"https:\/\/agora.xtec.cat\/escbalmes1\/practica-esportiva\/\" title=\"Read Pr\u00e0ctica esportiva\">Llegeix m\u00e9s\u00bb<\/a><\/p>\n","protected":false},"author":6,"featured_media":0,"parent":0,"menu_order":0,"comment_status":"closed","ping_status":"closed","template":"","meta":{"_bbp_topic_count":0,"_bbp_reply_count":0,"_bbp_total_topic_count":0,"_bbp_total_reply_count":0,"_bbp_voice_count":0,"_bbp_anonymous_reply_count":0,"_bbp_topic_count_hidden":0,"_bbp_reply_count_hidden":0,"_bbp_forum_subforum_count":0,"footnotes":""},"class_list":["post-1509","page","type-page","status-publish","hentry"],"post_mailing_queue_ids":[],"_links":{"self":[{"href":"https:\/\/agora.xtec.cat\/escbalmes1\/wp-json\/wp\/v2\/pages\/1509","targetHints":{"allow":["GET"]}}],"collection":[{"href":"https:\/\/agora.xtec.cat\/escbalmes1\/wp-json\/wp\/v2\/pages"}],"about":[{"href":"https:\/\/agora.xtec.cat\/escbalmes1\/wp-json\/wp\/v2\/types\/page"}],"author":[{"embeddable":true,"href":"https:\/\/agora.xtec.cat\/escbalmes1\/wp-json\/wp\/v2\/users\/6"}],"replies":[{"embeddable":true,"href":"https:\/\/agora.xtec.cat\/escbalmes1\/wp-json\/wp\/v2\/comments?post=1509"}],"version-history":[{"count":3,"href":"https:\/\/agora.xtec.cat\/escbalmes1\/wp-json\/wp\/v2\/pages\/1509\/revisions"}],"predecessor-version":[{"id":1535,"href":"https:\/\/agora.xtec.cat\/escbalmes1\/wp-json\/wp\/v2\/pages\/1509\/revisions\/1535"}],"wp:attachment":[{"href":"https:\/\/agora.xtec.cat\/escbalmes1\/wp-json\/wp\/v2\/media?parent=1509"}],"curies":[{"name":"wp","href":"https:\/\/api.w.org\/{rel}","templated":true}]}}