{"id":1506,"date":"2019-05-06T12:19:08","date_gmt":"2019-05-06T10:19:08","guid":{"rendered":"http:\/\/agora.xtec.cat\/escbalmes1\/?page_id=1506"},"modified":"2019-05-22T12:45:12","modified_gmt":"2019-05-22T10:45:12","slug":"hipica-terapeutica-2","status":"publish","type":"page","link":"https:\/\/agora.xtec.cat\/escbalmes1\/hipica-terapeutica-2\/","title":{"rendered":"H\u00edpica terap\u00e8utica"},"content":{"rendered":"<p><a href=\"https:\/\/agora.xtec.cat\/escbalmes1\/wp-content\/uploads\/usu1777\/2019\/05\/resized_20190409_122106.jpg\"><img loading=\"lazy\" decoding=\"async\" class=\"wp-image-1587 alignnone\" src=\"https:\/\/agora.xtec.cat\/escbalmes1\/wp-content\/uploads\/usu1777\/2019\/05\/resized_20190409_122106-1024x576.jpg\" alt=\"\" width=\"316\" height=\"178\" srcset=\"https:\/\/agora.xtec.cat\/escbalmes1\/wp-content\/uploads\/usu1777\/2019\/05\/resized_20190409_122106-1024x576.jpg 1024w, https:\/\/agora.xtec.cat\/escbalmes1\/wp-content\/uploads\/usu1777\/2019\/05\/resized_20190409_122106-300x169.jpg 300w, https:\/\/agora.xtec.cat\/escbalmes1\/wp-content\/uploads\/usu1777\/2019\/05\/resized_20190409_122106-768x432.jpg 768w\" sizes=\"auto, (max-width: 316px) 100vw, 316px\" \/><\/a> <a href=\"https:\/\/agora.xtec.cat\/escbalmes1\/wp-content\/uploads\/usu1777\/2019\/05\/resized_20190226_121825.jpg\"><img loading=\"lazy\" decoding=\"async\" class=\"alignnone wp-image-1586\" src=\"https:\/\/agora.xtec.cat\/escbalmes1\/wp-content\/uploads\/usu1777\/2019\/05\/resized_20190226_121825-1024x576.jpg\" alt=\"\" width=\"318\" height=\"179\" srcset=\"https:\/\/agora.xtec.cat\/escbalmes1\/wp-content\/uploads\/usu1777\/2019\/05\/resized_20190226_121825-1024x576.jpg 1024w, https:\/\/agora.xtec.cat\/escbalmes1\/wp-content\/uploads\/usu1777\/2019\/05\/resized_20190226_121825-300x169.jpg 300w, https:\/\/agora.xtec.cat\/escbalmes1\/wp-content\/uploads\/usu1777\/2019\/05\/resized_20190226_121825-768x432.jpg 768w\" sizes=\"auto, (max-width: 318px) 100vw, 318px\" \/><\/a><\/p>\n<p style=\"text-align: justify;\">La h\u00edpica terap\u00e8utica t\u00e9 uns objectius pedag\u00f2gics i psicol\u00f2gics. Es dirigeix a alumnes amb una problem\u00e0tica psicosocial, amb dificultats d\u2019aprenentatge, amb retard mental i\/o amb patologies mentals, i pot influenciar positivament en un canvi de comportament i ajudar a establir relacions amb l\u2019entorn i amb l\u2019altre. Aquesta activitat es realitza quinzenalment dins de l\u2019horari escolar a les instal\u00b7lacions OPEN SPORT CLUB BARCELONA\u00a0 \u00a0<a href=\"http:\/\/www.deltadelllobregat.cat\/\" target=\"_blank\" rel=\"noopener noreferrer\">http:\/\/www.deltadelllobregat.cat\/\u00a0\u00a0<\/a>ubicada a Castelldefels<\/p>\n<p><a href=\"https:\/\/agora.xtec.cat\/escbalmes1\/wp-content\/uploads\/usu1777\/2019\/05\/logo_pie.png\"><img loading=\"lazy\" decoding=\"async\" class=\"wp-image-1592 aligncenter\" src=\"https:\/\/agora.xtec.cat\/escbalmes1\/wp-content\/uploads\/usu1777\/2019\/05\/logo_pie.png\" alt=\"\" width=\"261\" height=\"91\" srcset=\"https:\/\/agora.xtec.cat\/escbalmes1\/wp-content\/uploads\/usu1777\/2019\/05\/logo_pie.png 718w, https:\/\/agora.xtec.cat\/escbalmes1\/wp-content\/uploads\/usu1777\/2019\/05\/logo_pie-300x104.png 300w\" sizes=\"auto, (max-width: 261px) 100vw, 261px\" \/><\/a><\/p>\n","protected":false},"excerpt":{"rendered":"<p><a href=\"https:\/\/agora.xtec.cat\/escbalmes1\/wp-content\/uploads\/usu1777\/2019\/05\/resized_20190409_122106.jpg\"><\/a> <a href=\"https:\/\/agora.xtec.cat\/escbalmes1\/wp-content\/uploads\/usu1777\/2019\/05\/resized_20190226_121825.jpg\"><\/a><br \/>\nLa h\u00edpica terap\u00e8utica t\u00e9 uns objectius pedag\u00f2gics i psicol\u00f2gics. Es dirigeix a alumnes amb una problem\u00e0tica psicosocial, amb dificultats d\u2019aprenentatge, amb retard mental i\/o amb patologies mentals, i pot influenciar positivament en un canvi de comportament i ajudar a establir relacions amb&hellip;  <a href=\"https:\/\/agora.xtec.cat\/escbalmes1\/hipica-terapeutica-2\/\" title=\"Read H\u00edpica terap\u00e8utica\">Llegeix m\u00e9s\u00bb<\/a><\/p>\n","protected":false},"author":6,"featured_media":0,"parent":0,"menu_order":0,"comment_status":"closed","ping_status":"closed","template":"","meta":{"_bbp_topic_count":0,"_bbp_reply_count":0,"_bbp_total_topic_count":0,"_bbp_total_reply_count":0,"_bbp_voice_count":0,"_bbp_anonymous_reply_count":0,"_bbp_topic_count_hidden":0,"_bbp_reply_count_hidden":0,"_bbp_forum_subforum_count":0,"footnotes":""},"class_list":["post-1506","page","type-page","status-publish","hentry"],"post_mailing_queue_ids":[],"_links":{"self":[{"href":"https:\/\/agora.xtec.cat\/escbalmes1\/wp-json\/wp\/v2\/pages\/1506","targetHints":{"allow":["GET"]}}],"collection":[{"href":"https:\/\/agora.xtec.cat\/escbalmes1\/wp-json\/wp\/v2\/pages"}],"about":[{"href":"https:\/\/agora.xtec.cat\/escbalmes1\/wp-json\/wp\/v2\/types\/page"}],"author":[{"embeddable":true,"href":"https:\/\/agora.xtec.cat\/escbalmes1\/wp-json\/wp\/v2\/users\/6"}],"replies":[{"embeddable":true,"href":"https:\/\/agora.xtec.cat\/escbalmes1\/wp-json\/wp\/v2\/comments?post=1506"}],"version-history":[{"count":3,"href":"https:\/\/agora.xtec.cat\/escbalmes1\/wp-json\/wp\/v2\/pages\/1506\/revisions"}],"predecessor-version":[{"id":1591,"href":"https:\/\/agora.xtec.cat\/escbalmes1\/wp-json\/wp\/v2\/pages\/1506\/revisions\/1591"}],"wp:attachment":[{"href":"https:\/\/agora.xtec.cat\/escbalmes1\/wp-json\/wp\/v2\/media?parent=1506"}],"curies":[{"name":"wp","href":"https:\/\/api.w.org\/{rel}","templated":true}]}}