{"id":1500,"date":"2019-05-06T12:17:50","date_gmt":"2019-05-06T10:17:50","guid":{"rendered":"http:\/\/agora.xtec.cat\/escbalmes1\/?page_id=1500"},"modified":"2020-03-03T12:53:38","modified_gmt":"2020-03-03T11:53:38","slug":"hipica-terapeutica","status":"publish","type":"page","link":"https:\/\/agora.xtec.cat\/escbalmes1\/hipica-terapeutica\/","title":{"rendered":"Programa diversificaci\u00f3 curricular"},"content":{"rendered":"<p><img loading=\"lazy\" decoding=\"async\" class=\"wp-image-2080 alignleft\" src=\"https:\/\/agora.xtec.cat\/escbalmes1\/wp-content\/uploads\/usu1777\/2020\/03\/admin-ajax-1.jpg\" alt=\"\" width=\"286\" height=\"358\" srcset=\"https:\/\/agora.xtec.cat\/escbalmes1\/wp-content\/uploads\/usu1777\/2020\/03\/admin-ajax-1.jpg 279w, https:\/\/agora.xtec.cat\/escbalmes1\/wp-content\/uploads\/usu1777\/2020\/03\/admin-ajax-1-240x300.jpg 240w\" sizes=\"auto, (max-width: 286px) 100vw, 286px\" \/><\/p>\n<p style=\"text-align: justify;\">El Projecte de Diversificaci\u00f3 Curricular \u00e9s una aposta per la transici\u00f3 a la vida adulta dels nostres alumnes. Tenen la finalitat d&#8217;afavorir l&#8217;adquisici\u00f3 d&#8217;habilitats funcionals i ocupacionals que els facilitin participar, de la manera m\u00e9s aut\u00f2noma possible, en diversos contextos laborals.<br \/>\nS&#8217;ofereix a alum<span style=\"font-family: inherit; font-size: 1em; text-align: justify;\">nes de l&#8217;etapa Secund\u00e0ria, d&#8217;edats compreses entre els 16 i els 19 anys, a partir de convenis amb entitats i empreses del nostre municipi o que col\u00b7laboren amb la nostra escola.<\/span><\/p>\n<p style=\"font-family: 'Helvetica Neue', Helvetica, Helvetica, Arial, sans-serif; font-size: 16px; text-align: justify;\"><span style=\"font-family: inherit; font-size: 1em; text-align: justify;\">\u00c9s un projecte per a la inclusi\u00f3 en itineraris formatius, amb l&#8217;objectiu de facilitar aprenentatges professionalitzadors i que comportin tamb\u00e9 una progressiva aproximaci\u00f3 al coneixement del m\u00f3n laboral. <\/span><\/p>\n<p style=\"font-family: 'Helvetica Neue', Helvetica, Helvetica, Arial, sans-serif; font-size: 16px; text-align: justify;\"><span style=\"font-family: inherit; font-size: 1em; text-align: justify;\">El programa de Diversificaci\u00f3 Curricular est\u00e0 format per 3 eixos:<\/span><\/p>\n<p style=\"text-align: justify;\">&#8211; L&#8217;Ajuntament de Sant Boi i el Departament de la Generalitat, que promou i gestiona la iniciativa<br \/>\n\u2013 Les empreses i entitats col\u00b7laboradores<br \/>\n\u2013 La Instituci\u00f3 Balmes, amb els alumnes implicats.<\/p>\n<p>&nbsp;<\/p>\n","protected":false},"excerpt":{"rendered":"<p>El Projecte de Diversificaci\u00f3 Curricular \u00e9s una aposta per la transici\u00f3 a la vida adulta dels nostres alumnes. Tenen la finalitat d&#8217;afavorir l&#8217;adquisici\u00f3 d&#8217;habilitats funcionals i ocupacionals que els facilitin participar, de la manera m\u00e9s aut\u00f2noma possible, en diversos contextos laborals.<br \/>\nS&#8217;ofereix a alumnes de l&#8217;etapa&hellip;  <a href=\"https:\/\/agora.xtec.cat\/escbalmes1\/hipica-terapeutica\/\" title=\"Read Programa diversificaci\u00f3 curricular\">Llegeix m\u00e9s\u00bb<\/a><\/p>\n","protected":false},"author":6,"featured_media":0,"parent":0,"menu_order":0,"comment_status":"closed","ping_status":"closed","template":"","meta":{"_bbp_topic_count":0,"_bbp_reply_count":0,"_bbp_total_topic_count":0,"_bbp_total_reply_count":0,"_bbp_voice_count":0,"_bbp_anonymous_reply_count":0,"_bbp_topic_count_hidden":0,"_bbp_reply_count_hidden":0,"_bbp_forum_subforum_count":0,"footnotes":""},"class_list":["post-1500","page","type-page","status-publish","hentry"],"post_mailing_queue_ids":[],"_links":{"self":[{"href":"https:\/\/agora.xtec.cat\/escbalmes1\/wp-json\/wp\/v2\/pages\/1500","targetHints":{"allow":["GET"]}}],"collection":[{"href":"https:\/\/agora.xtec.cat\/escbalmes1\/wp-json\/wp\/v2\/pages"}],"about":[{"href":"https:\/\/agora.xtec.cat\/escbalmes1\/wp-json\/wp\/v2\/types\/page"}],"author":[{"embeddable":true,"href":"https:\/\/agora.xtec.cat\/escbalmes1\/wp-json\/wp\/v2\/users\/6"}],"replies":[{"embeddable":true,"href":"https:\/\/agora.xtec.cat\/escbalmes1\/wp-json\/wp\/v2\/comments?post=1500"}],"version-history":[{"count":3,"href":"https:\/\/agora.xtec.cat\/escbalmes1\/wp-json\/wp\/v2\/pages\/1500\/revisions"}],"predecessor-version":[{"id":2081,"href":"https:\/\/agora.xtec.cat\/escbalmes1\/wp-json\/wp\/v2\/pages\/1500\/revisions\/2081"}],"wp:attachment":[{"href":"https:\/\/agora.xtec.cat\/escbalmes1\/wp-json\/wp\/v2\/media?parent=1500"}],"curies":[{"name":"wp","href":"https:\/\/api.w.org\/{rel}","templated":true}]}}