{"id":1494,"date":"2019-05-06T12:11:00","date_gmt":"2019-05-06T10:11:00","guid":{"rendered":"http:\/\/agora.xtec.cat\/escbalmes1\/?page_id=1494"},"modified":"2019-05-15T12:21:00","modified_gmt":"2019-05-15T10:21:00","slug":"binding","status":"publish","type":"page","link":"https:\/\/agora.xtec.cat\/escbalmes1\/binding\/","title":{"rendered":"Binding"},"content":{"rendered":"<p><a href=\"https:\/\/agora.xtec.cat\/escbalmes1\/wp-content\/uploads\/usu1777\/2019\/05\/binding-450w.png\"><img loading=\"lazy\" decoding=\"async\" class=\"alignnone wp-image-1536\" src=\"https:\/\/agora.xtec.cat\/escbalmes1\/wp-content\/uploads\/usu1777\/2019\/05\/binding-450w.png\" alt=\"\" width=\"302\" height=\"188\" srcset=\"https:\/\/agora.xtec.cat\/escbalmes1\/wp-content\/uploads\/usu1777\/2019\/05\/binding-450w.png 450w, https:\/\/agora.xtec.cat\/escbalmes1\/wp-content\/uploads\/usu1777\/2019\/05\/binding-450w-300x187.png 300w\" sizes=\"auto, (max-width: 302px) 100vw, 302px\" \/>\u00a0<\/a><a href=\"https:\/\/agora.xtec.cat\/escbalmes1\/wp-content\/uploads\/usu1777\/2019\/05\/IMG_3621.jpg\"><img loading=\"lazy\" decoding=\"async\" class=\"alignnone wp-image-1541\" src=\"https:\/\/agora.xtec.cat\/escbalmes1\/wp-content\/uploads\/usu1777\/2019\/05\/IMG_3621.jpg\" alt=\"\" width=\"252\" height=\"189\" srcset=\"https:\/\/agora.xtec.cat\/escbalmes1\/wp-content\/uploads\/usu1777\/2019\/05\/IMG_3621.jpg 960w, https:\/\/agora.xtec.cat\/escbalmes1\/wp-content\/uploads\/usu1777\/2019\/05\/IMG_3621-300x225.jpg 300w, https:\/\/agora.xtec.cat\/escbalmes1\/wp-content\/uploads\/usu1777\/2019\/05\/IMG_3621-768x576.jpg 768w, https:\/\/agora.xtec.cat\/escbalmes1\/wp-content\/uploads\/usu1777\/2019\/05\/IMG_3621-200x150.jpg 200w\" sizes=\"auto, (max-width: 252px) 100vw, 252px\" \/>\u00a0<\/a><a href=\"https:\/\/agora.xtec.cat\/escbalmes1\/wp-content\/uploads\/usu1777\/2019\/05\/IMG_3619.jpg\"><img loading=\"lazy\" decoding=\"async\" class=\"alignnone wp-image-1540\" src=\"https:\/\/agora.xtec.cat\/escbalmes1\/wp-content\/uploads\/usu1777\/2019\/05\/IMG_3619.jpg\" alt=\"\" width=\"253\" height=\"190\" srcset=\"https:\/\/agora.xtec.cat\/escbalmes1\/wp-content\/uploads\/usu1777\/2019\/05\/IMG_3619.jpg 960w, https:\/\/agora.xtec.cat\/escbalmes1\/wp-content\/uploads\/usu1777\/2019\/05\/IMG_3619-300x225.jpg 300w, https:\/\/agora.xtec.cat\/escbalmes1\/wp-content\/uploads\/usu1777\/2019\/05\/IMG_3619-768x576.jpg 768w, https:\/\/agora.xtec.cat\/escbalmes1\/wp-content\/uploads\/usu1777\/2019\/05\/IMG_3619-200x150.jpg 200w\" sizes=\"auto, (max-width: 253px) 100vw, 253px\" \/><\/a><\/p>\n<p style=\"text-align: justify;\">Des de fa dos cursos som centre col\u00b7laborador en el Projecte Binding de la Universitat de Barcelona.<\/p>\n<p style=\"text-align: justify;\">Binding \u00e9s un projecte de recerca de la UB, l\u2019objectiu del qual \u00e9s\u00a0<strong>desenvolupar eines\u00a0per a l\u2019adquisici\u00f3 i la\u00a0millora de les habilitats lectores<\/strong>.\u00a0Es tracta d\u2019una\u00a0<strong>intervenci\u00f3\u00a0enfocada a persones amb dificultats lectores<\/strong>\u00a0i dissenyada especialment\u00a0per a nens i nenes.\u00a0<strong>T\u00e9 com a missi\u00f3\u00a0no deixar cap nen\/a enrere en la lectura<\/strong>, ja que aquesta\u00a0\u00e9s una capacitat b\u00e0sica de la comunicaci\u00f3 humana i del creixement personal<\/p>\n<p style=\"text-align: justify;\">Des de l\u2019\u00e0rea de logop\u00e8dia de Balmes 1 es va pensar que un grup d\u2019alumnes del nostre centre podrien portar a terme aquest treball.<\/p>\n<p style=\"text-align: justify;\">Es realitza una pr\u00e0ctica individual d\u2019uns 10-15 minuts de durada, \u00a0de\u00a0 tres a quatre \u00a0cops per setmana. \u00a0Aquest treball individual s\u2019ha anat complementant amb una s\u00e8rie de sessions dins el grup classe, un cop per setmana i que tenien com a finalitat ajudar a la compet\u00e8ncia lectora dels alumnes, tant a nivell de mec\u00e0nica lectora com de comprensi\u00f3 ling\u00fc\u00edstica.<\/p>\n<p style=\"text-align: justify;\">El material que es presentava est\u00e0 estructurat en 5 grans blocs que contribueixen a l\u2019aprenentatge significatiu de la lectura:\u00a0 Decodificaci\u00f3, Visualitzaci\u00f3, Vocabulari, Llenguatge i Raonament.<\/p>\n<p style=\"text-align: justify;\">Si esteu interessats en aprofundir en el tema podeu consultar: <a href=\"http:\/\/www.ubinding.cat\" target=\"_blank\" rel=\"noopener noreferrer\">www.ubinding.cat<\/a><\/p>\n<p>&nbsp;<\/p>\n<p><a href=\"https:\/\/agora.xtec.cat\/escbalmes1\/wp-content\/uploads\/usu1777\/2019\/05\/cropped-UBindignUB_book2.png\"><img loading=\"lazy\" decoding=\"async\" class=\"alignnone wp-image-1538\" src=\"https:\/\/agora.xtec.cat\/escbalmes1\/wp-content\/uploads\/usu1777\/2019\/05\/cropped-UBindignUB_book2.png\" alt=\"\" width=\"406\" height=\"90\" srcset=\"https:\/\/agora.xtec.cat\/escbalmes1\/wp-content\/uploads\/usu1777\/2019\/05\/cropped-UBindignUB_book2.png 932w, https:\/\/agora.xtec.cat\/escbalmes1\/wp-content\/uploads\/usu1777\/2019\/05\/cropped-UBindignUB_book2-300x67.png 300w, https:\/\/agora.xtec.cat\/escbalmes1\/wp-content\/uploads\/usu1777\/2019\/05\/cropped-UBindignUB_book2-768x171.png 768w\" sizes=\"auto, (max-width: 406px) 100vw, 406px\" \/><\/a><\/p>\n","protected":false},"excerpt":{"rendered":"<p><a href=\"https:\/\/agora.xtec.cat\/escbalmes1\/wp-content\/uploads\/usu1777\/2019\/05\/binding-450w.png\">\u00a0<\/a><a href=\"https:\/\/agora.xtec.cat\/escbalmes1\/wp-content\/uploads\/usu1777\/2019\/05\/IMG_3621.jpg\">\u00a0<\/a><a href=\"https:\/\/agora.xtec.cat\/escbalmes1\/wp-content\/uploads\/usu1777\/2019\/05\/IMG_3619.jpg\"><\/a><br \/>\nDes de fa dos cursos som centre col\u00b7laborador en el Projecte Binding de la Universitat de Barcelona.<br \/>\nBinding \u00e9s un projecte de recerca de la UB, l\u2019objectiu del qual \u00e9s\u00a0desenvolupar eines\u00a0per a l\u2019adquisici\u00f3 i la\u00a0millora de les habilitats lectores.\u00a0Es tracta d\u2019una\u00a0intervenci\u00f3\u00a0enfocada a persones&hellip;  <a href=\"https:\/\/agora.xtec.cat\/escbalmes1\/binding\/\" title=\"Read Binding\">Llegeix m\u00e9s\u00bb<\/a><\/p>\n","protected":false},"author":6,"featured_media":0,"parent":0,"menu_order":0,"comment_status":"closed","ping_status":"closed","template":"","meta":{"_bbp_topic_count":0,"_bbp_reply_count":0,"_bbp_total_topic_count":0,"_bbp_total_reply_count":0,"_bbp_voice_count":0,"_bbp_anonymous_reply_count":0,"_bbp_topic_count_hidden":0,"_bbp_reply_count_hidden":0,"_bbp_forum_subforum_count":0,"footnotes":""},"class_list":["post-1494","page","type-page","status-publish","hentry"],"post_mailing_queue_ids":[],"_links":{"self":[{"href":"https:\/\/agora.xtec.cat\/escbalmes1\/wp-json\/wp\/v2\/pages\/1494","targetHints":{"allow":["GET"]}}],"collection":[{"href":"https:\/\/agora.xtec.cat\/escbalmes1\/wp-json\/wp\/v2\/pages"}],"about":[{"href":"https:\/\/agora.xtec.cat\/escbalmes1\/wp-json\/wp\/v2\/types\/page"}],"author":[{"embeddable":true,"href":"https:\/\/agora.xtec.cat\/escbalmes1\/wp-json\/wp\/v2\/users\/6"}],"replies":[{"embeddable":true,"href":"https:\/\/agora.xtec.cat\/escbalmes1\/wp-json\/wp\/v2\/comments?post=1494"}],"version-history":[{"count":4,"href":"https:\/\/agora.xtec.cat\/escbalmes1\/wp-json\/wp\/v2\/pages\/1494\/revisions"}],"predecessor-version":[{"id":1582,"href":"https:\/\/agora.xtec.cat\/escbalmes1\/wp-json\/wp\/v2\/pages\/1494\/revisions\/1582"}],"wp:attachment":[{"href":"https:\/\/agora.xtec.cat\/escbalmes1\/wp-json\/wp\/v2\/media?parent=1494"}],"curies":[{"name":"wp","href":"https:\/\/api.w.org\/{rel}","templated":true}]}}