{"id":87,"date":"2014-09-18T14:28:12","date_gmt":"2014-09-18T13:28:12","guid":{"rendered":"http:\/\/agora.xtec.cat\/escavallbernat\/?page_id=87"},"modified":"2023-07-14T11:06:21","modified_gmt":"2023-07-14T09:06:21","slug":"nivells","status":"publish","type":"page","link":"https:\/\/agora.xtec.cat\/escavallbernat\/nivells\/","title":{"rendered":"Documentaci\u00f3"},"content":{"rendered":"<p>En aquest espai trobareu alguns dels documents que poden ser d&#8217;inter\u00e8s per a la comunitat educativa i que defineixen all\u00f2 que fem a la nostra escola.<\/p>\n<p class=\"font_8\">Entenem que s\u00f3n documents importants i cal donar-los a con\u00e8ixer per garantir la mesura de transpar\u00e8ncia amb la qual s&#8217;afavoreix que les fam\u00edlies disposeu de tota la informaci\u00f3 sobre el funcionament del centre.<\/p>\n<p class=\"font_8\">Podeu accedir als documents en els seg\u00fcents enlla\u00e7os:<\/p>\n<ul>\n<li><a href=\"https:\/\/agora.xtec.cat\/escavallbernat\/nivells\/projecte-educatiu\/\">Projecte Educatiu de centre (PEC)<\/a><\/li>\n<li><a href=\"https:\/\/agora.xtec.cat\/escavallbernat\/nivells\/nofc\/\">Normes d&#8217;organitzaci\u00f3 i funcionament del centre (NOFC)<\/a><\/li>\n<li><a href=\"https:\/\/agora.xtec.cat\/escavallbernat\/nivells\/projecte-linguistic\/\">Projecte ling\u00fc\u00edstic<\/a><\/li>\n<li><a href=\"https:\/\/agora.xtec.cat\/escavallbernat\/nivells\/estrategia-digital-de-centre\/\">Estrat\u00e8gia digital de centre (EDC)<\/a><\/li>\n<li><a href=\"https:\/\/agora.xtec.cat\/escavallbernat\/nivells\/programacio-general-anual\/\">Programaci\u00f3 general anual (PGA)<\/a><\/li>\n<li><a href=\"https:\/\/agora.xtec.cat\/escavallbernat\/nivells\/pla-de-millores-doportunitats-educatives\/\">Pla de millores d&#8217;oportunitats educatives (PMOE)<\/a><\/li>\n<li><a href=\"https:\/\/agora.xtec.cat\/escavallbernat\/nivells\/carta-de-compromis-educatiu\/\">Carta de comprom\u00eds educatiu<\/a><\/li>\n<li>Projecte de conviv\u00e8ncia<\/li>\n<\/ul>\n","protected":false},"excerpt":{"rendered":"<p>En aquest espai trobareu alguns dels documents que poden ser d&#8217;inter\u00e8s per a la comunitat educativa i que defineixen all\u00f2 [&hellip;]<\/p>\n","protected":false},"author":1,"featured_media":0,"parent":0,"menu_order":7,"comment_status":"closed","ping_status":"closed","template":"page-templates\/side-menu.php","meta":{"_bbp_topic_count":0,"_bbp_reply_count":0,"_bbp_total_topic_count":0,"_bbp_total_reply_count":0,"_bbp_voice_count":0,"_bbp_anonymous_reply_count":0,"_bbp_topic_count_hidden":0,"_bbp_reply_count_hidden":0,"_bbp_forum_subforum_count":0,"site-sidebar-layout":"default","site-content-layout":"","ast-site-content-layout":"","site-content-style":"default","site-sidebar-style":"default","ast-global-header-display":"","ast-banner-title-visibility":"","ast-main-header-display":"","ast-hfb-above-header-display":"","ast-hfb-below-header-display":"","ast-hfb-mobile-header-display":"","site-post-title":"","ast-breadcrumbs-content":"","ast-featured-img":"","footer-sml-layout":"","theme-transparent-header-meta":"","adv-header-id-meta":"","stick-header-meta":"","header-above-stick-meta":"","header-main-stick-meta":"","header-below-stick-meta":"","astra-migrate-meta-layouts":"default","ast-page-background-enabled":"default","ast-page-background-meta":{"desktop":{"background-color":"var(--ast-global-color-4)","background-image":"","background-repeat":"repeat","background-position":"center center","background-size":"auto","background-attachment":"scroll","background-type":"","background-media":"","overlay-type":"","overlay-color":"","overlay-opacity":"","overlay-gradient":""},"tablet":{"background-color":"","background-image":"","background-repeat":"repeat","background-position":"center center","background-size":"auto","background-attachment":"scroll","background-type":"","background-media":"","overlay-type":"","overlay-color":"","overlay-opacity":"","overlay-gradient":""},"mobile":{"background-color":"","background-image":"","background-repeat":"repeat","background-position":"center center","background-size":"auto","background-attachment":"scroll","background-type":"","background-media":"","overlay-type":"","overlay-color":"","overlay-opacity":"","overlay-gradient":""}},"ast-content-background-meta":{"desktop":{"background-color":"var(--ast-global-color-5)","background-image":"","background-repeat":"repeat","background-position":"center center","background-size":"auto","background-attachment":"scroll","background-type":"","background-media":"","overlay-type":"","overlay-color":"","overlay-opacity":"","overlay-gradient":""},"tablet":{"background-color":"var(--ast-global-color-5)","background-image":"","background-repeat":"repeat","background-position":"center center","background-size":"auto","background-attachment":"scroll","background-type":"","background-media":"","overlay-type":"","overlay-color":"","overlay-opacity":"","overlay-gradient":""},"mobile":{"background-color":"var(--ast-global-color-5)","background-image":"","background-repeat":"repeat","background-position":"center center","background-size":"auto","background-attachment":"scroll","background-type":"","background-media":"","overlay-type":"","overlay-color":"","overlay-opacity":"","overlay-gradient":""}},"footnotes":""},"class_list":["post-87","page","type-page","status-publish","hentry"],"post_mailing_queue_ids":[],"_links":{"self":[{"href":"https:\/\/agora.xtec.cat\/escavallbernat\/wp-json\/wp\/v2\/pages\/87","targetHints":{"allow":["GET"]}}],"collection":[{"href":"https:\/\/agora.xtec.cat\/escavallbernat\/wp-json\/wp\/v2\/pages"}],"about":[{"href":"https:\/\/agora.xtec.cat\/escavallbernat\/wp-json\/wp\/v2\/types\/page"}],"author":[{"embeddable":true,"href":"https:\/\/agora.xtec.cat\/escavallbernat\/wp-json\/wp\/v2\/users\/1"}],"replies":[{"embeddable":true,"href":"https:\/\/agora.xtec.cat\/escavallbernat\/wp-json\/wp\/v2\/comments?post=87"}],"version-history":[{"count":2,"href":"https:\/\/agora.xtec.cat\/escavallbernat\/wp-json\/wp\/v2\/pages\/87\/revisions"}],"predecessor-version":[{"id":2082,"href":"https:\/\/agora.xtec.cat\/escavallbernat\/wp-json\/wp\/v2\/pages\/87\/revisions\/2082"}],"wp:attachment":[{"href":"https:\/\/agora.xtec.cat\/escavallbernat\/wp-json\/wp\/v2\/media?parent=87"}],"curies":[{"name":"wp","href":"https:\/\/api.w.org\/{rel}","templated":true}]}}