{"id":568,"date":"2023-05-01T10:30:26","date_gmt":"2023-05-01T08:30:26","guid":{"rendered":"https:\/\/agora.xtec.cat\/escavallbernat\/?page_id=568"},"modified":"2025-10-10T10:38:57","modified_gmt":"2025-10-10T08:38:57","slug":"menjador","status":"publish","type":"page","link":"https:\/\/agora.xtec.cat\/escavallbernat\/material-escolar\/menjador\/","title":{"rendered":"Menjador"},"content":{"rendered":"\n<figure class=\"wp-block-image alignleft size-full is-resized\"><a href=\"https:\/\/agora.xtec.cat\/escavallbernat\/wp-content\/uploads\/usu2377\/2025\/10\/17-2-1.jpg\"><img loading=\"lazy\" decoding=\"async\" width=\"1024\" height=\"768\" src=\"https:\/\/agora.xtec.cat\/escavallbernat\/wp-content\/uploads\/usu2377\/2025\/10\/17-2-1.jpg\" alt=\"\" class=\"wp-image-3602\" style=\"width:483px;height:auto\" srcset=\"https:\/\/agora.xtec.cat\/escavallbernat\/wp-content\/uploads\/usu2377\/2025\/10\/17-2-1.jpg 1024w, https:\/\/agora.xtec.cat\/escavallbernat\/wp-content\/uploads\/usu2377\/2025\/10\/17-2-1-300x225.jpg 300w, https:\/\/agora.xtec.cat\/escavallbernat\/wp-content\/uploads\/usu2377\/2025\/10\/17-2-1-768x576.jpg 768w\" sizes=\"auto, (max-width: 1024px) 100vw, 1024px\" \/><\/a><\/figure>\n\n\n\n<p>L\u2019escola t\u00e9 cuina pr\u00f2pia i un menjador amb una capacitat per a uns 200 alumnes.<\/p>\n\n\n\n<p>Aquest curs, l\u2019empresa que elabora els men\u00fas i es fa c\u00e0rrec de la cuina i del monitoratge \u00e9s l&#8217;empresa&nbsp; <strong><a href=\"https:\/\/www.somvalors.com\/\">Valors<\/a>. <\/strong>La proposta de men\u00fas ofereix a l&#8217;alumnat aliments de qualitat i \u00e0pats equilibrats. S&#8217;elaboren mensualment men\u00fas adaptats a les necessitats de cada infant, tenint en compte al\u00b7l\u00e8rgies i intoler\u00e0ncies aliment\u00e0ries.<\/p>\n\n\n\n<p>La comissi\u00f3 de menjador s\u2019encarrega de vetllar pel bon funcionament dels serveis de cuina i monitoratge (adequaci\u00f3 dels men\u00fas a les recomanacions dels departaments de Salut i Ensenyament de la Generalitat i de l\u2019Ag\u00e8ncia de Salut P\u00fablica de Barcelona; seguiment de la concreci\u00f3 del projecte educatiu en el temps de migdia, d\u2019acord amb les l\u00ednies establertes per l\u2019escola, etc.) i es reuneix peri\u00f2dicament amb l&#8217;empresa que presta aquests serveis i amb la direcci\u00f3 de l\u2019escola.<\/p>\n\n\n\n<p>Durant el temps del migdia l\u2019alumnat de prim\u00e0ria va al menjador per torns i dina amb els companys sota la supervisi\u00f3 dels monitors de <strong>Valors.<\/strong> Els infants d&#8217;infantil dinen a les seves aules. Durant l\u2019estona del dinar, els monitors treballen amb els nens i nenes l\u2019adquisici\u00f3 de bons h\u00e0bits i segueixen pautes perqu\u00e8 aprenguin a recon\u00e8ixer el que \u00e9s una dieta equilibrada i sana. Les activitats de migdia guiades per monitors s\u00f3n propostes adre\u00e7ades a conjugar el foment de l\u2019activitat f\u00edsica, l\u2019aprenentatge social i la creativitat. Estan programades i definides amb concreci\u00f3 d\u2019objectius.<\/p>\n\n\n\n<p><strong>INFORMACIONS PR\u00c0CTIQUES DEL SERVEI<\/strong><\/p>\n\n\n\n<ul class=\"wp-block-list\">\n<li>Aquelles fam\u00edlies que necessiteu fer \u00fas del servei de menjador heu d&#8217;omplir la<a href=\"https:\/\/drive.google.com\/file\/d\/1HcNQNGJxmWKTke5UyS74uVcICA81byPw\/view?usp=sharing\" target=\"_blank\" rel=\"noreferrer noopener\"> fitxa d&#8217;inscripci\u00f3 de menjador<\/a>.<\/li>\n\n\n\n<li>La coordinadora del servei de menjador \u00e9s la Sandra Hermida. El seu horari d\u2019atenci\u00f3 presencial \u00e9s <strong>de dilluns a divendres de 9:30h a 10:30h<\/strong>.&nbsp;Podeu contactar-hi tamb\u00e9 via correu electr\u00f2nic escrivint a l&#8217;adre\u00e7a:&nbsp;<a href=\"mailto:menjador@cbernat.cat\">menjador@cbernat.cat<\/a><\/li>\n\n\n\n<li>En cas que un infant no pugui assistir al menjador s&#8217;ha de comunicar al correu de la coordinadora&nbsp;<strong>abans de les 10.30h.<\/strong><\/li>\n\n\n\n<li>Si l\u2019alumnat necessita dieta puntualment tamb\u00e9 s\u2019ha de comunicar al mateix correu&nbsp;<strong>abans de les 10:30h<\/strong>.<\/li>\n\n\n\n<li>Accedeix al seg\u00fcent enlla\u00e7 per veure els <a href=\"https:\/\/agora.xtec.cat\/escavallbernat\/menus-del-mes\/\">men\u00fas del mes<\/a>.<\/li>\n<\/ul>\n\n\n\n<p><\/p>\n","protected":false},"excerpt":{"rendered":"<p>L\u2019escola t\u00e9 cuina pr\u00f2pia i un menjador amb una capacitat per a uns 200 alumnes. Aquest curs, l\u2019empresa que elabora [&hellip;]<\/p>\n","protected":false},"author":1,"featured_media":0,"parent":36,"menu_order":2,"comment_status":"closed","ping_status":"closed","template":"page-templates\/side-menu.php","meta":{"_bbp_topic_count":0,"_bbp_reply_count":0,"_bbp_total_topic_count":0,"_bbp_total_reply_count":0,"_bbp_voice_count":0,"_bbp_anonymous_reply_count":0,"_bbp_topic_count_hidden":0,"_bbp_reply_count_hidden":0,"_bbp_forum_subforum_count":0,"site-sidebar-layout":"default","site-content-layout":"","ast-site-content-layout":"default","site-content-style":"default","site-sidebar-style":"default","ast-global-header-display":"","ast-banner-title-visibility":"","ast-main-header-display":"","ast-hfb-above-header-display":"","ast-hfb-below-header-display":"","ast-hfb-mobile-header-display":"","site-post-title":"","ast-breadcrumbs-content":"","ast-featured-img":"","footer-sml-layout":"","theme-transparent-header-meta":"","adv-header-id-meta":"","stick-header-meta":"","header-above-stick-meta":"","header-main-stick-meta":"","header-below-stick-meta":"","astra-migrate-meta-layouts":"set","ast-page-background-enabled":"default","ast-page-background-meta":{"desktop":{"background-color":"var(--ast-global-color-4)","background-image":"","background-repeat":"repeat","background-position":"center center","background-size":"auto","background-attachment":"scroll","background-type":"","background-media":"","overlay-type":"","overlay-color":"","overlay-opacity":"","overlay-gradient":""},"tablet":{"background-color":"","background-image":"","background-repeat":"repeat","background-position":"center center","background-size":"auto","background-attachment":"scroll","background-type":"","background-media":"","overlay-type":"","overlay-color":"","overlay-opacity":"","overlay-gradient":""},"mobile":{"background-color":"","background-image":"","background-repeat":"repeat","background-position":"center center","background-size":"auto","background-attachment":"scroll","background-type":"","background-media":"","overlay-type":"","overlay-color":"","overlay-opacity":"","overlay-gradient":""}},"ast-content-background-meta":{"desktop":{"background-color":"var(--ast-global-color-5)","background-image":"","background-repeat":"repeat","background-position":"center center","background-size":"auto","background-attachment":"scroll","background-type":"","background-media":"","overlay-type":"","overlay-color":"","overlay-opacity":"","overlay-gradient":""},"tablet":{"background-color":"var(--ast-global-color-5)","background-image":"","background-repeat":"repeat","background-position":"center center","background-size":"auto","background-attachment":"scroll","background-type":"","background-media":"","overlay-type":"","overlay-color":"","overlay-opacity":"","overlay-gradient":""},"mobile":{"background-color":"var(--ast-global-color-5)","background-image":"","background-repeat":"repeat","background-position":"center center","background-size":"auto","background-attachment":"scroll","background-type":"","background-media":"","overlay-type":"","overlay-color":"","overlay-opacity":"","overlay-gradient":""}},"footnotes":""},"class_list":["post-568","page","type-page","status-publish","hentry"],"post_mailing_queue_ids":[],"_links":{"self":[{"href":"https:\/\/agora.xtec.cat\/escavallbernat\/wp-json\/wp\/v2\/pages\/568","targetHints":{"allow":["GET"]}}],"collection":[{"href":"https:\/\/agora.xtec.cat\/escavallbernat\/wp-json\/wp\/v2\/pages"}],"about":[{"href":"https:\/\/agora.xtec.cat\/escavallbernat\/wp-json\/wp\/v2\/types\/page"}],"author":[{"embeddable":true,"href":"https:\/\/agora.xtec.cat\/escavallbernat\/wp-json\/wp\/v2\/users\/1"}],"replies":[{"embeddable":true,"href":"https:\/\/agora.xtec.cat\/escavallbernat\/wp-json\/wp\/v2\/comments?post=568"}],"version-history":[{"count":6,"href":"https:\/\/agora.xtec.cat\/escavallbernat\/wp-json\/wp\/v2\/pages\/568\/revisions"}],"predecessor-version":[{"id":3605,"href":"https:\/\/agora.xtec.cat\/escavallbernat\/wp-json\/wp\/v2\/pages\/568\/revisions\/3605"}],"up":[{"embeddable":true,"href":"https:\/\/agora.xtec.cat\/escavallbernat\/wp-json\/wp\/v2\/pages\/36"}],"wp:attachment":[{"href":"https:\/\/agora.xtec.cat\/escavallbernat\/wp-json\/wp\/v2\/media?parent=568"}],"curies":[{"name":"wp","href":"https:\/\/api.w.org\/{rel}","templated":true}]}}