{"id":26,"date":"2014-09-18T12:24:32","date_gmt":"2014-09-18T10:24:32","guid":{"rendered":"http:\/\/agora.xtec.cat\/escavallbernat\/?page_id=26"},"modified":"2024-09-12T12:07:30","modified_gmt":"2024-09-12T10:07:30","slug":"historia","status":"publish","type":"page","link":"https:\/\/agora.xtec.cat\/escavallbernat\/lescola\/historia\/","title":{"rendered":"Hist\u00f2ria"},"content":{"rendered":"<p>Explicar la hist\u00f2ria de la nostra escola ens porta a viatjar en el temps fins a l&#8217;any 1945 quan va ser fundada amb el nom d&#8217;ESCOLES COMERCIALS MONTSERRAT en uns locals del carrer Jocs Florals del nostre barri de Sants. Al curs 1948\/1949 l&#8217;escola es va empla\u00e7ar en l&#8217;edifici actual, al carrer\u00a0<span class=\"hiddenSpellError\">Badal<\/span>\u00a0113.<\/p>\n<p>Les escoles Comercials Montserrat van ser creades per als fills dels treballadors del metro i originalment s&#8217;impartien estudis primaris, estudis comercials i tamb\u00e9 classes nocturnes per als empleats.<\/p>\n<p>L&#8217;edifici on es troba ubicada l&#8217;escola actualment, ha sofert diferents modificacions a causa del pas del temps i a la remodelaci\u00f3 urban\u00edstica de la ciutat.<\/p>\n<ul>\n<li>L&#8217;any 1954 es demana la primera ampliaci\u00f3 del centre que va ser autoritzada l&#8217;any 1956.<\/li>\n<li>Durant el curs 1963\/64 comen\u00e7a el funcionament de l&#8217;edifici del costat de la ronda. Aquest edifici queda afectat per les obres en obrir-se el Cintur\u00f3 i desapareix. Es construeix un altre al final del camp d&#8217;esports.<\/li>\n<li>L&#8217;any 1985 l&#8217;empresa de metro cedeix els edificis i els terrenys a l&#8217;Ajuntament de Barcelona i el curs 1985\/86 l&#8217;escola es converteix en una escola p\u00fablica i passa a dir-se Escola Cavall Bernat.<\/li>\n<li>Durant el curs 2015-2015, l&#8217;Ajuntament de Barcelona arriba un acord amb la Citro\u00ebn que cedeix una part dels terrenys de l&#8217;empresa per fer l&#8217;ampliaci\u00f3 del pati de l&#8217;escola. Aquest mateix curs comencen tamb\u00e9 les obres del carrer\u00a0<span class=\"hiddenSpellError\">Badal<\/span>\u00a0a l&#8217;al\u00e7ada de l&#8217;escola. L&#8217;Ampliaci\u00f3 d&#8217;aquest tram fa que la fa\u00e7ana principal quedi oberta al carrer i s&#8217;instal\u00b7li la porta verda d&#8217;entrada.<\/li>\n<\/ul>\n<div style=\"position: relative; width: 100%; height: 0; padding-top: 141.4286%; padding-bottom: 0; box-shadow: 0 2px 8px 0 rgba(63,69,81,0.16); margin-top: 1.6em; margin-bottom: 0.9em; overflow: hidden; border-radius: 8px; will-change: transform;\"><iframe style=\"position: absolute; width: 100%; height: 100%; top: 0; left: 0; border: none; padding: 0; margin: 0;\" src=\"https:\/\/www.canva.com\/design\/DAE6CRMsIfk\/N9pNtQvKMCqSqyrs44Up-w\/view?embed\" allowfullscreen=\"allowfullscreen\"><br \/>\n<\/iframe><\/div>\n<p>&nbsp;<\/p>\n","protected":false},"excerpt":{"rendered":"<p>Explicar la hist\u00f2ria de la nostra escola ens porta a viatjar en el temps fins a l&#8217;any 1945 quan va [&hellip;]<\/p>\n","protected":false},"author":1,"featured_media":0,"parent":22,"menu_order":2,"comment_status":"closed","ping_status":"closed","template":"page-templates\/side-menu.php","meta":{"_bbp_topic_count":0,"_bbp_reply_count":0,"_bbp_total_topic_count":0,"_bbp_total_reply_count":0,"_bbp_voice_count":0,"_bbp_anonymous_reply_count":0,"_bbp_topic_count_hidden":0,"_bbp_reply_count_hidden":0,"_bbp_forum_subforum_count":0,"site-sidebar-layout":"default","site-content-layout":"","ast-site-content-layout":"","site-content-style":"default","site-sidebar-style":"default","ast-global-header-display":"","ast-banner-title-visibility":"","ast-main-header-display":"","ast-hfb-above-header-display":"","ast-hfb-below-header-display":"","ast-hfb-mobile-header-display":"","site-post-title":"","ast-breadcrumbs-content":"","ast-featured-img":"","footer-sml-layout":"","theme-transparent-header-meta":"","adv-header-id-meta":"","stick-header-meta":"","header-above-stick-meta":"","header-main-stick-meta":"","header-below-stick-meta":"","astra-migrate-meta-layouts":"default","ast-page-background-enabled":"default","ast-page-background-meta":{"desktop":{"background-color":"var(--ast-global-color-4)","background-image":"","background-repeat":"repeat","background-position":"center center","background-size":"auto","background-attachment":"scroll","background-type":"","background-media":"","overlay-type":"","overlay-color":"","overlay-opacity":"","overlay-gradient":""},"tablet":{"background-color":"","background-image":"","background-repeat":"repeat","background-position":"center center","background-size":"auto","background-attachment":"scroll","background-type":"","background-media":"","overlay-type":"","overlay-color":"","overlay-opacity":"","overlay-gradient":""},"mobile":{"background-color":"","background-image":"","background-repeat":"repeat","background-position":"center center","background-size":"auto","background-attachment":"scroll","background-type":"","background-media":"","overlay-type":"","overlay-color":"","overlay-opacity":"","overlay-gradient":""}},"ast-content-background-meta":{"desktop":{"background-color":"var(--ast-global-color-5)","background-image":"","background-repeat":"repeat","background-position":"center center","background-size":"auto","background-attachment":"scroll","background-type":"","background-media":"","overlay-type":"","overlay-color":"","overlay-opacity":"","overlay-gradient":""},"tablet":{"background-color":"var(--ast-global-color-5)","background-image":"","background-repeat":"repeat","background-position":"center center","background-size":"auto","background-attachment":"scroll","background-type":"","background-media":"","overlay-type":"","overlay-color":"","overlay-opacity":"","overlay-gradient":""},"mobile":{"background-color":"var(--ast-global-color-5)","background-image":"","background-repeat":"repeat","background-position":"center center","background-size":"auto","background-attachment":"scroll","background-type":"","background-media":"","overlay-type":"","overlay-color":"","overlay-opacity":"","overlay-gradient":""}},"footnotes":""},"class_list":["post-26","page","type-page","status-publish","hentry"],"post_mailing_queue_ids":[],"_links":{"self":[{"href":"https:\/\/agora.xtec.cat\/escavallbernat\/wp-json\/wp\/v2\/pages\/26","targetHints":{"allow":["GET"]}}],"collection":[{"href":"https:\/\/agora.xtec.cat\/escavallbernat\/wp-json\/wp\/v2\/pages"}],"about":[{"href":"https:\/\/agora.xtec.cat\/escavallbernat\/wp-json\/wp\/v2\/types\/page"}],"author":[{"embeddable":true,"href":"https:\/\/agora.xtec.cat\/escavallbernat\/wp-json\/wp\/v2\/users\/1"}],"replies":[{"embeddable":true,"href":"https:\/\/agora.xtec.cat\/escavallbernat\/wp-json\/wp\/v2\/comments?post=26"}],"version-history":[{"count":6,"href":"https:\/\/agora.xtec.cat\/escavallbernat\/wp-json\/wp\/v2\/pages\/26\/revisions"}],"predecessor-version":[{"id":2963,"href":"https:\/\/agora.xtec.cat\/escavallbernat\/wp-json\/wp\/v2\/pages\/26\/revisions\/2963"}],"up":[{"embeddable":true,"href":"https:\/\/agora.xtec.cat\/escavallbernat\/wp-json\/wp\/v2\/pages\/22"}],"wp:attachment":[{"href":"https:\/\/agora.xtec.cat\/escavallbernat\/wp-json\/wp\/v2\/media?parent=26"}],"curies":[{"name":"wp","href":"https:\/\/api.w.org\/{rel}","templated":true}]}}