{"id":22,"date":"2014-09-18T12:19:57","date_gmt":"2014-09-18T11:19:57","guid":{"rendered":"http:\/\/agora.xtec.cat\/escavallbernat\/?page_id=22"},"modified":"2023-07-14T11:06:21","modified_gmt":"2023-07-14T09:06:21","slug":"lescola","status":"publish","type":"page","link":"https:\/\/agora.xtec.cat\/escavallbernat\/lescola\/","title":{"rendered":"L&#8217;escola"},"content":{"rendered":"<p>L&#8217;escola Cavall Bernat est\u00e0 situada al districte de Sants-Montju\u00efc de Barcelona. \u00c9s una escola petita i familiar, d\u2019una sola l\u00ednia, \u00e9s a dir, hi ha un grup per curs.<\/p>\n<p>Com a particularitat hem de dir que la nostra etapa d\u2019educaci\u00f3 infantil es caracteritza perqu\u00e8 a cada aula hi conviuen infants d\u2019I3, I4 i I5.<\/p>\n<p>Un cop acabats els primes anys d\u2019escolaritzaci\u00f3, els infants de l\u2019escola poden continuar els estudis de secund\u00e0ria en algun dels dos instituts que tenim adscrits.<\/p>\n<p><a href=\"https:\/\/agora.xtec.cat\/ieslluisvives\/\"><img loading=\"lazy\" decoding=\"async\" class=\"wp-image-678 alignleft\" src=\"https:\/\/agora.xtec.cat\/escavallbernat\/wp-content\/uploads\/usu2377\/2023\/06\/lluis-vives-168x300.png\" sizes=\"auto, (max-width: 168px) 100vw, 168px\" srcset=\"https:\/\/agora.xtec.cat\/escavallbernat\/wp-content\/uploads\/usu2377\/2023\/06\/lluis-vives-168x300.png 168w, https:\/\/agora.xtec.cat\/escavallbernat\/wp-content\/uploads\/usu2377\/2023\/06\/lluis-vives.png 252w\" alt=\"\" width=\"86\" height=\"153\" data-wp-editing=\"1\" \/><\/a><a href=\"https:\/\/agora.xtec.cat\/institutsants\/\"><img loading=\"lazy\" decoding=\"async\" class=\"wp-image-680 alignleft\" src=\"https:\/\/agora.xtec.cat\/escavallbernat\/wp-content\/uploads\/usu2377\/2023\/06\/logo_institutsants-300x246.png\" sizes=\"auto, (max-width: 300px) 100vw, 300px\" srcset=\"https:\/\/agora.xtec.cat\/escavallbernat\/wp-content\/uploads\/usu2377\/2023\/06\/logo_institutsants-300x246.png 300w, https:\/\/agora.xtec.cat\/escavallbernat\/wp-content\/uploads\/usu2377\/2023\/06\/logo_institutsants-1024x839.png 1024w, https:\/\/agora.xtec.cat\/escavallbernat\/wp-content\/uploads\/usu2377\/2023\/06\/logo_institutsants-768x630.png 768w, https:\/\/agora.xtec.cat\/escavallbernat\/wp-content\/uploads\/usu2377\/2023\/06\/logo_institutsants-1536x1259.png 1536w, https:\/\/agora.xtec.cat\/escavallbernat\/wp-content\/uploads\/usu2377\/2023\/06\/logo_institutsants-2048x1679.png 2048w\" alt=\"\" width=\"211\" height=\"173\" \/><\/a><\/p>\n<p>L\u2019horari lectiu del centre per als alumnes d\u2019Educaci\u00f3 Infantil i d&#8217;Educaci\u00f3 Prim\u00e0ria \u00e9s:<\/p>\n<p><strong>MAT\u00cd:\u00a0<\/strong>de les 9.05h. a les 12:35h (infantil) \/de les 9h. a les 12:30h (prim\u00e0ria)<\/p>\n<p><strong>TARDA:\u00a0<\/strong>de les 14.35h. a les 16:05h (infantil) \/ de les 14.30h. a les 16:00h (prim\u00e0ria)<\/p>\n<p>Adaptaci\u00f3 d&#8217;I3: durant els primers dies de curs, els alumnes de I3 fan una entrada esglaonada per facilitar la seva adaptaci\u00f3 al centre.<\/p>\n","protected":false},"excerpt":{"rendered":"<p>L&#8217;escola Cavall Bernat est\u00e0 situada al districte de Sants-Montju\u00efc de Barcelona. \u00c9s una escola petita i familiar, d\u2019una sola l\u00ednia, [&hellip;]<\/p>\n","protected":false},"author":1,"featured_media":0,"parent":0,"menu_order":0,"comment_status":"closed","ping_status":"closed","template":"page-templates\/side-menu.php","meta":{"_bbp_topic_count":0,"_bbp_reply_count":0,"_bbp_total_topic_count":0,"_bbp_total_reply_count":0,"_bbp_voice_count":0,"_bbp_anonymous_reply_count":0,"_bbp_topic_count_hidden":0,"_bbp_reply_count_hidden":0,"_bbp_forum_subforum_count":0,"site-sidebar-layout":"default","site-content-layout":"","ast-site-content-layout":"","site-content-style":"default","site-sidebar-style":"default","ast-global-header-display":"","ast-banner-title-visibility":"","ast-main-header-display":"","ast-hfb-above-header-display":"","ast-hfb-below-header-display":"","ast-hfb-mobile-header-display":"","site-post-title":"","ast-breadcrumbs-content":"","ast-featured-img":"","footer-sml-layout":"","theme-transparent-header-meta":"","adv-header-id-meta":"","stick-header-meta":"","header-above-stick-meta":"","header-main-stick-meta":"","header-below-stick-meta":"","astra-migrate-meta-layouts":"default","ast-page-background-enabled":"default","ast-page-background-meta":{"desktop":{"background-color":"var(--ast-global-color-4)","background-image":"","background-repeat":"repeat","background-position":"center center","background-size":"auto","background-attachment":"scroll","background-type":"","background-media":"","overlay-type":"","overlay-color":"","overlay-opacity":"","overlay-gradient":""},"tablet":{"background-color":"","background-image":"","background-repeat":"repeat","background-position":"center center","background-size":"auto","background-attachment":"scroll","background-type":"","background-media":"","overlay-type":"","overlay-color":"","overlay-opacity":"","overlay-gradient":""},"mobile":{"background-color":"","background-image":"","background-repeat":"repeat","background-position":"center center","background-size":"auto","background-attachment":"scroll","background-type":"","background-media":"","overlay-type":"","overlay-color":"","overlay-opacity":"","overlay-gradient":""}},"ast-content-background-meta":{"desktop":{"background-color":"var(--ast-global-color-5)","background-image":"","background-repeat":"repeat","background-position":"center center","background-size":"auto","background-attachment":"scroll","background-type":"","background-media":"","overlay-type":"","overlay-color":"","overlay-opacity":"","overlay-gradient":""},"tablet":{"background-color":"var(--ast-global-color-5)","background-image":"","background-repeat":"repeat","background-position":"center center","background-size":"auto","background-attachment":"scroll","background-type":"","background-media":"","overlay-type":"","overlay-color":"","overlay-opacity":"","overlay-gradient":""},"mobile":{"background-color":"var(--ast-global-color-5)","background-image":"","background-repeat":"repeat","background-position":"center center","background-size":"auto","background-attachment":"scroll","background-type":"","background-media":"","overlay-type":"","overlay-color":"","overlay-opacity":"","overlay-gradient":""}},"footnotes":""},"class_list":["post-22","page","type-page","status-publish","hentry"],"post_mailing_queue_ids":[],"_links":{"self":[{"href":"https:\/\/agora.xtec.cat\/escavallbernat\/wp-json\/wp\/v2\/pages\/22","targetHints":{"allow":["GET"]}}],"collection":[{"href":"https:\/\/agora.xtec.cat\/escavallbernat\/wp-json\/wp\/v2\/pages"}],"about":[{"href":"https:\/\/agora.xtec.cat\/escavallbernat\/wp-json\/wp\/v2\/types\/page"}],"author":[{"embeddable":true,"href":"https:\/\/agora.xtec.cat\/escavallbernat\/wp-json\/wp\/v2\/users\/1"}],"replies":[{"embeddable":true,"href":"https:\/\/agora.xtec.cat\/escavallbernat\/wp-json\/wp\/v2\/comments?post=22"}],"version-history":[{"count":4,"href":"https:\/\/agora.xtec.cat\/escavallbernat\/wp-json\/wp\/v2\/pages\/22\/revisions"}],"predecessor-version":[{"id":1742,"href":"https:\/\/agora.xtec.cat\/escavallbernat\/wp-json\/wp\/v2\/pages\/22\/revisions\/1742"}],"wp:attachment":[{"href":"https:\/\/agora.xtec.cat\/escavallbernat\/wp-json\/wp\/v2\/media?parent=22"}],"curies":[{"name":"wp","href":"https:\/\/api.w.org\/{rel}","templated":true}]}}