{"id":2060,"date":"2023-07-13T22:47:44","date_gmt":"2023-07-13T20:47:44","guid":{"rendered":"https:\/\/agora.xtec.cat\/escavallbernat\/?page_id=2060"},"modified":"2025-07-28T17:43:34","modified_gmt":"2025-07-28T15:43:34","slug":"quotes-i-pagaments","status":"publish","type":"page","link":"https:\/\/agora.xtec.cat\/escavallbernat\/espai-families\/informacions-inici-de-curs\/quotes-i-pagaments\/","title":{"rendered":"Quotes i pagaments"},"content":{"rendered":"<p class=\"Estilo256\" align=\"justify\">S&#8217;estableix una\u00a0<u><strong>quota escolar anual<\/strong><\/u> per a cada cicle que cobreix les despeses de material i les activitats complement\u00e0ries (sortides i piscina). Una altra part d&#8217;aquesta aportaci\u00f3 anual es destina a la reposici\u00f3 dels llibres de text i de lectures del programa de socialitzaci\u00f3 de llibres.<\/p>\n<p align=\"justify\">El termini de pagament de la quota escolar \u00e9s el <strong>dia 30 de setembre<\/strong>.<\/p>\n<p class=\"Estilo256\" align=\"justify\">Els grups que van de col\u00f2nies hauran de fer un pagament espec\u00edfic en relaci\u00f3 amb aquesta activitat.<\/p>\n<p class=\"Estilo256\" align=\"justify\">Consulteu tota la informaci\u00f3 relativa als pagaments i quotes en aquests documents:<\/p>\n<p><span class=\"Estilo195\"><span class=\"Estilo189\"><span class=\"Estilo57\"><span class=\"Estilo202\"><em>\u00a0&#8211; <\/em><\/span><\/span><\/span><\/span><span class=\"Estilo224\"><a href=\"https:\/\/drive.google.com\/file\/d\/1a8FG6ewwfJIFRGPzUx4GWtpJoYvg-BP2\/view?usp=sharing\" target=\"_blank\" rel=\"noopener\"><span class=\"Estilo254\">Quota escolar infantil (I3, I4 i I5)<\/span><\/a><\/span><\/p>\n<p class=\"Estilo224\">\u00a0&#8211; <a href=\"https:\/\/drive.google.com\/file\/d\/1zpE_xOr7GSY8b2bjJVVlfUgC8RRurdn1\/view?usp=sharing\" target=\"_blank\" rel=\"noopener\"><span class=\"Estilo254\">Quota escolar Cicle Inicial (1r i 2n)<\/span>.<\/a><\/p>\n<p class=\"Estilo224\">\u00a0&#8211; <span class=\"Estilo254\"><a href=\"https:\/\/drive.google.com\/file\/d\/19wB3X1Ivj-RkYNXq1w_LOXgSs2BRlHih\/view?usp=sharing\" target=\"_blank\" rel=\"noopener\">Quota escolar Cicle Mitj\u00e0 (3r i 4t)<\/a><\/span><a href=\"https:\/\/drive.google.com\/file\/d\/1IrVvzl22xCG3Bmoi-Bkck54R4z68UQF4\/view?usp=sharing\">.<\/a><a class=\"Estilo255\" href=\"https:\/\/drive.google.com\/file\/d\/1IrVvzl22xCG3Bmoi-Bkck54R4z68UQF4\/view?usp=sharing\" target=\"_blank\" rel=\"noopener\">\u00a0<\/a><\/p>\n<p><em>\u00a0&#8211; <\/em><a href=\"https:\/\/drive.google.com\/file\/d\/10M84EL-VwoV8vFmEm0ariFZvxdzKmiJf\/view?usp=sharing\"><span class=\"Estilo254\">Quota escolar Cicle Superior (5\u00e8 i 6\u00e8) .<\/span>\u00a0<\/a><\/p>\n<p style=\"text-align: left;\" align=\"justify\">Per a qualsevol consulta relativa al pagament de les quotes podeu contactar amb secretaria:\u00a0<a href=\"mailto:secretaria@cbernat.cat\"><span class=\"Estilo257\">secretaria@cbernat.cat<\/span><\/a><\/p>\n<p align=\"justify\">\n","protected":false},"excerpt":{"rendered":"<p>S&#8217;estableix una\u00a0quota escolar anual per a cada cicle que cobreix les despeses de material i les activitats complement\u00e0ries (sortides i [&hellip;]<\/p>\n","protected":false},"author":3,"featured_media":0,"parent":2056,"menu_order":1,"comment_status":"closed","ping_status":"closed","template":"page-templates\/side-menu.php","meta":{"_bbp_topic_count":0,"_bbp_reply_count":0,"_bbp_total_topic_count":0,"_bbp_total_reply_count":0,"_bbp_voice_count":0,"_bbp_anonymous_reply_count":0,"_bbp_topic_count_hidden":0,"_bbp_reply_count_hidden":0,"_bbp_forum_subforum_count":0,"site-sidebar-layout":"default","site-content-layout":"","ast-site-content-layout":"default","site-content-style":"default","site-sidebar-style":"default","ast-global-header-display":"","ast-banner-title-visibility":"","ast-main-header-display":"","ast-hfb-above-header-display":"","ast-hfb-below-header-display":"","ast-hfb-mobile-header-display":"","site-post-title":"","ast-breadcrumbs-content":"","ast-featured-img":"","footer-sml-layout":"","theme-transparent-header-meta":"","adv-header-id-meta":"","stick-header-meta":"","header-above-stick-meta":"","header-main-stick-meta":"","header-below-stick-meta":"","astra-migrate-meta-layouts":"set","ast-page-background-enabled":"default","ast-page-background-meta":{"desktop":{"background-color":"var(--ast-global-color-4)","background-image":"","background-repeat":"repeat","background-position":"center center","background-size":"auto","background-attachment":"scroll","background-type":"","background-media":"","overlay-type":"","overlay-color":"","overlay-opacity":"","overlay-gradient":""},"tablet":{"background-color":"","background-image":"","background-repeat":"repeat","background-position":"center center","background-size":"auto","background-attachment":"scroll","background-type":"","background-media":"","overlay-type":"","overlay-color":"","overlay-opacity":"","overlay-gradient":""},"mobile":{"background-color":"","background-image":"","background-repeat":"repeat","background-position":"center center","background-size":"auto","background-attachment":"scroll","background-type":"","background-media":"","overlay-type":"","overlay-color":"","overlay-opacity":"","overlay-gradient":""}},"ast-content-background-meta":{"desktop":{"background-color":"var(--ast-global-color-5)","background-image":"","background-repeat":"repeat","background-position":"center center","background-size":"auto","background-attachment":"scroll","background-type":"","background-media":"","overlay-type":"","overlay-color":"","overlay-opacity":"","overlay-gradient":""},"tablet":{"background-color":"var(--ast-global-color-5)","background-image":"","background-repeat":"repeat","background-position":"center center","background-size":"auto","background-attachment":"scroll","background-type":"","background-media":"","overlay-type":"","overlay-color":"","overlay-opacity":"","overlay-gradient":""},"mobile":{"background-color":"var(--ast-global-color-5)","background-image":"","background-repeat":"repeat","background-position":"center center","background-size":"auto","background-attachment":"scroll","background-type":"","background-media":"","overlay-type":"","overlay-color":"","overlay-opacity":"","overlay-gradient":""}},"footnotes":""},"class_list":["post-2060","page","type-page","status-publish","hentry"],"post_mailing_queue_ids":[],"_links":{"self":[{"href":"https:\/\/agora.xtec.cat\/escavallbernat\/wp-json\/wp\/v2\/pages\/2060","targetHints":{"allow":["GET"]}}],"collection":[{"href":"https:\/\/agora.xtec.cat\/escavallbernat\/wp-json\/wp\/v2\/pages"}],"about":[{"href":"https:\/\/agora.xtec.cat\/escavallbernat\/wp-json\/wp\/v2\/types\/page"}],"author":[{"embeddable":true,"href":"https:\/\/agora.xtec.cat\/escavallbernat\/wp-json\/wp\/v2\/users\/3"}],"replies":[{"embeddable":true,"href":"https:\/\/agora.xtec.cat\/escavallbernat\/wp-json\/wp\/v2\/comments?post=2060"}],"version-history":[{"count":6,"href":"https:\/\/agora.xtec.cat\/escavallbernat\/wp-json\/wp\/v2\/pages\/2060\/revisions"}],"predecessor-version":[{"id":3494,"href":"https:\/\/agora.xtec.cat\/escavallbernat\/wp-json\/wp\/v2\/pages\/2060\/revisions\/3494"}],"up":[{"embeddable":true,"href":"https:\/\/agora.xtec.cat\/escavallbernat\/wp-json\/wp\/v2\/pages\/2056"}],"wp:attachment":[{"href":"https:\/\/agora.xtec.cat\/escavallbernat\/wp-json\/wp\/v2\/media?parent=2060"}],"curies":[{"name":"wp","href":"https:\/\/api.w.org\/{rel}","templated":true}]}}