{"id":26,"date":"2014-09-18T12:24:32","date_gmt":"2014-09-18T11:24:32","guid":{"rendered":"http:\/\/agora.xtec.cat\/escausiasmarch-santacoloma\/?page_id=26"},"modified":"2023-04-27T22:51:12","modified_gmt":"2023-04-27T20:51:12","slug":"historia","status":"publish","type":"page","link":"https:\/\/agora.xtec.cat\/escausiasmarch-santacoloma\/lescola\/historia\/","title":{"rendered":"La nostra hist\u00f2ria"},"content":{"rendered":"<p>L&#8217;escola Ausi\u00e0s March comen\u00e7a la seva hist\u00f2ria durant el curs 1977 &#8211; 1978.<\/p>\n<p>En un inici, estava integrat per 6 grups escolars mixtos, 4 grups de nens i 4 grups de nenes transformats en mixtos que provenien del Colegio Nacional Numancia de Santa Coloma. 8 dels grups van comen\u00e7ar al carrer N\u00e0pols i 6 unitats al carrer Sic\u00edlia.<\/p>\n<p>L&#8217;any 1987 s&#8217;acaba de construir l&#8217;edifici actual que est\u00e0 situat al carrer N\u00e0pols, 64.<\/p>\n<p>En l&#8217;actualitat, som una escola d&#8217;una l\u00ednia formada per 3 grups d&#8217;educaci\u00f3 infantil i 6 grups d&#8217;educaci\u00f3 prim\u00e0ria.<\/p>\n<p><a href=\"https:\/\/goo.gl\/photos\/YZXBcjApcrz8sJuV7\">Inauguraci\u00f3 de l&#8217;escola<\/a><\/p>\n","protected":false},"excerpt":{"rendered":"<p>L&#8217;escola Ausi\u00e0s March comen\u00e7a la seva hist\u00f2ria durant el curs 1977 &#8211; 1978. En un inici, estava integrat per 6 grups escolars mixtos, 4 grups de nens i 4 grups de nenes transformats en mixtos que provenien del Colegio Nacional Numancia de Santa Coloma. 8 dels grups van comen\u00e7ar al carrer N\u00e0pols i 6 unitats [&hellip;]<\/p>\n","protected":false},"author":1,"featured_media":0,"parent":22,"menu_order":20,"comment_status":"closed","ping_status":"closed","template":"page-templates\/side-menu.php","meta":{"_bbp_topic_count":0,"_bbp_reply_count":0,"_bbp_total_topic_count":0,"_bbp_total_reply_count":0,"_bbp_voice_count":0,"_bbp_anonymous_reply_count":0,"_bbp_topic_count_hidden":0,"_bbp_reply_count_hidden":0,"_bbp_forum_subforum_count":0,"site-sidebar-layout":"default","site-content-layout":"","ast-site-content-layout":"","site-content-style":"default","site-sidebar-style":"default","ast-global-header-display":"","ast-banner-title-visibility":"","ast-main-header-display":"","ast-hfb-above-header-display":"","ast-hfb-below-header-display":"","ast-hfb-mobile-header-display":"","site-post-title":"","ast-breadcrumbs-content":"","ast-featured-img":"","footer-sml-layout":"","theme-transparent-header-meta":"","adv-header-id-meta":"","stick-header-meta":"","header-above-stick-meta":"","header-main-stick-meta":"","header-below-stick-meta":"","astra-migrate-meta-layouts":"default","ast-page-background-enabled":"default","ast-page-background-meta":{"desktop":{"background-color":"var(--ast-global-color-4)","background-image":"","background-repeat":"repeat","background-position":"center center","background-size":"auto","background-attachment":"scroll","background-type":"","background-media":"","overlay-type":"","overlay-color":"","overlay-opacity":"","overlay-gradient":""},"tablet":{"background-color":"","background-image":"","background-repeat":"repeat","background-position":"center center","background-size":"auto","background-attachment":"scroll","background-type":"","background-media":"","overlay-type":"","overlay-color":"","overlay-opacity":"","overlay-gradient":""},"mobile":{"background-color":"","background-image":"","background-repeat":"repeat","background-position":"center center","background-size":"auto","background-attachment":"scroll","background-type":"","background-media":"","overlay-type":"","overlay-color":"","overlay-opacity":"","overlay-gradient":""}},"ast-content-background-meta":{"desktop":{"background-color":"var(--ast-global-color-5)","background-image":"","background-repeat":"repeat","background-position":"center center","background-size":"auto","background-attachment":"scroll","background-type":"","background-media":"","overlay-type":"","overlay-color":"","overlay-opacity":"","overlay-gradient":""},"tablet":{"background-color":"var(--ast-global-color-5)","background-image":"","background-repeat":"repeat","background-position":"center center","background-size":"auto","background-attachment":"scroll","background-type":"","background-media":"","overlay-type":"","overlay-color":"","overlay-opacity":"","overlay-gradient":""},"mobile":{"background-color":"var(--ast-global-color-5)","background-image":"","background-repeat":"repeat","background-position":"center center","background-size":"auto","background-attachment":"scroll","background-type":"","background-media":"","overlay-type":"","overlay-color":"","overlay-opacity":"","overlay-gradient":""}},"footnotes":""},"class_list":["post-26","page","type-page","status-publish","hentry"],"post_mailing_queue_ids":[],"_links":{"self":[{"href":"https:\/\/agora.xtec.cat\/escausiasmarch-santacoloma\/wp-json\/wp\/v2\/pages\/26","targetHints":{"allow":["GET"]}}],"collection":[{"href":"https:\/\/agora.xtec.cat\/escausiasmarch-santacoloma\/wp-json\/wp\/v2\/pages"}],"about":[{"href":"https:\/\/agora.xtec.cat\/escausiasmarch-santacoloma\/wp-json\/wp\/v2\/types\/page"}],"author":[{"embeddable":true,"href":"https:\/\/agora.xtec.cat\/escausiasmarch-santacoloma\/wp-json\/wp\/v2\/users\/1"}],"replies":[{"embeddable":true,"href":"https:\/\/agora.xtec.cat\/escausiasmarch-santacoloma\/wp-json\/wp\/v2\/comments?post=26"}],"version-history":[{"count":4,"href":"https:\/\/agora.xtec.cat\/escausiasmarch-santacoloma\/wp-json\/wp\/v2\/pages\/26\/revisions"}],"predecessor-version":[{"id":2168,"href":"https:\/\/agora.xtec.cat\/escausiasmarch-santacoloma\/wp-json\/wp\/v2\/pages\/26\/revisions\/2168"}],"up":[{"embeddable":true,"href":"https:\/\/agora.xtec.cat\/escausiasmarch-santacoloma\/wp-json\/wp\/v2\/pages\/22"}],"wp:attachment":[{"href":"https:\/\/agora.xtec.cat\/escausiasmarch-santacoloma\/wp-json\/wp\/v2\/media?parent=26"}],"curies":[{"name":"wp","href":"https:\/\/api.w.org\/{rel}","templated":true}]}}