{"id":1800,"date":"2017-03-15T00:09:34","date_gmt":"2017-03-14T23:09:34","guid":{"rendered":"http:\/\/agora.xtec.cat\/escarrels-alamus\/?page_id=1800"},"modified":"2018-09-20T10:49:15","modified_gmt":"2018-09-20T08:49:15","slug":"zer-horta-de-lleida","status":"publish","type":"page","link":"https:\/\/agora.xtec.cat\/escarrels-alamus\/lescola\/zer-horta-de-lleida\/","title":{"rendered":"ZER Horta de Lleida"},"content":{"rendered":"<p>La nostra escola forma part de la ZER L&#8217;Horta de Lleida, juntament amb tres centres m\u00e9s: Antoni Berg\u00f3s de la partida de Buts\u00e8nit, Creu del Batlle de la partida de Gensana i El Segri\u00e0 de la partida de Ll\u00edvia.<\/p>\n<p>Tenim un redu\u00eft nombre d\u2019alumnat per aula i compartim mestres itinerants, especialistes en<\/p>\n<p>\u2013 Educaci\u00f3 F\u00edsica<br \/>\n\u2013 Angl\u00e8s<br \/>\n\u2013 Educaci\u00f3 Especial<br \/>\n\u2013 Educaci\u00f3 Art\u00edstica, m\u00fasica<\/p>\n<p>Podeu trobar m\u00e9s informaci\u00f3 al men\u00fa &#8220;ZER&#8221; o a l&#8217;enlla\u00e7 seg\u00fcent:<\/p>\n<p><a href=\"https:\/\/agora.xtec.cat\/zer-horta-lleida\">https:\/\/agora.xtec.cat\/zer-horta-lleida<\/a><\/p>\n","protected":false},"excerpt":{"rendered":"<p>La nostra escola forma part de la ZER L&#8217;Horta de Lleida, juntament amb tres centres m\u00e9s: Antoni Berg\u00f3s de la partida de Buts\u00e8nit, Creu del Batlle de la partida de Gensana i El Segri\u00e0 de la partida de Ll\u00edvia. Tenim un redu\u00eft nombre d\u2019alumnat per aula i compartim mestres itinerants, especialistes en \u2013 Educaci\u00f3 F\u00edsica [&hellip;]<\/p>\n","protected":false},"author":1,"featured_media":0,"parent":22,"menu_order":0,"comment_status":"closed","ping_status":"closed","template":"page-templates\/side-menu.php","meta":{"_bbp_topic_count":0,"_bbp_reply_count":0,"_bbp_total_topic_count":0,"_bbp_total_reply_count":0,"_bbp_voice_count":0,"_bbp_anonymous_reply_count":0,"_bbp_topic_count_hidden":0,"_bbp_reply_count_hidden":0,"_bbp_forum_subforum_count":0,"site-sidebar-layout":"default","site-content-layout":"","ast-site-content-layout":"","site-content-style":"default","site-sidebar-style":"default","ast-global-header-display":"","ast-banner-title-visibility":"","ast-main-header-display":"","ast-hfb-above-header-display":"","ast-hfb-below-header-display":"","ast-hfb-mobile-header-display":"","site-post-title":"","ast-breadcrumbs-content":"","ast-featured-img":"","footer-sml-layout":"","theme-transparent-header-meta":"","adv-header-id-meta":"","stick-header-meta":"","header-above-stick-meta":"","header-main-stick-meta":"","header-below-stick-meta":"","astra-migrate-meta-layouts":"default","ast-page-background-enabled":"default","ast-page-background-meta":{"desktop":{"background-color":"var(--ast-global-color-4)","background-image":"","background-repeat":"repeat","background-position":"center center","background-size":"auto","background-attachment":"scroll","background-type":"","background-media":"","overlay-type":"","overlay-color":"","overlay-opacity":"","overlay-gradient":""},"tablet":{"background-color":"","background-image":"","background-repeat":"repeat","background-position":"center center","background-size":"auto","background-attachment":"scroll","background-type":"","background-media":"","overlay-type":"","overlay-color":"","overlay-opacity":"","overlay-gradient":""},"mobile":{"background-color":"","background-image":"","background-repeat":"repeat","background-position":"center center","background-size":"auto","background-attachment":"scroll","background-type":"","background-media":"","overlay-type":"","overlay-color":"","overlay-opacity":"","overlay-gradient":""}},"ast-content-background-meta":{"desktop":{"background-color":"var(--ast-global-color-5)","background-image":"","background-repeat":"repeat","background-position":"center center","background-size":"auto","background-attachment":"scroll","background-type":"","background-media":"","overlay-type":"","overlay-color":"","overlay-opacity":"","overlay-gradient":""},"tablet":{"background-color":"var(--ast-global-color-5)","background-image":"","background-repeat":"repeat","background-position":"center center","background-size":"auto","background-attachment":"scroll","background-type":"","background-media":"","overlay-type":"","overlay-color":"","overlay-opacity":"","overlay-gradient":""},"mobile":{"background-color":"var(--ast-global-color-5)","background-image":"","background-repeat":"repeat","background-position":"center center","background-size":"auto","background-attachment":"scroll","background-type":"","background-media":"","overlay-type":"","overlay-color":"","overlay-opacity":"","overlay-gradient":""}},"footnotes":""},"class_list":["post-1800","page","type-page","status-publish","hentry"],"post_mailing_queue_ids":[],"_links":{"self":[{"href":"https:\/\/agora.xtec.cat\/escarrels-alamus\/wp-json\/wp\/v2\/pages\/1800","targetHints":{"allow":["GET"]}}],"collection":[{"href":"https:\/\/agora.xtec.cat\/escarrels-alamus\/wp-json\/wp\/v2\/pages"}],"about":[{"href":"https:\/\/agora.xtec.cat\/escarrels-alamus\/wp-json\/wp\/v2\/types\/page"}],"author":[{"embeddable":true,"href":"https:\/\/agora.xtec.cat\/escarrels-alamus\/wp-json\/wp\/v2\/users\/1"}],"replies":[{"embeddable":true,"href":"https:\/\/agora.xtec.cat\/escarrels-alamus\/wp-json\/wp\/v2\/comments?post=1800"}],"version-history":[{"count":3,"href":"https:\/\/agora.xtec.cat\/escarrels-alamus\/wp-json\/wp\/v2\/pages\/1800\/revisions"}],"predecessor-version":[{"id":4041,"href":"https:\/\/agora.xtec.cat\/escarrels-alamus\/wp-json\/wp\/v2\/pages\/1800\/revisions\/4041"}],"up":[{"embeddable":true,"href":"https:\/\/agora.xtec.cat\/escarrels-alamus\/wp-json\/wp\/v2\/pages\/22"}],"wp:attachment":[{"href":"https:\/\/agora.xtec.cat\/escarrels-alamus\/wp-json\/wp\/v2\/media?parent=1800"}],"curies":[{"name":"wp","href":"https:\/\/api.w.org\/{rel}","templated":true}]}}