{"id":1795,"date":"2017-03-15T00:03:02","date_gmt":"2017-03-14T23:03:02","guid":{"rendered":"http:\/\/agora.xtec.cat\/escarrels-alamus\/?page_id=1795"},"modified":"2018-09-20T10:10:35","modified_gmt":"2018-09-20T08:10:35","slug":"on-som","status":"publish","type":"page","link":"https:\/\/agora.xtec.cat\/escarrels-alamus\/lescola\/on-som\/","title":{"rendered":"On som"},"content":{"rendered":"<p>&nbsp;<\/p>\n<p>El nostre centre forma part de la ZER L\u2019Horta de Lleida, juntament amb els centres Antoni Berg\u00f3s, La Creu del Batlle i El Segri\u00e0. Us deixem l\u2019enlla\u00e7 a la p\u00e0gina web de la ZER.<\/p>\n<p><a href=\"https:\/\/agora.xtec.cat\/zer-horta-lleida\/\">https:\/\/agora.xtec.cat\/zer-horta-lleida\/<\/a><\/p>\n<p>Ens trobem a la poblaci\u00f3 de Els Alam\u00fas (prov\u00edncia de Lleida). Si en voleu saber m\u00e9s coses, podeu clicar la p\u00e0gina web de l\u2019Ajuntament:<\/p>\n<p><a href=\"http:\/\/alamus.ddl.net\/\">http:\/\/alamus.ddl.net<\/a><\/p>\n<p><a href=\"http:\/\/agora.xtec.cat\/escarrels-alamus\/wp-content\/uploads\/usu1616\/2017\/03\/alamus.jpg\"><img loading=\"lazy\" decoding=\"async\" class=\"alignnone size-full wp-image-1899\" src=\"http:\/\/agora.xtec.cat\/escarrels-alamus\/wp-content\/uploads\/usu1616\/2017\/03\/alamus.jpg\" alt=\"alamus\" width=\"600\" height=\"222\" \/><\/a><\/p>\n<p>&nbsp;<\/p>\n<p>PER CONTACTAR AMB NOSALTRES\u2026<\/p>\n<p><strong>Tel\u00e8fon: 973 19 92 11<br \/>\nCorreu electr\u00f2nic: c5000110@xtec.cat<\/strong><\/p>\n<p>&nbsp;<\/p>\n","protected":false},"excerpt":{"rendered":"<p>&nbsp; El nostre centre forma part de la ZER L\u2019Horta de Lleida, juntament amb els centres Antoni Berg\u00f3s, La Creu del Batlle i El Segri\u00e0. Us deixem l\u2019enlla\u00e7 a la p\u00e0gina web de la ZER. https:\/\/agora.xtec.cat\/zer-horta-lleida\/ Ens trobem a la poblaci\u00f3 de Els Alam\u00fas (prov\u00edncia de Lleida). Si en voleu saber m\u00e9s coses, podeu clicar [&hellip;]<\/p>\n","protected":false},"author":1,"featured_media":0,"parent":22,"menu_order":0,"comment_status":"closed","ping_status":"closed","template":"page-templates\/side-menu.php","meta":{"_bbp_topic_count":0,"_bbp_reply_count":0,"_bbp_total_topic_count":0,"_bbp_total_reply_count":0,"_bbp_voice_count":0,"_bbp_anonymous_reply_count":0,"_bbp_topic_count_hidden":0,"_bbp_reply_count_hidden":0,"_bbp_forum_subforum_count":0,"site-sidebar-layout":"default","site-content-layout":"","ast-site-content-layout":"","site-content-style":"default","site-sidebar-style":"default","ast-global-header-display":"","ast-banner-title-visibility":"","ast-main-header-display":"","ast-hfb-above-header-display":"","ast-hfb-below-header-display":"","ast-hfb-mobile-header-display":"","site-post-title":"","ast-breadcrumbs-content":"","ast-featured-img":"","footer-sml-layout":"","theme-transparent-header-meta":"","adv-header-id-meta":"","stick-header-meta":"","header-above-stick-meta":"","header-main-stick-meta":"","header-below-stick-meta":"","astra-migrate-meta-layouts":"default","ast-page-background-enabled":"default","ast-page-background-meta":{"desktop":{"background-color":"var(--ast-global-color-4)","background-image":"","background-repeat":"repeat","background-position":"center center","background-size":"auto","background-attachment":"scroll","background-type":"","background-media":"","overlay-type":"","overlay-color":"","overlay-opacity":"","overlay-gradient":""},"tablet":{"background-color":"","background-image":"","background-repeat":"repeat","background-position":"center center","background-size":"auto","background-attachment":"scroll","background-type":"","background-media":"","overlay-type":"","overlay-color":"","overlay-opacity":"","overlay-gradient":""},"mobile":{"background-color":"","background-image":"","background-repeat":"repeat","background-position":"center center","background-size":"auto","background-attachment":"scroll","background-type":"","background-media":"","overlay-type":"","overlay-color":"","overlay-opacity":"","overlay-gradient":""}},"ast-content-background-meta":{"desktop":{"background-color":"var(--ast-global-color-5)","background-image":"","background-repeat":"repeat","background-position":"center center","background-size":"auto","background-attachment":"scroll","background-type":"","background-media":"","overlay-type":"","overlay-color":"","overlay-opacity":"","overlay-gradient":""},"tablet":{"background-color":"var(--ast-global-color-5)","background-image":"","background-repeat":"repeat","background-position":"center center","background-size":"auto","background-attachment":"scroll","background-type":"","background-media":"","overlay-type":"","overlay-color":"","overlay-opacity":"","overlay-gradient":""},"mobile":{"background-color":"var(--ast-global-color-5)","background-image":"","background-repeat":"repeat","background-position":"center center","background-size":"auto","background-attachment":"scroll","background-type":"","background-media":"","overlay-type":"","overlay-color":"","overlay-opacity":"","overlay-gradient":""}},"footnotes":""},"class_list":["post-1795","page","type-page","status-publish","hentry"],"post_mailing_queue_ids":[],"_links":{"self":[{"href":"https:\/\/agora.xtec.cat\/escarrels-alamus\/wp-json\/wp\/v2\/pages\/1795","targetHints":{"allow":["GET"]}}],"collection":[{"href":"https:\/\/agora.xtec.cat\/escarrels-alamus\/wp-json\/wp\/v2\/pages"}],"about":[{"href":"https:\/\/agora.xtec.cat\/escarrels-alamus\/wp-json\/wp\/v2\/types\/page"}],"author":[{"embeddable":true,"href":"https:\/\/agora.xtec.cat\/escarrels-alamus\/wp-json\/wp\/v2\/users\/1"}],"replies":[{"embeddable":true,"href":"https:\/\/agora.xtec.cat\/escarrels-alamus\/wp-json\/wp\/v2\/comments?post=1795"}],"version-history":[{"count":3,"href":"https:\/\/agora.xtec.cat\/escarrels-alamus\/wp-json\/wp\/v2\/pages\/1795\/revisions"}],"predecessor-version":[{"id":4032,"href":"https:\/\/agora.xtec.cat\/escarrels-alamus\/wp-json\/wp\/v2\/pages\/1795\/revisions\/4032"}],"up":[{"embeddable":true,"href":"https:\/\/agora.xtec.cat\/escarrels-alamus\/wp-json\/wp\/v2\/pages\/22"}],"wp:attachment":[{"href":"https:\/\/agora.xtec.cat\/escarrels-alamus\/wp-json\/wp\/v2\/media?parent=1795"}],"curies":[{"name":"wp","href":"https:\/\/api.w.org\/{rel}","templated":true}]}}