{"id":667,"date":"2019-07-09T22:33:22","date_gmt":"2019-07-09T20:33:22","guid":{"rendered":"http:\/\/agora.xtec.cat\/escardenya\/?page_id=667"},"modified":"2025-02-13T10:30:15","modified_gmt":"2025-02-13T09:30:15","slug":"carta-de-compromis","status":"publish","type":"page","link":"https:\/\/agora.xtec.cat\/escardenya\/carta-de-compromis\/","title":{"rendered":"Carta de comprom\u00eds"},"content":{"rendered":"<p><strong>La carta de comprom\u00eds educatiu \u00e9s una eina que facilita la cooperaci\u00f3 entre les accions educatives de les fam\u00edlies i les del centre educatiu. La finalitat de la carta de comprom\u00eds \u00e9s potenciar la comunicaci\u00f3, participaci\u00f3, la implicaci\u00f3, el comprom\u00eds i la coresponsabilitat entre els centres i les fam\u00edlies en l\u2019educaci\u00f3 dels nens\/es.<\/strong><\/p>\n<p><a href=\"https:\/\/agora.xtec.cat\/escardenya\/wp-content\/uploads\/usu1253\/2025\/02\/CARTA-DE-COMPROMIS-EDUCATIU-DE-LESCOLA-ARDENYA.pdf\">CARTA DE COMPROM\u00cdS EDUCATIU DE L\u2019ESCOLA ARDENYA<\/a><\/p>\n","protected":false},"excerpt":{"rendered":"<p>La carta de comprom\u00eds educatiu \u00e9s una eina que facilita la cooperaci\u00f3 entre les accions educatives de les fam\u00edlies i [&hellip;]<\/p>\n","protected":false},"author":1,"featured_media":0,"parent":0,"menu_order":0,"comment_status":"closed","ping_status":"closed","template":"","meta":{"_bbp_topic_count":0,"_bbp_reply_count":0,"_bbp_total_topic_count":0,"_bbp_total_reply_count":0,"_bbp_voice_count":0,"_bbp_anonymous_reply_count":0,"_bbp_topic_count_hidden":0,"_bbp_reply_count_hidden":0,"_bbp_forum_subforum_count":0,"site-sidebar-layout":"default","site-content-layout":"","ast-site-content-layout":"default","site-content-style":"default","site-sidebar-style":"default","ast-global-header-display":"","ast-banner-title-visibility":"","ast-main-header-display":"","ast-hfb-above-header-display":"","ast-hfb-below-header-display":"","ast-hfb-mobile-header-display":"","site-post-title":"","ast-breadcrumbs-content":"","ast-featured-img":"","footer-sml-layout":"","theme-transparent-header-meta":"","adv-header-id-meta":"","stick-header-meta":"","header-above-stick-meta":"","header-main-stick-meta":"","header-below-stick-meta":"","astra-migrate-meta-layouts":"set","ast-page-background-enabled":"default","ast-page-background-meta":{"desktop":{"background-color":"var(--ast-global-color-4)","background-image":"","background-repeat":"repeat","background-position":"center center","background-size":"auto","background-attachment":"scroll","background-type":"","background-media":"","overlay-type":"","overlay-color":"","overlay-opacity":"","overlay-gradient":""},"tablet":{"background-color":"","background-image":"","background-repeat":"repeat","background-position":"center center","background-size":"auto","background-attachment":"scroll","background-type":"","background-media":"","overlay-type":"","overlay-color":"","overlay-opacity":"","overlay-gradient":""},"mobile":{"background-color":"","background-image":"","background-repeat":"repeat","background-position":"center center","background-size":"auto","background-attachment":"scroll","background-type":"","background-media":"","overlay-type":"","overlay-color":"","overlay-opacity":"","overlay-gradient":""}},"ast-content-background-meta":{"desktop":{"background-color":"var(--ast-global-color-5)","background-image":"","background-repeat":"repeat","background-position":"center center","background-size":"auto","background-attachment":"scroll","background-type":"","background-media":"","overlay-type":"","overlay-color":"","overlay-opacity":"","overlay-gradient":""},"tablet":{"background-color":"var(--ast-global-color-5)","background-image":"","background-repeat":"repeat","background-position":"center center","background-size":"auto","background-attachment":"scroll","background-type":"","background-media":"","overlay-type":"","overlay-color":"","overlay-opacity":"","overlay-gradient":""},"mobile":{"background-color":"var(--ast-global-color-5)","background-image":"","background-repeat":"repeat","background-position":"center center","background-size":"auto","background-attachment":"scroll","background-type":"","background-media":"","overlay-type":"","overlay-color":"","overlay-opacity":"","overlay-gradient":""}},"footnotes":""},"class_list":["post-667","page","type-page","status-publish","hentry"],"post_mailing_queue_ids":[],"_links":{"self":[{"href":"https:\/\/agora.xtec.cat\/escardenya\/wp-json\/wp\/v2\/pages\/667","targetHints":{"allow":["GET"]}}],"collection":[{"href":"https:\/\/agora.xtec.cat\/escardenya\/wp-json\/wp\/v2\/pages"}],"about":[{"href":"https:\/\/agora.xtec.cat\/escardenya\/wp-json\/wp\/v2\/types\/page"}],"author":[{"embeddable":true,"href":"https:\/\/agora.xtec.cat\/escardenya\/wp-json\/wp\/v2\/users\/1"}],"replies":[{"embeddable":true,"href":"https:\/\/agora.xtec.cat\/escardenya\/wp-json\/wp\/v2\/comments?post=667"}],"version-history":[{"count":4,"href":"https:\/\/agora.xtec.cat\/escardenya\/wp-json\/wp\/v2\/pages\/667\/revisions"}],"predecessor-version":[{"id":6491,"href":"https:\/\/agora.xtec.cat\/escardenya\/wp-json\/wp\/v2\/pages\/667\/revisions\/6491"}],"wp:attachment":[{"href":"https:\/\/agora.xtec.cat\/escardenya\/wp-json\/wp\/v2\/media?parent=667"}],"curies":[{"name":"wp","href":"https:\/\/api.w.org\/{rel}","templated":true}]}}