{"id":6522,"date":"2025-03-11T12:10:56","date_gmt":"2025-03-11T11:10:56","guid":{"rendered":"https:\/\/agora.xtec.cat\/escardenya\/?page_id=6522"},"modified":"2026-03-02T13:04:05","modified_gmt":"2026-03-02T12:04:05","slug":"roda-de-contes-a-cicle-inicial","status":"publish","type":"page","link":"https:\/\/agora.xtec.cat\/escardenya\/roda-de-contes-a-cicle-inicial\/","title":{"rendered":"Roda de contes a Cicle Inicial"},"content":{"rendered":"\n<p>A Cicle Inicial, els dijous a la tarda, fem la roda de contes: una activitat on ens barregem entre cursos per explicar i escoltar contes. Despr\u00e9s, fem una petita activitat relacionada amb la hist\u00f2ria que hem compartit.<\/p>\n\n\n\n<p>Aquesta proposta ens permet fomentar el gust per la lectura, expressar-nos oralment, treballar la comprensi\u00f3 lectora, afavorir la conviv\u00e8ncia entre alumnes i gaudir junts de la m\u00e0gia dels contes.<\/p>\n\n\n\n<figure class=\"wp-block-gallery has-nested-images columns-default is-cropped wp-block-gallery-1 is-layout-flex wp-block-gallery-is-layout-flex\">\n<figure class=\"wp-block-image size-large\"><a href=\"https:\/\/agora.xtec.cat\/escardenya\/wp-content\/uploads\/usu1253\/2026\/03\/1000111451.jpg\"><img loading=\"lazy\" decoding=\"async\" width=\"1024\" height=\"768\" data-id=\"7725\" src=\"https:\/\/agora.xtec.cat\/escardenya\/wp-content\/uploads\/usu1253\/2026\/03\/1000111451-1024x768.jpg\" alt=\"\" class=\"wp-image-7725\" srcset=\"https:\/\/agora.xtec.cat\/escardenya\/wp-content\/uploads\/usu1253\/2026\/03\/1000111451-1024x768.jpg 1024w, https:\/\/agora.xtec.cat\/escardenya\/wp-content\/uploads\/usu1253\/2026\/03\/1000111451-300x225.jpg 300w, https:\/\/agora.xtec.cat\/escardenya\/wp-content\/uploads\/usu1253\/2026\/03\/1000111451-768x576.jpg 768w, https:\/\/agora.xtec.cat\/escardenya\/wp-content\/uploads\/usu1253\/2026\/03\/1000111451-1536x1152.jpg 1536w, https:\/\/agora.xtec.cat\/escardenya\/wp-content\/uploads\/usu1253\/2026\/03\/1000111451.jpg 1600w\" sizes=\"auto, (max-width: 1024px) 100vw, 1024px\" \/><\/a><\/figure>\n\n\n\n<figure class=\"wp-block-image size-large\"><a href=\"https:\/\/agora.xtec.cat\/escardenya\/wp-content\/uploads\/usu1253\/2026\/03\/1000111454.jpg\"><img loading=\"lazy\" decoding=\"async\" width=\"1024\" height=\"762\" data-id=\"7726\" src=\"https:\/\/agora.xtec.cat\/escardenya\/wp-content\/uploads\/usu1253\/2026\/03\/1000111454-1024x762.jpg\" alt=\"\" class=\"wp-image-7726\" srcset=\"https:\/\/agora.xtec.cat\/escardenya\/wp-content\/uploads\/usu1253\/2026\/03\/1000111454-1024x762.jpg 1024w, https:\/\/agora.xtec.cat\/escardenya\/wp-content\/uploads\/usu1253\/2026\/03\/1000111454-300x223.jpg 300w, https:\/\/agora.xtec.cat\/escardenya\/wp-content\/uploads\/usu1253\/2026\/03\/1000111454-768x571.jpg 768w, https:\/\/agora.xtec.cat\/escardenya\/wp-content\/uploads\/usu1253\/2026\/03\/1000111454-1536x1142.jpg 1536w, https:\/\/agora.xtec.cat\/escardenya\/wp-content\/uploads\/usu1253\/2026\/03\/1000111454.jpg 1600w\" sizes=\"auto, (max-width: 1024px) 100vw, 1024px\" \/><\/a><\/figure>\n\n\n\n<figure class=\"wp-block-image size-large\"><a href=\"https:\/\/agora.xtec.cat\/escardenya\/wp-content\/uploads\/usu1253\/2026\/03\/1000111448.jpg\"><img loading=\"lazy\" decoding=\"async\" width=\"1024\" height=\"768\" data-id=\"7727\" src=\"https:\/\/agora.xtec.cat\/escardenya\/wp-content\/uploads\/usu1253\/2026\/03\/1000111448-1024x768.jpg\" alt=\"\" class=\"wp-image-7727\" srcset=\"https:\/\/agora.xtec.cat\/escardenya\/wp-content\/uploads\/usu1253\/2026\/03\/1000111448-1024x768.jpg 1024w, https:\/\/agora.xtec.cat\/escardenya\/wp-content\/uploads\/usu1253\/2026\/03\/1000111448-300x225.jpg 300w, https:\/\/agora.xtec.cat\/escardenya\/wp-content\/uploads\/usu1253\/2026\/03\/1000111448-768x576.jpg 768w, https:\/\/agora.xtec.cat\/escardenya\/wp-content\/uploads\/usu1253\/2026\/03\/1000111448-1536x1152.jpg 1536w, https:\/\/agora.xtec.cat\/escardenya\/wp-content\/uploads\/usu1253\/2026\/03\/1000111448.jpg 1600w\" sizes=\"auto, (max-width: 1024px) 100vw, 1024px\" \/><\/a><\/figure>\n<\/figure>\n","protected":false},"excerpt":{"rendered":"<p>A Cicle Inicial, els dijous a la tarda, fem la roda de contes: una activitat on ens barregem entre cursos [&hellip;]<\/p>\n","protected":false},"author":12,"featured_media":0,"parent":0,"menu_order":0,"comment_status":"closed","ping_status":"close","template":"","meta":{"_bbp_topic_count":0,"_bbp_reply_count":0,"_bbp_total_topic_count":0,"_bbp_total_reply_count":0,"_bbp_voice_count":0,"_bbp_anonymous_reply_count":0,"_bbp_topic_count_hidden":0,"_bbp_reply_count_hidden":0,"_bbp_forum_subforum_count":0,"site-sidebar-layout":"default","site-content-layout":"","ast-site-content-layout":"default","site-content-style":"default","site-sidebar-style":"default","ast-global-header-display":"","ast-banner-title-visibility":"","ast-main-header-display":"","ast-hfb-above-header-display":"","ast-hfb-below-header-display":"","ast-hfb-mobile-header-display":"","site-post-title":"","ast-breadcrumbs-content":"","ast-featured-img":"","footer-sml-layout":"","theme-transparent-header-meta":"","adv-header-id-meta":"","stick-header-meta":"","header-above-stick-meta":"","header-main-stick-meta":"","header-below-stick-meta":"","astra-migrate-meta-layouts":"set","ast-page-background-enabled":"default","ast-page-background-meta":{"desktop":{"background-color":"var(--ast-global-color-4)","background-image":"","background-repeat":"repeat","background-position":"center center","background-size":"auto","background-attachment":"scroll","background-type":"","background-media":"","overlay-type":"","overlay-color":"","overlay-opacity":"","overlay-gradient":""},"tablet":{"background-color":"","background-image":"","background-repeat":"repeat","background-position":"center center","background-size":"auto","background-attachment":"scroll","background-type":"","background-media":"","overlay-type":"","overlay-color":"","overlay-opacity":"","overlay-gradient":""},"mobile":{"background-color":"","background-image":"","background-repeat":"repeat","background-position":"center center","background-size":"auto","background-attachment":"scroll","background-type":"","background-media":"","overlay-type":"","overlay-color":"","overlay-opacity":"","overlay-gradient":""}},"ast-content-background-meta":{"desktop":{"background-color":"var(--ast-global-color-5)","background-image":"","background-repeat":"repeat","background-position":"center center","background-size":"auto","background-attachment":"scroll","background-type":"","background-media":"","overlay-type":"","overlay-color":"","overlay-opacity":"","overlay-gradient":""},"tablet":{"background-color":"var(--ast-global-color-5)","background-image":"","background-repeat":"repeat","background-position":"center center","background-size":"auto","background-attachment":"scroll","background-type":"","background-media":"","overlay-type":"","overlay-color":"","overlay-opacity":"","overlay-gradient":""},"mobile":{"background-color":"var(--ast-global-color-5)","background-image":"","background-repeat":"repeat","background-position":"center center","background-size":"auto","background-attachment":"scroll","background-type":"","background-media":"","overlay-type":"","overlay-color":"","overlay-opacity":"","overlay-gradient":""}},"footnotes":""},"class_list":["post-6522","page","type-page","status-publish","hentry"],"post_mailing_queue_ids":[],"_links":{"self":[{"href":"https:\/\/agora.xtec.cat\/escardenya\/wp-json\/wp\/v2\/pages\/6522","targetHints":{"allow":["GET"]}}],"collection":[{"href":"https:\/\/agora.xtec.cat\/escardenya\/wp-json\/wp\/v2\/pages"}],"about":[{"href":"https:\/\/agora.xtec.cat\/escardenya\/wp-json\/wp\/v2\/types\/page"}],"author":[{"embeddable":true,"href":"https:\/\/agora.xtec.cat\/escardenya\/wp-json\/wp\/v2\/users\/12"}],"replies":[{"embeddable":true,"href":"https:\/\/agora.xtec.cat\/escardenya\/wp-json\/wp\/v2\/comments?post=6522"}],"version-history":[{"count":2,"href":"https:\/\/agora.xtec.cat\/escardenya\/wp-json\/wp\/v2\/pages\/6522\/revisions"}],"predecessor-version":[{"id":7728,"href":"https:\/\/agora.xtec.cat\/escardenya\/wp-json\/wp\/v2\/pages\/6522\/revisions\/7728"}],"wp:attachment":[{"href":"https:\/\/agora.xtec.cat\/escardenya\/wp-json\/wp\/v2\/media?parent=6522"}],"curies":[{"name":"wp","href":"https:\/\/api.w.org\/{rel}","templated":true}]}}