{"id":6319,"date":"2025-02-06T16:05:19","date_gmt":"2025-02-06T15:05:19","guid":{"rendered":"https:\/\/agora.xtec.cat\/escardenya\/?page_id=6319"},"modified":"2025-02-08T19:49:34","modified_gmt":"2025-02-08T18:49:34","slug":"dinantia-app-de-comunicacio-amb-families","status":"publish","type":"page","link":"https:\/\/agora.xtec.cat\/escardenya\/dinantia-app-de-comunicacio-amb-families\/","title":{"rendered":"Dinantia-App de comunicaci\u00f3 amb fam\u00edlies"},"content":{"rendered":"\n<p>L&#8217;escola utilitza una app per a la comunicaci\u00f3 amb les fam\u00edlies, que serveix per al control d&#8217;assist\u00e8ncia, enviar i rebre missatges entre mestres i fam\u00edlies, comunicacions de sortides i excursions i el seu pagament i autoritzaci\u00f3&#8230;<img decoding=\"async\" class=\"wp-image-6383\" style=\"width: NaNpx;\" src=\"https:\/\/agora.xtec.cat\/escardenya\/wp-content\/uploads\/usu1253\/2025\/02\/logo-dinantia.svg\" alt=\"\"><\/p>\n\n\n\n<p>Si voleu saber-ne m\u00e9s <a href=\"https:\/\/dinantia.com\/es\/familias\/\">cliqueu aqui<\/a><\/p>\n","protected":false},"excerpt":{"rendered":"<p>L&#8217;escola utilitza una app per a la comunicaci\u00f3 amb les fam\u00edlies, que serveix per al control d&#8217;assist\u00e8ncia, enviar i rebre [&hellip;]<\/p>\n","protected":false},"author":12,"featured_media":0,"parent":0,"menu_order":0,"comment_status":"closed","ping_status":"close","template":"","meta":{"_bbp_topic_count":0,"_bbp_reply_count":0,"_bbp_total_topic_count":0,"_bbp_total_reply_count":0,"_bbp_voice_count":0,"_bbp_anonymous_reply_count":0,"_bbp_topic_count_hidden":0,"_bbp_reply_count_hidden":0,"_bbp_forum_subforum_count":0,"site-sidebar-layout":"default","site-content-layout":"","ast-site-content-layout":"default","site-content-style":"default","site-sidebar-style":"default","ast-global-header-display":"","ast-banner-title-visibility":"","ast-main-header-display":"","ast-hfb-above-header-display":"","ast-hfb-below-header-display":"","ast-hfb-mobile-header-display":"","site-post-title":"","ast-breadcrumbs-content":"","ast-featured-img":"","footer-sml-layout":"","theme-transparent-header-meta":"","adv-header-id-meta":"","stick-header-meta":"","header-above-stick-meta":"","header-main-stick-meta":"","header-below-stick-meta":"","astra-migrate-meta-layouts":"set","ast-page-background-enabled":"default","ast-page-background-meta":{"desktop":{"background-color":"var(--ast-global-color-4)","background-image":"","background-repeat":"repeat","background-position":"center center","background-size":"auto","background-attachment":"scroll","background-type":"","background-media":"","overlay-type":"","overlay-color":"","overlay-opacity":"","overlay-gradient":""},"tablet":{"background-color":"","background-image":"","background-repeat":"repeat","background-position":"center center","background-size":"auto","background-attachment":"scroll","background-type":"","background-media":"","overlay-type":"","overlay-color":"","overlay-opacity":"","overlay-gradient":""},"mobile":{"background-color":"","background-image":"","background-repeat":"repeat","background-position":"center center","background-size":"auto","background-attachment":"scroll","background-type":"","background-media":"","overlay-type":"","overlay-color":"","overlay-opacity":"","overlay-gradient":""}},"ast-content-background-meta":{"desktop":{"background-color":"var(--ast-global-color-5)","background-image":"","background-repeat":"repeat","background-position":"center center","background-size":"auto","background-attachment":"scroll","background-type":"","background-media":"","overlay-type":"","overlay-color":"","overlay-opacity":"","overlay-gradient":""},"tablet":{"background-color":"var(--ast-global-color-5)","background-image":"","background-repeat":"repeat","background-position":"center center","background-size":"auto","background-attachment":"scroll","background-type":"","background-media":"","overlay-type":"","overlay-color":"","overlay-opacity":"","overlay-gradient":""},"mobile":{"background-color":"var(--ast-global-color-5)","background-image":"","background-repeat":"repeat","background-position":"center center","background-size":"auto","background-attachment":"scroll","background-type":"","background-media":"","overlay-type":"","overlay-color":"","overlay-opacity":"","overlay-gradient":""}},"footnotes":""},"class_list":["post-6319","page","type-page","status-publish","hentry"],"post_mailing_queue_ids":[],"_links":{"self":[{"href":"https:\/\/agora.xtec.cat\/escardenya\/wp-json\/wp\/v2\/pages\/6319","targetHints":{"allow":["GET"]}}],"collection":[{"href":"https:\/\/agora.xtec.cat\/escardenya\/wp-json\/wp\/v2\/pages"}],"about":[{"href":"https:\/\/agora.xtec.cat\/escardenya\/wp-json\/wp\/v2\/types\/page"}],"author":[{"embeddable":true,"href":"https:\/\/agora.xtec.cat\/escardenya\/wp-json\/wp\/v2\/users\/12"}],"replies":[{"embeddable":true,"href":"https:\/\/agora.xtec.cat\/escardenya\/wp-json\/wp\/v2\/comments?post=6319"}],"version-history":[{"count":3,"href":"https:\/\/agora.xtec.cat\/escardenya\/wp-json\/wp\/v2\/pages\/6319\/revisions"}],"predecessor-version":[{"id":6384,"href":"https:\/\/agora.xtec.cat\/escardenya\/wp-json\/wp\/v2\/pages\/6319\/revisions\/6384"}],"wp:attachment":[{"href":"https:\/\/agora.xtec.cat\/escardenya\/wp-json\/wp\/v2\/media?parent=6319"}],"curies":[{"name":"wp","href":"https:\/\/api.w.org\/{rel}","templated":true}]}}