{"id":6294,"date":"2025-02-06T16:02:46","date_gmt":"2025-02-06T15:02:46","guid":{"rendered":"https:\/\/agora.xtec.cat\/escardenya\/?page_id=6294"},"modified":"2025-02-25T10:23:23","modified_gmt":"2025-02-25T09:23:23","slug":"matematiques-amb-reglets","status":"publish","type":"page","link":"https:\/\/agora.xtec.cat\/escardenya\/matematiques-amb-reglets\/","title":{"rendered":"Matem\u00e0tiques amb reglets"},"content":{"rendered":"\n<p>Durant 2 anys l&#8217;equip docent ens hem format en matem\u00e0tiques a partir dels reglets cuisinaire, en els blocs de l\u00f2gica matem\u00e0tica i c\u00e0lcul mental, per tal d&#8217;aconseguir la mateixa l\u00ednia de treball des d&#8217;I3 fins a 6\u00e8. Enguany ho estem posant en pr\u00e0ctica a les aules i podem veure  com  l&#8217;alumnat en gaudeix i ent\u00e9n els conceptes matem\u00e0tics.<\/p>\n\n\n\n<p>El m\u00e8tode utilitzat es caracteritza per ser manipulatiu: manipular per entendre conceptes i per generar idees.<\/p>\n\n\n\n<p>Les fases del treball s\u00f3n: <\/p>\n\n\n\n<ul class=\"wp-block-list\">\n<li>Vivenciaci\u00f3 (a partir del propi cos)<\/li>\n\n\n\n<li><a href=\"https:\/\/www.mat3.pro\/cursos\/metodologia#h.ksm0jb9ppmok\"><\/a><a href=\"https:\/\/www.mat3.pro\/cursos\/metodologia#h.ksm0jb9ppmok\"><\/a>Manipulaci\u00f3 (interv\u00e9 material manipulable)<\/li>\n\n\n\n<li><a href=\"https:\/\/www.mat3.pro\/cursos\/metodologia#h.ez1otul5bf8h\"><\/a><a href=\"https:\/\/www.mat3.pro\/cursos\/metodologia#h.ez1otul5bf8h\"><\/a>Representaci\u00f3 gr\u00e0fica (es mostren conceptes matem\u00e0tics a trav\u00e9s de diferents representacions en el pla (gr\u00e0fics, pictogrames, dibuixos&#8230;))<\/li>\n\n\n\n<li><a href=\"https:\/\/www.mat3.pro\/cursos\/metodologia#h.jchycynlxkod\"><\/a><a href=\"https:\/\/www.mat3.pro\/cursos\/metodologia#h.jchycynlxkod\"><\/a>Representaci\u00f3 simb\u00f2lica (es mostren conceptes matem\u00e0tics amb un llenguatge codificat)<\/li>\n<\/ul>\n\n\n\n<figure class=\"wp-block-embed is-type-video is-provider-youtube wp-block-embed-youtube wp-embed-aspect-4-3 wp-has-aspect-ratio\"><div class=\"wp-block-embed__wrapper\">\n<div class=\"ast-oembed-container \" style=\"height: 100%;\"><iframe loading=\"lazy\" title=\"REGLETS\" width=\"500\" height=\"375\" src=\"https:\/\/www.youtube.com\/embed\/yIRjsE_JxSg?feature=oembed\" frameborder=\"0\" allow=\"accelerometer; autoplay; clipboard-write; encrypted-media; gyroscope; picture-in-picture; web-share\" referrerpolicy=\"strict-origin-when-cross-origin\" allowfullscreen><\/iframe><\/div>\n<\/div><\/figure>\n","protected":false},"excerpt":{"rendered":"<p>Durant 2 anys l&#8217;equip docent ens hem format en matem\u00e0tiques a partir dels reglets cuisinaire, en els blocs de l\u00f2gica [&hellip;]<\/p>\n","protected":false},"author":12,"featured_media":6539,"parent":0,"menu_order":0,"comment_status":"closed","ping_status":"close","template":"","meta":{"_bbp_topic_count":0,"_bbp_reply_count":0,"_bbp_total_topic_count":0,"_bbp_total_reply_count":0,"_bbp_voice_count":0,"_bbp_anonymous_reply_count":0,"_bbp_topic_count_hidden":0,"_bbp_reply_count_hidden":0,"_bbp_forum_subforum_count":0,"site-sidebar-layout":"default","site-content-layout":"","ast-site-content-layout":"default","site-content-style":"default","site-sidebar-style":"default","ast-global-header-display":"","ast-banner-title-visibility":"","ast-main-header-display":"","ast-hfb-above-header-display":"","ast-hfb-below-header-display":"","ast-hfb-mobile-header-display":"","site-post-title":"","ast-breadcrumbs-content":"","ast-featured-img":"disabled","footer-sml-layout":"","theme-transparent-header-meta":"","adv-header-id-meta":"","stick-header-meta":"","header-above-stick-meta":"","header-main-stick-meta":"","header-below-stick-meta":"","astra-migrate-meta-layouts":"set","ast-page-background-enabled":"default","ast-page-background-meta":{"desktop":{"background-color":"var(--ast-global-color-4)","background-image":"","background-repeat":"repeat","background-position":"center center","background-size":"auto","background-attachment":"scroll","background-type":"","background-media":"","overlay-type":"","overlay-color":"","overlay-opacity":"","overlay-gradient":""},"tablet":{"background-color":"","background-image":"","background-repeat":"repeat","background-position":"center center","background-size":"auto","background-attachment":"scroll","background-type":"","background-media":"","overlay-type":"","overlay-color":"","overlay-opacity":"","overlay-gradient":""},"mobile":{"background-color":"","background-image":"","background-repeat":"repeat","background-position":"center center","background-size":"auto","background-attachment":"scroll","background-type":"","background-media":"","overlay-type":"","overlay-color":"","overlay-opacity":"","overlay-gradient":""}},"ast-content-background-meta":{"desktop":{"background-color":"var(--ast-global-color-5)","background-image":"","background-repeat":"repeat","background-position":"center center","background-size":"auto","background-attachment":"scroll","background-type":"","background-media":"","overlay-type":"","overlay-color":"","overlay-opacity":"","overlay-gradient":""},"tablet":{"background-color":"var(--ast-global-color-5)","background-image":"","background-repeat":"repeat","background-position":"center center","background-size":"auto","background-attachment":"scroll","background-type":"","background-media":"","overlay-type":"","overlay-color":"","overlay-opacity":"","overlay-gradient":""},"mobile":{"background-color":"var(--ast-global-color-5)","background-image":"","background-repeat":"repeat","background-position":"center center","background-size":"auto","background-attachment":"scroll","background-type":"","background-media":"","overlay-type":"","overlay-color":"","overlay-opacity":"","overlay-gradient":""}},"footnotes":""},"class_list":["post-6294","page","type-page","status-publish","has-post-thumbnail","hentry"],"post_mailing_queue_ids":[],"_links":{"self":[{"href":"https:\/\/agora.xtec.cat\/escardenya\/wp-json\/wp\/v2\/pages\/6294","targetHints":{"allow":["GET"]}}],"collection":[{"href":"https:\/\/agora.xtec.cat\/escardenya\/wp-json\/wp\/v2\/pages"}],"about":[{"href":"https:\/\/agora.xtec.cat\/escardenya\/wp-json\/wp\/v2\/types\/page"}],"author":[{"embeddable":true,"href":"https:\/\/agora.xtec.cat\/escardenya\/wp-json\/wp\/v2\/users\/12"}],"replies":[{"embeddable":true,"href":"https:\/\/agora.xtec.cat\/escardenya\/wp-json\/wp\/v2\/comments?post=6294"}],"version-history":[{"count":4,"href":"https:\/\/agora.xtec.cat\/escardenya\/wp-json\/wp\/v2\/pages\/6294\/revisions"}],"predecessor-version":[{"id":6618,"href":"https:\/\/agora.xtec.cat\/escardenya\/wp-json\/wp\/v2\/pages\/6294\/revisions\/6618"}],"wp:featuredmedia":[{"embeddable":true,"href":"https:\/\/agora.xtec.cat\/escardenya\/wp-json\/wp\/v2\/media\/6539"}],"wp:attachment":[{"href":"https:\/\/agora.xtec.cat\/escardenya\/wp-json\/wp\/v2\/media?parent=6294"}],"curies":[{"name":"wp","href":"https:\/\/api.w.org\/{rel}","templated":true}]}}