{"id":6292,"date":"2025-02-06T16:02:46","date_gmt":"2025-02-06T15:02:46","guid":{"rendered":"https:\/\/agora.xtec.cat\/escardenya\/?page_id=6292"},"modified":"2025-10-14T10:38:32","modified_gmt":"2025-10-14T08:38:32","slug":"escacs","status":"publish","type":"page","link":"https:\/\/agora.xtec.cat\/escardenya\/escacs\/","title":{"rendered":"Projecte d&#8217;Escacs"},"content":{"rendered":"\n<p>Ja fa anys  que des de l&#8217;escola participem en un projecte per treballar els escacs a l&#8217;aula.Les mestres fan una formaci\u00f3 cada any i l&#8217;apliquen a l&#8217;aula.<\/p>\n\n\n\n<p>El projecte destaca la relaci\u00f3 i utilitat del joc dels escacs en l\u2019\u00e0mbit educatiu. \u00c9s un recurs que potencia el desenvolupament de les estructures cognitives, el raonament i el pensament logicomatem\u00e0tic, les habilitats ling\u00fc\u00edstiques i els h\u00e0bits de conducta.<\/p>\n\n\n\n<p class=\"has-text-align-center\"><img loading=\"lazy\" decoding=\"async\" width=\"150\" height=\"150\" class=\"wp-image-6345\" style=\"width: 150px;\" src=\"https:\/\/agora.xtec.cat\/escardenya\/wp-content\/uploads\/usu1253\/2025\/02\/escacs-a-lescola.jpg\" alt=\"\" srcset=\"https:\/\/agora.xtec.cat\/escardenya\/wp-content\/uploads\/usu1253\/2025\/02\/escacs-a-lescola.jpg 605w, https:\/\/agora.xtec.cat\/escardenya\/wp-content\/uploads\/usu1253\/2025\/02\/escacs-a-lescola-300x300.jpg 300w, https:\/\/agora.xtec.cat\/escardenya\/wp-content\/uploads\/usu1253\/2025\/02\/escacs-a-lescola-150x150.jpg 150w\" sizes=\"auto, (max-width: 150px) 100vw, 150px\" \/><img loading=\"lazy\" decoding=\"async\" width=\"150\" height=\"84\" class=\"wp-image-6440\" style=\"width: 150px;\" src=\"https:\/\/agora.xtec.cat\/escardenya\/wp-content\/uploads\/usu1253\/2025\/02\/ESCACS-ESCOLA.jpg\" alt=\"\" srcset=\"https:\/\/agora.xtec.cat\/escardenya\/wp-content\/uploads\/usu1253\/2025\/02\/ESCACS-ESCOLA.jpg 1600w, https:\/\/agora.xtec.cat\/escardenya\/wp-content\/uploads\/usu1253\/2025\/02\/ESCACS-ESCOLA-300x169.jpg 300w, https:\/\/agora.xtec.cat\/escardenya\/wp-content\/uploads\/usu1253\/2025\/02\/ESCACS-ESCOLA-1024x576.jpg 1024w, https:\/\/agora.xtec.cat\/escardenya\/wp-content\/uploads\/usu1253\/2025\/02\/ESCACS-ESCOLA-768x432.jpg 768w, https:\/\/agora.xtec.cat\/escardenya\/wp-content\/uploads\/usu1253\/2025\/02\/ESCACS-ESCOLA-1536x864.jpg 1536w\" sizes=\"auto, (max-width: 150px) 100vw, 150px\" \/><\/p>\n\n\n\n<p><\/p>\n\n\n\n<p>El curs 23-24 vam organitzar dos tornejos a l&#8217;escola:  Un torneig entre alumnes de 4t, 5\u00e8 i 6\u00e8 i un torneig d&#8217;alumnes amb fam\u00edlies.<\/p>\n\n\n\n<p>El curs 24-25 vam seguir amb aquests dos tornejos juntament amb un tercer torneig amb un altre centre de la prov\u00edncia de Girona que tamb\u00e9 realitza el projecte d&#8217;escacs a l&#8217;aula.<\/p>\n\n\n\n<p>El curs 25\/26 seguirem amb les sessions d&#8217;escacs i organitzant torneigs.<\/p>\n\n\n\n<figure class=\"wp-block-embed is-type-video is-provider-youtube wp-block-embed-youtube wp-embed-aspect-16-9 wp-has-aspect-ratio\"><div class=\"wp-block-embed__wrapper\">\n<div class=\"ast-oembed-container \" style=\"height: 100%;\"><iframe loading=\"lazy\" title=\"escacs\" width=\"500\" height=\"281\" src=\"https:\/\/www.youtube.com\/embed\/8rfKk3kIKs8?feature=oembed\" frameborder=\"0\" allow=\"accelerometer; autoplay; clipboard-write; encrypted-media; gyroscope; picture-in-picture; web-share\" referrerpolicy=\"strict-origin-when-cross-origin\" allowfullscreen><\/iframe><\/div>\n<\/div><\/figure>\n\n\n\n<p><\/p>\n\n\n\n\n\n<p><\/p>\n","protected":false},"excerpt":{"rendered":"<p>Ja fa anys que des de l&#8217;escola participem en un projecte per treballar els escacs a l&#8217;aula.Les mestres fan una [&hellip;]<\/p>\n","protected":false},"author":12,"featured_media":0,"parent":0,"menu_order":0,"comment_status":"closed","ping_status":"close","template":"","meta":{"_bbp_topic_count":0,"_bbp_reply_count":0,"_bbp_total_topic_count":0,"_bbp_total_reply_count":0,"_bbp_voice_count":0,"_bbp_anonymous_reply_count":0,"_bbp_topic_count_hidden":0,"_bbp_reply_count_hidden":0,"_bbp_forum_subforum_count":0,"site-sidebar-layout":"default","site-content-layout":"","ast-site-content-layout":"default","site-content-style":"default","site-sidebar-style":"default","ast-global-header-display":"","ast-banner-title-visibility":"","ast-main-header-display":"","ast-hfb-above-header-display":"","ast-hfb-below-header-display":"","ast-hfb-mobile-header-display":"","site-post-title":"","ast-breadcrumbs-content":"","ast-featured-img":"","footer-sml-layout":"","theme-transparent-header-meta":"","adv-header-id-meta":"","stick-header-meta":"","header-above-stick-meta":"","header-main-stick-meta":"","header-below-stick-meta":"","astra-migrate-meta-layouts":"set","ast-page-background-enabled":"default","ast-page-background-meta":{"desktop":{"background-color":"var(--ast-global-color-4)","background-image":"","background-repeat":"repeat","background-position":"center center","background-size":"auto","background-attachment":"scroll","background-type":"","background-media":"","overlay-type":"","overlay-color":"","overlay-opacity":"","overlay-gradient":""},"tablet":{"background-color":"","background-image":"","background-repeat":"repeat","background-position":"center center","background-size":"auto","background-attachment":"scroll","background-type":"","background-media":"","overlay-type":"","overlay-color":"","overlay-opacity":"","overlay-gradient":""},"mobile":{"background-color":"","background-image":"","background-repeat":"repeat","background-position":"center center","background-size":"auto","background-attachment":"scroll","background-type":"","background-media":"","overlay-type":"","overlay-color":"","overlay-opacity":"","overlay-gradient":""}},"ast-content-background-meta":{"desktop":{"background-color":"var(--ast-global-color-5)","background-image":"","background-repeat":"repeat","background-position":"center center","background-size":"auto","background-attachment":"scroll","background-type":"","background-media":"","overlay-type":"","overlay-color":"","overlay-opacity":"","overlay-gradient":""},"tablet":{"background-color":"var(--ast-global-color-5)","background-image":"","background-repeat":"repeat","background-position":"center center","background-size":"auto","background-attachment":"scroll","background-type":"","background-media":"","overlay-type":"","overlay-color":"","overlay-opacity":"","overlay-gradient":""},"mobile":{"background-color":"var(--ast-global-color-5)","background-image":"","background-repeat":"repeat","background-position":"center center","background-size":"auto","background-attachment":"scroll","background-type":"","background-media":"","overlay-type":"","overlay-color":"","overlay-opacity":"","overlay-gradient":""}},"footnotes":""},"class_list":["post-6292","page","type-page","status-publish","hentry"],"post_mailing_queue_ids":[],"_links":{"self":[{"href":"https:\/\/agora.xtec.cat\/escardenya\/wp-json\/wp\/v2\/pages\/6292","targetHints":{"allow":["GET"]}}],"collection":[{"href":"https:\/\/agora.xtec.cat\/escardenya\/wp-json\/wp\/v2\/pages"}],"about":[{"href":"https:\/\/agora.xtec.cat\/escardenya\/wp-json\/wp\/v2\/types\/page"}],"author":[{"embeddable":true,"href":"https:\/\/agora.xtec.cat\/escardenya\/wp-json\/wp\/v2\/users\/12"}],"replies":[{"embeddable":true,"href":"https:\/\/agora.xtec.cat\/escardenya\/wp-json\/wp\/v2\/comments?post=6292"}],"version-history":[{"count":6,"href":"https:\/\/agora.xtec.cat\/escardenya\/wp-json\/wp\/v2\/pages\/6292\/revisions"}],"predecessor-version":[{"id":7302,"href":"https:\/\/agora.xtec.cat\/escardenya\/wp-json\/wp\/v2\/pages\/6292\/revisions\/7302"}],"wp:attachment":[{"href":"https:\/\/agora.xtec.cat\/escardenya\/wp-json\/wp\/v2\/media?parent=6292"}],"curies":[{"name":"wp","href":"https:\/\/api.w.org\/{rel}","templated":true}]}}