{"id":6291,"date":"2025-02-06T16:02:45","date_gmt":"2025-02-06T15:02:45","guid":{"rendered":"https:\/\/agora.xtec.cat\/escardenya\/?page_id=6291"},"modified":"2025-02-18T09:41:56","modified_gmt":"2025-02-18T08:41:56","slug":"ardenya-en-dansa","status":"publish","type":"page","link":"https:\/\/agora.xtec.cat\/escardenya\/ardenya-en-dansa\/","title":{"rendered":"Ardenya en dansa"},"content":{"rendered":"\n<p>L\u2019escola Ardenya sempre ha apostat pel desenvolupament art\u00edstic i cultural del seu alumant,  concretament en la dansa com una eina d\u2019expressi\u00f3 art\u00edstica que permet als infants desenvolupar habilitats f\u00edsiques, emocionals i creatives. Seguint aquesta l\u00ednia, el nostre projecte \u201cArdenya en dansa\u201d es presenta com una iniciativa innovadora en una escola p\u00fablica amb l\u2019objectiu de potenciar l\u2019art i l\u2019expressi\u00f3 corporal entre l\u2019alumnat.&nbsp;<\/p>\n\n\n\n<p>Com a objectiu principal del projecte, l\u2019escola integra la dansa en el curr\u00edculum escolar per tal de fomentar la creativitat i l\u2019expressi\u00f3 corporal, afavorir el treball en equip i la cooperaci\u00f3 i i promoure el benestar emocional i la confian\u00e7a en un mateix.&nbsp;<\/p>\n\n\n\n<p>\u00c9s un projecte educatiu, que neix fa 10 anys a l\u2019escola i s\u2019implementa a trav\u00e9s de sessions setmanals de dansa dirigides per professionals del sector. En aquestes sessions combinen improvisaci\u00f3 i creaci\u00f3 de coreogr\u00e0fica, jocs i din\u00e0miques de moviment i preparaci\u00f3 d\u2019espectacles per compartir el treball realitzat amb la comunitat educativa.&nbsp;<\/p>\n\n\n\n<p>Com a referent, l&#8217;escola conta amb la participaci\u00f3 dels ballarins de la company CobosMika i l\u2019aportaci\u00f3 econ\u00f2mica de l&#8217;Ajuntament de Sant Feliu de Gu\u00edxols. A m\u00e9s, aquest projecte s\u2019ha incorporat en el projecte d\u2019innovaci\u00f3 pedag\u00f2gica \u201caraArt \u201c del Departament d\u2019Educaci\u00f3.&nbsp;<\/p>\n\n\n\n<p>&nbsp;Finalment, iniciatives com aquesta demostren que la dansa no nom\u00e9s \u00e9s una disciplina art\u00edstica, sin\u00f3 tamb\u00e9 una eina pedag\u00f2gica fonamental per al desenvolupament integral dels infants.&nbsp;<\/p>\n\n\n\n<p>Ja fa molts anys que a l&#8217;escola tenim aquest projecte de dansa amb la col\u00b7laboraci\u00f3 de la companyia de dansa Cobosmika. Aquest projecte durant tres anys va formar part del projete d&#8217;innovaci\u00f3 del Departamen araArt i ara continua el seu cam\u00ed com Ardenya en dansa.<\/p>\n\n\n\n<p>En aquest espai els alumnes de prim\u00e0ria gaudeixen de la dansa, i de tot el que aporta aquesta com:<\/p>\n\n\n\n<p>poder con\u00e8ixer el teu propi cos, la cohesi\u00f3 de grup, guanyar confian\u00e7a en un mateix, la millora de l&#8217;autoestima, l&#8217;empatia i la millora de la relaci\u00f3 amb els altres.<\/p>\n\n\n\n<figure class=\"wp-block-embed is-type-video is-provider-youtube wp-block-embed-youtube wp-embed-aspect-16-9 wp-has-aspect-ratio\"><div class=\"wp-block-embed__wrapper\">\n<div class=\"ast-oembed-container \" style=\"height: 100%;\"><iframe loading=\"lazy\" title=\"ardenya en dansa\" width=\"500\" height=\"281\" src=\"https:\/\/www.youtube.com\/embed\/cor58KiDqTQ?feature=oembed\" frameborder=\"0\" allow=\"accelerometer; autoplay; clipboard-write; encrypted-media; gyroscope; picture-in-picture; web-share\" referrerpolicy=\"strict-origin-when-cross-origin\" allowfullscreen><\/iframe><\/div>\n<\/div><\/figure>\n","protected":false},"excerpt":{"rendered":"<p>L\u2019escola Ardenya sempre ha apostat pel desenvolupament art\u00edstic i cultural del seu alumant, concretament en la dansa com una eina [&hellip;]<\/p>\n","protected":false},"author":12,"featured_media":0,"parent":0,"menu_order":0,"comment_status":"closed","ping_status":"close","template":"","meta":{"_bbp_topic_count":0,"_bbp_reply_count":0,"_bbp_total_topic_count":0,"_bbp_total_reply_count":0,"_bbp_voice_count":0,"_bbp_anonymous_reply_count":0,"_bbp_topic_count_hidden":0,"_bbp_reply_count_hidden":0,"_bbp_forum_subforum_count":0,"site-sidebar-layout":"default","site-content-layout":"","ast-site-content-layout":"default","site-content-style":"default","site-sidebar-style":"default","ast-global-header-display":"","ast-banner-title-visibility":"","ast-main-header-display":"","ast-hfb-above-header-display":"","ast-hfb-below-header-display":"","ast-hfb-mobile-header-display":"","site-post-title":"","ast-breadcrumbs-content":"","ast-featured-img":"","footer-sml-layout":"","theme-transparent-header-meta":"","adv-header-id-meta":"","stick-header-meta":"","header-above-stick-meta":"","header-main-stick-meta":"","header-below-stick-meta":"","astra-migrate-meta-layouts":"set","ast-page-background-enabled":"default","ast-page-background-meta":{"desktop":{"background-color":"var(--ast-global-color-4)","background-image":"","background-repeat":"repeat","background-position":"center center","background-size":"auto","background-attachment":"scroll","background-type":"","background-media":"","overlay-type":"","overlay-color":"","overlay-opacity":"","overlay-gradient":""},"tablet":{"background-color":"","background-image":"","background-repeat":"repeat","background-position":"center center","background-size":"auto","background-attachment":"scroll","background-type":"","background-media":"","overlay-type":"","overlay-color":"","overlay-opacity":"","overlay-gradient":""},"mobile":{"background-color":"","background-image":"","background-repeat":"repeat","background-position":"center center","background-size":"auto","background-attachment":"scroll","background-type":"","background-media":"","overlay-type":"","overlay-color":"","overlay-opacity":"","overlay-gradient":""}},"ast-content-background-meta":{"desktop":{"background-color":"var(--ast-global-color-5)","background-image":"","background-repeat":"repeat","background-position":"center center","background-size":"auto","background-attachment":"scroll","background-type":"","background-media":"","overlay-type":"","overlay-color":"","overlay-opacity":"","overlay-gradient":""},"tablet":{"background-color":"var(--ast-global-color-5)","background-image":"","background-repeat":"repeat","background-position":"center center","background-size":"auto","background-attachment":"scroll","background-type":"","background-media":"","overlay-type":"","overlay-color":"","overlay-opacity":"","overlay-gradient":""},"mobile":{"background-color":"var(--ast-global-color-5)","background-image":"","background-repeat":"repeat","background-position":"center center","background-size":"auto","background-attachment":"scroll","background-type":"","background-media":"","overlay-type":"","overlay-color":"","overlay-opacity":"","overlay-gradient":""}},"footnotes":""},"class_list":["post-6291","page","type-page","status-publish","hentry"],"post_mailing_queue_ids":[],"_links":{"self":[{"href":"https:\/\/agora.xtec.cat\/escardenya\/wp-json\/wp\/v2\/pages\/6291","targetHints":{"allow":["GET"]}}],"collection":[{"href":"https:\/\/agora.xtec.cat\/escardenya\/wp-json\/wp\/v2\/pages"}],"about":[{"href":"https:\/\/agora.xtec.cat\/escardenya\/wp-json\/wp\/v2\/types\/page"}],"author":[{"embeddable":true,"href":"https:\/\/agora.xtec.cat\/escardenya\/wp-json\/wp\/v2\/users\/12"}],"replies":[{"embeddable":true,"href":"https:\/\/agora.xtec.cat\/escardenya\/wp-json\/wp\/v2\/comments?post=6291"}],"version-history":[{"count":5,"href":"https:\/\/agora.xtec.cat\/escardenya\/wp-json\/wp\/v2\/pages\/6291\/revisions"}],"predecessor-version":[{"id":6552,"href":"https:\/\/agora.xtec.cat\/escardenya\/wp-json\/wp\/v2\/pages\/6291\/revisions\/6552"}],"wp:attachment":[{"href":"https:\/\/agora.xtec.cat\/escardenya\/wp-json\/wp\/v2\/media?parent=6291"}],"curies":[{"name":"wp","href":"https:\/\/api.w.org\/{rel}","templated":true}]}}