{"id":34,"date":"2014-09-18T12:32:18","date_gmt":"2014-09-18T11:32:18","guid":{"rendered":"http:\/\/agora.xtec.cat\/escardenya\/?page_id=34"},"modified":"2025-02-13T10:42:25","modified_gmt":"2025-02-13T09:42:25","slug":"oferta-educativa","status":"publish","type":"page","link":"https:\/\/agora.xtec.cat\/escardenya\/lescola\/oferta-educativa\/","title":{"rendered":"Oferta educativa"},"content":{"rendered":"<p>L&#8217;escola Ardenya \u00e9s una escola de doble l\u00ednia i ofereix dos grups per cada nivell d&#8217;educaci\u00f3 infantil i dos grups per cada nivell de prim\u00e0ria. Tot i aix\u00f2 degut a la baixa natalitat tenim un grup de primer a una l\u00ednia.<\/p>\n<p><strong>EDUCACI\u00d3 INFANTIL (3-6)<\/strong><\/p>\n<p>El segon cicle d&#8217;educaci\u00f3 infantil forma part d&#8217;una etapa educativa volunt\u00e0ria. L&#8217;objectiu de l&#8217;educaci\u00f3 infantil \u00e9s ajudar els nens i nenes al seu desenvolupament emocional, f\u00edsic i social. En el segon cicle d&#8217;educaci\u00f3 infantil els vostres fills i filles aprendran coses noves, \u00e9s a dir, adquiriran nous coneixements, alhora que aprendran a relacionar-se amb els companys i els adults.<\/p>\n<p>L&#8217;objectiu de l&#8217;educaci\u00f3 infantil \u00e9s que els nens i nenes puguin obtenir unes capacitats que els permetin desenvolupar i adquirir en les etapes obligat\u00f2ries posteriors els coneixements i els continguts que es treballin. En aquesta etapa, cada \u00e0rea t\u00e9 uns objectius i continguts propis. Aquests objectius i continguts han de tenir en compte el desenvolupament de les capacitats dels vostres fills\/es.<\/p>\n<p><strong>EDUCACI\u00d3 PRIM\u00c0RIA<\/strong><\/p>\n<p>L\u2019etapa d\u2019educaci\u00f3 prim\u00e0ria compr\u00e8n els ensenyaments que tots els alumnes han de cursar obligat\u00f2riament\u00a0abans de\u00a0l\u2019educaci\u00f3 secund\u00e0ria obligat\u00f2ria.<\/p>\n<div class=\"FW_sArticleFoto\">\n<div class=\"FW_sEditPro\">\n<p class=\"normal\">Les classes s\u2019organitzen en horari de mat\u00ed i tarda. Com a norma general els vostres fills faran 25 hores lectives setmanals, que inclouen el temps d\u2019esbarjo.<\/p>\n<p class=\"normal\">Els centres han de garantir 30 minuts diaris a la promoci\u00f3 de l\u2019h\u00e0bit lector.<\/p>\n<p><strong>Organitzaci\u00f3<\/strong><\/p>\n<p>L\u2019educaci\u00f3 prim\u00e0ria s\u2019organitza en cursos, repartits en tres cicles:<\/p>\n<ul>\n<li>Cicle inicial:\u00a0 1r i 2n nivell<\/li>\n<li>Cicle mitj\u00e0: 3r i 4t nivell<\/li>\n<li>Cicle superior: 5\u00e8 i 6\u00e8 nivell<\/li>\n<\/ul>\n<div class=\"FW_sArticleFoto\">\n<div class=\"FW_sEditPro\">\n<div class=\"FW_sArticleFoto\">\n<div class=\"FW_sEditPro\">\n<div class=\"FW_sArticleFoto\">\n<div class=\"FW_sEditPro\">\n<div class=\"FW_sArticleFoto\">\n<div class=\"FW_sEditPro\">\n<p><strong>Atenci\u00f3 a la diversitat.<\/strong><\/p>\n<p>Les escoles tenim un conjunt de recursos personals i de mesures organitzatives per millorar els aprenentatges de l&#8217;alumnat que tenen dificultats per seguir el ritme del grup classe.<\/p>\n<p>En el cas de la nostre escola entre els recursos podem destacar la pres\u00e8ncia de mestres tutors, de suport, especialistes,\u00a0 la t\u00e8cnica d&#8217;educaci\u00f3 infantil, EAP, vetlladores, logopeda, especialistes dels serveis educatius com \u00e9s la fisioterapeuta, etc&#8230; i entre les mesures organitzatives volem destacar els suports individualitzats, els suports en grups redu\u00efts, els suports dins l&#8217;aula aprofitant els mestres de suport,&#8230;<\/p>\n<div class=\"FW_sArticleFoto\">\n<div class=\"FW_sEditPro\">\n<div class=\"FW_sArticleFoto\">\n<div class=\"FW_sEditPro\">\n<div class=\"FW_sArticleFoto\">\n<div class=\"FW_sEditPro\">\n<\/div>\n<\/div>\n<\/div>\n<\/div>\n<\/div>\n<\/div>\n<\/div>\n<\/div>\n<\/div>\n<\/div>\n<\/div>\n<\/div>\n<div class=\"addtoany_share_save_container addtoany_content addtoany_content_bottom\">\n<div class=\"a2a_kit a2a_kit_size_25 addtoany_list\" data-a2a-url=\"https:\/\/agora.xtec.cat\/escolalavilapalamos\/lescola\/oferta-educativa\/\" data-a2a-title=\"Oferta educativa\"><\/div>\n<\/div>\n<p class=\"normal\">\n<\/div>\n<\/div>\n<\/div>\n<\/div>\n","protected":false},"excerpt":{"rendered":"<p>L&#8217;escola Ardenya \u00e9s una escola de doble l\u00ednia i ofereix dos grups per cada nivell d&#8217;educaci\u00f3 infantil i dos grups [&hellip;]<\/p>\n","protected":false},"author":1,"featured_media":0,"parent":22,"menu_order":60,"comment_status":"closed","ping_status":"closed","template":"","meta":{"_bbp_topic_count":0,"_bbp_reply_count":0,"_bbp_total_topic_count":0,"_bbp_total_reply_count":0,"_bbp_voice_count":0,"_bbp_anonymous_reply_count":0,"_bbp_topic_count_hidden":0,"_bbp_reply_count_hidden":0,"_bbp_forum_subforum_count":0,"site-sidebar-layout":"default","site-content-layout":"","ast-site-content-layout":"default","site-content-style":"default","site-sidebar-style":"default","ast-global-header-display":"","ast-banner-title-visibility":"","ast-main-header-display":"","ast-hfb-above-header-display":"","ast-hfb-below-header-display":"","ast-hfb-mobile-header-display":"","site-post-title":"","ast-breadcrumbs-content":"","ast-featured-img":"","footer-sml-layout":"","theme-transparent-header-meta":"","adv-header-id-meta":"","stick-header-meta":"","header-above-stick-meta":"","header-main-stick-meta":"","header-below-stick-meta":"","astra-migrate-meta-layouts":"set","ast-page-background-enabled":"default","ast-page-background-meta":{"desktop":{"background-color":"var(--ast-global-color-4)","background-image":"","background-repeat":"repeat","background-position":"center center","background-size":"auto","background-attachment":"scroll","background-type":"","background-media":"","overlay-type":"","overlay-color":"","overlay-opacity":"","overlay-gradient":""},"tablet":{"background-color":"","background-image":"","background-repeat":"repeat","background-position":"center center","background-size":"auto","background-attachment":"scroll","background-type":"","background-media":"","overlay-type":"","overlay-color":"","overlay-opacity":"","overlay-gradient":""},"mobile":{"background-color":"","background-image":"","background-repeat":"repeat","background-position":"center center","background-size":"auto","background-attachment":"scroll","background-type":"","background-media":"","overlay-type":"","overlay-color":"","overlay-opacity":"","overlay-gradient":""}},"ast-content-background-meta":{"desktop":{"background-color":"var(--ast-global-color-5)","background-image":"","background-repeat":"repeat","background-position":"center center","background-size":"auto","background-attachment":"scroll","background-type":"","background-media":"","overlay-type":"","overlay-color":"","overlay-opacity":"","overlay-gradient":""},"tablet":{"background-color":"var(--ast-global-color-5)","background-image":"","background-repeat":"repeat","background-position":"center center","background-size":"auto","background-attachment":"scroll","background-type":"","background-media":"","overlay-type":"","overlay-color":"","overlay-opacity":"","overlay-gradient":""},"mobile":{"background-color":"var(--ast-global-color-5)","background-image":"","background-repeat":"repeat","background-position":"center center","background-size":"auto","background-attachment":"scroll","background-type":"","background-media":"","overlay-type":"","overlay-color":"","overlay-opacity":"","overlay-gradient":""}},"footnotes":""},"class_list":["post-34","page","type-page","status-publish","hentry"],"post_mailing_queue_ids":[],"_links":{"self":[{"href":"https:\/\/agora.xtec.cat\/escardenya\/wp-json\/wp\/v2\/pages\/34","targetHints":{"allow":["GET"]}}],"collection":[{"href":"https:\/\/agora.xtec.cat\/escardenya\/wp-json\/wp\/v2\/pages"}],"about":[{"href":"https:\/\/agora.xtec.cat\/escardenya\/wp-json\/wp\/v2\/types\/page"}],"author":[{"embeddable":true,"href":"https:\/\/agora.xtec.cat\/escardenya\/wp-json\/wp\/v2\/users\/1"}],"replies":[{"embeddable":true,"href":"https:\/\/agora.xtec.cat\/escardenya\/wp-json\/wp\/v2\/comments?post=34"}],"version-history":[{"count":4,"href":"https:\/\/agora.xtec.cat\/escardenya\/wp-json\/wp\/v2\/pages\/34\/revisions"}],"predecessor-version":[{"id":6496,"href":"https:\/\/agora.xtec.cat\/escardenya\/wp-json\/wp\/v2\/pages\/34\/revisions\/6496"}],"up":[{"embeddable":true,"href":"https:\/\/agora.xtec.cat\/escardenya\/wp-json\/wp\/v2\/pages\/22"}],"wp:attachment":[{"href":"https:\/\/agora.xtec.cat\/escardenya\/wp-json\/wp\/v2\/media?parent=34"}],"curies":[{"name":"wp","href":"https:\/\/api.w.org\/{rel}","templated":true}]}}