{"id":28,"date":"2014-09-18T12:29:35","date_gmt":"2014-09-18T11:29:35","guid":{"rendered":"http:\/\/agora.xtec.cat\/escardenya\/?page_id=28"},"modified":"2024-03-04T14:18:43","modified_gmt":"2024-03-04T13:18:43","slug":"consell-escolar","status":"publish","type":"page","link":"https:\/\/agora.xtec.cat\/escardenya\/lescola\/consell-escolar\/","title":{"rendered":"Consell Escolar"},"content":{"rendered":"<div>\n<div>\n<div>\n<p style=\"text-align: left;\">Les mares i els pares dels alumnes matriculats en un centre educatiu, per mitj\u00e0 dels representants escollits en les eleccions, formen part del\u00a0<a href=\"http:\/\/familiaiescola.gencat.cat\/ca\/escolaritat\/participacio-compromis\/participacio-coresponsabilitzacio\/participacio-funcionament-centre\/consell-escolar\/\">consell escolar del centre<\/a>.<\/p>\n<\/div>\n<\/div>\n<\/div>\n<div style=\"text-align: left;\"><span style=\"font-size: 1.125em; font-weight: bold;\">Qu\u00e8 \u00e9s el consell escolar?<\/span><\/div>\n<div>\n<p style=\"text-align: left;\">El consell escolar \u00e9s l\u2019\u00f2rgan de participaci\u00f3 dels diferents sectors de la comunitat educativa en el govern dels centres. La normativa de refer\u00e8ncia pel que fa al consell escolar \u00e9s:<\/p>\n<ul style=\"text-align: left;\">\n<li class=\"FW_sInlineImagNoti FW_sInlineRelArticle\"><a class=\"FW_titBullet FW_sLinkNegreta\" title=\"Aquest enlla\u00e7 s'obre en una nova pestanya: Normativa de refer\u00e8ncia (Llei 12\/2009 d'educaci\u00f3, article 148 i article 152)\" href=\"http:\/\/ensenyament.gencat.cat\/web\/.content\/home\/departament\/normativa\/normativa-educacio\/lec_12_2009.pdf\" target=\"_blank\" rel=\"noopener noreferrer\">Normativa de refer\u00e8ncia (Llei 12\/2009 d\u2019educaci\u00f3, article 148 i article 152)<\/a><\/li>\n<li class=\"FW_sInlineImagNoti FW_sInlineRelArticle\"><a class=\"FW_titBullet FW_sLinkNegreta\" title=\"Aquest enlla\u00e7 s'obre en una nova pestanya: Normativa de refer\u00e8ncia (Decret 102\/2010, article 27.1)\" href=\"http:\/\/www20.gencat.cat\/portal\/site\/portaldogc\/menuitem.c973d2fc58aa0083e4492d92b0c0e1a0\/?vgnextoid=485946a6e5dfe210VgnVCM1000000b0c1e0aRCRD&amp;appInstanceName=default&amp;action=fitxa&amp;documentId=545262&amp;language=ca_ES\" target=\"_blank\" rel=\"noopener noreferrer\">Normativa de refer\u00e8ncia (Decret 102\/2010, article 27.1)<\/a>\u00a0<a class=\"FW_sNoUnderline\" title=\"Aquest enlla\u00e7 s'obre en una nova pestanya: Normativa de refer\u00e8ncia (Decret 102\/2010, article 27.1)\" href=\"http:\/\/www20.gencat.cat\/portal\/site\/portaldogc\/menuitem.c973d2fc58aa0083e4492d92b0c0e1a0\/?vgnextoid=485946a6e5dfe210VgnVCM1000000b0c1e0aRCRD&amp;appInstanceName=default&amp;action=fitxa&amp;documentId=545262&amp;language=ca_ES\" target=\"_blank\" rel=\"noopener noreferrer\"><span class=\"FW_sPopup\">\u00a0<\/span><\/a><\/li>\n<\/ul>\n<h5 id=\"FW_bloc_951ef9be-5613-11e4-9770-000c29cdf219_3\" class=\"FW_ancora\" style=\"text-align: left;\"><span id=\"Qui_forma_el_consell_escolar\">Qui forma el consell escolar?<\/span><\/h5>\n<div class=\"FW_sArticleFoto\">\n<div class=\"FW_sEditPro\">\n<p style=\"text-align: left;\">El formen els representants de tota la comunitat educativa, \u00e9s a dir, direcci\u00f3, professors, alumnes, fam\u00edlies, personal d\u2019administraci\u00f3 i serveis, representant de l\u2019administraci\u00f3 local i altres persones que el mateix consell consideri necess\u00e0ries.<\/p>\n<h5 id=\"FW_bloc_951ef9be-5613-11e4-9770-000c29cdf219_4\" class=\"FW_ancora\" style=\"text-align: left;\"><span id=\"Quina_es_la_funcio_del_consell_escolar\">Quina \u00e9s la funci\u00f3 del consell escolar ?<\/span><\/h5>\n<p style=\"text-align: left;\">Corresponen al consell escolar les funcions seg\u00fcents:<\/p>\n<ul style=\"text-align: left;\">\n<li>Participar en l\u2019aprovaci\u00f3 del projecte educatiu i les seves modificacions. El consell escolar ha de ser consultat pel director de manera preceptiva per valorar la proposta del projecte educatiu i manifestar el seu suport amb una majoria de les tres cinquenes parts dels membres.<\/li>\n<li>Participar en l\u2019aprovaci\u00f3 de la programaci\u00f3 general anual, de les normes de funcionament i de la gesti\u00f3 econ\u00f2mica del centre. El consell escolar ha de ser consultat de manera preceptiva per valorar cada una de les propostes i manifestar el seu suport per majoria simple dels membres.<\/li>\n<li>Avaluar l\u2019aplicaci\u00f3 del projecte educatiu i de les seves modificacions aix\u00ed com de la resta de documents de gesti\u00f3 del centre.<\/li>\n<li>Aprovar les propostes d\u2019acords de coresponsabilitat, convenis i altres acords de col\u00b7laboraci\u00f3 del centre amb entitats i institucions.<\/li>\n<li>Intervenir en el procediment d\u2019admissi\u00f3 d\u2019alumnes.<\/li>\n<li>Participar en el procediment de selecci\u00f3 i en la proposta de cessament del director o directora.<\/li>\n<li>Intervenir en la resoluci\u00f3 dels conflictes i, si escau, revisar les sancions als alumnes.<\/li>\n<li>Aprovar les directrius per a la programaci\u00f3 d\u2019activitats escolars complement\u00e0ries i d\u2019activitats extraescolars, i avaluar-ne el desenvolupament.<\/li>\n<li>Participar en les an\u00e0lisis i les avaluacions del funcionament general del centre i con\u00e8ixer l\u2019evoluci\u00f3 del rendiment escolar.<\/li>\n<li>Aprovar els criteris de col\u00b7laboraci\u00f3 amb altres centres i amb l\u2019entorn.<\/li>\n<li>Qualsevol altre que li sigui atribu\u00efda per les normes legals o reglament\u00e0ries.<\/li>\n<\/ul>\n<div>\n<div style=\"text-align: left;\">\n<h5><span id=\"Quin_es_el_funcionament_del_consell_escolar\">Quin \u00e9s el funcionament del consell escolar?<\/span><\/h5>\n<\/div>\n<div id=\"bloc5\">\n<p style=\"text-align: left;\">El consell escolar ha d\u2019aprovar les seves normes de funcionament. En all\u00f2 que no estigui previst s\u2019han d\u2019aplicar les normes reguladores dels \u00f2rgans col\u00b7legiats de l\u2019Administraci\u00f3 de la Generalitat.\u00a0 \u00a0 \u00a0 \u00a0 \u00a0 \u00a0 \u00a0 \u00a0 \u00a0 \u00a0 \u00a0 \u00a0 \u00a0 \u00a0 \u00a0 \u00a0 \u00a0 \u00a0 \u00a0 \u00a0 \u00a0 \u00a0 \u00a0 \u00a0 \u00a0 \u00a0 \u00a0 \u00a0 \u00a0 \u00a0 \u00a0 \u00a0 \u00a0 \u00a0 \u00a0 \u00a0 \u00a0 \u00a0 \u00a0 \u00a0 \u00a0 \u00a0 \u00a0 \u00a0 \u00a0 \u00a0 \u00a0 \u00a0 \u00a0 \u00a0 \u00a0 \u00a0 \u00a0 \u00a0 \u00a0 \u00a0 \u00a0 \u00a0 \u00a0 \u00a0 \u00a0 \u00a0 \u00a0 \u00a0 \u00a0 \u00a0 \u00a0 \u00a0 \u00a0 \u00a0 \u00a0 \u00a0 \u00a0 \u00a0 \u00a0 \u00a0 \u00a0 \u00a0 \u00a0 \u00a0 \u00a0 \u00a0 \u00a0 \u00a0 \u00a0 \u00a0 \u00a0 \u00a0 \u00a0 \u00a0 \u00a0 \u00a0 \u00a0 \u00a0 \u00a0 \u00a0 \u00a0 \u00a0 \u00a0 \u00a0 \u00a0 \u00a0 \u00a0 \u00a0 \u00a0 \u00a0 \u00a0 \u00a0 \u00a0 \u00a0 \u00a0 \u00a0 \u00a0 \u00a0 \u00a0 \u00a0 \u00a0 \u00a0 \u00a0 \u00a0 \u00a0 \u00a0 \u00a0 \u00a0 \u00a0 \u00a0 \u00a0 \u00a0 \u00a0 \u00a0 \u00a0 \u00a0 \u00a0 \u00a0 \u00a0 \u00a0 \u00a0 \u00a0 \u00a0 \u00a0 \u00a0 \u00a0 \u00a0 \u00a0 \u00a0El consell escolar del centre es reuneix preceptivament una vegada al trimestre i sempre que el convoca el director o directora del centre o ho sol\u00b7licita al menys un ter\u00e7 de les seves persones membres. A m\u00e9s, s\u2019ha de fer una reuni\u00f3 a principi de curs i una altra a la seva finalitzaci\u00f3.<\/p>\n<p style=\"text-align: left;\">El consell escolar actua normalment en ple. Es poden constituir comissions espec\u00edfiques d\u2019estudi i informaci\u00f3, a les quals, en tot cas, s\u2019hi ha d\u2019incorporar la direcci\u00f3 del centre, o en la seva representaci\u00f3, un altre \u00f2rgan\u00a0unipersonal de direcci\u00f3,\u00a0un professor o professora, i un alumne o alumna o un representant o una representant de les mares i els pares. Els centres de titularitat p\u00fablica, a m\u00e9s, hi ha d\u2019haver preceptivament\u00a0una comissi\u00f3 econ\u00f2mica que supervisa la gesti\u00f3 econ\u00f2mica del centre.<\/p>\n<div>\n<h5 style=\"text-align: left;\"><span id=\"Com_es_renoven_els_membres_del_consell_escolar\">Com es renoven els membres del consell escolar ?<\/span><\/h5>\n<p style=\"text-align: left;\">Les persones del consell escolar s\u00f3n elegides per un per\u00edode de quatre anys i es renoven per meitats cada dos anys.\u00a0 \u00a0 \u00a0 \u00a0 \u00a0 \u00a0 \u00a0 \u00a0 \u00a0 \u00a0 \u00a0 \u00a0 \u00a0 \u00a0 \u00a0 \u00a0 \u00a0 \u00a0 \u00a0 \u00a0 \u00a0 \u00a0 \u00a0 \u00a0 \u00a0 \u00a0 \u00a0 \u00a0 \u00a0 \u00a0 \u00a0 \u00a0 \u00a0 \u00a0 \u00a0 \u00a0 \u00a0 \u00a0 \u00a0 \u00a0 \u00a0 \u00a0 \u00a0 \u00a0 \u00a0 \u00a0 \u00a0 \u00a0 \u00a0 \u00a0 \u00a0 \u00a0 \u00a0 \u00a0 \u00a0 \u00a0 \u00a0 \u00a0 \u00a0 \u00a0 \u00a0 Les eleccions per a la constituci\u00f3 o renovaci\u00f3 de membres del consell escolar, les convoca el director o directora del centre p\u00fablic, amb quinze dies d\u2019antelaci\u00f3, dintre del per\u00edode que fixa el Departament d\u2019Ensenyament.\u00a0 \u00a0 \u00a0 \u00a0 \u00a0 \u00a0 \u00a0 \u00a0 \u00a0 \u00a0 \u00a0 \u00a0 \u00a0 \u00a0 \u00a0 \u00a0 \u00a0 \u00a0 \u00a0 \u00a0 \u00a0 \u00a0 \u00a0 \u00a0 \u00a0 \u00a0 \u00a0 \u00a0 \u00a0 \u00a0 \u00a0 \u00a0 \u00a0 \u00a0 \u00a0 \u00a0 \u00a0 \u00a0 \u00a0 \u00a0 \u00a0 \u00a0 \u00a0 \u00a0 \u00a0 \u00a0 \u00a0 \u00a0 \u00a0 \u00a0 \u00a0 \u00a0 \u00a0 \u00a0 \u00a0 \u00a0 \u00a0 \u00a0 \u00a0 \u00a0 \u00a0 \u00a0 \u00a0 \u00a0 \u00a0 \u00a0 \u00a0 \u00a0 \u00a0 \u00a0 \u00a0 \u00a0 \u00a0 \u00a0 \u00a0 \u00a0 \u00a0 \u00a0 \u00a0 \u00a0 \u00a0 \u00a0 \u00a0 \u00a0 \u00a0 \u00a0 \u00a0 \u00a0 \u00a0 \u00a0 \u00a0 \u00a0 \u00a0 \u00a0 \u00a0 \u00a0 \u00a0 \u00a0 \u00a0 \u00a0 \u00a0 \u00a0 \u00a0 \u00a0 \u00a0 \u00a0 \u00a0 \u00a0 \u00a0 \u00a0 \u00a0 \u00a0 \u00a0 \u00a0 \u00a0 \u00a0 \u00a0 \u00a0 \u00a0 \u00a0 \u00a0 \u00a0 \u00a0 \u00a0 \u00a0 \u00a0 \u00a0 \u00a0 \u00a0Les vacants del consell escolar s\u2019han d\u2019ocupar pel procediment establert a les normes d\u2019organitzaci\u00f3 i funcionament del centre; si aquestes no ho preveuen, les ha d\u2019ocupar la seg\u00fcent candidatura m\u00e9s votada en les darreres eleccions. Si no hi ha m\u00e9s candidats o candidates per cobrir-les, romanen sense cobrir fins a la propera renovaci\u00f3 del consell escolar.\u00a0 \u00a0 \u00a0 \u00a0 \u00a0 \u00a0 \u00a0 \u00a0 \u00a0 \u00a0 \u00a0 \u00a0 \u00a0 \u00a0 \u00a0 \u00a0 La condici\u00f3 de membre del consell escolar es perd quan es deixa el c\u00e0rrec que comporta ser-ne membre, quan es deixa de complir algun dels requisits per ser elegible o quan l\u2019\u00f2rgan que l\u2019ha designat en revoca la designaci\u00f3.<\/p>\n<p style=\"text-align: left;\"><strong>El Consell Escolar de l&#8217;Escola Ardenya el formen, en aquests moments:<\/strong><\/p>\n<table style=\"height: 1052px;\">\n<tbody>\n<tr style=\"height: 55px;\">\n<td style=\"height: 55px;\" width=\"132\">\n<p style=\"text-align: center;\"><strong>Directora<\/strong><\/p>\n<\/td>\n<td style=\"height: 55px;\" width=\"240\">Laura Barba Vidal<\/td>\n<\/tr>\n<tr style=\"height: 55px;\">\n<td style=\"height: 55px;\" width=\"132\">\n<p style=\"text-align: center;\"><strong>Cap d\u2019Estudis<\/strong><\/p>\n<\/td>\n<td style=\"height: 55px;\" width=\"240\">Laura Hereu Prats<\/td>\n<\/tr>\n<tr style=\"height: 95px;\">\n<td style=\"height: 95px;\" width=\"132\">\n<p style=\"text-align: center;\"><strong>Secret\u00e0ria<\/strong><\/p>\n<\/td>\n<td style=\"height: 95px;\" width=\"240\">Denitsa Peneva<\/td>\n<\/tr>\n<tr style=\"height: 55px;\">\n<td style=\"height: 330px;\" rowspan=\"6\" width=\"132\">\n<p style=\"text-align: center;\"><strong>Sector Mestres<\/strong><\/p>\n<\/td>\n<td style=\"height: 55px;\" width=\"240\"><span style=\"background-color: #ffffff;\">Gisela Tenedor Ruiz<\/span><\/td>\n<\/tr>\n<tr style=\"height: 55px;\">\n<td style=\"height: 55px;\" width=\"240\"><span style=\"background-color: #f9f9f9;\">M\u00edriam Serrano Urgel<\/span><\/td>\n<\/tr>\n<tr style=\"height: 55px;\">\n<td style=\"height: 55px;\" width=\"240\">M\u00f2nica Fern\u00e0ndez Donatiu<\/td>\n<\/tr>\n<tr style=\"height: 55px;\">\n<td style=\"height: 55px;\" width=\"240\">Noem\u00ed Le\u00f3n Molina<\/td>\n<\/tr>\n<tr style=\"height: 55px;\">\n<td style=\"height: 55px;\" width=\"240\">Ana Maria Tomas Pellicer<\/td>\n<\/tr>\n<tr style=\"height: 55px;\">\n<td style=\"height: 55px;\" width=\"240\">Cristina Pulido Rodr\u00edguez<\/td>\n<\/tr>\n<tr style=\"height: 55px;\">\n<td style=\"height: 286px;\" rowspan=\"5\" width=\"132\">\n<p style=\"text-align: center;\"><strong>Sector Mares i Pares<\/strong><\/p>\n<\/td>\n<td style=\"height: 55px;\" width=\"240\">Richard Navarro Ayats<\/td>\n<\/tr>\n<tr style=\"height: 66px;\">\n<td style=\"height: 66px;\" width=\"240\">Maria Aroha Haro Carpio<\/td>\n<\/tr>\n<tr style=\"height: 55px;\">\n<td style=\"height: 55px;\" width=\"240\">Isabel Moreno Menor<\/td>\n<\/tr>\n<tr style=\"height: 55px;\">\n<td style=\"height: 55px;\" width=\"240\">Marta Vilalta Cardona<\/td>\n<\/tr>\n<tr style=\"height: 55px;\">\n<td style=\"height: 55px;\" width=\"240\"><span style=\"font-weight: 400;\">Mireya Estragu\u00e9s de Tena<\/span><\/td>\n<\/tr>\n<tr style=\"height: 77px;\">\n<td style=\"height: 77px;\" width=\"132\">\n<p style=\"text-align: center;\"><strong>Representant AMPA<\/strong><\/p>\n<\/td>\n<td style=\"height: 77px;\" width=\"240\">Elisabet Granado Calvillo<\/td>\n<\/tr>\n<tr style=\"height: 77px;\">\n<td style=\"height: 77px;\" width=\"132\">\n<p style=\"text-align: center;\"><strong>Representant PAS<\/strong><\/p>\n<\/td>\n<td style=\"height: 77px;\" width=\"240\">Pep P\u00e9rez i Brugu\u00e9s<\/td>\n<\/tr>\n<tr style=\"height: 77px;\">\n<td style=\"height: 77px;\" width=\"132\">\n<p style=\"text-align: center;\"><strong>Representant Ajuntament<\/strong><\/p>\n<\/td>\n<td style=\"height: 77px;\" width=\"240\">Laura Serrano G\u00e1lvez<\/td>\n<\/tr>\n<\/tbody>\n<\/table>\n<p>&nbsp;<\/p>\n<\/div>\n<\/div>\n<\/div>\n<\/div>\n<\/div>\n<\/div>\n","protected":false},"excerpt":{"rendered":"<p>Les mares i els pares dels alumnes matriculats en un centre educatiu, per mitj\u00e0 dels representants escollits en les eleccions, [&hellip;]<\/p>\n","protected":false},"author":1,"featured_media":0,"parent":22,"menu_order":30,"comment_status":"closed","ping_status":"closed","template":"page-templates\/side-menu.php","meta":{"_bbp_topic_count":0,"_bbp_reply_count":0,"_bbp_total_topic_count":0,"_bbp_total_reply_count":0,"_bbp_voice_count":0,"_bbp_anonymous_reply_count":0,"_bbp_topic_count_hidden":0,"_bbp_reply_count_hidden":0,"_bbp_forum_subforum_count":0,"site-sidebar-layout":"default","site-content-layout":"","ast-site-content-layout":"","site-content-style":"default","site-sidebar-style":"default","ast-global-header-display":"","ast-banner-title-visibility":"","ast-main-header-display":"","ast-hfb-above-header-display":"","ast-hfb-below-header-display":"","ast-hfb-mobile-header-display":"","site-post-title":"","ast-breadcrumbs-content":"","ast-featured-img":"","footer-sml-layout":"","theme-transparent-header-meta":"","adv-header-id-meta":"","stick-header-meta":"","header-above-stick-meta":"","header-main-stick-meta":"","header-below-stick-meta":"","astra-migrate-meta-layouts":"default","ast-page-background-enabled":"default","ast-page-background-meta":{"desktop":{"background-color":"var(--ast-global-color-4)","background-image":"","background-repeat":"repeat","background-position":"center center","background-size":"auto","background-attachment":"scroll","background-type":"","background-media":"","overlay-type":"","overlay-color":"","overlay-opacity":"","overlay-gradient":""},"tablet":{"background-color":"","background-image":"","background-repeat":"repeat","background-position":"center center","background-size":"auto","background-attachment":"scroll","background-type":"","background-media":"","overlay-type":"","overlay-color":"","overlay-opacity":"","overlay-gradient":""},"mobile":{"background-color":"","background-image":"","background-repeat":"repeat","background-position":"center center","background-size":"auto","background-attachment":"scroll","background-type":"","background-media":"","overlay-type":"","overlay-color":"","overlay-opacity":"","overlay-gradient":""}},"ast-content-background-meta":{"desktop":{"background-color":"var(--ast-global-color-5)","background-image":"","background-repeat":"repeat","background-position":"center center","background-size":"auto","background-attachment":"scroll","background-type":"","background-media":"","overlay-type":"","overlay-color":"","overlay-opacity":"","overlay-gradient":""},"tablet":{"background-color":"var(--ast-global-color-5)","background-image":"","background-repeat":"repeat","background-position":"center center","background-size":"auto","background-attachment":"scroll","background-type":"","background-media":"","overlay-type":"","overlay-color":"","overlay-opacity":"","overlay-gradient":""},"mobile":{"background-color":"var(--ast-global-color-5)","background-image":"","background-repeat":"repeat","background-position":"center center","background-size":"auto","background-attachment":"scroll","background-type":"","background-media":"","overlay-type":"","overlay-color":"","overlay-opacity":"","overlay-gradient":""}},"footnotes":""},"class_list":["post-28","page","type-page","status-publish","hentry"],"post_mailing_queue_ids":[],"_links":{"self":[{"href":"https:\/\/agora.xtec.cat\/escardenya\/wp-json\/wp\/v2\/pages\/28","targetHints":{"allow":["GET"]}}],"collection":[{"href":"https:\/\/agora.xtec.cat\/escardenya\/wp-json\/wp\/v2\/pages"}],"about":[{"href":"https:\/\/agora.xtec.cat\/escardenya\/wp-json\/wp\/v2\/types\/page"}],"author":[{"embeddable":true,"href":"https:\/\/agora.xtec.cat\/escardenya\/wp-json\/wp\/v2\/users\/1"}],"replies":[{"embeddable":true,"href":"https:\/\/agora.xtec.cat\/escardenya\/wp-json\/wp\/v2\/comments?post=28"}],"version-history":[{"count":3,"href":"https:\/\/agora.xtec.cat\/escardenya\/wp-json\/wp\/v2\/pages\/28\/revisions"}],"predecessor-version":[{"id":5838,"href":"https:\/\/agora.xtec.cat\/escardenya\/wp-json\/wp\/v2\/pages\/28\/revisions\/5838"}],"up":[{"embeddable":true,"href":"https:\/\/agora.xtec.cat\/escardenya\/wp-json\/wp\/v2\/pages\/22"}],"wp:attachment":[{"href":"https:\/\/agora.xtec.cat\/escardenya\/wp-json\/wp\/v2\/media?parent=28"}],"curies":[{"name":"wp","href":"https:\/\/api.w.org\/{rel}","templated":true}]}}