{"id":777,"date":"2016-09-12T12:44:48","date_gmt":"2016-09-12T10:44:48","guid":{"rendered":"http:\/\/agora.xtec.cat\/escalmenar\/?page_id=777"},"modified":"2025-02-26T23:01:42","modified_gmt":"2025-02-26T22:01:42","slug":"personal-del-centre","status":"publish","type":"page","link":"https:\/\/agora.xtec.cat\/escalmenar\/lescola\/personal-del-centre\/","title":{"rendered":"Personal del centre"},"content":{"rendered":"<header class=\"entry-header\">\n<h5 class=\"entry-title\"><a href=\"http:\/\/agora.xtec.cat\/escalmenar\/wp-content\/uploads\/usu824\/2016\/09\/equip-huma.jpg\"><img loading=\"lazy\" decoding=\"async\" class=\"alignnone wp-image-781\" src=\"http:\/\/agora.xtec.cat\/escalmenar\/wp-content\/uploads\/usu824\/2016\/09\/equip-huma.jpg\" alt=\"equip huma\" width=\"343\" height=\"184\" srcset=\"https:\/\/agora.xtec.cat\/escalmenar\/wp-content\/uploads\/usu824\/2016\/09\/equip-huma.jpg 574w, https:\/\/agora.xtec.cat\/escalmenar\/wp-content\/uploads\/usu824\/2016\/09\/equip-huma-300x161.jpg 300w\" sizes=\"auto, (max-width: 343px) 100vw, 343px\" \/><\/a><\/h5>\n<h1><span style=\"color: #339966;\">Curs 2024-2025<\/span><\/h1>\n<h5 class=\"entry-title\"><b>Equip directiu<\/b><\/h5>\n<\/header>\n<div class=\"entry-content\">\n<table style=\"width: 44.7699%;\">\n<tbody>\n<tr>\n<td style=\"width: 16.6631%;\"><strong>Director<\/strong><\/td>\n<td style=\"width: 96.7241%;\">Daniel Hern\u00e1ndez i Ruz<\/td>\n<\/tr>\n<tr>\n<td style=\"width: 16.6631%;\"><strong>Cap d\u2019estudis<\/strong><\/td>\n<td style=\"width: 96.7241%;\">Patr\u00edcia Cazalilla i Ch\u00e9rcoles<\/td>\n<\/tr>\n<tr>\n<td style=\"width: 16.6631%;\"><strong>Secretaria<\/strong><\/td>\n<td style=\"width: 96.7241%;\">Arantxa Ibarz i Maga\u00f1a<\/td>\n<\/tr>\n<\/tbody>\n<\/table>\n<h5><b>Coordinadores de Cicle<\/b><\/h5>\n<table style=\"width: 44.7137%;\">\n<tbody>\n<tr>\n<td style=\"width: 20.387%;\"><strong>Coordinadora d\u2019Educaci\u00f3 Infantil<\/strong><\/td>\n<td style=\"width: 71.231%;\">Dolors Raid\u00f3 i Mangues<\/td>\n<\/tr>\n<tr>\n<td style=\"width: 20.387%;\"><strong>Coordinadora de Cicle Inicial<\/strong><\/td>\n<td style=\"width: 71.231%;\">L\u00eddia Romeo i Sancho<\/td>\n<\/tr>\n<tr>\n<td style=\"width: 20.387%;\"><strong>Coordinadora de Cicle Mitj\u00e0<\/strong><\/td>\n<td style=\"width: 71.231%;\">M\u00edriam Genestar i L\u00f3pez<\/td>\n<\/tr>\n<tr>\n<td style=\"width: 20.387%;\"><strong>Coordinadora de Cicle Superior<\/strong><\/td>\n<td style=\"width: 71.231%;\">Maria Molina i Gay<\/td>\n<\/tr>\n<\/tbody>\n<\/table>\n<h5><strong>Tutories d\u2019Educaci\u00f3 Infantil<\/strong><\/h5>\n<table style=\"width: 44.6635%; height: 112px;\">\n<tbody>\n<tr style=\"height: 46px;\">\n<td style=\"width: 14.5012%; height: 46px;\"><strong>I3 A<\/strong><\/td>\n<td style=\"width: 166.489%; height: 46px;\">Pilar Pall\u00e0s i Segura<\/td>\n<\/tr>\n<tr>\n<td style=\"width: 14.5012%;\"><strong>I3 B<\/strong><\/td>\n<td style=\"width: 166.489%;\">Lorena Segura i Biescas (Maria Jes\u00fas Baradad i Cabezas)<\/td>\n<\/tr>\n<tr style=\"height: 33px;\">\n<td style=\"width: 14.5012%; height: 33px;\"><strong>I4\u00a0<\/strong><\/td>\n<td style=\"width: 166.489%; height: 33px;\">Anna M. Ibars i Segarra (Sheila Llasera i Garriga)<\/td>\n<\/tr>\n<tr style=\"height: 33px;\">\n<td style=\"width: 14.5012%; height: 33px;\"><strong>I5<\/strong><\/td>\n<td style=\"width: 166.489%; height: 33px;\">Teresa Sard\u00e0 i Purroy<\/td>\n<\/tr>\n<\/tbody>\n<\/table>\n<h5><strong>Mestres de suport\u00a0\u00a0d\u2019Educaci\u00f3 Infantil<\/strong><\/h5>\n<table style=\"height: 96px; width: 44.7904%;\" width=\"325\">\n<tbody>\n<tr style=\"height: 32px;\">\n<td style=\"width: 14.4174%; height: 32px;\"><strong>Suport\u00a0<\/strong><\/td>\n<td style=\"width: 75.4113%; height: 32px;\">Dolors Raid\u00f3 i Mangues<\/td>\n<\/tr>\n<tr style=\"height: 32px;\">\n<td style=\"width: 14.4174%; height: 32px;\"><strong><em>MALL i Llengua anglesa I3 i I4<\/em><\/strong><\/td>\n<td style=\"width: 75.4113%; height: 32px;\">Alba Gabriel iTorrens<\/td>\n<\/tr>\n<tr>\n<td style=\"width: 14.4174%;\"><strong><em>Llengua anglesa I5<\/em><\/strong><\/td>\n<td style=\"width: 75.4113%;\">Ma Llu\u00efsa Ferrando i Eroles<\/td>\n<\/tr>\n<tr style=\"height: 32px;\">\n<td style=\"width: 14.4174%; height: 32px;\"><strong>TEI<\/strong><\/td>\n<td style=\"width: 75.4113%; height: 32px;\">S\u00f2nia Santos Garcia<\/td>\n<\/tr>\n<\/tbody>\n<\/table>\n<h5><strong>Tutories d\u2019Educaci\u00f3 Prim\u00e0ria<\/strong><\/h5>\n<table style=\"height: 352px; width: 44.9058%;\">\n<tbody>\n<tr style=\"height: 32px;\">\n<td style=\"height: 32px; width: 25.1366%;\"><strong>1r<\/strong><\/td>\n<td style=\"text-align: left; height: 32px; width: 152.6%;\">Maria Fontova i Pons<\/td>\n<\/tr>\n<tr style=\"height: 32px;\">\n<td style=\"height: 32px; width: 25.1366%;\"><strong>2n<\/strong><\/td>\n<td style=\"text-align: left; height: 32px; width: 152.6%;\">Lidia Romeo i Sancho<\/td>\n<\/tr>\n<tr style=\"height: 32px;\">\n<td style=\"height: 32px; width: 25.1366%;\"><strong>3rA<\/strong><\/td>\n<td style=\"text-align: left; height: 32px; width: 152.6%;\">Elisenda Mart\u00ednez i G\u00f3mez<\/td>\n<\/tr>\n<tr style=\"height: 32px;\">\n<td style=\"height: 32px; width: 25.1366%;\"><strong>3rB<\/strong><\/td>\n<td style=\"text-align: left; height: 32px; width: 152.6%;\">Nereida Santalusia i Lloan<\/td>\n<\/tr>\n<tr style=\"height: 32px;\">\n<td style=\"height: 32px; width: 25.1366%;\"><strong>4t A<\/strong><\/td>\n<td style=\"text-align: left; height: 32px; width: 152.6%;\">Elisenda Mart\u00ednez i G\u00f3mez<\/td>\n<\/tr>\n<tr style=\"height: 32px;\">\n<td style=\"height: 32px; width: 25.1366%;\"><strong>4t B<\/strong><\/td>\n<td style=\"text-align: left; height: 32px; width: 152.6%;\">Anna Miranda i Vidal<\/td>\n<\/tr>\n<tr style=\"height: 32px;\">\n<td style=\"height: 32px; width: 25.1366%;\"><strong>5\u00e8A<\/strong><\/td>\n<td style=\"text-align: left; height: 32px; width: 152.6%;\">Joan Magr\u00ed i Cavero<\/td>\n<\/tr>\n<tr style=\"height: 32px;\">\n<td style=\"height: 32px; width: 25.1366%;\"><strong>5\u00e8B<\/strong><\/td>\n<td style=\"text-align: left; height: 32px; width: 152.6%;\">Maria Molina i Gay<\/td>\n<\/tr>\n<tr style=\"height: 32px;\">\n<td style=\"height: 32px; width: 25.1366%;\"><strong>6\u00e8 A<\/strong><\/td>\n<td style=\"text-align: left; height: 32px; width: 152.6%;\">\u00c1gata G\u00f3mez i Barba<\/td>\n<\/tr>\n<tr>\n<td style=\"width: 25.1366%;\"><strong>6\u00e8 B<\/strong><\/td>\n<td style=\"text-align: left; width: 152.6%;\">David Gim\u00e9nez Vall\u00e8s<\/td>\n<\/tr>\n<\/tbody>\n<\/table>\n<h5><strong>Mestres especialistes\u00a0<\/strong><\/h5>\n<table style=\"height: 394px; width: 45.079%;\" width=\"586\">\n<tbody>\n<tr style=\"height: 33px;\">\n<td style=\"width: 25.0647%; height: 33px;\"><strong><em>Especialista d\u2019angl\u00e8s I5, CI i CM i Tallers d&#8217;ART en angl\u00e8s<\/em><\/strong><\/td>\n<td style=\"width: 41.8425%; height: 33px;\">Llu\u00efsa Ferrando i Eroles<\/td>\n<\/tr>\n<tr style=\"height: 49px;\">\n<td style=\"width: 25.0647%; height: 49px;\"><strong><em>Especialistes d\u2019angl\u00e8s CS i Tallers d&#8217;ART en angl\u00e8s<\/em><\/strong><\/td>\n<td style=\"width: 41.8425%; height: 49px;\">Patr\u00edcia Cazalilla i Ch\u00e9rcolesMaria Molina i Gay<\/td>\n<\/tr>\n<tr style=\"height: 49px;\">\n<td style=\"width: 25.0647%; height: 49px;\"><em><strong>Especialista d\u2019educaci\u00f3 f\u00edsica\u00a0<\/strong><\/em><\/td>\n<td style=\"width: 41.8425%; height: 49px;\">Manel Gr\u00e0cia i Peir\u00f3<\/td>\n<\/tr>\n<tr style=\"height: 33px;\">\n<td style=\"width: 25.0647%; height: 33px;\"><em>\u00a0<strong>Especialista de m\u00fasica <\/strong><\/em><\/td>\n<td style=\"width: 41.8425%; height: 33px;\">Nereida Santallusia i Lloan<\/td>\n<\/tr>\n<tr style=\"height: 49px;\">\n<td style=\"width: 25.0647%; height: 49px;\"><strong><em>Especialista Pedagogia Terap\u00e8utica<\/em><\/strong><\/td>\n<td style=\"width: 41.8425%; height: 49px;\">Laia Gonz\u00e1lez i L\u00f3pez<\/td>\n<\/tr>\n<tr>\n<td style=\"width: 25.0647%;\"><strong><em>Mestra Audici\u00f3 i Llenguatge<\/em><\/strong><\/td>\n<td style=\"width: 41.8425%;\">Alba Gabriel i Torrens<\/td>\n<\/tr>\n<tr style=\"height: 33px;\">\n<td style=\"width: 25.0647%; height: 33px;\"><strong><em>Especialista de Prim\u00e0ria<\/em><\/strong><\/td>\n<td style=\"width: 41.8425%; height: 33px;\">Marta Arasanz i Riba<\/td>\n<\/tr>\n<tr style=\"height: 33px;\">\n<td style=\"width: 25.0647%; height: 33px;\"><strong><em>Especialista de Prim\u00e0ria\u00a0\u00a0<\/em><\/strong><\/td>\n<td style=\"width: 41.8425%; height: 33px;\">Arantxa Ibarz i Maga\u00f1a<\/td>\n<\/tr>\n<tr style=\"height: 33px;\">\n<td style=\"width: 25.0647%; height: 33px;\"><strong><em>Especialista de Prim\u00e0ria\u00a0\u00a0<\/em><\/strong><\/td>\n<td style=\"width: 41.8425%; height: 33px;\">Daniel Hern\u00e1ndez i Ruz<\/td>\n<\/tr>\n<tr style=\"height: 33px;\">\n<td style=\"width: 25.0647%; height: 33px;\"><strong><em>Especialista de Religi\u00f3<\/em><\/strong><\/td>\n<td style=\"width: 41.8425%; height: 33px;\">Mercedes Prieto Ruiz<\/td>\n<\/tr>\n<\/tbody>\n<\/table>\n<h5><b><\/b><b>Altres Coordinacions<\/b><\/h5>\n<table style=\"width: 45.0261%;\">\n<tbody>\n<tr>\n<td style=\"width: 37.6817%;\"><strong>Coordinador EDC<\/strong><\/td>\n<td style=\"width: 156.387%;\">Manel Gr\u00e0cia Peir\u00f3<\/td>\n<\/tr>\n<tr>\n<td style=\"width: 37.6817%;\"><strong>Coordinadora Riscos laborals<\/strong><\/td>\n<td style=\"width: 156.387%;\">Dolors Raid\u00f3 Mangues<\/td>\n<\/tr>\n<tr>\n<td style=\"width: 37.6817%;\"><strong>Coordinadora Ling\u00fc\u00edstica<\/strong><\/td>\n<td style=\"width: 156.387%;\">Llu\u00efsa Riu Magr\u00ed<\/td>\n<\/tr>\n<tr>\n<td style=\"width: 37.6817%;\"><strong>Coordinadora Pr\u00e0ctiques<\/strong><\/td>\n<td style=\"width: 156.387%;\">Arantxa Ibarz Maga\u00f1a<\/td>\n<\/tr>\n<tr>\n<td style=\"width: 37.6817%;\"><strong>Coordinadora Igualtat<\/strong><\/td>\n<td style=\"width: 156.387%;\">Montserrat Montagut Ricart<\/td>\n<\/tr>\n<\/tbody>\n<\/table>\n<h5><b>Personal no docent<\/b><\/h5>\n<table style=\"width: 45.0456%;\">\n<tbody>\n<tr>\n<td style=\"width: 37.744%;\"><strong>Auxiliar Administrativa<\/strong><\/td>\n<td style=\"width: 156.424%;\">Pilar Vendrell i Regu\u00e9<\/td>\n<\/tr>\n<tr>\n<td style=\"width: 37.744%;\"><strong>Auxiliars d&#8217;Educaci\u00f3 Especial<\/strong><\/td>\n<td style=\"width: 156.424%;\">Joana Dalf\u00f3 i Altemir,Encarna Garriga i Plasencia<\/p>\n<p>M\u00f2nica Malla i Ballest\u00e9<\/td>\n<\/tr>\n<\/tbody>\n<\/table>\n<h5><b>Altres Professionals d&#8217;Educaci\u00f3<\/b><\/h5>\n<table style=\"width: 45.1391%;\">\n<tbody>\n<tr>\n<td style=\"width: 37.3057%;\"><strong>Psicopedagoga de L&#8217;EAP<\/strong><\/td>\n<td style=\"width: 30.7427%;\">Berta Morell i Ferrer<\/td>\n<td style=\"width: 58.1274%;\">Dijous mat\u00ed i primer dilluns de cada mes<\/td>\n<\/tr>\n<tr>\n<td style=\"width: 37.3057%;\"><strong>Treballadora Social de L&#8217;EAP<\/strong><\/td>\n<td style=\"width: 30.7427%;\">Sandra Espejo i Barreda<\/td>\n<td style=\"width: 58.1274%;\">Dimecres quinzenalment<\/td>\n<\/tr>\n<tr>\n<td style=\"width: 37.3057%;\"><strong>Logopeda CREDA<\/strong><\/td>\n<td style=\"width: 30.7427%;\">D\u00e8lia Sacrist\u00e1n i Deandr\u00e9s<\/td>\n<td style=\"width: 58.1274%;\">Setmanalment<\/td>\n<\/tr>\n<tr>\n<td style=\"width: 37.3057%;\"><strong>Fisioterapeuta<\/strong><\/td>\n<td style=\"width: 30.7427%;\">\u00a0Rosana Llurda i Manzana<\/td>\n<td style=\"width: 58.1274%;\">Al llarg del curs<\/td>\n<\/tr>\n<tr>\n<td style=\"width: 37.3057%;\"><strong>Assessora LIC<\/strong><\/td>\n<td style=\"width: 30.7427%;\">Montse Via\u00f1a i Charles<\/td>\n<td style=\"width: 58.1274%;\">Al llarg del curs<\/td>\n<\/tr>\n<tr>\n<td style=\"width: 37.3057%;\"><strong>Assessora CRETDIC<\/strong><\/td>\n<td style=\"width: 30.7427%;\">Andrea Zapater<\/td>\n<td style=\"width: 58.1274%;\">Al llarg del curs<\/td>\n<\/tr>\n<tr>\n<td style=\"width: 37.3057%;\"><strong>Inspector d&#8217;Educaci\u00f3<\/strong><\/td>\n<td style=\"width: 30.7427%;\">\u00c0ngel Solans i Benavent<\/td>\n<td style=\"width: 58.1274%;\">Al llarg del curs<\/td>\n<\/tr>\n<\/tbody>\n<\/table>\n<\/div>\n","protected":false},"excerpt":{"rendered":"<p>Curs 2024-2025 Equip directiu Director Daniel Hern\u00e1ndez i Ruz Cap d\u2019estudis Patr\u00edcia Cazalilla i Ch\u00e9rcoles Secretaria Arantxa Ibarz i Maga\u00f1a [&hellip;]<\/p>\n","protected":false},"author":3,"featured_media":0,"parent":22,"menu_order":3,"comment_status":"closed","ping_status":"closed","template":"","meta":{"_bbp_topic_count":0,"_bbp_reply_count":0,"_bbp_total_topic_count":0,"_bbp_total_reply_count":0,"_bbp_voice_count":0,"_bbp_anonymous_reply_count":0,"_bbp_topic_count_hidden":0,"_bbp_reply_count_hidden":0,"_bbp_forum_subforum_count":0,"site-sidebar-layout":"default","site-content-layout":"","ast-site-content-layout":"default","site-content-style":"default","site-sidebar-style":"default","ast-global-header-display":"","ast-banner-title-visibility":"","ast-main-header-display":"","ast-hfb-above-header-display":"","ast-hfb-below-header-display":"","ast-hfb-mobile-header-display":"","site-post-title":"","ast-breadcrumbs-content":"","ast-featured-img":"","footer-sml-layout":"","theme-transparent-header-meta":"","adv-header-id-meta":"","stick-header-meta":"","header-above-stick-meta":"","header-main-stick-meta":"","header-below-stick-meta":"","astra-migrate-meta-layouts":"set","ast-page-background-enabled":"default","ast-page-background-meta":{"desktop":{"background-color":"var(--ast-global-color-4)","background-image":"","background-repeat":"repeat","background-position":"center center","background-size":"auto","background-attachment":"scroll","background-type":"","background-media":"","overlay-type":"","overlay-color":"","overlay-opacity":"","overlay-gradient":""},"tablet":{"background-color":"","background-image":"","background-repeat":"repeat","background-position":"center center","background-size":"auto","background-attachment":"scroll","background-type":"","background-media":"","overlay-type":"","overlay-color":"","overlay-opacity":"","overlay-gradient":""},"mobile":{"background-color":"","background-image":"","background-repeat":"repeat","background-position":"center center","background-size":"auto","background-attachment":"scroll","background-type":"","background-media":"","overlay-type":"","overlay-color":"","overlay-opacity":"","overlay-gradient":""}},"ast-content-background-meta":{"desktop":{"background-color":"var(--ast-global-color-5)","background-image":"","background-repeat":"repeat","background-position":"center center","background-size":"auto","background-attachment":"scroll","background-type":"","background-media":"","overlay-type":"","overlay-color":"","overlay-opacity":"","overlay-gradient":""},"tablet":{"background-color":"var(--ast-global-color-5)","background-image":"","background-repeat":"repeat","background-position":"center center","background-size":"auto","background-attachment":"scroll","background-type":"","background-media":"","overlay-type":"","overlay-color":"","overlay-opacity":"","overlay-gradient":""},"mobile":{"background-color":"var(--ast-global-color-5)","background-image":"","background-repeat":"repeat","background-position":"center center","background-size":"auto","background-attachment":"scroll","background-type":"","background-media":"","overlay-type":"","overlay-color":"","overlay-opacity":"","overlay-gradient":""}},"footnotes":""},"class_list":["post-777","page","type-page","status-publish","hentry"],"post_mailing_queue_ids":[],"_links":{"self":[{"href":"https:\/\/agora.xtec.cat\/escalmenar\/wp-json\/wp\/v2\/pages\/777","targetHints":{"allow":["GET"]}}],"collection":[{"href":"https:\/\/agora.xtec.cat\/escalmenar\/wp-json\/wp\/v2\/pages"}],"about":[{"href":"https:\/\/agora.xtec.cat\/escalmenar\/wp-json\/wp\/v2\/types\/page"}],"author":[{"embeddable":true,"href":"https:\/\/agora.xtec.cat\/escalmenar\/wp-json\/wp\/v2\/users\/3"}],"replies":[{"embeddable":true,"href":"https:\/\/agora.xtec.cat\/escalmenar\/wp-json\/wp\/v2\/comments?post=777"}],"version-history":[{"count":6,"href":"https:\/\/agora.xtec.cat\/escalmenar\/wp-json\/wp\/v2\/pages\/777\/revisions"}],"predecessor-version":[{"id":4791,"href":"https:\/\/agora.xtec.cat\/escalmenar\/wp-json\/wp\/v2\/pages\/777\/revisions\/4791"}],"up":[{"embeddable":true,"href":"https:\/\/agora.xtec.cat\/escalmenar\/wp-json\/wp\/v2\/pages\/22"}],"wp:attachment":[{"href":"https:\/\/agora.xtec.cat\/escalmenar\/wp-json\/wp\/v2\/media?parent=777"}],"curies":[{"name":"wp","href":"https:\/\/api.w.org\/{rel}","templated":true}]}}