{"id":77,"date":"2014-09-18T14:05:08","date_gmt":"2014-09-18T13:05:08","guid":{"rendered":"http:\/\/agora.xtec.cat\/escalmenar\/?page_id=77"},"modified":"2016-07-31T19:06:41","modified_gmt":"2016-07-31T17:06:41","slug":"acollida","status":"publish","type":"page","link":"https:\/\/agora.xtec.cat\/escalmenar\/serveis\/acollida\/","title":{"rendered":"Acollida"},"content":{"rendered":"<p><strong>L&#8217;Escola d&#8217;Almena<\/strong>r \u00e9s defineix com una escola integradora i com una escola inclusiva. La millora en la cohesi\u00f3 social \u00e9s un dels punts fonamentals dels nostre projecte educatiu.<\/p>\n<p>L&#8217;Escola t\u00e9 un Pla d&#8217;acollida per al nou alumnat i les seves fam\u00edlies. Tamb\u00e9 t\u00e9 un Pla d&#8217;acollida per al nou professorat.<\/p>\n<p>El centre t\u00e9 servei d\u2019Acollida matinal i servei de guarda per la tarda. Servei gestionat per l\u2019AMPA<\/p>\n<p style=\"text-align: center;\"><a href=\"http:\/\/agora.xtec.cat\/escalmenar\/wp-content\/uploads\/usu824\/2014\/09\/acollida.jpg\"><img loading=\"lazy\" decoding=\"async\" class=\"alignleft size-large wp-image-546\" src=\"http:\/\/agora.xtec.cat\/escalmenar\/wp-content\/uploads\/usu824\/2014\/09\/acollida-1024x615.jpg\" alt=\"acollida\" width=\"1024\" height=\"615\" srcset=\"https:\/\/agora.xtec.cat\/escalmenar\/wp-content\/uploads\/usu824\/2014\/09\/acollida-1024x615.jpg 1024w, https:\/\/agora.xtec.cat\/escalmenar\/wp-content\/uploads\/usu824\/2014\/09\/acollida-300x180.jpg 300w, https:\/\/agora.xtec.cat\/escalmenar\/wp-content\/uploads\/usu824\/2014\/09\/acollida-768x462.jpg 768w, https:\/\/agora.xtec.cat\/escalmenar\/wp-content\/uploads\/usu824\/2014\/09\/acollida.jpg 1308w\" sizes=\"auto, (max-width: 1024px) 100vw, 1024px\" \/><\/a><\/p>\n<p>&nbsp;<\/p>\n","protected":false},"excerpt":{"rendered":"<p>L&#8217;Escola d&#8217;Almenar \u00e9s defineix com una escola integradora i com una escola inclusiva. La millora en la cohesi\u00f3 social \u00e9s [&hellip;]<\/p>\n","protected":false},"author":1,"featured_media":0,"parent":66,"menu_order":20,"comment_status":"closed","ping_status":"closed","template":"page-templates\/side-menu.php","meta":{"_bbp_topic_count":0,"_bbp_reply_count":0,"_bbp_total_topic_count":0,"_bbp_total_reply_count":0,"_bbp_voice_count":0,"_bbp_anonymous_reply_count":0,"_bbp_topic_count_hidden":0,"_bbp_reply_count_hidden":0,"_bbp_forum_subforum_count":0,"site-sidebar-layout":"default","site-content-layout":"","ast-site-content-layout":"","site-content-style":"default","site-sidebar-style":"default","ast-global-header-display":"","ast-banner-title-visibility":"","ast-main-header-display":"","ast-hfb-above-header-display":"","ast-hfb-below-header-display":"","ast-hfb-mobile-header-display":"","site-post-title":"","ast-breadcrumbs-content":"","ast-featured-img":"","footer-sml-layout":"","theme-transparent-header-meta":"","adv-header-id-meta":"","stick-header-meta":"","header-above-stick-meta":"","header-main-stick-meta":"","header-below-stick-meta":"","astra-migrate-meta-layouts":"default","ast-page-background-enabled":"default","ast-page-background-meta":{"desktop":{"background-color":"var(--ast-global-color-4)","background-image":"","background-repeat":"repeat","background-position":"center center","background-size":"auto","background-attachment":"scroll","background-type":"","background-media":"","overlay-type":"","overlay-color":"","overlay-opacity":"","overlay-gradient":""},"tablet":{"background-color":"","background-image":"","background-repeat":"repeat","background-position":"center center","background-size":"auto","background-attachment":"scroll","background-type":"","background-media":"","overlay-type":"","overlay-color":"","overlay-opacity":"","overlay-gradient":""},"mobile":{"background-color":"","background-image":"","background-repeat":"repeat","background-position":"center center","background-size":"auto","background-attachment":"scroll","background-type":"","background-media":"","overlay-type":"","overlay-color":"","overlay-opacity":"","overlay-gradient":""}},"ast-content-background-meta":{"desktop":{"background-color":"var(--ast-global-color-5)","background-image":"","background-repeat":"repeat","background-position":"center center","background-size":"auto","background-attachment":"scroll","background-type":"","background-media":"","overlay-type":"","overlay-color":"","overlay-opacity":"","overlay-gradient":""},"tablet":{"background-color":"var(--ast-global-color-5)","background-image":"","background-repeat":"repeat","background-position":"center center","background-size":"auto","background-attachment":"scroll","background-type":"","background-media":"","overlay-type":"","overlay-color":"","overlay-opacity":"","overlay-gradient":""},"mobile":{"background-color":"var(--ast-global-color-5)","background-image":"","background-repeat":"repeat","background-position":"center center","background-size":"auto","background-attachment":"scroll","background-type":"","background-media":"","overlay-type":"","overlay-color":"","overlay-opacity":"","overlay-gradient":""}},"footnotes":""},"class_list":["post-77","page","type-page","status-publish","hentry"],"post_mailing_queue_ids":[],"_links":{"self":[{"href":"https:\/\/agora.xtec.cat\/escalmenar\/wp-json\/wp\/v2\/pages\/77","targetHints":{"allow":["GET"]}}],"collection":[{"href":"https:\/\/agora.xtec.cat\/escalmenar\/wp-json\/wp\/v2\/pages"}],"about":[{"href":"https:\/\/agora.xtec.cat\/escalmenar\/wp-json\/wp\/v2\/types\/page"}],"author":[{"embeddable":true,"href":"https:\/\/agora.xtec.cat\/escalmenar\/wp-json\/wp\/v2\/users\/1"}],"replies":[{"embeddable":true,"href":"https:\/\/agora.xtec.cat\/escalmenar\/wp-json\/wp\/v2\/comments?post=77"}],"version-history":[{"count":4,"href":"https:\/\/agora.xtec.cat\/escalmenar\/wp-json\/wp\/v2\/pages\/77\/revisions"}],"predecessor-version":[{"id":548,"href":"https:\/\/agora.xtec.cat\/escalmenar\/wp-json\/wp\/v2\/pages\/77\/revisions\/548"}],"up":[{"embeddable":true,"href":"https:\/\/agora.xtec.cat\/escalmenar\/wp-json\/wp\/v2\/pages\/66"}],"wp:attachment":[{"href":"https:\/\/agora.xtec.cat\/escalmenar\/wp-json\/wp\/v2\/media?parent=77"}],"curies":[{"name":"wp","href":"https:\/\/api.w.org\/{rel}","templated":true}]}}