{"id":64,"date":"2014-09-18T12:39:08","date_gmt":"2014-09-18T11:39:08","guid":{"rendered":"http:\/\/agora.xtec.cat\/escalmenar\/?page_id=64"},"modified":"2025-02-26T13:39:33","modified_gmt":"2025-02-26T12:39:33","slug":"projecte-educatiu","status":"publish","type":"page","link":"https:\/\/agora.xtec.cat\/escalmenar\/projecte-educatiu\/","title":{"rendered":"Projecte educatiu"},"content":{"rendered":"<p>La darrera revisi\u00f3 del PEC de l&#8217;Escola d&#8217;Almenar \u00e9s del juny de 2024, aquesta actualitzaci\u00f3 est\u00e0 feta d&#8217;acord amb la <a title=\"Article 91 LEC\" href=\"http:\/\/www20.gencat.cat\/portal\/site\/portaljuridic\/menuitem.d15a4e5dfb99396dc366ec10b0c0e1a0\/?vgnextoid=b85297b5a87d6210VgnVCM1000000b0c1e0aRCRD&amp;vgnextchannel=b85297b5a87d6210VgnVCM1000000b0c1e0aRCRD&amp;vgnextfmt=default&amp;action=fitxa&amp;portalId=1&amp;documentId=480169&amp;newLang=ca_ES#fragment-1182442\" target=\"_blank\" rel=\"noopener\">Llei d&#8217;Educaci\u00f3 de Catalunya<\/a>, el projecte educatiu incorpora el car\u00e0cter propi del centre i \u00a0cont\u00e9 els seg\u00fcents apartats:<\/p>\n<ol>\n<li><a href=\"#_Toc453145864\"><strong>I<\/strong><\/a><strong>NTRODUCCI\u00d3<\/strong><\/li>\n<li><strong>CONTEXT<\/strong><\/li>\n<li><strong>IDENTITAT I CAR\u00c0CTER PROPI<\/strong><\/li>\n<\/ol>\n<p>2.1.\u00a0\u00a0\u00a0\u00a0\u00a0\u00a0\u00a0 Principis rectors (LEC)<\/p>\n<p>2.2.\u00a0\u00a0\u00a0\u00a0\u00a0\u00a0\u00a0 Car\u00e0cter propi<\/p>\n<ol start=\"3\">\n<li><strong>CARACTER\u00cdSTIQUES DEL CENTRE<\/strong>\u00a0 \u00a0 \u00a0 \u00a0 \u00a0 \u00a0 \u00a0 \u00a0 \u00a0 \u00a0 \u00a0 \u00a0 \u00a0 \u00a0 \u00a0 \u00a0 \u00a0 \u00a0 \u00a0 \u00a0 \u00a0 \u00a0 \u00a0 \u00a0 \u00a0 \u00a0 \u00a0 \u00a0 \u00a0 \u00a0 \u00a0 \u00a0 \u00a0<img loading=\"lazy\" decoding=\"async\" class=\"alignright wp-image-479\" src=\"http:\/\/agora.xtec.cat\/escalmenar\/wp-content\/uploads\/usu824\/2014\/09\/pec.jpg\" alt=\"pec\" width=\"595\" height=\"851\" srcset=\"https:\/\/agora.xtec.cat\/escalmenar\/wp-content\/uploads\/usu824\/2014\/09\/pec.jpg 580w, https:\/\/agora.xtec.cat\/escalmenar\/wp-content\/uploads\/usu824\/2014\/09\/pec-210x300.jpg 210w\" sizes=\"auto, (max-width: 595px) 100vw, 595px\" \/><\/li>\n<li><strong>PLANTEJAMENTS EDUCATIUS<\/strong><\/li>\n<\/ol>\n<p>4.1.\u00a0\u00a0\u00a0\u00a0\u00a0\u00a0\u00a0 Prioritats i objectius educatius<\/p>\n<p>4.2.\u00a0\u00a0\u00a0\u00a0\u00a0\u00a0\u00a0 El projecte ling\u00fc\u00edstic (*)<\/p>\n<p>4.3.\u00a0\u00a0\u00a0\u00a0\u00a0\u00a0\u00a0 El projecte de socialitzaci\u00f3 de llibres de text (*)<\/p>\n<ol start=\"5\">\n<li><strong>EL CURR\u00cdCULUM<\/strong><\/li>\n<\/ol>\n<p>5.1.\u00a0\u00a0\u00a0\u00a0\u00a0\u00a0\u00a0 Criteris d\u2019organitzaci\u00f3 pedag\u00f2gica<\/p>\n<p>5.2.\u00a0\u00a0\u00a0\u00a0\u00a0\u00a0\u00a0 El projecte curricular (*)<\/p>\n<p>5.3.\u00a0\u00a0\u00a0\u00a0\u00a0\u00a0\u00a0 L\u2019avaluaci\u00f3 i promoci\u00f3<\/p>\n<ol start=\"6\">\n<li><strong>L\u2019ORGANITZACI\u00d3 (NOF*)<\/strong><\/li>\n<\/ol>\n<p>6.1.\u00a0\u00a0\u00a0\u00a0\u00a0\u00a0\u00a0 Criteris que defineixen l\u2019estructura organitzativa<\/p>\n<p>6.2.\u00a0\u00a0\u00a0\u00a0\u00a0\u00a0\u00a0 Organigrama<\/p>\n<p>6.3.\u00a0\u00a0\u00a0\u00a0\u00a0\u00a0\u00a0 Lideratge i equips de treball<\/p>\n<ol start=\"7\">\n<li><strong>LA INCLUSI\u00d3 (NOF*)<\/strong><\/li>\n<\/ol>\n<p>7.1.\u00a0\u00a0\u00a0\u00a0\u00a0\u00a0\u00a0 Principis d\u2019inclusi\u00f3 i coeducaci\u00f3<\/p>\n<p>7.2.\u00a0\u00a0\u00a0\u00a0\u00a0\u00a0\u00a0 L\u2019 acollida<\/p>\n<p>7.3.\u00a0\u00a0\u00a0\u00a0\u00a0\u00a0\u00a0 La diversitat<\/p>\n<p>7.4.\u00a0\u00a0\u00a0\u00a0\u00a0\u00a0\u00a0 Criteris que orienten l\u2019atenci\u00f3 a la diversitat<\/p>\n<ol start=\"8\">\n<li><strong>LA CONVIV\u00c8NCIA (NOF*)<\/strong><\/li>\n<\/ol>\n<p>8.1.\u00a0\u00a0\u00a0\u00a0\u00a0\u00a0\u00a0 Conviv\u00e8ncia i resoluci\u00f3 de conflictes<\/p>\n<p>8.2.\u00a0\u00a0\u00a0\u00a0\u00a0\u00a0\u00a0 Projecte de conviv\u00e8ncia<\/p>\n<ol start=\"9\">\n<li><strong>L\u2019ORIENTACI\u00d3 I LA TUTORIA (NOF*)<\/strong><\/li>\n<\/ol>\n<p>9.1.\u00a0\u00a0\u00a0\u00a0\u00a0\u00a0\u00a0 Objectius de l\u2019orientaci\u00f3 i el seguiment de l\u2019alumne<\/p>\n<p>9.2.\u00a0\u00a0\u00a0\u00a0\u00a0\u00a0\u00a0 Pla d\u2019acci\u00f3 tutorial (*)<\/p>\n<ol start=\"10\">\n<li><strong>LA PARTICIPACI\u00d3 (NOF*)<\/strong><\/li>\n<\/ol>\n<p>10.1.\u00a0\u00a0\u00a0\u00a0\u00a0 Mecanismes de participaci\u00f3<\/p>\n<p>10.2.\u00a0\u00a0\u00a0\u00a0\u00a0 \u00d2rgans de participaci\u00f3. Estructura organitzativa<\/p>\n<ol start=\"11\">\n<li><strong>L\u2019AVALUACI\u00d3 INTERNA<\/strong><\/li>\n<\/ol>\n<p>11.1.\u00a0\u00a0\u00a0\u00a0\u00a0 Indicadors de progr\u00e9s<\/p>\n<p>11.1.1.\u00a0 De context<\/p>\n<p>11.1.2.\u00a0 De resultats<\/p>\n<p>11.1.3.\u00a0 De processos<\/p>\n<p>11.1.4.\u00a0 De recursos<\/p>\n<ol start=\"12\">\n<li><strong>APROVACI\u00d3 I DIFUSI\u00d3 DEL PEC (NOF*)<\/strong><\/li>\n<\/ol>\n<p>12.1.\u00a0\u00a0\u00a0\u00a0\u00a0 Formulaci\u00f3 del PEC<\/p>\n<p>12.2.\u00a0\u00a0\u00a0\u00a0\u00a0 Aprovaci\u00f3, revisi\u00f3 i actualitzaci\u00f3 del PEC<\/p>\n<ol start=\"13\">\n<li><strong>NORMATIVA DE REFER\u00c8NCIA<\/strong><\/li>\n<li><strong>ANNEXOS<\/strong><\/li>\n<\/ol>\n<p>14.1.\u00a0\u00a0\u00a0\u00a0\u00a0 Normes d\u2019organitzaci\u00f3 i funcionament del centre (NOF)<\/p>\n<p>14.2.\u00a0\u00a0\u00a0\u00a0\u00a0 Projecte ling\u00fc\u00edstic del centre (PLIC)<\/p>\n<p>14.3.\u00a0\u00a0\u00a0\u00a0\u00a0 Projecte curricular del centre (PCC)<\/p>\n<p>14.4.\u00a0\u00a0\u00a0\u00a0\u00a0 Projecte de socialitzaci\u00f3 de llibres de text<\/p>\n<p>14.5.\u00a0\u00a0\u00a0\u00a0\u00a0 Pla d\u2019acollida del centre<\/p>\n<p>14.6.\u00a0\u00a0\u00a0\u00a0\u00a0 Pla d\u2019atenci\u00f3 a la diversitat del centre<\/p>\n<p>14.7.\u00a0\u00a0\u00a0\u00a0\u00a0 Projecte de conviv\u00e8ncia del centre<\/p>\n<p>14.8.\u00a0\u00a0\u00a0\u00a0\u00a0 Pla d\u2019acci\u00f3 tutorial (PAT)<\/p>\n<p>14.9.\u00a0\u00a0\u00a0\u00a0\u00a0 Pla TAC<\/p>\n<p>14.10.\u00a0\u00a0\u00a0 Pla de menjador<\/p>\n<p>14.11.\u00a0\u00a0\u00a0 Altres (carta de comprom\u00eds&#8230;)<\/p>\n<p><strong>\u00a0*\u00a0Documents recollits en els annexos.<\/strong><\/p>\n<p>Aquest document est\u00e0 a la secretaria del centre a disposici\u00f3 de tota la comunitat educativa de l&#8217;Escola d&#8217;Almenar.<\/p>\n","protected":false},"excerpt":{"rendered":"<p>La darrera revisi\u00f3 del PEC de l&#8217;Escola d&#8217;Almenar \u00e9s del juny de 2024, aquesta actualitzaci\u00f3 est\u00e0 feta d&#8217;acord amb la [&hellip;]<\/p>\n","protected":false},"author":1,"featured_media":0,"parent":0,"menu_order":10,"comment_status":"closed","ping_status":"closed","template":"","meta":{"_bbp_topic_count":0,"_bbp_reply_count":0,"_bbp_total_topic_count":0,"_bbp_total_reply_count":0,"_bbp_voice_count":0,"_bbp_anonymous_reply_count":0,"_bbp_topic_count_hidden":0,"_bbp_reply_count_hidden":0,"_bbp_forum_subforum_count":0,"site-sidebar-layout":"default","site-content-layout":"","ast-site-content-layout":"default","site-content-style":"default","site-sidebar-style":"default","ast-global-header-display":"","ast-banner-title-visibility":"","ast-main-header-display":"","ast-hfb-above-header-display":"","ast-hfb-below-header-display":"","ast-hfb-mobile-header-display":"","site-post-title":"","ast-breadcrumbs-content":"","ast-featured-img":"","footer-sml-layout":"","theme-transparent-header-meta":"","adv-header-id-meta":"","stick-header-meta":"","header-above-stick-meta":"","header-main-stick-meta":"","header-below-stick-meta":"","astra-migrate-meta-layouts":"set","ast-page-background-enabled":"default","ast-page-background-meta":{"desktop":{"background-color":"var(--ast-global-color-4)","background-image":"","background-repeat":"repeat","background-position":"center center","background-size":"auto","background-attachment":"scroll","background-type":"","background-media":"","overlay-type":"","overlay-color":"","overlay-opacity":"","overlay-gradient":""},"tablet":{"background-color":"","background-image":"","background-repeat":"repeat","background-position":"center center","background-size":"auto","background-attachment":"scroll","background-type":"","background-media":"","overlay-type":"","overlay-color":"","overlay-opacity":"","overlay-gradient":""},"mobile":{"background-color":"","background-image":"","background-repeat":"repeat","background-position":"center center","background-size":"auto","background-attachment":"scroll","background-type":"","background-media":"","overlay-type":"","overlay-color":"","overlay-opacity":"","overlay-gradient":""}},"ast-content-background-meta":{"desktop":{"background-color":"var(--ast-global-color-5)","background-image":"","background-repeat":"repeat","background-position":"center center","background-size":"auto","background-attachment":"scroll","background-type":"","background-media":"","overlay-type":"","overlay-color":"","overlay-opacity":"","overlay-gradient":""},"tablet":{"background-color":"var(--ast-global-color-5)","background-image":"","background-repeat":"repeat","background-position":"center center","background-size":"auto","background-attachment":"scroll","background-type":"","background-media":"","overlay-type":"","overlay-color":"","overlay-opacity":"","overlay-gradient":""},"mobile":{"background-color":"var(--ast-global-color-5)","background-image":"","background-repeat":"repeat","background-position":"center center","background-size":"auto","background-attachment":"scroll","background-type":"","background-media":"","overlay-type":"","overlay-color":"","overlay-opacity":"","overlay-gradient":""}},"footnotes":""},"class_list":["post-64","page","type-page","status-publish","hentry"],"post_mailing_queue_ids":[],"_links":{"self":[{"href":"https:\/\/agora.xtec.cat\/escalmenar\/wp-json\/wp\/v2\/pages\/64","targetHints":{"allow":["GET"]}}],"collection":[{"href":"https:\/\/agora.xtec.cat\/escalmenar\/wp-json\/wp\/v2\/pages"}],"about":[{"href":"https:\/\/agora.xtec.cat\/escalmenar\/wp-json\/wp\/v2\/types\/page"}],"author":[{"embeddable":true,"href":"https:\/\/agora.xtec.cat\/escalmenar\/wp-json\/wp\/v2\/users\/1"}],"replies":[{"embeddable":true,"href":"https:\/\/agora.xtec.cat\/escalmenar\/wp-json\/wp\/v2\/comments?post=64"}],"version-history":[{"count":5,"href":"https:\/\/agora.xtec.cat\/escalmenar\/wp-json\/wp\/v2\/pages\/64\/revisions"}],"predecessor-version":[{"id":4748,"href":"https:\/\/agora.xtec.cat\/escalmenar\/wp-json\/wp\/v2\/pages\/64\/revisions\/4748"}],"wp:attachment":[{"href":"https:\/\/agora.xtec.cat\/escalmenar\/wp-json\/wp\/v2\/media?parent=64"}],"curies":[{"name":"wp","href":"https:\/\/api.w.org\/{rel}","templated":true}]}}