{"id":36,"date":"2014-09-18T12:33:11","date_gmt":"2014-09-18T11:33:11","guid":{"rendered":"http:\/\/agora.xtec.cat\/escalmenar\/?page_id=36"},"modified":"2025-10-28T16:29:34","modified_gmt":"2025-10-28T15:29:34","slug":"material-escolar","status":"publish","type":"page","link":"https:\/\/agora.xtec.cat\/escalmenar\/lescola\/material-escolar\/","title":{"rendered":"Llibres de text i material escolar"},"content":{"rendered":"<p><a href=\"http:\/\/agora.xtec.cat\/escalmenar\/wp-content\/uploads\/usu824\/2014\/09\/material-escolar-para-los-alumnos_1098-3255.jpg\"><img loading=\"lazy\" decoding=\"async\" class=\"wp-image-560 alignright\" src=\"http:\/\/agora.xtec.cat\/escalmenar\/wp-content\/uploads\/usu824\/2014\/09\/material-escolar-para-los-alumnos_1098-3255.jpg\" alt=\"material-escolar-para-los-alumnos_1098-3255\" width=\"269\" height=\"179\" srcset=\"https:\/\/agora.xtec.cat\/escalmenar\/wp-content\/uploads\/usu824\/2014\/09\/material-escolar-para-los-alumnos_1098-3255.jpg 626w, https:\/\/agora.xtec.cat\/escalmenar\/wp-content\/uploads\/usu824\/2014\/09\/material-escolar-para-los-alumnos_1098-3255-300x200.jpg 300w\" sizes=\"auto, (max-width: 269px) 100vw, 269px\" \/><\/a><\/p>\n<h4>Llibres de text<\/h4>\n<p>La gesti\u00f3 \u00a0dels<em><strong> llibres de text<\/strong><\/em> es fa entre l&#8217;Escola i l&#8217;AFA. Totes les fam\u00edlies poden adquirir els llibres a trav\u00e9s de l&#8217;AFA.<\/p>\n<p>Des de fa anys molts dels llibres de text estan socialitzats i totes les fam\u00edlies que volen poden acollir-se a aquesta modalitat.<\/p>\n<p>Hi ha llibres socialitzats per l&#8217;AFA i llibres socialitzats per l&#8217;Escola.<\/p>\n<ul>\n<li><a href=\"https:\/\/agora.xtec.cat\/escalmenar\/wp-content\/uploads\/usu824\/2022\/07\/REGISTRE-LLIBRES-DE-TEXT-2022-2023-web.pdf\">LLIBRES DE TEXT CURS 2022 \/ 2023<\/a><\/li>\n<\/ul>\n<h4>Material escolar<\/h4>\n<p>La gesti\u00f3 del <em><strong>material escolar<\/strong><\/em> i les fotoc\u00f2pies es pot delegar a l&#8217;Escola. Si alguna fam\u00edlia vol gestionar el material i fotoc\u00f2pies del seu fill\/a\/e podr\u00e0 passar per la secretaria del centre per recollir \u00a0la llista on consta de forma detallada i explicita tot el necessari al llarg del curs i com gestionar el tema de les fotoc\u00f2pies i el material com\u00fa per a l&#8217;alumnat.<\/p>\n<p>Els imports que ha acordat el Consell escolar, per al curs 2022-2023, sobre les aportacions volunt\u00e0ries de les fam\u00edlies per material escolar i per activitats complement\u00e0ries, i tamb\u00e9 el r\u00e8gim legal, d&#8217;acord amb el que s&#8217;estableix a la Instrucci\u00f3 1\/2014 de la secret\u00e0ria general, relativa a la gesti\u00f3 econ\u00f2mica dels centres educatius p\u00fablics del Departament d&#8217;Educaci\u00f3 s\u00f3n : <strong>60 \u20ac anuals per a Educaci\u00f3 Infantil<\/strong> en concepte de material escolar i fotoc\u00f2pies\u00a0 i <strong>50\u20ac anuals per a Educaci\u00f3 Prim\u00e0ria<\/strong> en concepte de material escolar i fotoc\u00f2pies.<\/p>\n","protected":false},"excerpt":{"rendered":"<p>Llibres de text La gesti\u00f3 \u00a0dels llibres de text es fa entre l&#8217;Escola i l&#8217;AFA. Totes les fam\u00edlies poden adquirir [&hellip;]<\/p>\n","protected":false},"author":1,"featured_media":0,"parent":22,"menu_order":70,"comment_status":"closed","ping_status":"closed","template":"","meta":{"_bbp_topic_count":0,"_bbp_reply_count":0,"_bbp_total_topic_count":0,"_bbp_total_reply_count":0,"_bbp_voice_count":0,"_bbp_anonymous_reply_count":0,"_bbp_topic_count_hidden":0,"_bbp_reply_count_hidden":0,"_bbp_forum_subforum_count":0,"site-sidebar-layout":"default","site-content-layout":"","ast-site-content-layout":"default","site-content-style":"default","site-sidebar-style":"default","ast-global-header-display":"","ast-banner-title-visibility":"","ast-main-header-display":"","ast-hfb-above-header-display":"","ast-hfb-below-header-display":"","ast-hfb-mobile-header-display":"","site-post-title":"","ast-breadcrumbs-content":"","ast-featured-img":"","footer-sml-layout":"","theme-transparent-header-meta":"","adv-header-id-meta":"","stick-header-meta":"","header-above-stick-meta":"","header-main-stick-meta":"","header-below-stick-meta":"","astra-migrate-meta-layouts":"set","ast-page-background-enabled":"default","ast-page-background-meta":{"desktop":{"background-color":"var(--ast-global-color-4)","background-image":"","background-repeat":"repeat","background-position":"center center","background-size":"auto","background-attachment":"scroll","background-type":"","background-media":"","overlay-type":"","overlay-color":"","overlay-opacity":"","overlay-gradient":""},"tablet":{"background-color":"","background-image":"","background-repeat":"repeat","background-position":"center center","background-size":"auto","background-attachment":"scroll","background-type":"","background-media":"","overlay-type":"","overlay-color":"","overlay-opacity":"","overlay-gradient":""},"mobile":{"background-color":"","background-image":"","background-repeat":"repeat","background-position":"center center","background-size":"auto","background-attachment":"scroll","background-type":"","background-media":"","overlay-type":"","overlay-color":"","overlay-opacity":"","overlay-gradient":""}},"ast-content-background-meta":{"desktop":{"background-color":"var(--ast-global-color-5)","background-image":"","background-repeat":"repeat","background-position":"center center","background-size":"auto","background-attachment":"scroll","background-type":"","background-media":"","overlay-type":"","overlay-color":"","overlay-opacity":"","overlay-gradient":""},"tablet":{"background-color":"var(--ast-global-color-5)","background-image":"","background-repeat":"repeat","background-position":"center center","background-size":"auto","background-attachment":"scroll","background-type":"","background-media":"","overlay-type":"","overlay-color":"","overlay-opacity":"","overlay-gradient":""},"mobile":{"background-color":"var(--ast-global-color-5)","background-image":"","background-repeat":"repeat","background-position":"center center","background-size":"auto","background-attachment":"scroll","background-type":"","background-media":"","overlay-type":"","overlay-color":"","overlay-opacity":"","overlay-gradient":""}},"footnotes":""},"class_list":["post-36","page","type-page","status-publish","hentry"],"post_mailing_queue_ids":[],"_links":{"self":[{"href":"https:\/\/agora.xtec.cat\/escalmenar\/wp-json\/wp\/v2\/pages\/36","targetHints":{"allow":["GET"]}}],"collection":[{"href":"https:\/\/agora.xtec.cat\/escalmenar\/wp-json\/wp\/v2\/pages"}],"about":[{"href":"https:\/\/agora.xtec.cat\/escalmenar\/wp-json\/wp\/v2\/types\/page"}],"author":[{"embeddable":true,"href":"https:\/\/agora.xtec.cat\/escalmenar\/wp-json\/wp\/v2\/users\/1"}],"replies":[{"embeddable":true,"href":"https:\/\/agora.xtec.cat\/escalmenar\/wp-json\/wp\/v2\/comments?post=36"}],"version-history":[{"count":4,"href":"https:\/\/agora.xtec.cat\/escalmenar\/wp-json\/wp\/v2\/pages\/36\/revisions"}],"predecessor-version":[{"id":4891,"href":"https:\/\/agora.xtec.cat\/escalmenar\/wp-json\/wp\/v2\/pages\/36\/revisions\/4891"}],"up":[{"embeddable":true,"href":"https:\/\/agora.xtec.cat\/escalmenar\/wp-json\/wp\/v2\/pages\/22"}],"wp:attachment":[{"href":"https:\/\/agora.xtec.cat\/escalmenar\/wp-json\/wp\/v2\/media?parent=36"}],"curies":[{"name":"wp","href":"https:\/\/api.w.org\/{rel}","templated":true}]}}