{"id":26,"date":"2014-09-18T12:24:32","date_gmt":"2014-09-18T11:24:32","guid":{"rendered":"http:\/\/agora.xtec.cat\/escalmenar\/?page_id=26"},"modified":"2022-07-16T17:50:38","modified_gmt":"2022-07-16T15:50:38","slug":"historia","status":"publish","type":"page","link":"https:\/\/agora.xtec.cat\/escalmenar\/lescola\/historia\/","title":{"rendered":"Hist\u00f2ria"},"content":{"rendered":"<p style=\"text-align: justify;\">Almenar est\u00e0 situat al nord del Segri\u00e0, a 22 km de Lleida per la Carretera Nacional 230 de Lleida a la Vall d&#8217;Aran. La poblaci\u00f3 del municipi se situa al voltant dels 3.500 habitants. \u00a0La majoria de la poblaci\u00f3 activa es dedica al sector <img loading=\"lazy\" decoding=\"async\" class=\"wp-image-511 alignright\" src=\"http:\/\/agora.xtec.cat\/escalmenar\/wp-content\/uploads\/usu824\/2014\/09\/fa\u00e7ana1.jpg\" alt=\"fa\u00e7ana1\" width=\"433\" height=\"341\" srcset=\"https:\/\/agora.xtec.cat\/escalmenar\/wp-content\/uploads\/usu824\/2014\/09\/fa\u00e7ana1.jpg 709w, https:\/\/agora.xtec.cat\/escalmenar\/wp-content\/uploads\/usu824\/2014\/09\/fa\u00e7ana1-300x236.jpg 300w\" sizes=\"auto, (max-width: 433px) 100vw, 433px\" \/>terciari, tot i que encara \u00e9s significatiu el nombre de fam\u00edlies que es dediquen a l\u2019agricultura i la ramaderia. <a href=\"https:\/\/www.idescat.cat\/emex\/?id=250215\"><em>M\u00e9s informaci\u00f3.<\/em><\/a><\/p>\n<p>&nbsp;<\/p>\n<p style=\"text-align: justify;\">En el referent al centre, cal destacar que l&#8217;antiga escola fou constru\u00efda al 1935 i \u00e9s una de les construccions m\u00e9s emblem\u00e0tiques i estimades d&#8217;Almenar; encara hores d&#8217;ara la gent gran parla d&#8217;<em>Estudi<\/em> en referir-se a l&#8217;escola antiga.<\/p>\n<p>&nbsp;<\/p>\n<p style=\"text-align: justify;\">Des de feia temps l\u2019Escola d\u2019Almenar estava pendent d\u2019una ampliaci\u00f3 i reforma. L\u2019any 2004 es va decidir que el millor seria la construcci\u00f3 d\u2019un nou edifici en un altra ubicaci\u00f3, que permet\u00e9s la creaci\u00f3 d\u2019unes instal\u00b7lacions m\u00e9s grans i m\u00e9s adients. Durant aquests darrers anys es va adquir el nou terreny on ubicar la nova escola i s&#8217;ha dut\u00a0 a terme la construcci\u00f3 de la nova Escola d&#8217;Almenar. Al Juliol de 2020 es va fer el trasllat al nou edifici. A partir del setembre de 2020 totes les classes es fan en el nou empla\u00e7ament.<\/p>\n<p>&nbsp;<\/p>\n<p><a href=\"https:\/\/agora.xtec.cat\/escalmenar\/wp-content\/uploads\/usu824\/2022\/07\/escola-primavera.jpg\"><img loading=\"lazy\" decoding=\"async\" class=\"wp-image-4028 aligncenter\" src=\"https:\/\/agora.xtec.cat\/escalmenar\/wp-content\/uploads\/usu824\/2022\/07\/escola-primavera.jpg\" alt=\"\" width=\"616\" height=\"476\" srcset=\"https:\/\/agora.xtec.cat\/escalmenar\/wp-content\/uploads\/usu824\/2022\/07\/escola-primavera.jpg 1019w, https:\/\/agora.xtec.cat\/escalmenar\/wp-content\/uploads\/usu824\/2022\/07\/escola-primavera-300x232.jpg 300w, https:\/\/agora.xtec.cat\/escalmenar\/wp-content\/uploads\/usu824\/2022\/07\/escola-primavera-768x594.jpg 768w\" sizes=\"auto, (max-width: 616px) 100vw, 616px\" \/><\/a><\/p>\n<p><a href=\"https:\/\/agora.xtec.cat\/escalmenar\/wp-content\/uploads\/usu824\/2019\/10\/fa\u00e7ana-nova.jpg\">\u00a0 <\/a><\/p>\n","protected":false},"excerpt":{"rendered":"<p>Almenar est\u00e0 situat al nord del Segri\u00e0, a 22 km de Lleida per la Carretera Nacional 230 de Lleida a [&hellip;]<\/p>\n","protected":false},"author":1,"featured_media":0,"parent":22,"menu_order":2,"comment_status":"closed","ping_status":"closed","template":"page-templates\/side-menu.php","meta":{"_bbp_topic_count":0,"_bbp_reply_count":0,"_bbp_total_topic_count":0,"_bbp_total_reply_count":0,"_bbp_voice_count":0,"_bbp_anonymous_reply_count":0,"_bbp_topic_count_hidden":0,"_bbp_reply_count_hidden":0,"_bbp_forum_subforum_count":0,"site-sidebar-layout":"default","site-content-layout":"","ast-site-content-layout":"","site-content-style":"default","site-sidebar-style":"default","ast-global-header-display":"","ast-banner-title-visibility":"","ast-main-header-display":"","ast-hfb-above-header-display":"","ast-hfb-below-header-display":"","ast-hfb-mobile-header-display":"","site-post-title":"","ast-breadcrumbs-content":"","ast-featured-img":"","footer-sml-layout":"","theme-transparent-header-meta":"","adv-header-id-meta":"","stick-header-meta":"","header-above-stick-meta":"","header-main-stick-meta":"","header-below-stick-meta":"","astra-migrate-meta-layouts":"default","ast-page-background-enabled":"default","ast-page-background-meta":{"desktop":{"background-color":"var(--ast-global-color-4)","background-image":"","background-repeat":"repeat","background-position":"center center","background-size":"auto","background-attachment":"scroll","background-type":"","background-media":"","overlay-type":"","overlay-color":"","overlay-opacity":"","overlay-gradient":""},"tablet":{"background-color":"","background-image":"","background-repeat":"repeat","background-position":"center center","background-size":"auto","background-attachment":"scroll","background-type":"","background-media":"","overlay-type":"","overlay-color":"","overlay-opacity":"","overlay-gradient":""},"mobile":{"background-color":"","background-image":"","background-repeat":"repeat","background-position":"center center","background-size":"auto","background-attachment":"scroll","background-type":"","background-media":"","overlay-type":"","overlay-color":"","overlay-opacity":"","overlay-gradient":""}},"ast-content-background-meta":{"desktop":{"background-color":"var(--ast-global-color-5)","background-image":"","background-repeat":"repeat","background-position":"center center","background-size":"auto","background-attachment":"scroll","background-type":"","background-media":"","overlay-type":"","overlay-color":"","overlay-opacity":"","overlay-gradient":""},"tablet":{"background-color":"var(--ast-global-color-5)","background-image":"","background-repeat":"repeat","background-position":"center center","background-size":"auto","background-attachment":"scroll","background-type":"","background-media":"","overlay-type":"","overlay-color":"","overlay-opacity":"","overlay-gradient":""},"mobile":{"background-color":"var(--ast-global-color-5)","background-image":"","background-repeat":"repeat","background-position":"center center","background-size":"auto","background-attachment":"scroll","background-type":"","background-media":"","overlay-type":"","overlay-color":"","overlay-opacity":"","overlay-gradient":""}},"footnotes":""},"class_list":["post-26","page","type-page","status-publish","hentry"],"post_mailing_queue_ids":[],"_links":{"self":[{"href":"https:\/\/agora.xtec.cat\/escalmenar\/wp-json\/wp\/v2\/pages\/26","targetHints":{"allow":["GET"]}}],"collection":[{"href":"https:\/\/agora.xtec.cat\/escalmenar\/wp-json\/wp\/v2\/pages"}],"about":[{"href":"https:\/\/agora.xtec.cat\/escalmenar\/wp-json\/wp\/v2\/types\/page"}],"author":[{"embeddable":true,"href":"https:\/\/agora.xtec.cat\/escalmenar\/wp-json\/wp\/v2\/users\/1"}],"replies":[{"embeddable":true,"href":"https:\/\/agora.xtec.cat\/escalmenar\/wp-json\/wp\/v2\/comments?post=26"}],"version-history":[{"count":2,"href":"https:\/\/agora.xtec.cat\/escalmenar\/wp-json\/wp\/v2\/pages\/26\/revisions"}],"predecessor-version":[{"id":4029,"href":"https:\/\/agora.xtec.cat\/escalmenar\/wp-json\/wp\/v2\/pages\/26\/revisions\/4029"}],"up":[{"embeddable":true,"href":"https:\/\/agora.xtec.cat\/escalmenar\/wp-json\/wp\/v2\/pages\/22"}],"wp:attachment":[{"href":"https:\/\/agora.xtec.cat\/escalmenar\/wp-json\/wp\/v2\/media?parent=26"}],"curies":[{"name":"wp","href":"https:\/\/api.w.org\/{rel}","templated":true}]}}