{"id":1845,"date":"2019-09-09T19:38:59","date_gmt":"2019-09-09T17:38:59","guid":{"rendered":"http:\/\/agora.xtec.cat\/escalmenar\/?page_id=1845"},"modified":"2023-11-27T13:33:28","modified_gmt":"2023-11-27T12:33:28","slug":"canals-de-comunicacio-familia-escola","status":"publish","type":"page","link":"https:\/\/agora.xtec.cat\/escalmenar\/lescola\/canals-de-comunicacio-familia-escola\/","title":{"rendered":"CANALS DE COMUNICACI\u00d3 FAM\u00cdLIA &#8211; ESCOLA"},"content":{"rendered":"<p>A l\u2019Escola creiem que \u00e9s molt important una bona comunicaci\u00f3 entre el centre i les fam\u00edlies. \u00c9s per aquest motiu, que posem una especial atenci\u00f3 en aquest tema i disposem de diferents canals, a trav\u00e9s dels quals intentem arribar a tothom. Aquests canals de comunicaci\u00f3 s\u00f3n:<\/p>\n<h4><span style=\"color: #ff0000;\"><strong>Entrevistes individuals<\/strong><\/span><\/h4>\n<p>Hi ha un dia a la setmana,\u00a0<strong>els dimecres de 12:30h a 13:30h<\/strong>, destinat a programar les entrevistes entre els tutors\/es i especialistes, i les fam\u00edlies de l\u2019alumat. L\u2019objectiu d\u2019aquestes reunions \u00e9s informar sobre la marxa escolar dels seus fill i filles, i per tractar de qualsevol tema que es cregui oport\u00fa. Aquest curs les entrevistes seran online o telef\u00f2nicament, excepcionalment si les circumst\u00e0ncies ho requereixen\u00a0 podr\u00e0 ser presencial amb les mesures que s&#8217;estimin en aquell moment.<\/p>\n<p>\u00c9s objectiu d\u2019escola, que al llarg del curs, es realitzi una entrevista amb cada fam\u00edlia. L\u2019informe de final de curs i el trasp\u00e0s d\u2019informaci\u00f3 per passar a secundaria de l\u2019alumnat de 6\u00e8, es donar\u00e0 de manera \u00a0individualitzada.<\/p>\n<h4><span style=\"color: #ff0000;\"><strong>Reunions de nivell a inici de curs i al llarg del curs<\/strong><\/span><\/h4>\n<p>Durant el primer trimestre es fan les reunions generals de cada nivell (d&#8217;I3 a 6\u00e8.), en les que s\u2019explica l\u2019organitzaci\u00f3 del curs, els objectius a assolir, les sortides que es faran i altres informacions d\u2019inter\u00e8s.<\/p>\n<p>Al llarg del curs es podran fer algunes reunions per temes concrets com podria ser per exemple, la reuni\u00f3 per explicar les col\u00f2nies escolars a\u00a0 i CS.<\/p>\n<p>Aquest curs s&#8217;han realitzat tres reunions de Fam\u00edlies &#8211; Equip Directiu per explicar el nou Projecte de Direcci\u00f3 i donar a con\u00e8ixer les novetats que s&#8217;iniciaran a partir del nou curs.<\/p>\n<h4><span style=\"color: #ff0000;\"><strong>Informes escolars<\/strong><\/span><\/h4>\n<p>A\u00a0<strong>Educaci\u00f3 Infantil<\/strong>\u00a0s\u2019entreguen a les fam\u00edlies dos informes al llarg del curs sobre l\u2019evoluci\u00f3 dels seus fills i filles.<\/p>\n<p>A\u00a0<strong>Educaci\u00f3 Prim\u00e0ria<\/strong>\u00a0s\u2019entreguen tres informes escolars i un informe de final de curs a les fam\u00edlies<\/p>\n<h4><strong>\u00a0<\/strong><span style=\"color: #ff0000;\"><strong>Agenda escolar o notes i circulars<\/strong><\/span><\/h4>\n<p>L\u2019<strong>agenda escolar<\/strong>\u00a0per als nens i les nenes a partir de 2n i notes i circulars , per l\u2019alumnat d\u2019infantil, s\u00f3n les eines que faciliten la comunicaci\u00f3 di\u00e0ria amb les fam\u00edlies.<\/p>\n<h4><span style=\"color: #ff0000;\"><strong>Reunions AFA <\/strong><\/span><\/h4>\n<p>L\u2019Equip Directiu es reuneix de forma ordin\u00e0ria amb l\u2019AFA per tal de coordinar tots els temes organitzatius de l\u2019escola.<\/p>\n<h4><span style=\"color: #ff0000;\"><strong>Reunions Secretaria i Direcci\u00f3<\/strong><\/span><\/h4>\n<p>La Secretaria del centre est\u00e0 oberta a totes les fam\u00edlies per resoldre qualsevol q\u00fcesti\u00f3 administrativa. Els dimarts i el dijous hi ha l\u2019auxiliar administrativa i s\u00f3n els dies que hi ha m\u00e9s disponibilitat per poder resoldre aquestes q\u00fcestions.<\/p>\n<p>La direcci\u00f3 del centre est\u00e0 sempre oberta a les fam\u00edlies per resoldre qualsevol incid\u00e8ncia urgent. Es pot concertar visites amb la direcci\u00f3 al llarg de tot el curs.<\/p>\n<h4><span style=\"color: #ff0000;\"><strong>Tel\u00e8fon<\/strong><\/span><\/h4>\n<p>Les fam\u00edlies poden comunicar-se amb l\u2019escola a trav\u00e9s del tel\u00e8fon 973770433 o el m\u00f2bil 634769932<\/p>\n<h4><span style=\"color: #ff0000;\"><strong>Plafons informatius de l\u2019escola<\/strong><\/span><\/h4>\n<p>L\u2019escola compta amb un plaf\u00f3 informatiu al costat de la porta d\u2019entrada del pati \u00a0on s\u2019intenta penjar les informacions m\u00e9s rellevants de l\u2019escola, AMPA i ajuntament que van sorgint al llarg del curs.<\/p>\n<p>Al vest\u00edbul de la porta principal tamb\u00e9 hi ha dos plafons on es penja tota la informaci\u00f3 que \u00e9s prescriptiva.<\/p>\n<h4><span style=\"color: #ff0000;\"><strong>Revista Escolar\u00a0<\/strong><\/span><\/h4>\n<p>Durant el mes d\u2019abril es publica la revista escolar de l\u2019escola, on es recull els millors treballs literaris realitzats per el nostre alumnat.<\/p>\n<h4><span style=\"color: #ff0000;\"><strong>P\u00e0gina WEB<\/strong><\/span><\/h4>\n<p>La p\u00e0gina web de l\u2019escola \u00e9s una altre canal de comunicaci\u00f3 amb les fam\u00edlies. Es va actualitzant peri\u00f2dicament, i en ella es pengen des d\u2019informacions interessants per les fam\u00edlies, com fotografies i informacions de les diferents sortides i activitats, treballs que ha fet per l\u2019alumat a les aules.<\/p>\n<p>Tamb\u00e9 hi trobareu informaci\u00f3 del centre, documentaci\u00f3, calendari, normes de funcionament&#8230;<\/p>\n<p><a href=\"https:\/\/agora.xtec.cat\/escalmenar\/\">https:\/\/agora.xtec.cat\/escalmenar\/<\/a><\/p>\n<h4><span style=\"color: #ff0000;\"><strong>Instagram<\/strong><\/span><\/h4>\n<p>Per millorar la difusi\u00f3 del que fem di\u00e0riament a l&#8217;aula, l&#8217;escola ha creat una p\u00e0gina d&#8217;Instagram<\/p>\n<p><em>@escoladalmenar<\/em><\/p>\n<h4><span style=\"color: #ff0000;\"><strong>E bando<\/strong><\/span><span style=\"color: #ff0000;\"><strong>\u00a0<\/strong><\/span><\/h4>\n<p>Algunes informacions importants com pot ser informaci\u00f3 sobre la preinscripci\u00f3 es fan a trav\u00e9s d\u2019aquesta aplicaci\u00f3.<\/p>\n<h4><span style=\"color: #ff0000;\"><strong>Pregons<\/strong><\/span><\/h4>\n<p>Algunes informacions rellevants i\/o urgents es poden fer a trav\u00e9s d\u2019aquest mitj\u00e0.<\/p>\n<h4><span style=\"color: #ff0000;\"><strong>R\u00e0dio<\/strong><\/span><\/h4>\n<p>Algunes informacions rellevants i\/o urgents es poden fer a trav\u00e9s d\u2019aquest mitj\u00e0.<\/p>\n<h4><span style=\"color: #ff0000;\"><strong>Correu electr\u00f2nic de l\u2019Escola<\/strong><\/span><\/h4>\n<p>Les fam\u00edlies poden comunicar-se amb el centre a trav\u00e9s del correu electr\u00f2nic: <a href=\"mailto:c5007992@xtec.cat\">c5007992@xtec.cat<\/a><\/p>\n<h4><span style=\"color: #ff0000;\"><strong>Correu electr\u00f2nic AULA -FAM\u00cdLIES<\/strong><\/span><\/h4>\n<p>Les fam\u00edlies poden comunicar-se directament amb el tutor\/a de l\u2019aula a trav\u00e9s d\u2019un correu espec\u00edfic que t\u00e9 cada grup.<\/p>\n<p><a href=\"https:\/\/agora.xtec.cat\/escalmenar\/general\/correuaulafamilies\/\">https:\/\/agora.xtec.cat\/escalmenar\/general\/correuaulafamilies\/<\/a><\/p>\n<h4><span style=\"color: #ff0000;\"><strong>Canal de TELEGRAM<\/strong><\/span><\/h4>\n<p>Les fam\u00edlies subscrites al canal d&#8217;aquesta aplicaci\u00f3 rebran una notificaci\u00f3 cada vegada que hi hagi una novetat a la p\u00e0gina web del centre.<\/p>\n<p><a href=\"https:\/\/t.me\/escolaalmenar\">https:\/\/t.me\/escolaalmenar<\/a><\/p>\n<h4><a href=\"http:\/\/familiaiescola.gencat.cat\/ca\"><span style=\"color: #ff0000;\"><strong>WEB FAM\u00cdLIA I ESCOLA<\/strong><\/span><\/a><\/h4>\n<p>P\u00e0gina de la Generalitat de Catalunya amb moltes informacions per a les fam\u00edlies sobre escola i educaci\u00f3.<\/p>\n<p><em>*Durant aquest curs 23-24 l&#8217;escola ha plantejat una formaci\u00f3 sobre &#8220;Comunicaci\u00f3 Fam\u00edlies i Escola&#8221; per buscar millores en aquest sentit.<\/em><a href=\"http:\/\/familiaiescola.gencat.cat\/ca\"><img loading=\"lazy\" decoding=\"async\" class=\"alignnone wp-image-2213\" src=\"https:\/\/agora.xtec.cat\/escalmenar\/wp-content\/uploads\/usu824\/2020\/02\/escola-i-familia-1024x105.jpg\" alt=\"\" width=\"965\" height=\"99\" srcset=\"https:\/\/agora.xtec.cat\/escalmenar\/wp-content\/uploads\/usu824\/2020\/02\/escola-i-familia-1024x105.jpg 1024w, https:\/\/agora.xtec.cat\/escalmenar\/wp-content\/uploads\/usu824\/2020\/02\/escola-i-familia-300x31.jpg 300w, https:\/\/agora.xtec.cat\/escalmenar\/wp-content\/uploads\/usu824\/2020\/02\/escola-i-familia-768x79.jpg 768w, https:\/\/agora.xtec.cat\/escalmenar\/wp-content\/uploads\/usu824\/2020\/02\/escola-i-familia.jpg 2042w\" sizes=\"auto, (max-width: 965px) 100vw, 965px\" \/><\/a><\/p>\n","protected":false},"excerpt":{"rendered":"<p>A l\u2019Escola creiem que \u00e9s molt important una bona comunicaci\u00f3 entre el centre i les fam\u00edlies. \u00c9s per aquest motiu, [&hellip;]<\/p>\n","protected":false},"author":3,"featured_media":0,"parent":22,"menu_order":91,"comment_status":"closed","ping_status":"closed","template":"page-templates\/side-menu.php","meta":{"_bbp_topic_count":0,"_bbp_reply_count":0,"_bbp_total_topic_count":0,"_bbp_total_reply_count":0,"_bbp_voice_count":0,"_bbp_anonymous_reply_count":0,"_bbp_topic_count_hidden":0,"_bbp_reply_count_hidden":0,"_bbp_forum_subforum_count":0,"site-sidebar-layout":"default","site-content-layout":"","ast-site-content-layout":"","site-content-style":"default","site-sidebar-style":"default","ast-global-header-display":"","ast-banner-title-visibility":"","ast-main-header-display":"","ast-hfb-above-header-display":"","ast-hfb-below-header-display":"","ast-hfb-mobile-header-display":"","site-post-title":"","ast-breadcrumbs-content":"","ast-featured-img":"","footer-sml-layout":"","theme-transparent-header-meta":"","adv-header-id-meta":"","stick-header-meta":"","header-above-stick-meta":"","header-main-stick-meta":"","header-below-stick-meta":"","astra-migrate-meta-layouts":"default","ast-page-background-enabled":"default","ast-page-background-meta":{"desktop":{"background-color":"var(--ast-global-color-4)","background-image":"","background-repeat":"repeat","background-position":"center center","background-size":"auto","background-attachment":"scroll","background-type":"","background-media":"","overlay-type":"","overlay-color":"","overlay-opacity":"","overlay-gradient":""},"tablet":{"background-color":"","background-image":"","background-repeat":"repeat","background-position":"center center","background-size":"auto","background-attachment":"scroll","background-type":"","background-media":"","overlay-type":"","overlay-color":"","overlay-opacity":"","overlay-gradient":""},"mobile":{"background-color":"","background-image":"","background-repeat":"repeat","background-position":"center center","background-size":"auto","background-attachment":"scroll","background-type":"","background-media":"","overlay-type":"","overlay-color":"","overlay-opacity":"","overlay-gradient":""}},"ast-content-background-meta":{"desktop":{"background-color":"var(--ast-global-color-5)","background-image":"","background-repeat":"repeat","background-position":"center center","background-size":"auto","background-attachment":"scroll","background-type":"","background-media":"","overlay-type":"","overlay-color":"","overlay-opacity":"","overlay-gradient":""},"tablet":{"background-color":"var(--ast-global-color-5)","background-image":"","background-repeat":"repeat","background-position":"center center","background-size":"auto","background-attachment":"scroll","background-type":"","background-media":"","overlay-type":"","overlay-color":"","overlay-opacity":"","overlay-gradient":""},"mobile":{"background-color":"var(--ast-global-color-5)","background-image":"","background-repeat":"repeat","background-position":"center center","background-size":"auto","background-attachment":"scroll","background-type":"","background-media":"","overlay-type":"","overlay-color":"","overlay-opacity":"","overlay-gradient":""}},"footnotes":""},"class_list":["post-1845","page","type-page","status-publish","hentry"],"post_mailing_queue_ids":[],"_links":{"self":[{"href":"https:\/\/agora.xtec.cat\/escalmenar\/wp-json\/wp\/v2\/pages\/1845","targetHints":{"allow":["GET"]}}],"collection":[{"href":"https:\/\/agora.xtec.cat\/escalmenar\/wp-json\/wp\/v2\/pages"}],"about":[{"href":"https:\/\/agora.xtec.cat\/escalmenar\/wp-json\/wp\/v2\/types\/page"}],"author":[{"embeddable":true,"href":"https:\/\/agora.xtec.cat\/escalmenar\/wp-json\/wp\/v2\/users\/3"}],"replies":[{"embeddable":true,"href":"https:\/\/agora.xtec.cat\/escalmenar\/wp-json\/wp\/v2\/comments?post=1845"}],"version-history":[{"count":5,"href":"https:\/\/agora.xtec.cat\/escalmenar\/wp-json\/wp\/v2\/pages\/1845\/revisions"}],"predecessor-version":[{"id":4446,"href":"https:\/\/agora.xtec.cat\/escalmenar\/wp-json\/wp\/v2\/pages\/1845\/revisions\/4446"}],"up":[{"embeddable":true,"href":"https:\/\/agora.xtec.cat\/escalmenar\/wp-json\/wp\/v2\/pages\/22"}],"wp:attachment":[{"href":"https:\/\/agora.xtec.cat\/escalmenar\/wp-json\/wp\/v2\/media?parent=1845"}],"curies":[{"name":"wp","href":"https:\/\/api.w.org\/{rel}","templated":true}]}}