{"id":1289,"date":"2017-10-08T17:14:14","date_gmt":"2017-10-08T15:14:14","guid":{"rendered":"http:\/\/agora.xtec.cat\/escalmenar\/?page_id=1289"},"modified":"2026-03-27T15:45:02","modified_gmt":"2026-03-27T14:45:02","slug":"documentacio-de-centre","status":"publish","type":"page","link":"https:\/\/agora.xtec.cat\/escalmenar\/lescola\/documentacio-de-centre\/","title":{"rendered":"Documentaci\u00f3 de centre"},"content":{"rendered":"<h6><span style=\"color: #ff0000;\">Projecte educatiu de centre<\/span><\/h6>\n<p>El projecte educatiu de centre (PEC) \u00e9s el document que defineix com funciona el nostre centre educatiu. Inclou els principis rectors que el diferencien d&#8217;altres centres, adaptat a la realitat de l&#8217;entorn del nostre alumnat i d&#8217;acord amb les conviccions pedag\u00f2giques dels docents; explicita les l\u00ednies d&#8217;atenci\u00f3 a la diversitat i els objectius a mig termini; desglossa les l\u00ednies mestres d&#8217;organitzaci\u00f3, que es concretaran al projecte curricular.<\/p>\n<p>Aquest document \u00e9s la base de les programacions dels professors\/es i de qualsevol actuaci\u00f3 singular que es vulgui dur a terme a la nostra escola, a m\u00e9s \u00e9s objecte d&#8217;inspecci\u00f3 per part de l&#8217;administraci\u00f3, per tal de garantir que s&#8217;adeq\u00fci a les lleis vigents sobre educaci\u00f3. La proposta del Projecte educatiu de centre \u00e9s elaborada per l&#8217;equip directiu d&#8217;acord amb els criteris establerts pel Consell Escolar i les propostes realitzades pel Claustre. La seva aprovaci\u00f3 i avaluaci\u00f3 correspon al Consell Escolar.<\/p>\n<p>Des de setembre de 2020 l&#8217;Escola est\u00e0 ubicada en un nou edifici. Aquest canvi implica canviar alguns apartats del PEC com pot ser per exemple el context. Tenim el document en revisi\u00f3 pendents d&#8217;actualitzar-lo.<\/p>\n<div style=\"text-align: center;\">\n<div style=\"margin: 8px 0px 4px;\"><\/div>\n<p><iframe loading=\"lazy\" style=\"margin: 0 auto;\" src=\"\/\/v.calameo.com\/?bkcode=004511512440545bb3956&amp;mode=mini&amp;clickto=view&amp;clicktarget=_self\" width=\"560\" height=\"350\" frameborder=\"0\" scrolling=\"no\" allowfullscreen=\"allowfullscreen\"><\/iframe><\/p>\n<div style=\"margin: 4px 0px 8px;\">\n<h6 style=\"text-align: left;\"><span style=\"color: #ff0000;\">Projecte Ling\u00fc\u00edstic del centre<\/span><\/h6>\n<p style=\"text-align: left;\">El projecte ling\u00fc\u00edstic \u00e9s el document que recull els aspectes relatius a l&#8217;ensenyament i a l&#8217;\u00fas de les lleng\u00fces en el centre educatiu.<\/p>\n<p style=\"text-align: left;\">En aquest document queden definits el tractament de la llengua catalana i, si escau, de l&#8217;aran\u00e8s com a llengua vehicular i d&#8217;aprenentatge, el proc\u00e9s d&#8217;ensenyament i aprenentatge de la llengua castellana, les diferents opcions amb refer\u00e8ncia a les lleng\u00fces estrangeres i els criteris generals per a les adequacions de les lleng\u00fces a la realitat socioling\u00fc\u00edstica del centre.<\/p>\n<p style=\"text-align: left;\">Aquest document forma part del projecte educatiu de centre.<\/p>\n<div style=\"text-align: center;\">\n<div style=\"margin: 8px 0px 4px;\"><\/div>\n<p><iframe loading=\"lazy\" style=\"margin: 0 auto;\" src=\"\/\/v.calameo.com\/?bkcode=0045115123501101f2c58&amp;mode=mini&amp;clickto=view&amp;clicktarget=_self\" width=\"560\" height=\"350\" frameborder=\"0\" scrolling=\"no\" allowfullscreen=\"allowfullscreen\"><\/iframe><\/p>\n<div style=\"margin: 4px 0px 8px;\">\n<h6 style=\"text-align: left;\"><span style=\"color: #ff0000;\">Carta de comprom\u00eds educatiu<\/span><\/h6>\n<p style=\"text-align: left;\">La implicaci\u00f3 de les fam\u00edlies en el proc\u00e9s educatiu dels fills \u00e9s un element imprescindible per assolir l\u2019\u00e8xit educatiu i contribuir a la millor integraci\u00f3 escolar i social de l\u2019alumnat. En aquest sentit, la carta de comprom\u00eds educatiu ha de ser una eina que faciliti la cooperaci\u00f3 entre les accions educatives de les fam\u00edlies i l\u2019acci\u00f3 educativa del centre educatiu.<\/p>\n<p style=\"text-align: left;\">El centre disposa d\u2019una carta de comprom\u00eds que s\u2019acorda amb la fam\u00edlia en el moment de la matr\u00edcula. El model de carta de comprom\u00eds no ser\u00e0 el mateix per a tot l\u2019alumnat. En alguns casos, el centre contempla una carta de comprom\u00eds personalitzada d\u2019acord amb les necessitats de cada alumne\/a. Aquesta carta s\u2019acordar\u00e0 amb la fam\u00edlia en el marc d\u2019una tutoria quan sigui convenient.<\/p>\n<p><a href=\"http:\/\/agora.xtec.cat\/escalmenar\/wp-content\/uploads\/usu824\/2017\/10\/carta-2.jpg\"><img loading=\"lazy\" decoding=\"async\" class=\"alignnone wp-image-1295\" src=\"http:\/\/agora.xtec.cat\/escalmenar\/wp-content\/uploads\/usu824\/2017\/10\/carta-2.jpg\" alt=\"\" width=\"347\" height=\"491\" srcset=\"https:\/\/agora.xtec.cat\/escalmenar\/wp-content\/uploads\/usu824\/2017\/10\/carta-2.jpg 502w, https:\/\/agora.xtec.cat\/escalmenar\/wp-content\/uploads\/usu824\/2017\/10\/carta-2-212x300.jpg 212w\" sizes=\"auto, (max-width: 347px) 100vw, 347px\" \/><\/a> <a href=\"http:\/\/agora.xtec.cat\/escalmenar\/wp-content\/uploads\/usu824\/2017\/10\/carta-1.jpg\"><img loading=\"lazy\" decoding=\"async\" class=\"alignnone wp-image-1296\" src=\"http:\/\/agora.xtec.cat\/escalmenar\/wp-content\/uploads\/usu824\/2017\/10\/carta-1.jpg\" alt=\"\" width=\"366\" height=\"490\" srcset=\"https:\/\/agora.xtec.cat\/escalmenar\/wp-content\/uploads\/usu824\/2017\/10\/carta-1.jpg 490w, https:\/\/agora.xtec.cat\/escalmenar\/wp-content\/uploads\/usu824\/2017\/10\/carta-1-224x300.jpg 224w\" sizes=\"auto, (max-width: 366px) 100vw, 366px\" \/><\/a><\/p>\n<h6 style=\"text-align: left;\"><span style=\"color: #ff0000;\">NOFC<\/span><\/h6>\n<p style=\"text-align: left;\">Les NOFC\u00a0 apleguen el conjunt d\u2019acords i decisions d\u2019organitzaci\u00f3 i funcionament que s&#8217;han adoptat per fer possible, en el dia a dia, el treball educatiu i de gesti\u00f3 que permeti assolir els objectius proposats en el PEC i en la PAGC.<\/p>\n<div style=\"text-align: center;\">\n<div style=\"margin: 8px 0px 4px;\"><\/div>\n<p><iframe loading=\"lazy\" style=\"margin: 0 auto;\" src=\"\/\/v.calameo.com\/?bkcode=00451151263cbc1a1e3d4&amp;mode=mini&amp;clickto=view&amp;clicktarget=_self\" width=\"560\" height=\"350\" frameborder=\"0\" scrolling=\"no\" allowfullscreen=\"allowfullscreen\"><\/iframe><\/p>\n<div style=\"margin: 4px 0px 8px;\">\n<h6 style=\"text-align: left;\"><span id=\"NOFC\" style=\"color: #ff0000;\">Pla TAC de centre<\/span><\/h6>\n<p style=\"text-align: left;\">En el\u00a0<strong>Pla TAC<\/strong>\u00a0es recullen les caracter\u00edstiques actuals del centre en relaci\u00f3 a les <strong>Tecnologies per a\u00a0 l&#8217;Aprenentatge i el Coneixement<\/strong>, \u00a0es defineixen els objectius i es planifiquen les actuacions que es duran a terme pel que fa als aspectes organitzatius, did\u00e0cticopedag\u00f2gics i curriculars.<\/p>\n<div style=\"text-align: center;\">\n<div style=\"margin: 8px 0px 4px;\"><\/div>\n<p><iframe loading=\"lazy\" style=\"margin: 0 auto;\" src=\"\/\/v.calameo.com\/?bkcode=004511512e9fdc5191139&amp;mode=mini&amp;clickto=view&amp;clicktarget=_self\" width=\"560\" height=\"350\" frameborder=\"0\" scrolling=\"no\" allowfullscreen=\"allowfullscreen\"><\/iframe><\/p>\n<div style=\"margin: 4px 0px 8px;\">\n<h6 style=\"text-align: left;\"><span id=\"NOFC\" style=\"background-color: #ffffff; color: #ff0000;\">Projecte de Conviv\u00e8ncia<\/span><\/h6>\n<p style=\"text-align: left;\">El marc normatiu que regula el Projecte de Conviv\u00e8ncia \u00e9s la\u00a0<a href=\"https:\/\/dogc.gencat.cat\/ca\/pdogc_canals_interns\/pdogc_resultats_fitxa\/?action=fitxa&amp;documentId=878543&amp;language=ca_ES\" target=\"_blank\" rel=\"noopener noreferrer\">Resoluci\u00f3 EDU\/1753\/2020<\/a>, de 16 de juliol, per la qual es modifica la\u00a0<a href=\"http:\/\/dogc.gencat.cat\/ca\/pdogc_canals_interns\/pdogc_resultats_fitxa\/?action=fitxa&amp;mode=single&amp;documentId=781530&amp;language=ca_ES\" target=\"_blank\" rel=\"noopener noreferrer\">Resoluci\u00f3 ENS\/585\/2017<\/a>, de 17 de mar\u00e7, per la qual s&#8217;estableix l&#8217;elaboraci\u00f3 i la implementaci\u00f3 del Projecte de Conviv\u00e8ncia en els centres educatius dins del marc del Projecte Educatiu de Centre.<\/p>\n<p style=\"text-align: left;\">El Projecte de conviv\u00e8ncia\u00a0 reflecteix les accions que l&#8217;Escola d&#8217;Almenar desenvolupa per capacitar tot l\u2019alumnat\u00a0 i la resta de la comunitat escolar per a la conviv\u00e8ncia i la gesti\u00f3 positiva dels conflictes.<\/p>\n<p style=\"text-align: left;\">Aquest projecte s&#8217;ha elaborat a partir d&#8217;una aplicaci\u00f3 inform\u00e0tica amb elements de diagnosi, orientacions i recursos per elaborar-lo.<\/p>\n<div style=\"text-align: center;\">\n<div style=\"margin: 8px 0px 4px;\"><\/div>\n<p><iframe loading=\"lazy\" style=\"margin: 0 auto;\" src=\"\/\/v.calameo.com\/?bkcode=0045115127c69a5981c2b&amp;mode=mini&amp;clickto=view&amp;clicktarget=_self\" width=\"560\" height=\"350\" frameborder=\"0\" scrolling=\"no\" allowfullscreen=\"allowfullscreen\"><\/iframe><\/p>\n<div style=\"margin: 4px 0px 8px;\">\n<h6 style=\"text-align: left;\"><a href=\"https:\/\/docs.google.com\/spreadsheets\/d\/1h0ADNdY7WXcdhB84eyK5uauA3NUpqB6lhCaywpUNRyE\/edit?gid=1019012944#gid=1019012944\"><span style=\"color: #ff0000;\">EDC_Escola d&#8217;Almenar 2025-2028<\/span><\/a><\/h6>\n<p style=\"text-align: left;\">\n<p style=\"text-align: left;\"><a href=\"https:\/\/agora.xtec.cat\/escalmenar\/wp-content\/uploads\/usu824\/2026\/03\/Captura.png\"><img loading=\"lazy\" decoding=\"async\" class=\"alignnone  wp-image-4929\" src=\"https:\/\/agora.xtec.cat\/escalmenar\/wp-content\/uploads\/usu824\/2026\/03\/Captura-1024x590.png\" alt=\"\" width=\"633\" height=\"365\" srcset=\"https:\/\/agora.xtec.cat\/escalmenar\/wp-content\/uploads\/usu824\/2026\/03\/Captura-1024x590.png 1024w, https:\/\/agora.xtec.cat\/escalmenar\/wp-content\/uploads\/usu824\/2026\/03\/Captura-300x173.png 300w, https:\/\/agora.xtec.cat\/escalmenar\/wp-content\/uploads\/usu824\/2026\/03\/Captura-768x442.png 768w, https:\/\/agora.xtec.cat\/escalmenar\/wp-content\/uploads\/usu824\/2026\/03\/Captura-1536x885.png 1536w, https:\/\/agora.xtec.cat\/escalmenar\/wp-content\/uploads\/usu824\/2026\/03\/Captura.png 1606w\" sizes=\"auto, (max-width: 633px) 100vw, 633px\" \/><\/a><\/p>\n<\/div>\n<\/div>\n<\/div>\n<\/div>\n<\/div>\n<\/div>\n<\/div>\n<\/div>\n<\/div>\n<\/div>\n","protected":false},"excerpt":{"rendered":"<p>Projecte educatiu de centre El projecte educatiu de centre (PEC) \u00e9s el document que defineix com funciona el nostre centre [&hellip;]<\/p>\n","protected":false},"author":3,"featured_media":0,"parent":22,"menu_order":3,"comment_status":"closed","ping_status":"closed","template":"","meta":{"_bbp_topic_count":0,"_bbp_reply_count":0,"_bbp_total_topic_count":0,"_bbp_total_reply_count":0,"_bbp_voice_count":0,"_bbp_anonymous_reply_count":0,"_bbp_topic_count_hidden":0,"_bbp_reply_count_hidden":0,"_bbp_forum_subforum_count":0,"site-sidebar-layout":"default","site-content-layout":"","ast-site-content-layout":"default","site-content-style":"default","site-sidebar-style":"default","ast-global-header-display":"","ast-banner-title-visibility":"","ast-main-header-display":"","ast-hfb-above-header-display":"","ast-hfb-below-header-display":"","ast-hfb-mobile-header-display":"","site-post-title":"","ast-breadcrumbs-content":"","ast-featured-img":"","footer-sml-layout":"","theme-transparent-header-meta":"","adv-header-id-meta":"","stick-header-meta":"","header-above-stick-meta":"","header-main-stick-meta":"","header-below-stick-meta":"","astra-migrate-meta-layouts":"set","ast-page-background-enabled":"default","ast-page-background-meta":{"desktop":{"background-color":"var(--ast-global-color-4)","background-image":"","background-repeat":"repeat","background-position":"center center","background-size":"auto","background-attachment":"scroll","background-type":"","background-media":"","overlay-type":"","overlay-color":"","overlay-opacity":"","overlay-gradient":""},"tablet":{"background-color":"","background-image":"","background-repeat":"repeat","background-position":"center center","background-size":"auto","background-attachment":"scroll","background-type":"","background-media":"","overlay-type":"","overlay-color":"","overlay-opacity":"","overlay-gradient":""},"mobile":{"background-color":"","background-image":"","background-repeat":"repeat","background-position":"center center","background-size":"auto","background-attachment":"scroll","background-type":"","background-media":"","overlay-type":"","overlay-color":"","overlay-opacity":"","overlay-gradient":""}},"ast-content-background-meta":{"desktop":{"background-color":"var(--ast-global-color-5)","background-image":"","background-repeat":"repeat","background-position":"center center","background-size":"auto","background-attachment":"scroll","background-type":"","background-media":"","overlay-type":"","overlay-color":"","overlay-opacity":"","overlay-gradient":""},"tablet":{"background-color":"var(--ast-global-color-5)","background-image":"","background-repeat":"repeat","background-position":"center center","background-size":"auto","background-attachment":"scroll","background-type":"","background-media":"","overlay-type":"","overlay-color":"","overlay-opacity":"","overlay-gradient":""},"mobile":{"background-color":"var(--ast-global-color-5)","background-image":"","background-repeat":"repeat","background-position":"center center","background-size":"auto","background-attachment":"scroll","background-type":"","background-media":"","overlay-type":"","overlay-color":"","overlay-opacity":"","overlay-gradient":""}},"footnotes":""},"class_list":["post-1289","page","type-page","status-publish","hentry"],"post_mailing_queue_ids":[],"_links":{"self":[{"href":"https:\/\/agora.xtec.cat\/escalmenar\/wp-json\/wp\/v2\/pages\/1289","targetHints":{"allow":["GET"]}}],"collection":[{"href":"https:\/\/agora.xtec.cat\/escalmenar\/wp-json\/wp\/v2\/pages"}],"about":[{"href":"https:\/\/agora.xtec.cat\/escalmenar\/wp-json\/wp\/v2\/types\/page"}],"author":[{"embeddable":true,"href":"https:\/\/agora.xtec.cat\/escalmenar\/wp-json\/wp\/v2\/users\/3"}],"replies":[{"embeddable":true,"href":"https:\/\/agora.xtec.cat\/escalmenar\/wp-json\/wp\/v2\/comments?post=1289"}],"version-history":[{"count":4,"href":"https:\/\/agora.xtec.cat\/escalmenar\/wp-json\/wp\/v2\/pages\/1289\/revisions"}],"predecessor-version":[{"id":4930,"href":"https:\/\/agora.xtec.cat\/escalmenar\/wp-json\/wp\/v2\/pages\/1289\/revisions\/4930"}],"up":[{"embeddable":true,"href":"https:\/\/agora.xtec.cat\/escalmenar\/wp-json\/wp\/v2\/pages\/22"}],"wp:attachment":[{"href":"https:\/\/agora.xtec.cat\/escalmenar\/wp-json\/wp\/v2\/media?parent=1289"}],"curies":[{"name":"wp","href":"https:\/\/api.w.org\/{rel}","templated":true}]}}