{"id":1264,"date":"2017-09-08T19:34:28","date_gmt":"2017-09-08T17:34:28","guid":{"rendered":"http:\/\/agora.xtec.cat\/escalmenar\/?page_id=1264"},"modified":"2025-02-26T23:03:21","modified_gmt":"2025-02-26T22:03:21","slug":"normes-generals-del-centre","status":"publish","type":"page","link":"https:\/\/agora.xtec.cat\/escalmenar\/lescola\/normes-generals-del-centre\/","title":{"rendered":"Normes generals del Centre"},"content":{"rendered":"<p><strong><a href=\"http:\/\/agora.xtec.cat\/escalmenar\/wp-content\/uploads\/usu824\/2017\/09\/normativa.jpg\"><img loading=\"lazy\" decoding=\"async\" class=\"alignnone wp-image-1274\" src=\"http:\/\/agora.xtec.cat\/escalmenar\/wp-content\/uploads\/usu824\/2017\/09\/normativa.jpg\" alt=\"\" width=\"245\" height=\"171\" srcset=\"https:\/\/agora.xtec.cat\/escalmenar\/wp-content\/uploads\/usu824\/2017\/09\/normativa.jpg 421w, https:\/\/agora.xtec.cat\/escalmenar\/wp-content\/uploads\/usu824\/2017\/09\/normativa-300x210.jpg 300w\" sizes=\"auto, (max-width: 245px) 100vw, 245px\" \/><\/a><\/strong><\/p>\n<h5><strong>NORMES GENERALS DE L\u2019ESCOLA<\/strong><\/h5>\n<ul>\n<li>Cal<strong> justificar les faltes d&#8217;assist\u00e8ncia<\/strong> i avisar per escrit o personalment els mestres-tutors quan l&#8217;alumne\/a hagi de sortir de classe abans de l&#8217;hora habitual. Es pot fer per correu electr\u00f2nic o mitjan\u00e7ant l&#8217;apartat corresponent de l&#8217;agenda a partir de 2n curs.<\/li>\n<li>Cal que les fam\u00edlies vetllin perqu\u00e8 els seus fills\/es respectin les <strong>normes b\u00e0siques de la conviv\u00e8ncia<\/strong> en grup, \u00e9s a dir: bon comportament, netedat, puntualitat, cura del material propi i d&#8217;altri, respecte als companys\/es, al professorat, monitores, a l&#8217;entorn escolar, etc.<\/li>\n<li>No es permet l\u2019alumnat consumir llaminadures de cap mena, per tant es prega a les fam\u00edlies que no els en proporcionin.<\/li>\n<li>Hem de <strong>mantenir l\u2019escola neta<\/strong>. No llen\u00e7arem res al terra ni embrutarem les parets. L\u2019alumnat que ocasioni desperfectes, faci malb\u00e9 el material, trenqui alguna cosa,&#8230; haur\u00e0 de pagar el desperfecte o reparar el dany ocasionat.<\/li>\n<li>Cal circular sempre per l\u2019escola de manera ordenada sense fer sorolls, crits ni corredisses.<\/li>\n<li>Es demana que qualsevol <strong>canvi de dades personals o familiars<\/strong> respecte al curs passat (nou domicili, n\u00fameros de tel\u00e8fons, etc.) es comuniqui al centre, a fi de tenir les dades actualitzades.<\/li>\n<li>Els <strong>canvis curriculars de la matr\u00edcula<\/strong> com en el cas de canvi de religi\u00f3 per educaci\u00f3 en valors o a la inversa sols es podr\u00e0 fer\u00a0 al mes de juny.<\/li>\n<li>Els <strong>pagaments de sortides i material escolar es faran online<\/strong> a trav\u00e9s de la p\u00e0gina web de l\u2019escola. Si hi ha alg\u00fa amb alguna dificultat pot passar per la secretaria del centre.<\/li>\n<\/ul>\n<h6><strong>H\u00c0BITS D&#8217;HIGIENE<\/strong><\/h6>\n<ul>\n<li>Cal tenir cura de l\u2019aspecte personal. S\u2019ha de venir a l\u2019escola net i ben vestit.<\/li>\n<li>A l\u2019hivern no se\u2019ls ha d\u2019abrigar massa ja que a les aules hi ha calefacci\u00f3. Millor portar diverses capes de roba que roba gruixuda.<\/li>\n<li>Per un bon rendiment intel\u00b7lectual cal:\n<ul>\n<li>Dormir les hores necess\u00e0ries.<\/li>\n<li>Esmorzar a casa i no venir a l\u2019escola en dej\u00fa.<\/li>\n<\/ul>\n<\/li>\n<li>A l\u2019hora del pati cal portar un \u201cpetit esmorzar\u201d que es pugui menjar f\u00e0cilment i que els deixi gaudir del temps d\u2019esbarjo.<\/li>\n<li>Per aconseguir que tot el nostre alumnat faci un esmorzar cada cop m\u00e9s saludable, el claustre de professorat ha establert que no es permet portar sucs i productes l\u00e0ctics que a m\u00e9s a m\u00e9s generen residus de dif\u00edcil gesti\u00f3 dins de l\u2019\u00e0mbit escolar. El <strong>dijous ser\u00e0 el dia de l\u2019esmorzar saludable<\/strong>; tot l\u2019alumnat hauria de dur fruita per esmorzar. Dins del Pla de consum de fruita l\u2019alumnat podr\u00e0 rebre algun dia una pe\u00e7a de fruita per berenar que consumir\u00e0 fora del centre.<\/li>\n<\/ul>\n<h6><strong>MALALTIES <\/strong><\/h6>\n<ul>\n<li>S\u2019ha de comunicar al tutor\/a o a la secretaria del centre, qualsevol problema de tipus m\u00e8dic del vostre fill\/a, tan bon punt li sigui detectat.<\/li>\n<li>En el cas de tenir afectaci\u00f3 per polls, l\u2019alumne\/a haur\u00e0 de restar a casa fins finalitzar el tractament.<\/li>\n<li>Els\/les <strong>alumnes no han de venir a l&#8217;escola si estan malalts<\/strong> ni amb febre, especialment durant el proc\u00e9s d&#8217;una malaltia que pugui encomanar-se als companys. En cas de dubte cal consultar-ho al metge. Si un alumne\/a pateix alguna al\u00b7l\u00e8rgia o altra malaltia que pugui presentar problemes de manera sobtada, les fam\u00edlies n\u2019han d\u2019informar cada curs a la Secretaria del centre i al professor\/a-tutor\/a. En cas que durant alguns dies l\u2019alumne\/a no pugui practicar Educaci\u00f3 F\u00edsica ho ha de justificar la fam\u00edlia i si ha de ser per llarg temps cal una justificaci\u00f3 m\u00e8dica.<\/li>\n<\/ul>\n<h6><strong>\u00a0<\/strong><strong>ADMINISTRACI\u00d3 DE MEDICAMENTS<\/strong><\/h6>\n<ul>\n<li>Com a norma general durant la jornada escolar <strong>no es dispensar\u00e0 cap medicament als alumnes<\/strong>. Demanem a les fam\u00edlies que ajustin la presa de la medicaci\u00f3 a l\u2019horari no lectiu. Si de forma excepcional calgu\u00e9s donar algun medicament, hauria de ser pr\u00e8via autoritzaci\u00f3 escrita de la fam\u00edlia i amb l\u2019informe m\u00e8dic corresponent.<\/li>\n<\/ul>\n<h6><strong>ACCIDENTS<\/strong><\/h6>\n<ul>\n<li>Protocol d\u2019actuaci\u00f3 davant un accident a l\u2019escola:\n<ul>\n<li>Si \u00e9s un accident lleu ser\u00e0 at\u00e8s pel professorat i l\u2019escola trucar\u00e0 a la fam\u00edlia per comunicar l\u2019accident.<\/li>\n<li>Si la lesi\u00f3 no pot ser atesa pel professorat, es trucar\u00e0 a la fam\u00edlia. En el cas de no poder contactar amb la fam\u00edlia es trucar\u00e0 als serveis d\u2019emerg\u00e8ncia.<\/li>\n<\/ul>\n<\/li>\n<\/ul>\n<h6><strong>\u00a0<\/strong><strong>EDUCACI\u00d3 F\u00cdSICA<\/strong><\/h6>\n<ul>\n<li>\u00c9s imprescindible <strong>portar l\u2019equip corresponent<\/strong> per a la realitzaci\u00f3 de psicomotricitat o educaci\u00f3 f\u00edsica. Recomanem l\u2019adquisici\u00f3 del model de xandall del centre ja que a banda d\u2019utilitzar-se a les classes d\u2019E.F s\u2019utilitza com a identificador d\u2019escola en les sortides de centre. L\u2019AFA gestiona la possibilitat d&#8217;adquirir l&#8217;equipament esportiu amb els distintius del centre.<\/li>\n<li>A prim\u00e0ria l\u2019alumnat tamb\u00e9 haur\u00e0 de portar un necesser amb sab\u00f3 i tovallola per a la higiene de despr\u00e9s de les sessions.<\/li>\n<li>Aquest any CM i CS fa\u00a0 les classes d\u2019EF\u00a0 al pavell\u00f3, al camp de futbol o al pati de l&#8217;escola en funci\u00f3 del tema i de la climatologia.<\/li>\n<\/ul>\n<h6><strong>MOTXILLES <\/strong><\/h6>\n<p><span style=\"font-family: inherit; font-size: 1em;\">Es recomana que l\u2019alumnat portin motxilles sense rodes.<\/span><\/p>\n<p>La fam\u00edlia ha de col\u00b7laborar en la revisi\u00f3 de les motxilles, sovint van excessivament carregats transportant llibres o material innecessari.<\/p>\n<h6><strong>MATERIAL ESCOLAR<\/strong><\/h6>\n<ul>\n<li>Les fotoc\u00f2pies, la major part del material escolar i del material did\u00e0ctic d\u2019aula s\u2019adquireix des del centre amb la quota que paguen les fam\u00edlies per aquest concepte a trav\u00e9s de la p\u00e0gina web del centre.<\/li>\n<li>A l\u2019alumnat d\u2019educaci\u00f3 infantil, l\u2019escola els proporciona del material comunitari, tot all\u00f2 que els pugui ser necessari; per tant no cal que portin res de casa. A educaci\u00f3 prim\u00e0ria gran part del material el proporciona el centre per\u00f2 cal que portin un petit estoig per les tasques di\u00e0ries. Les llibretes per l\u2019alumnat les adquireix l\u2019escola amb la quota de material.<\/li>\n<li>Les fam\u00edlies tenen l\u2019obligaci\u00f3 de vetllar perqu\u00e8 els seus fills\/es portin tots els llibres i materials necessaris per al desenvolupament normal de la classe. El professorat informar\u00e0 l\u2019alumnat d&#8217;all\u00f2 que necessita a m\u00e9s del material pagat amb la quota de material.<\/li>\n<\/ul>\n<h6><strong>ROBA I OBJECTES<\/strong><\/h6>\n<ul>\n<li>\u00c9s convenient marcar tota la roba i objectes de l\u2019alumnat, sobretot l\u2019equipament esportiu. Tot all\u00f2 que es trobi perdut al centre es guardar\u00e0 un temps. Al final de cada curs, els objectes i roba que no hagin estat recollits es donaran a les persones o associacions que ho necessitin.<\/li>\n<li>Normalment no s&#8217;ha de dur diners, joguines, ni objectes de valor a l&#8217;escola. En cas de p\u00e8rdua no pot fer-se&#8217;n responsable cap estament escolar<\/li>\n<\/ul>\n<h6><strong>ENTRADES<\/strong><\/h6>\n<ul>\n<li>Cal extremar les instruccions d\u2019entrades i sortides i respectar els horaris per evitar aglomeracions.<\/li>\n<li>Com a norma general i per raons de seguretat, durant les entrades les fam\u00edlies no podran entrar al recinte educatiu sense el consentiment del professorat.<\/li>\n<li>L\u2019entrada habitual de <strong>l\u2019alumnat d\u2019Educaci\u00f3 infantil<\/strong> \u00e9s per la rampa del pati. Els mestres vetllaran perqu\u00e8 vagin cap a les seves classes pel pati d\u2019educaci\u00f3 infantil on els estaran esperant les tutores.<\/li>\n<li>Les entrades de <strong>l\u2019alumnat d\u2019Educaci\u00f3 prim\u00e0ria<\/strong> son:\n<ul>\n<li>CI i CM : Porta Principal de l\u2019Escola<\/li>\n<li>CS: Rampa del pati i escales exteriors.<\/li>\n<\/ul>\n<\/li>\n<li>L\u2019alumnat comen\u00e7ar\u00e0 a entrar al recinte a l&#8217;hora establerta i anir\u00e0 directament a la seva classe on l\u2019estar\u00e0 esperant el seu tutor\/a.<\/li>\n<\/ul>\n<h6><strong>SORTIDES<\/strong><\/h6>\n<ul>\n<li>Les sortides <strong>d\u2019Ed. Infantil<\/strong> es faran per la porta del pati de cada classe. Un sol membre de cada fam\u00edlia amb mascareta, entrar\u00e0 per la rampa \u2013 pati d\u2019infantil- porta classe. Per sortir faran el recorregut invers.<\/li>\n<li>L\u2019alumnat <strong>d\u2019Ed. Prim\u00e0ria<\/strong> sortir\u00e0 per la mateixa porta d\u2019entrada acompanyats pel mestre\/a que vetllar\u00e0 la recollida.<\/li>\n<li>No es permetr\u00e0 la sortida de l\u2019escola en horari escolar sense la pres\u00e8ncia d\u2019un familiar o persones en qui aquest deleguin.<\/li>\n<li>L\u2019alumnat ha de ser puntual a les hores d\u2019entrada i sortida. Un cop tancades les portes d\u2019acc\u00e9s al centre, caldr\u00e0 que la persona responsable del menor justifiqui el motiu del retard per accedir a l\u2019escola.<\/li>\n<li>Si un alumne\/a no pot arribar a l\u2019hora, caldr\u00e0 que vingui coincidint en un hora de canvi de classe per no interrompre el normal funcionament del grup.<\/li>\n<li>Cal extremar tamb\u00e9 la puntualitat a les hores de sortida i evitar estar m\u00e9s temps del necessari al carrer de davant de l\u2019escola per evitar aglomeracions.<\/li>\n<li>Els acompanyants s&#8217;han de quedar a l&#8217;exterior del pati. Per qualsevol informaci\u00f3 urgent i puntual que vulgueu fer-li al tutor\/a del vostre fill informeu als mestres del pati.<\/li>\n<\/ul>\n<p><strong>\u00a0<\/strong><\/p>\n","protected":false},"excerpt":{"rendered":"<p>NORMES GENERALS DE L\u2019ESCOLA Cal justificar les faltes d&#8217;assist\u00e8ncia i avisar per escrit o personalment els mestres-tutors quan l&#8217;alumne\/a hagi [&hellip;]<\/p>\n","protected":false},"author":3,"featured_media":0,"parent":22,"menu_order":4,"comment_status":"closed","ping_status":"closed","template":"","meta":{"_bbp_topic_count":0,"_bbp_reply_count":0,"_bbp_total_topic_count":0,"_bbp_total_reply_count":0,"_bbp_voice_count":0,"_bbp_anonymous_reply_count":0,"_bbp_topic_count_hidden":0,"_bbp_reply_count_hidden":0,"_bbp_forum_subforum_count":0,"site-sidebar-layout":"default","site-content-layout":"","ast-site-content-layout":"default","site-content-style":"default","site-sidebar-style":"default","ast-global-header-display":"","ast-banner-title-visibility":"","ast-main-header-display":"","ast-hfb-above-header-display":"","ast-hfb-below-header-display":"","ast-hfb-mobile-header-display":"","site-post-title":"","ast-breadcrumbs-content":"","ast-featured-img":"","footer-sml-layout":"","theme-transparent-header-meta":"","adv-header-id-meta":"","stick-header-meta":"","header-above-stick-meta":"","header-main-stick-meta":"","header-below-stick-meta":"","astra-migrate-meta-layouts":"set","ast-page-background-enabled":"default","ast-page-background-meta":{"desktop":{"background-color":"var(--ast-global-color-4)","background-image":"","background-repeat":"repeat","background-position":"center center","background-size":"auto","background-attachment":"scroll","background-type":"","background-media":"","overlay-type":"","overlay-color":"","overlay-opacity":"","overlay-gradient":""},"tablet":{"background-color":"","background-image":"","background-repeat":"repeat","background-position":"center center","background-size":"auto","background-attachment":"scroll","background-type":"","background-media":"","overlay-type":"","overlay-color":"","overlay-opacity":"","overlay-gradient":""},"mobile":{"background-color":"","background-image":"","background-repeat":"repeat","background-position":"center center","background-size":"auto","background-attachment":"scroll","background-type":"","background-media":"","overlay-type":"","overlay-color":"","overlay-opacity":"","overlay-gradient":""}},"ast-content-background-meta":{"desktop":{"background-color":"var(--ast-global-color-5)","background-image":"","background-repeat":"repeat","background-position":"center center","background-size":"auto","background-attachment":"scroll","background-type":"","background-media":"","overlay-type":"","overlay-color":"","overlay-opacity":"","overlay-gradient":""},"tablet":{"background-color":"var(--ast-global-color-5)","background-image":"","background-repeat":"repeat","background-position":"center center","background-size":"auto","background-attachment":"scroll","background-type":"","background-media":"","overlay-type":"","overlay-color":"","overlay-opacity":"","overlay-gradient":""},"mobile":{"background-color":"var(--ast-global-color-5)","background-image":"","background-repeat":"repeat","background-position":"center center","background-size":"auto","background-attachment":"scroll","background-type":"","background-media":"","overlay-type":"","overlay-color":"","overlay-opacity":"","overlay-gradient":""}},"footnotes":""},"class_list":["post-1264","page","type-page","status-publish","hentry"],"post_mailing_queue_ids":[],"_links":{"self":[{"href":"https:\/\/agora.xtec.cat\/escalmenar\/wp-json\/wp\/v2\/pages\/1264","targetHints":{"allow":["GET"]}}],"collection":[{"href":"https:\/\/agora.xtec.cat\/escalmenar\/wp-json\/wp\/v2\/pages"}],"about":[{"href":"https:\/\/agora.xtec.cat\/escalmenar\/wp-json\/wp\/v2\/types\/page"}],"author":[{"embeddable":true,"href":"https:\/\/agora.xtec.cat\/escalmenar\/wp-json\/wp\/v2\/users\/3"}],"replies":[{"embeddable":true,"href":"https:\/\/agora.xtec.cat\/escalmenar\/wp-json\/wp\/v2\/comments?post=1264"}],"version-history":[{"count":4,"href":"https:\/\/agora.xtec.cat\/escalmenar\/wp-json\/wp\/v2\/pages\/1264\/revisions"}],"predecessor-version":[{"id":4792,"href":"https:\/\/agora.xtec.cat\/escalmenar\/wp-json\/wp\/v2\/pages\/1264\/revisions\/4792"}],"up":[{"embeddable":true,"href":"https:\/\/agora.xtec.cat\/escalmenar\/wp-json\/wp\/v2\/pages\/22"}],"wp:attachment":[{"href":"https:\/\/agora.xtec.cat\/escalmenar\/wp-json\/wp\/v2\/media?parent=1264"}],"curies":[{"name":"wp","href":"https:\/\/api.w.org\/{rel}","templated":true}]}}