{"id":21296,"date":"2021-11-04T15:52:39","date_gmt":"2021-11-04T14:52:39","guid":{"rendered":"https:\/\/agora.xtec.cat\/escalmacelles\/?page_id=21296"},"modified":"2023-06-12T10:21:41","modified_gmt":"2023-06-12T08:21:41","slug":"edc-avaluacio-i-millora","status":"publish","type":"page","link":"https:\/\/agora.xtec.cat\/escalmacelles\/estrategia-digital-de-centre\/edc-part-estrategica\/edc-avaluacio-i-millora\/","title":{"rendered":"EDC &#8211; AVALUACI\u00d3 I MILLORA"},"content":{"rendered":"<div class=\"hJDwNd-AhqUyc-qWD73c purZT-AhqUyc-II5mzb pSzOP-AhqUyc-qWD73c JNdkSc\">\n<div class=\"JNdkSc-SmKAyb\">\n<div class=\"\">\n<div class=\"oKdM2c Kzv0Me\">\n<div id=\"h.1dc2481d050fc92e_0\" class=\"hJDwNd-AhqUyc-qWD73c jXK9ad D2fZ2 OjCsFc wHaque GNzUNc\">\n<div class=\"jXK9ad-SmKAyb\">\n<div class=\"tyJCtd mGzaTb baZpAe\">\n<p class=\"CDt4Ke zfr3Q\" dir=\"ltr\">Amb la finalitat d&#8217;avaluar la implementaci\u00f3 que l&#8217;escola fa de la seva Estrat\u00e8gia Digital, a final de cada curs es reuneix la comissi\u00f3 digital per tal de valorar l&#8217;assoliment dels criteris dels indicadors de les activitats i dels objectius.<\/p>\n<p class=\"CDt4Ke zfr3Q\" dir=\"ltr\">Cada representant de la Comissi\u00f3 Digital, per cicles, exposa all\u00f2 que s&#8217;ha assolit i del que no s&#8217;ha assolit, aix\u00ed pot fer una s\u00e8rie de propostes de millora.<\/p>\n<p class=\"CDt4Ke zfr3Q\" dir=\"ltr\">En aquest punt, la comissi\u00f3 modifica l&#8217;ECD pel que queda de temps d&#8217;implementaci\u00f3, si s&#8217;escau.<\/p>\n<p class=\"CDt4Ke zfr3Q\" dir=\"ltr\">Per fer la valoraci\u00f3 dels criteris d&#8217;assoliment, s&#8217;utilitza la seg\u00fcent taula:<\/p>\n<style>\n   .responsive-iframe {\n    width: 100%;\n    height: 500px;\n    }\n<\/style>\n<p><iframe class=\"responsive-iframe\" src=\"https:\/\/docs.google.com\/spreadsheets\/d\/e\/2PACX-1vQcCYWwx9CR8wkmEixYnTJIZmN1sDvei59jicUZi1BNk9dSoXx4HSN7lnnT3aQXp59UKizLQ2a93NHp\/pubhtml?widget=true&amp;headers=false\"><\/iframe><\/p>\n<\/div>\n<\/div>\n<\/div>\n<\/div>\n<\/div>\n<\/div>\n<\/div>\n","protected":false},"excerpt":{"rendered":"<p>Amb la finalitat d&#8217;avaluar la implementaci\u00f3 que l&#8217;escola fa de la seva Estrat\u00e8gia Digital, a final de cada curs es reuneix la comissi\u00f3 digital per tal de valorar l&#8217;assoliment dels criteris dels indicadors de les activitats i dels objectius. Cada representant de la Comissi\u00f3 Digital, per cicles, exposa all\u00f2 que s&#8217;ha assolit i del que [&hellip;]<\/p>\n","protected":false},"author":1,"featured_media":0,"parent":21149,"menu_order":4,"comment_status":"closed","ping_status":"closed","template":"page-templates\/side-menu.php","meta":{"_bbp_topic_count":0,"_bbp_reply_count":0,"_bbp_total_topic_count":0,"_bbp_total_reply_count":0,"_bbp_voice_count":0,"_bbp_anonymous_reply_count":0,"_bbp_topic_count_hidden":0,"_bbp_reply_count_hidden":0,"_bbp_forum_subforum_count":0,"site-sidebar-layout":"default","site-content-layout":"","ast-site-content-layout":"","site-content-style":"default","site-sidebar-style":"default","ast-global-header-display":"","ast-banner-title-visibility":"","ast-main-header-display":"","ast-hfb-above-header-display":"","ast-hfb-below-header-display":"","ast-hfb-mobile-header-display":"","site-post-title":"","ast-breadcrumbs-content":"","ast-featured-img":"","footer-sml-layout":"","theme-transparent-header-meta":"","adv-header-id-meta":"","stick-header-meta":"","header-above-stick-meta":"","header-main-stick-meta":"","header-below-stick-meta":"","astra-migrate-meta-layouts":"default","ast-page-background-enabled":"default","ast-page-background-meta":{"desktop":{"background-color":"var(--ast-global-color-4)","background-image":"","background-repeat":"repeat","background-position":"center center","background-size":"auto","background-attachment":"scroll","background-type":"","background-media":"","overlay-type":"","overlay-color":"","overlay-opacity":"","overlay-gradient":""},"tablet":{"background-color":"","background-image":"","background-repeat":"repeat","background-position":"center center","background-size":"auto","background-attachment":"scroll","background-type":"","background-media":"","overlay-type":"","overlay-color":"","overlay-opacity":"","overlay-gradient":""},"mobile":{"background-color":"","background-image":"","background-repeat":"repeat","background-position":"center center","background-size":"auto","background-attachment":"scroll","background-type":"","background-media":"","overlay-type":"","overlay-color":"","overlay-opacity":"","overlay-gradient":""}},"ast-content-background-meta":{"desktop":{"background-color":"var(--ast-global-color-5)","background-image":"","background-repeat":"repeat","background-position":"center center","background-size":"auto","background-attachment":"scroll","background-type":"","background-media":"","overlay-type":"","overlay-color":"","overlay-opacity":"","overlay-gradient":""},"tablet":{"background-color":"var(--ast-global-color-5)","background-image":"","background-repeat":"repeat","background-position":"center center","background-size":"auto","background-attachment":"scroll","background-type":"","background-media":"","overlay-type":"","overlay-color":"","overlay-opacity":"","overlay-gradient":""},"mobile":{"background-color":"var(--ast-global-color-5)","background-image":"","background-repeat":"repeat","background-position":"center center","background-size":"auto","background-attachment":"scroll","background-type":"","background-media":"","overlay-type":"","overlay-color":"","overlay-opacity":"","overlay-gradient":""}},"footnotes":""},"class_list":["post-21296","page","type-page","status-publish","hentry"],"post_mailing_queue_ids":[],"_links":{"self":[{"href":"https:\/\/agora.xtec.cat\/escalmacelles\/wp-json\/wp\/v2\/pages\/21296","targetHints":{"allow":["GET"]}}],"collection":[{"href":"https:\/\/agora.xtec.cat\/escalmacelles\/wp-json\/wp\/v2\/pages"}],"about":[{"href":"https:\/\/agora.xtec.cat\/escalmacelles\/wp-json\/wp\/v2\/types\/page"}],"author":[{"embeddable":true,"href":"https:\/\/agora.xtec.cat\/escalmacelles\/wp-json\/wp\/v2\/users\/1"}],"replies":[{"embeddable":true,"href":"https:\/\/agora.xtec.cat\/escalmacelles\/wp-json\/wp\/v2\/comments?post=21296"}],"version-history":[{"count":4,"href":"https:\/\/agora.xtec.cat\/escalmacelles\/wp-json\/wp\/v2\/pages\/21296\/revisions"}],"predecessor-version":[{"id":22423,"href":"https:\/\/agora.xtec.cat\/escalmacelles\/wp-json\/wp\/v2\/pages\/21296\/revisions\/22423"}],"up":[{"embeddable":true,"href":"https:\/\/agora.xtec.cat\/escalmacelles\/wp-json\/wp\/v2\/pages\/21149"}],"wp:attachment":[{"href":"https:\/\/agora.xtec.cat\/escalmacelles\/wp-json\/wp\/v2\/media?parent=21296"}],"curies":[{"name":"wp","href":"https:\/\/api.w.org\/{rel}","templated":true}]}}