{"id":21289,"date":"2021-11-04T15:40:25","date_gmt":"2021-11-04T14:40:25","guid":{"rendered":"https:\/\/agora.xtec.cat\/escalmacelles\/?page_id=21289"},"modified":"2022-12-19T12:04:30","modified_gmt":"2022-12-19T11:04:30","slug":"edc-objectius","status":"publish","type":"page","link":"https:\/\/agora.xtec.cat\/escalmacelles\/estrategia-digital-de-centre\/edc-part-estrategica\/edc-objectius\/","title":{"rendered":"EDC &#8211; OBJECTIUS"},"content":{"rendered":"<p>Despr\u00e9s d&#8217;haver realitzat una diagnosi al centre, els objectius que ens proposem per millorar l&#8217;estrat\u00e8gia digital s\u00f3n:<\/p>\n<ul>\n<li>Potenciar un bon \u00fas d&#8217;Internet i eines digitals per part de docents i alumnat per millorar la seguretat i la responsabilitat a les xarxes.<\/li>\n<li>Completar el desplegament i el seguiment de la compet\u00e8ncia digital de l&#8217;alumnat a diferents nivells i \u00e0rees per millorar l&#8217;aprenentatge.<\/li>\n<li>Promoure accions pedag\u00f2giques entre el claustre per millorar la compet\u00e8ncia digital docent.<\/li>\n<li>Millorar l&#8217;acolliment digital de les fam\u00edlies per empoderar-les i poder ajudar millor al desenvolupament digital dels seus fills\/es.<\/li>\n<\/ul>\n","protected":false},"excerpt":{"rendered":"<p>Despr\u00e9s d&#8217;haver realitzat una diagnosi al centre, els objectius que ens proposem per millorar l&#8217;estrat\u00e8gia digital s\u00f3n: Potenciar un bon \u00fas d&#8217;Internet i eines digitals per part de docents i alumnat per millorar la seguretat i la responsabilitat a les xarxes. Completar el desplegament i el seguiment de la compet\u00e8ncia digital de l&#8217;alumnat a diferents [&hellip;]<\/p>\n","protected":false},"author":1,"featured_media":0,"parent":21149,"menu_order":2,"comment_status":"closed","ping_status":"closed","template":"page-templates\/side-menu.php","meta":{"_bbp_topic_count":0,"_bbp_reply_count":0,"_bbp_total_topic_count":0,"_bbp_total_reply_count":0,"_bbp_voice_count":0,"_bbp_anonymous_reply_count":0,"_bbp_topic_count_hidden":0,"_bbp_reply_count_hidden":0,"_bbp_forum_subforum_count":0,"site-sidebar-layout":"default","site-content-layout":"","ast-site-content-layout":"","site-content-style":"default","site-sidebar-style":"default","ast-global-header-display":"","ast-banner-title-visibility":"","ast-main-header-display":"","ast-hfb-above-header-display":"","ast-hfb-below-header-display":"","ast-hfb-mobile-header-display":"","site-post-title":"","ast-breadcrumbs-content":"","ast-featured-img":"","footer-sml-layout":"","theme-transparent-header-meta":"","adv-header-id-meta":"","stick-header-meta":"","header-above-stick-meta":"","header-main-stick-meta":"","header-below-stick-meta":"","astra-migrate-meta-layouts":"default","ast-page-background-enabled":"default","ast-page-background-meta":{"desktop":{"background-color":"var(--ast-global-color-4)","background-image":"","background-repeat":"repeat","background-position":"center center","background-size":"auto","background-attachment":"scroll","background-type":"","background-media":"","overlay-type":"","overlay-color":"","overlay-opacity":"","overlay-gradient":""},"tablet":{"background-color":"","background-image":"","background-repeat":"repeat","background-position":"center center","background-size":"auto","background-attachment":"scroll","background-type":"","background-media":"","overlay-type":"","overlay-color":"","overlay-opacity":"","overlay-gradient":""},"mobile":{"background-color":"","background-image":"","background-repeat":"repeat","background-position":"center center","background-size":"auto","background-attachment":"scroll","background-type":"","background-media":"","overlay-type":"","overlay-color":"","overlay-opacity":"","overlay-gradient":""}},"ast-content-background-meta":{"desktop":{"background-color":"var(--ast-global-color-5)","background-image":"","background-repeat":"repeat","background-position":"center center","background-size":"auto","background-attachment":"scroll","background-type":"","background-media":"","overlay-type":"","overlay-color":"","overlay-opacity":"","overlay-gradient":""},"tablet":{"background-color":"var(--ast-global-color-5)","background-image":"","background-repeat":"repeat","background-position":"center center","background-size":"auto","background-attachment":"scroll","background-type":"","background-media":"","overlay-type":"","overlay-color":"","overlay-opacity":"","overlay-gradient":""},"mobile":{"background-color":"var(--ast-global-color-5)","background-image":"","background-repeat":"repeat","background-position":"center center","background-size":"auto","background-attachment":"scroll","background-type":"","background-media":"","overlay-type":"","overlay-color":"","overlay-opacity":"","overlay-gradient":""}},"footnotes":""},"class_list":["post-21289","page","type-page","status-publish","hentry"],"post_mailing_queue_ids":[],"_links":{"self":[{"href":"https:\/\/agora.xtec.cat\/escalmacelles\/wp-json\/wp\/v2\/pages\/21289","targetHints":{"allow":["GET"]}}],"collection":[{"href":"https:\/\/agora.xtec.cat\/escalmacelles\/wp-json\/wp\/v2\/pages"}],"about":[{"href":"https:\/\/agora.xtec.cat\/escalmacelles\/wp-json\/wp\/v2\/types\/page"}],"author":[{"embeddable":true,"href":"https:\/\/agora.xtec.cat\/escalmacelles\/wp-json\/wp\/v2\/users\/1"}],"replies":[{"embeddable":true,"href":"https:\/\/agora.xtec.cat\/escalmacelles\/wp-json\/wp\/v2\/comments?post=21289"}],"version-history":[{"count":2,"href":"https:\/\/agora.xtec.cat\/escalmacelles\/wp-json\/wp\/v2\/pages\/21289\/revisions"}],"predecessor-version":[{"id":22049,"href":"https:\/\/agora.xtec.cat\/escalmacelles\/wp-json\/wp\/v2\/pages\/21289\/revisions\/22049"}],"up":[{"embeddable":true,"href":"https:\/\/agora.xtec.cat\/escalmacelles\/wp-json\/wp\/v2\/pages\/21149"}],"wp:attachment":[{"href":"https:\/\/agora.xtec.cat\/escalmacelles\/wp-json\/wp\/v2\/media?parent=21289"}],"curies":[{"name":"wp","href":"https:\/\/api.w.org\/{rel}","templated":true}]}}