{"id":21283,"date":"2021-11-04T15:19:21","date_gmt":"2021-11-04T14:19:21","guid":{"rendered":"https:\/\/agora.xtec.cat\/escalmacelles\/?page_id=21283"},"modified":"2023-01-18T15:24:38","modified_gmt":"2023-01-18T14:24:38","slug":"edc-cd-competencia-professorat","status":"publish","type":"page","link":"https:\/\/agora.xtec.cat\/escalmacelles\/estrategia-digital-de-centre\/edc-cultura-digital\/edc-cd-competencia-professorat\/","title":{"rendered":"EDC &#8211; CD &#8211; COMPET\u00c8NCIA PROFESSORAT"},"content":{"rendered":"<p>&nbsp;<\/p>\n<table style=\"border-collapse: collapse; width: 100%;\">\n<tbody>\n<tr>\n<td style=\"width: 100%; background-color: #469fe3; text-align: center; vertical-align: middle;\">\n<h2 style=\"text-align: center;\">FORMACI\u00d3<\/h2>\n<\/td>\n<\/tr>\n<\/tbody>\n<\/table>\n<p class=\"CDt4Ke zfr3Q\" dir=\"ltr\">La formaci\u00f3 en cultura digital, com en d&#8217;altres aspectes, \u00e9s un aspecte clau del centre. Aquesta formaci\u00f3 s&#8217;articula, b\u00e0sicament, de tres maneres:<\/p>\n<p class=\"CDt4Ke zfr3Q\" dir=\"ltr\">Formaci\u00f3 dins el pla d&#8217;acolliment del professorat, suara comentat en les l\u00ednies anteriors.<\/p>\n<p class=\"CDt4Ke zfr3Q\" dir=\"ltr\">FiC: de manera peri\u00f2dica, la formaci\u00f3 interna del centre va incorporant aspectes de cultura digital. Els materials d&#8217;aquestes formacion s&#8217;allotgen a la unitat compartida del professorat de l&#8217;escola per tal que qualsevol membre del professorat pugui consultar-la.<\/p>\n<p class=\"CDt4Ke zfr3Q\" dir=\"ltr\">A trav\u00e9s de la Coordinaci\u00f3 de Cultura Digital, quan apareixen novetats digitals o aspectes que es creuen convenients difondre entre el professorat, es difon via e-mail explicant novetats o canvis i la utilitat pedag\u00f2gica que poden tenir.<\/p>\n<p dir=\"ltr\"><a href=\"https:\/\/agora.xtec.cat\/escalmacelles\/wp-content\/uploads\/usu1902\/2022\/12\/Comp_dig_doc.jpg\">I<img loading=\"lazy\" decoding=\"async\" class=\" wp-image-22054 aligncenter\" src=\"https:\/\/agora.xtec.cat\/escalmacelles\/wp-content\/uploads\/usu1902\/2022\/12\/Comp_dig_doc.jpg\" alt=\"\" width=\"680\" height=\"510\" srcset=\"https:\/\/agora.xtec.cat\/escalmacelles\/wp-content\/uploads\/usu1902\/2022\/12\/Comp_dig_doc.jpg 800w, https:\/\/agora.xtec.cat\/escalmacelles\/wp-content\/uploads\/usu1902\/2022\/12\/Comp_dig_doc-300x225.jpg 300w, https:\/\/agora.xtec.cat\/escalmacelles\/wp-content\/uploads\/usu1902\/2022\/12\/Comp_dig_doc-768x576.jpg 768w, https:\/\/agora.xtec.cat\/escalmacelles\/wp-content\/uploads\/usu1902\/2022\/12\/Comp_dig_doc-200x150.jpg 200w\" sizes=\"auto, (max-width: 680px) 100vw, 680px\" \/><\/a><\/p>\n<p>Extret de FIC M\u00f2dul 3 Sessi\u00f3 1 &#8211; Marc de la Compet\u00e8ncia digital &#8211; Departament d&#8217;Educaci\u00f3<\/p>\n<table style=\"border-collapse: collapse; width: 100%;\">\n<tbody>\n<tr>\n<td style=\"width: 100%; background-color: #469fe3; text-align: center; vertical-align: middle;\">\n<h2 style=\"text-align: center;\">TRASP\u00c0S DE DADES<\/h2>\n<\/td>\n<\/tr>\n<\/tbody>\n<\/table>\n<p>Quan un\/a docent deixa el centre se li comunica que el seu usuari de centre ser\u00e0 donat de baixa i si vol recuperar la informaci\u00f3 pel seu compte o b\u00e9 se li fa una transmissi\u00f3 dels continguts del seu usuari del domini de centre al seu correu corporatiu del Departament d&#8217;Ensenyament (@xtec.cat).<\/p>\n<p>Aix\u00ed mateix s&#8217;explica com traspassar les classes del Classroom al seu usuari @xtec.<\/p>\n","protected":false},"excerpt":{"rendered":"<p>&nbsp; FORMACI\u00d3 La formaci\u00f3 en cultura digital, com en d&#8217;altres aspectes, \u00e9s un aspecte clau del centre. Aquesta formaci\u00f3 s&#8217;articula, b\u00e0sicament, de tres maneres: Formaci\u00f3 dins el pla d&#8217;acolliment del professorat, suara comentat en les l\u00ednies anteriors. FiC: de manera peri\u00f2dica, la formaci\u00f3 interna del centre va incorporant aspectes de cultura digital. Els materials d&#8217;aquestes [&hellip;]<\/p>\n","protected":false},"author":1,"featured_media":0,"parent":21213,"menu_order":5,"comment_status":"closed","ping_status":"closed","template":"page-templates\/side-menu.php","meta":{"_bbp_topic_count":0,"_bbp_reply_count":0,"_bbp_total_topic_count":0,"_bbp_total_reply_count":0,"_bbp_voice_count":0,"_bbp_anonymous_reply_count":0,"_bbp_topic_count_hidden":0,"_bbp_reply_count_hidden":0,"_bbp_forum_subforum_count":0,"site-sidebar-layout":"default","site-content-layout":"","ast-site-content-layout":"","site-content-style":"default","site-sidebar-style":"default","ast-global-header-display":"","ast-banner-title-visibility":"","ast-main-header-display":"","ast-hfb-above-header-display":"","ast-hfb-below-header-display":"","ast-hfb-mobile-header-display":"","site-post-title":"","ast-breadcrumbs-content":"","ast-featured-img":"","footer-sml-layout":"","theme-transparent-header-meta":"","adv-header-id-meta":"","stick-header-meta":"","header-above-stick-meta":"","header-main-stick-meta":"","header-below-stick-meta":"","astra-migrate-meta-layouts":"default","ast-page-background-enabled":"default","ast-page-background-meta":{"desktop":{"background-color":"var(--ast-global-color-4)","background-image":"","background-repeat":"repeat","background-position":"center center","background-size":"auto","background-attachment":"scroll","background-type":"","background-media":"","overlay-type":"","overlay-color":"","overlay-opacity":"","overlay-gradient":""},"tablet":{"background-color":"","background-image":"","background-repeat":"repeat","background-position":"center center","background-size":"auto","background-attachment":"scroll","background-type":"","background-media":"","overlay-type":"","overlay-color":"","overlay-opacity":"","overlay-gradient":""},"mobile":{"background-color":"","background-image":"","background-repeat":"repeat","background-position":"center center","background-size":"auto","background-attachment":"scroll","background-type":"","background-media":"","overlay-type":"","overlay-color":"","overlay-opacity":"","overlay-gradient":""}},"ast-content-background-meta":{"desktop":{"background-color":"var(--ast-global-color-5)","background-image":"","background-repeat":"repeat","background-position":"center center","background-size":"auto","background-attachment":"scroll","background-type":"","background-media":"","overlay-type":"","overlay-color":"","overlay-opacity":"","overlay-gradient":""},"tablet":{"background-color":"var(--ast-global-color-5)","background-image":"","background-repeat":"repeat","background-position":"center center","background-size":"auto","background-attachment":"scroll","background-type":"","background-media":"","overlay-type":"","overlay-color":"","overlay-opacity":"","overlay-gradient":""},"mobile":{"background-color":"var(--ast-global-color-5)","background-image":"","background-repeat":"repeat","background-position":"center center","background-size":"auto","background-attachment":"scroll","background-type":"","background-media":"","overlay-type":"","overlay-color":"","overlay-opacity":"","overlay-gradient":""}},"footnotes":""},"class_list":["post-21283","page","type-page","status-publish","hentry"],"post_mailing_queue_ids":[],"_links":{"self":[{"href":"https:\/\/agora.xtec.cat\/escalmacelles\/wp-json\/wp\/v2\/pages\/21283","targetHints":{"allow":["GET"]}}],"collection":[{"href":"https:\/\/agora.xtec.cat\/escalmacelles\/wp-json\/wp\/v2\/pages"}],"about":[{"href":"https:\/\/agora.xtec.cat\/escalmacelles\/wp-json\/wp\/v2\/types\/page"}],"author":[{"embeddable":true,"href":"https:\/\/agora.xtec.cat\/escalmacelles\/wp-json\/wp\/v2\/users\/1"}],"replies":[{"embeddable":true,"href":"https:\/\/agora.xtec.cat\/escalmacelles\/wp-json\/wp\/v2\/comments?post=21283"}],"version-history":[{"count":4,"href":"https:\/\/agora.xtec.cat\/escalmacelles\/wp-json\/wp\/v2\/pages\/21283\/revisions"}],"predecessor-version":[{"id":22147,"href":"https:\/\/agora.xtec.cat\/escalmacelles\/wp-json\/wp\/v2\/pages\/21283\/revisions\/22147"}],"up":[{"embeddable":true,"href":"https:\/\/agora.xtec.cat\/escalmacelles\/wp-json\/wp\/v2\/pages\/21213"}],"wp:attachment":[{"href":"https:\/\/agora.xtec.cat\/escalmacelles\/wp-json\/wp\/v2\/media?parent=21283"}],"curies":[{"name":"wp","href":"https:\/\/api.w.org\/{rel}","templated":true}]}}