{"id":21252,"date":"2021-11-02T20:01:45","date_gmt":"2021-11-02T19:01:45","guid":{"rendered":"https:\/\/agora.xtec.cat\/escalmacelles\/?page_id=21252"},"modified":"2021-11-03T22:27:37","modified_gmt":"2021-11-03T21:27:37","slug":"edc-cd-usuaris-de-centre","status":"publish","type":"page","link":"https:\/\/agora.xtec.cat\/escalmacelles\/estrategia-digital-de-centre\/edc-cultura-digital\/edc-cd-usuaris-de-centre\/","title":{"rendered":"EDC &#8211; CD &#8211; Usuaris de centre"},"content":{"rendered":"<table style=\"border-collapse: collapse; width: 100%;\">\n<tbody>\n<tr>\n<td style=\"width: 100%; background-color: #469fe3; text-align: center; vertical-align: middle;\">\n<h2 style=\"text-align: center;\">CREACI\u00d3 I GESTI\u00d3 DE GRUPS<\/h2>\n<\/td>\n<\/tr>\n<\/tbody>\n<\/table>\n<p><strong>Alumnat<\/strong>: Creaci\u00f3 d&#8217;un usuari de Google Workspace a tot l&#8217;alumnat quan comen\u00e7a el primer curs de prim\u00e0ria i col\u00b7locaci\u00f3 en una nova unitat organitzativa ordenada amb l&#8217;any natural. En el cas del possible alumnat repetidor se l&#8217;ha de canviar a aquesta unitat organitzativa nova. Si l&#8217;alumnat repetidor \u00e9s d&#8217;un altre curs se l&#8217;ubica a la unitat organitzativa que far\u00e0 el nivell corresponent el curs seg\u00fcent. Tamb\u00e9 es dona d&#8217;alta a l&#8217;alumnat nouvingut de qualsevol altre curs.<\/p>\n<p>L&#8217;alumnat que acaba l&#8217;etapa de prim\u00e0ria: primer es mouen els repetidors a la unitat organitzativa del curs anterior i posteriorment s&#8217;eliminen els usuaris que deixen el centre i la seva corresponent unitat organitzativa. Despr\u00e9s d&#8217;\u00e9sser notificats de la seva baixa com a usuaris es deixa un marge de quinze dies per a poder treure aquella informaci\u00f3 que desitgin conservar. Passat aquest per\u00edode es fa una baixa definitiva i irreversible.<\/p>\n<p>En comen\u00e7ar un nou curs acad\u00e8mic es refan els corresponents grups classe atenent a les noves distribucions de l&#8217;alumnat (a tercer i a cinqu\u00e8), les repeticions, l&#8217;alumnat nouvingut i canvi de tutor.<\/p>\n<p><strong>Professorat<\/strong>: Es crea un usuari en arribar al centre i el mantenen durant tot el temps que hi romanen. En el cas de professorat inter\u00ed o substitut es fa de la mateixa manera i se&#8217;l d\u00f3na de baixa quan marxen. Si el substitut torna al centre se&#8217;l torna a donar d&#8217;alta. Tot el professorat est\u00e0 a la unitat organitzativa de mestres.<\/p>\n<p>&nbsp;<\/p>\n<table style=\"border-collapse: collapse; width: 100%;\">\n<tbody>\n<tr>\n<td style=\"width: 100%; background-color: #469fe3; text-align: center; vertical-align: middle;\">\n<h2 style=\"text-align: center;\">SUPERVISI\u00d3 DELS USUARIS DE L&#8217;ALUMNAT<\/h2>\n<\/td>\n<\/tr>\n<\/tbody>\n<\/table>\n<p>Quan el professorat detecta un mal \u00fas per part de l&#8217;alumnat n&#8217;alerta al Coordinador de CD i, si s&#8217;escau, a l&#8217;equip directiu. Depenent del fet ocorregut pot suspendre&#8217;s a aquell usuari temporalment per a l&#8217;\u00fas com a usuari (opci\u00f3 no gaire emprada perqu\u00e8 la inclusi\u00f3 va per davant del c\u00e0stig) i se&#8217;n fa pedagogia dels fets per evitar que torni a succeir. Si el fet ocorregut t\u00e9 a veure amb l&#8217;\u00fas indegut del correu electr\u00f2nic (per exemple \u00fas com a correu personal en q\u00fcestions externes al centre i a l&#8217;activitat educativa) es limita la recepci\u00f3 i l&#8217;enviament nom\u00e9s als usuaris del centre i als dominis inclosos en una llista blanca (que pot variar), sense possibilitat d&#8217;\u00fas amb correus externs i\/o amb finalitats no educatives.<\/p>\n<p>Control dels visionats de v\u00eddeo a Youtube: quan els usuaris (alumnat) vol veure v\u00eddeos a la plataforma Youtube aquests v\u00eddeos han d&#8217;estar pr\u00e8viament aprovats per un professor, en cas contrari no el poden visionar.<\/p>\n<p>&nbsp;<\/p>\n","protected":false},"excerpt":{"rendered":"<p>CREACI\u00d3 I GESTI\u00d3 DE GRUPS Alumnat: Creaci\u00f3 d&#8217;un usuari de Google Workspace a tot l&#8217;alumnat quan comen\u00e7a el primer curs de prim\u00e0ria i col\u00b7locaci\u00f3 en una nova unitat organitzativa ordenada amb l&#8217;any natural. En el cas del possible alumnat repetidor se l&#8217;ha de canviar a aquesta unitat organitzativa nova. Si l&#8217;alumnat repetidor \u00e9s d&#8217;un altre [&hellip;]<\/p>\n","protected":false},"author":1,"featured_media":0,"parent":21213,"menu_order":2,"comment_status":"closed","ping_status":"closed","template":"page-templates\/side-menu.php","meta":{"_bbp_topic_count":0,"_bbp_reply_count":0,"_bbp_total_topic_count":0,"_bbp_total_reply_count":0,"_bbp_voice_count":0,"_bbp_anonymous_reply_count":0,"_bbp_topic_count_hidden":0,"_bbp_reply_count_hidden":0,"_bbp_forum_subforum_count":0,"site-sidebar-layout":"default","site-content-layout":"","ast-site-content-layout":"","site-content-style":"default","site-sidebar-style":"default","ast-global-header-display":"","ast-banner-title-visibility":"","ast-main-header-display":"","ast-hfb-above-header-display":"","ast-hfb-below-header-display":"","ast-hfb-mobile-header-display":"","site-post-title":"","ast-breadcrumbs-content":"","ast-featured-img":"","footer-sml-layout":"","theme-transparent-header-meta":"","adv-header-id-meta":"","stick-header-meta":"","header-above-stick-meta":"","header-main-stick-meta":"","header-below-stick-meta":"","astra-migrate-meta-layouts":"default","ast-page-background-enabled":"default","ast-page-background-meta":{"desktop":{"background-color":"var(--ast-global-color-4)","background-image":"","background-repeat":"repeat","background-position":"center center","background-size":"auto","background-attachment":"scroll","background-type":"","background-media":"","overlay-type":"","overlay-color":"","overlay-opacity":"","overlay-gradient":""},"tablet":{"background-color":"","background-image":"","background-repeat":"repeat","background-position":"center center","background-size":"auto","background-attachment":"scroll","background-type":"","background-media":"","overlay-type":"","overlay-color":"","overlay-opacity":"","overlay-gradient":""},"mobile":{"background-color":"","background-image":"","background-repeat":"repeat","background-position":"center center","background-size":"auto","background-attachment":"scroll","background-type":"","background-media":"","overlay-type":"","overlay-color":"","overlay-opacity":"","overlay-gradient":""}},"ast-content-background-meta":{"desktop":{"background-color":"var(--ast-global-color-5)","background-image":"","background-repeat":"repeat","background-position":"center center","background-size":"auto","background-attachment":"scroll","background-type":"","background-media":"","overlay-type":"","overlay-color":"","overlay-opacity":"","overlay-gradient":""},"tablet":{"background-color":"var(--ast-global-color-5)","background-image":"","background-repeat":"repeat","background-position":"center center","background-size":"auto","background-attachment":"scroll","background-type":"","background-media":"","overlay-type":"","overlay-color":"","overlay-opacity":"","overlay-gradient":""},"mobile":{"background-color":"var(--ast-global-color-5)","background-image":"","background-repeat":"repeat","background-position":"center center","background-size":"auto","background-attachment":"scroll","background-type":"","background-media":"","overlay-type":"","overlay-color":"","overlay-opacity":"","overlay-gradient":""}},"footnotes":""},"class_list":["post-21252","page","type-page","status-publish","hentry"],"post_mailing_queue_ids":[],"_links":{"self":[{"href":"https:\/\/agora.xtec.cat\/escalmacelles\/wp-json\/wp\/v2\/pages\/21252","targetHints":{"allow":["GET"]}}],"collection":[{"href":"https:\/\/agora.xtec.cat\/escalmacelles\/wp-json\/wp\/v2\/pages"}],"about":[{"href":"https:\/\/agora.xtec.cat\/escalmacelles\/wp-json\/wp\/v2\/types\/page"}],"author":[{"embeddable":true,"href":"https:\/\/agora.xtec.cat\/escalmacelles\/wp-json\/wp\/v2\/users\/1"}],"replies":[{"embeddable":true,"href":"https:\/\/agora.xtec.cat\/escalmacelles\/wp-json\/wp\/v2\/comments?post=21252"}],"version-history":[{"count":3,"href":"https:\/\/agora.xtec.cat\/escalmacelles\/wp-json\/wp\/v2\/pages\/21252\/revisions"}],"predecessor-version":[{"id":21264,"href":"https:\/\/agora.xtec.cat\/escalmacelles\/wp-json\/wp\/v2\/pages\/21252\/revisions\/21264"}],"up":[{"embeddable":true,"href":"https:\/\/agora.xtec.cat\/escalmacelles\/wp-json\/wp\/v2\/pages\/21213"}],"wp:attachment":[{"href":"https:\/\/agora.xtec.cat\/escalmacelles\/wp-json\/wp\/v2\/media?parent=21252"}],"curies":[{"name":"wp","href":"https:\/\/api.w.org\/{rel}","templated":true}]}}