{"id":21213,"date":"2021-10-25T17:52:46","date_gmt":"2021-10-25T15:52:46","guid":{"rendered":"https:\/\/agora.xtec.cat\/escalmacelles\/?page_id=21213"},"modified":"2023-01-18T13:50:09","modified_gmt":"2023-01-18T12:50:09","slug":"edc-cultura-digital","status":"publish","type":"page","link":"https:\/\/agora.xtec.cat\/escalmacelles\/estrategia-digital-de-centre\/edc-cultura-digital\/","title":{"rendered":"EDC &#8211; Cultura Digital"},"content":{"rendered":"<p>En aquest apartat es recullen tots els documents del centre que fan refer\u00e8ncia a aspectes de la cultura digital. D&#8217;aquesta manera, es pot tenir una visi\u00f3 completa de l&#8217;assoliment d&#8217;aquesta cultura pel que fa a la nostra escola.<\/p>\n<table class=\" aligncenter\" style=\"width: 100%; border-collapse: collapse; border-style: hidden;\">\n<tbody>\n<tr>\n<td style=\"border-style: hidden; background-color: #469fe3; text-align: center; vertical-align: middle;\">\n<h2 style=\"text-align: center;\"><strong>PLATAFORMA<\/strong><\/h2>\n<\/td>\n<\/tr>\n<tr>\n<td style=\"width: 100%; border-style: hidden;\">El centre disposa d&#8217;un domini Google Workspace (abans conegut com a G Suite for Education). En aquest espai hi treballen l&#8217;alumnat, el professorat i el personal professional que treballa amb l&#8217;alumnat, com ara TEI o Educadores, i disposen d&#8217;un usuari amb el domini <strong><span class=\"\">@antoniasimoiarno.com<\/span><\/strong>.<\/p>\n<p style=\"text-align: center;\"><a href=\"https:\/\/agora.xtec.cat\/escalmacelles\/wp-content\/uploads\/usu1902\/2021\/11\/Google_Workspace.jpg\"><img loading=\"lazy\" decoding=\"async\" class=\"alignnone wp-image-21250\" src=\"https:\/\/agora.xtec.cat\/escalmacelles\/wp-content\/uploads\/usu1902\/2021\/11\/Google_Workspace.jpg\" alt=\"\" width=\"321\" height=\"136\" srcset=\"https:\/\/agora.xtec.cat\/escalmacelles\/wp-content\/uploads\/usu1902\/2021\/11\/Google_Workspace.jpg 963w, https:\/\/agora.xtec.cat\/escalmacelles\/wp-content\/uploads\/usu1902\/2021\/11\/Google_Workspace-300x127.jpg 300w, https:\/\/agora.xtec.cat\/escalmacelles\/wp-content\/uploads\/usu1902\/2021\/11\/Google_Workspace-768x325.jpg 768w\" sizes=\"auto, (max-width: 321px) 100vw, 321px\" \/><\/a><\/p>\n<p>Mitjan\u00e7ant aquest espai tothom disposa d&#8217;un correu electr\u00f2nic (tipus gmail), d&#8217;un espai al Drive i diferents eines com s\u00f3n el calendari i el servei de videoconfer\u00e8ncia Google Meet que funciona com a plataforma de comunicaci\u00f3 en casos de confinament i per a continuar en contacte amb l&#8217;alumnat que, per alguna ra\u00f3, no pot assistir al centre de forma presencial. A m\u00e9s, amb la plataforma Workspace tenim a l&#8217;abast l&#8217;entorn virtual d&#8217;aprenentatge (EVA) Goggle Classroom on, a m\u00e9s de poder treballar en casos de confinament, tamb\u00e9 permet combinar part de les tasques d&#8217;ensenyament-aprenentatge amb la presencialitat.<\/p>\n<p>&nbsp;<\/td>\n<\/tr>\n<tr>\n<td style=\"width: 100%; border-style: solid; background-color: #469fe3; text-align: center; vertical-align: middle;\">\n<h2><strong>SEGUIMENT DE L&#8217;ALUMNAT<\/strong><\/h2>\n<\/td>\n<\/tr>\n<tr>\n<td style=\"width: 100%; border-style: hidden;\">Tot el seguiment acad\u00e8mic dels alumnes el fa cada mestre a trav\u00e9s del seu quadern del professor i alguns aspectes, com ara l&#8217;avaluaci\u00f3 de la comprensi\u00f3 lectora i l&#8217;evoluci\u00f3 del c\u00e0lcul mental, es fa a trav\u00e9s de fulls de c\u00e0lcul que el centre ha creat i que t\u00e9 organitzat en unitats compartides.<\/p>\n<p>&nbsp;<\/td>\n<\/tr>\n<tr>\n<td style=\"width: 100%; border-style: hidden; background-color: #469fe3; text-align: center; vertical-align: middle;\">\n<h2><strong>DOCUMENTACI\u00d3<\/strong><\/h2>\n<\/td>\n<\/tr>\n<tr>\n<td style=\"width: 100%; border-style: hidden;\">\n<p class=\"CDt4Ke zfr3Q\" dir=\"ltr\">El centre organitza tota la documentaci\u00f3 en unitats compartides dins el servidor del centre. Aquestes unitats es comparteixen exclusivament amb grups, de tal manera que en tot moment es controla qui t\u00e9 acc\u00e9s a la informaci\u00f3. L&#8217;alumnat treballa sobre una unitat compartida i el professorat, a m\u00e9s d&#8217;aquesta, t\u00e9 una altra unitat a la qual nom\u00e9s hi t\u00e9 acc\u00e8s el personal del centre i queda restringit per la resta d&#8217;usuaris.<\/p>\n<p class=\"CDt4Ke zfr3Q\" dir=\"ltr\">En aquestes unitats, dividides en carpetes, hi ha tota la informaci\u00f3 que necessita el centre. Des de la documentaci\u00f3 oficial (PEC, NOFC, projecte de direcci\u00f3, etc), passant per llistes d&#8217;alumnes, el PAT, fins als informes d&#8217;avaluaci\u00f3 de cada un dels alumnes durant tots els cursos que est\u00e0 al centre en format de carpeta digital.<\/p>\n<p dir=\"ltr\">Aviat esperem desenvolupar un sistema de sincron\u00eda per a poder accedir a aquestes carpetes (del professorat) de forma remota i desde qualsevol lloc extern al centre.<\/p>\n<p dir=\"ltr\">\n<\/td>\n<\/tr>\n<\/tbody>\n<\/table>\n<table style=\"width: 100%; border-collapse: collapse; border-style: hidden;\">\n<tbody>\n<tr>\n<td style=\"width: 11.1111%; background-color: #449fe3; text-align: center; vertical-align: middle;\"><a href=\"https:\/\/agora.xtec.cat\/escalmacelles\/estrategia-digital-de-centre\/edc-cultura-digital\/edc-cd-documentacio-basica\/\"><strong>DOCUMENTACI\u00d3 <\/strong><strong>B\u00c0SICA<\/strong><\/a><\/td>\n<td style=\"width: 11.1111%;\"><\/td>\n<td style=\"width: 11.1111%; background-color: #449fe3; vertical-align: middle; text-align: center;\"><a href=\"https:\/\/agora.xtec.cat\/escalmacelles\/estrategia-digital-de-centre\/edc-cultura-digital\/edc-cd-usuaris-de-centre\/\"><strong>USUARIS DEL\u00a0 CENTRE<\/strong><\/a><\/td>\n<td style=\"width: 11.1111%;\"><\/td>\n<td style=\"width: 11.1111%; background-color: #449fe3; vertical-align: middle;\"><a href=\"https:\/\/agora.xtec.cat\/escalmacelles\/estrategia-digital-de-centre\/edc-cultura-digital\/edc-cd-comunicacio\/\"><strong>COMUNICACI\u00d3<\/strong><\/a><\/td>\n<td style=\"width: 11.1111%;\"><\/td>\n<td style=\"width: 11.1111%; background-color: #449fe3; vertical-align: middle;\"><a href=\"https:\/\/agora.xtec.cat\/escalmacelles\/estrategia-digital-de-centre\/edc-cultura-digital\/edc-cd-competencia-alumnat\/\"><strong>COMPET\u00c8NCIA DE L&#8217;ALUMNAT<\/strong><\/a><\/td>\n<td style=\"width: 11.1111%;\"><\/td>\n<td style=\"width: 11.1111%; background-color: #449fe3; text-align: center; vertical-align: middle;\"><a href=\"https:\/\/agora.xtec.cat\/escalmacelles\/?page_id=21283&amp;preview=true\"><strong>COMPET\u00c8NCIA DEL PROFESSORAT<\/strong><\/a><\/td>\n<\/tr>\n<\/tbody>\n<\/table>\n<table class=\" aligncenter\" style=\"height: 66px; width: 77.5971%; border-collapse: collapse; border-style: hidden;\">\n<tbody>\n<tr style=\"height: 66px;\">\n<td style=\"width: 16.3921%; height: 66px; background-color: #449fe3; border-style: hidden; vertical-align: middle;\"><a href=\"https:\/\/agora.xtec.cat\/escalmacelles\/lescola\/calendari-del-curs\/\"><strong>\u00a0 \u00a0CALENDARIS<\/strong><\/a><\/td>\n<td style=\"width: 14.5149%; height: 66px; border-style: hidden;\"><\/td>\n<td style=\"width: 17.3627%; height: 66px; background-color: #449fe3; vertical-align: middle;\"><strong>\u00a0 \u00a0 <a href=\"https:\/\/agora.xtec.cat\/escalmacelles\/estrategia-digital-de-centre\/edc-cultura-digital\/edc-cd-aplicacions\/\">APLICACIONS<\/a><\/strong><\/td>\n<td style=\"width: 11.02%; height: 66px; border-style: hidden;\"><\/td>\n<td style=\"width: 18.1238%; height: 66px; border-style: hidden; background-color: #449fe3; vertical-align: middle;\"><strong>\u00a0 \u00a0 \u00a0 \u00a0MAQUINARI<\/strong><\/td>\n<td style=\"width: 10.2295%; height: 66px; border-style: hidden;\"><\/td>\n<td style=\"width: 15.7592%; height: 66px; border-style: hidden; background-color: #449fe3; vertical-align: middle;\"><strong>SECRETARIA<\/strong><\/td>\n<\/tr>\n<\/tbody>\n<\/table>\n<p>&nbsp;<\/p>\n<p><a href=\"https:\/\/agora.xtec.cat\/escalmacelles\/estrategia-digital-de-centre\/\"><img loading=\"lazy\" decoding=\"async\" class=\"alignnone size-full wp-image-21190\" src=\"https:\/\/agora.xtec.cat\/escalmacelles\/wp-content\/uploads\/usu1902\/2021\/10\/Enrera.jpg\" alt=\"\" width=\"167\" height=\"74\" \/><\/a><\/p>\n","protected":false},"excerpt":{"rendered":"<p>En aquest apartat es recullen tots els documents del centre que fan refer\u00e8ncia a aspectes de la cultura digital. D&#8217;aquesta manera, es pot tenir una visi\u00f3 completa de l&#8217;assoliment d&#8217;aquesta cultura pel que fa a la nostra escola. PLATAFORMA El centre disposa d&#8217;un domini Google Workspace (abans conegut com a G Suite for Education). En [&hellip;]<\/p>\n","protected":false},"author":1,"featured_media":0,"parent":21122,"menu_order":0,"comment_status":"closed","ping_status":"closed","template":"page-templates\/side-menu.php","meta":{"_bbp_topic_count":0,"_bbp_reply_count":0,"_bbp_total_topic_count":0,"_bbp_total_reply_count":0,"_bbp_voice_count":0,"_bbp_anonymous_reply_count":0,"_bbp_topic_count_hidden":0,"_bbp_reply_count_hidden":0,"_bbp_forum_subforum_count":0,"site-sidebar-layout":"default","site-content-layout":"","ast-site-content-layout":"","site-content-style":"default","site-sidebar-style":"default","ast-global-header-display":"","ast-banner-title-visibility":"","ast-main-header-display":"","ast-hfb-above-header-display":"","ast-hfb-below-header-display":"","ast-hfb-mobile-header-display":"","site-post-title":"","ast-breadcrumbs-content":"","ast-featured-img":"","footer-sml-layout":"","theme-transparent-header-meta":"","adv-header-id-meta":"","stick-header-meta":"","header-above-stick-meta":"","header-main-stick-meta":"","header-below-stick-meta":"","astra-migrate-meta-layouts":"default","ast-page-background-enabled":"default","ast-page-background-meta":{"desktop":{"background-color":"var(--ast-global-color-4)","background-image":"","background-repeat":"repeat","background-position":"center center","background-size":"auto","background-attachment":"scroll","background-type":"","background-media":"","overlay-type":"","overlay-color":"","overlay-opacity":"","overlay-gradient":""},"tablet":{"background-color":"","background-image":"","background-repeat":"repeat","background-position":"center center","background-size":"auto","background-attachment":"scroll","background-type":"","background-media":"","overlay-type":"","overlay-color":"","overlay-opacity":"","overlay-gradient":""},"mobile":{"background-color":"","background-image":"","background-repeat":"repeat","background-position":"center center","background-size":"auto","background-attachment":"scroll","background-type":"","background-media":"","overlay-type":"","overlay-color":"","overlay-opacity":"","overlay-gradient":""}},"ast-content-background-meta":{"desktop":{"background-color":"var(--ast-global-color-5)","background-image":"","background-repeat":"repeat","background-position":"center center","background-size":"auto","background-attachment":"scroll","background-type":"","background-media":"","overlay-type":"","overlay-color":"","overlay-opacity":"","overlay-gradient":""},"tablet":{"background-color":"var(--ast-global-color-5)","background-image":"","background-repeat":"repeat","background-position":"center center","background-size":"auto","background-attachment":"scroll","background-type":"","background-media":"","overlay-type":"","overlay-color":"","overlay-opacity":"","overlay-gradient":""},"mobile":{"background-color":"var(--ast-global-color-5)","background-image":"","background-repeat":"repeat","background-position":"center center","background-size":"auto","background-attachment":"scroll","background-type":"","background-media":"","overlay-type":"","overlay-color":"","overlay-opacity":"","overlay-gradient":""}},"footnotes":""},"class_list":["post-21213","page","type-page","status-publish","hentry"],"post_mailing_queue_ids":[],"_links":{"self":[{"href":"https:\/\/agora.xtec.cat\/escalmacelles\/wp-json\/wp\/v2\/pages\/21213","targetHints":{"allow":["GET"]}}],"collection":[{"href":"https:\/\/agora.xtec.cat\/escalmacelles\/wp-json\/wp\/v2\/pages"}],"about":[{"href":"https:\/\/agora.xtec.cat\/escalmacelles\/wp-json\/wp\/v2\/types\/page"}],"author":[{"embeddable":true,"href":"https:\/\/agora.xtec.cat\/escalmacelles\/wp-json\/wp\/v2\/users\/1"}],"replies":[{"embeddable":true,"href":"https:\/\/agora.xtec.cat\/escalmacelles\/wp-json\/wp\/v2\/comments?post=21213"}],"version-history":[{"count":4,"href":"https:\/\/agora.xtec.cat\/escalmacelles\/wp-json\/wp\/v2\/pages\/21213\/revisions"}],"predecessor-version":[{"id":22139,"href":"https:\/\/agora.xtec.cat\/escalmacelles\/wp-json\/wp\/v2\/pages\/21213\/revisions\/22139"}],"up":[{"embeddable":true,"href":"https:\/\/agora.xtec.cat\/escalmacelles\/wp-json\/wp\/v2\/pages\/21122"}],"wp:attachment":[{"href":"https:\/\/agora.xtec.cat\/escalmacelles\/wp-json\/wp\/v2\/media?parent=21213"}],"curies":[{"name":"wp","href":"https:\/\/api.w.org\/{rel}","templated":true}]}}