{"id":21149,"date":"2021-10-05T19:27:12","date_gmt":"2021-10-05T17:27:12","guid":{"rendered":"https:\/\/agora.xtec.cat\/escalmacelles\/?page_id=21149"},"modified":"2021-11-04T15:53:04","modified_gmt":"2021-11-04T14:53:04","slug":"edc-part-estrategica","status":"publish","type":"page","link":"https:\/\/agora.xtec.cat\/escalmacelles\/estrategia-digital-de-centre\/edc-part-estrategica\/","title":{"rendered":"EDC &#8211; PART ESTRAT\u00c8GICA"},"content":{"rendered":"<p>Seguint les indicacions del document definici\u00f3 de l&#8217;EDC, s&#8217;ha estructurat aquesta part en 4 fases: Diagnosi, Objectius, Planificaci\u00f3 i Seguiment, i Avaluaci\u00f3 i millora.<\/p>\n<p style=\"text-align: center;\"><a href=\"https:\/\/agora.xtec.cat\/escalmacelles\/estrategia-digital-de-centre\/edc-part-estrategica\/edc-diagnosi\/\"><img loading=\"lazy\" decoding=\"async\" class=\"alignnone size-full wp-image-21151\" src=\"https:\/\/agora.xtec.cat\/escalmacelles\/wp-content\/uploads\/usu1902\/2021\/10\/Diagnosi.jpg\" alt=\"\" width=\"406\" height=\"74\" srcset=\"https:\/\/agora.xtec.cat\/escalmacelles\/wp-content\/uploads\/usu1902\/2021\/10\/Diagnosi.jpg 406w, https:\/\/agora.xtec.cat\/escalmacelles\/wp-content\/uploads\/usu1902\/2021\/10\/Diagnosi-300x55.jpg 300w\" sizes=\"auto, (max-width: 406px) 100vw, 406px\" \/><\/a>\u00a0 <a href=\"https:\/\/agora.xtec.cat\/escalmacelles\/estrategia-digital-de-centre\/edc-part-estrategica\/edc-objectius\/\"><img loading=\"lazy\" decoding=\"async\" class=\"alignnone size-full wp-image-21152\" src=\"https:\/\/agora.xtec.cat\/escalmacelles\/wp-content\/uploads\/usu1902\/2021\/10\/Objectius.jpg\" alt=\"\" width=\"406\" height=\"74\" srcset=\"https:\/\/agora.xtec.cat\/escalmacelles\/wp-content\/uploads\/usu1902\/2021\/10\/Objectius.jpg 406w, https:\/\/agora.xtec.cat\/escalmacelles\/wp-content\/uploads\/usu1902\/2021\/10\/Objectius-300x55.jpg 300w\" sizes=\"auto, (max-width: 406px) 100vw, 406px\" \/><\/a><\/p>\n<p style=\"text-align: center;\"><a href=\"https:\/\/agora.xtec.cat\/escalmacelles\/estrategia-digital-de-centre\/edc-part-estrategica\/edc-planificacio-i-seguiment\/\"><img loading=\"lazy\" decoding=\"async\" class=\"alignnone size-full wp-image-21153\" src=\"https:\/\/agora.xtec.cat\/escalmacelles\/wp-content\/uploads\/usu1902\/2021\/10\/Planiffollow.jpg\" alt=\"\" width=\"406\" height=\"74\" srcset=\"https:\/\/agora.xtec.cat\/escalmacelles\/wp-content\/uploads\/usu1902\/2021\/10\/Planiffollow.jpg 406w, https:\/\/agora.xtec.cat\/escalmacelles\/wp-content\/uploads\/usu1902\/2021\/10\/Planiffollow-300x55.jpg 300w\" sizes=\"auto, (max-width: 406px) 100vw, 406px\" \/>\u00a0<\/a> <a href=\"https:\/\/agora.xtec.cat\/escalmacelles\/estrategia-digital-de-centre\/edc-part-estrategica\/edc-avaluacio-i-millora\/\"><img loading=\"lazy\" decoding=\"async\" class=\"alignnone size-full wp-image-21150\" src=\"https:\/\/agora.xtec.cat\/escalmacelles\/wp-content\/uploads\/usu1902\/2021\/10\/Aval__grow.jpg\" alt=\"\" width=\"406\" height=\"74\" srcset=\"https:\/\/agora.xtec.cat\/escalmacelles\/wp-content\/uploads\/usu1902\/2021\/10\/Aval__grow.jpg 406w, https:\/\/agora.xtec.cat\/escalmacelles\/wp-content\/uploads\/usu1902\/2021\/10\/Aval__grow-300x55.jpg 300w\" sizes=\"auto, (max-width: 406px) 100vw, 406px\" \/><\/a><\/p>\n<p><a href=\"https:\/\/agora.xtec.cat\/escalmacelles\/estrategia-digital-de-centre\/\"><img loading=\"lazy\" decoding=\"async\" class=\"alignnone size-full wp-image-21190\" src=\"https:\/\/agora.xtec.cat\/escalmacelles\/wp-content\/uploads\/usu1902\/2021\/10\/Enrera.jpg\" alt=\"\" width=\"167\" height=\"74\" \/><\/a><\/p>\n","protected":false},"excerpt":{"rendered":"<p>Seguint les indicacions del document definici\u00f3 de l&#8217;EDC, s&#8217;ha estructurat aquesta part en 4 fases: Diagnosi, Objectius, Planificaci\u00f3 i Seguiment, i Avaluaci\u00f3 i millora. \u00a0 \u00a0<\/p>\n","protected":false},"author":1,"featured_media":0,"parent":21122,"menu_order":0,"comment_status":"closed","ping_status":"closed","template":"page-templates\/side-menu.php","meta":{"_bbp_topic_count":0,"_bbp_reply_count":0,"_bbp_total_topic_count":0,"_bbp_total_reply_count":0,"_bbp_voice_count":0,"_bbp_anonymous_reply_count":0,"_bbp_topic_count_hidden":0,"_bbp_reply_count_hidden":0,"_bbp_forum_subforum_count":0,"site-sidebar-layout":"default","site-content-layout":"","ast-site-content-layout":"","site-content-style":"default","site-sidebar-style":"default","ast-global-header-display":"","ast-banner-title-visibility":"","ast-main-header-display":"","ast-hfb-above-header-display":"","ast-hfb-below-header-display":"","ast-hfb-mobile-header-display":"","site-post-title":"","ast-breadcrumbs-content":"","ast-featured-img":"","footer-sml-layout":"","theme-transparent-header-meta":"","adv-header-id-meta":"","stick-header-meta":"","header-above-stick-meta":"","header-main-stick-meta":"","header-below-stick-meta":"","astra-migrate-meta-layouts":"default","ast-page-background-enabled":"default","ast-page-background-meta":{"desktop":{"background-color":"var(--ast-global-color-4)","background-image":"","background-repeat":"repeat","background-position":"center center","background-size":"auto","background-attachment":"scroll","background-type":"","background-media":"","overlay-type":"","overlay-color":"","overlay-opacity":"","overlay-gradient":""},"tablet":{"background-color":"","background-image":"","background-repeat":"repeat","background-position":"center center","background-size":"auto","background-attachment":"scroll","background-type":"","background-media":"","overlay-type":"","overlay-color":"","overlay-opacity":"","overlay-gradient":""},"mobile":{"background-color":"","background-image":"","background-repeat":"repeat","background-position":"center center","background-size":"auto","background-attachment":"scroll","background-type":"","background-media":"","overlay-type":"","overlay-color":"","overlay-opacity":"","overlay-gradient":""}},"ast-content-background-meta":{"desktop":{"background-color":"var(--ast-global-color-5)","background-image":"","background-repeat":"repeat","background-position":"center center","background-size":"auto","background-attachment":"scroll","background-type":"","background-media":"","overlay-type":"","overlay-color":"","overlay-opacity":"","overlay-gradient":""},"tablet":{"background-color":"var(--ast-global-color-5)","background-image":"","background-repeat":"repeat","background-position":"center center","background-size":"auto","background-attachment":"scroll","background-type":"","background-media":"","overlay-type":"","overlay-color":"","overlay-opacity":"","overlay-gradient":""},"mobile":{"background-color":"var(--ast-global-color-5)","background-image":"","background-repeat":"repeat","background-position":"center center","background-size":"auto","background-attachment":"scroll","background-type":"","background-media":"","overlay-type":"","overlay-color":"","overlay-opacity":"","overlay-gradient":""}},"footnotes":""},"class_list":["post-21149","page","type-page","status-publish","hentry"],"post_mailing_queue_ids":[],"_links":{"self":[{"href":"https:\/\/agora.xtec.cat\/escalmacelles\/wp-json\/wp\/v2\/pages\/21149","targetHints":{"allow":["GET"]}}],"collection":[{"href":"https:\/\/agora.xtec.cat\/escalmacelles\/wp-json\/wp\/v2\/pages"}],"about":[{"href":"https:\/\/agora.xtec.cat\/escalmacelles\/wp-json\/wp\/v2\/types\/page"}],"author":[{"embeddable":true,"href":"https:\/\/agora.xtec.cat\/escalmacelles\/wp-json\/wp\/v2\/users\/1"}],"replies":[{"embeddable":true,"href":"https:\/\/agora.xtec.cat\/escalmacelles\/wp-json\/wp\/v2\/comments?post=21149"}],"version-history":[{"count":3,"href":"https:\/\/agora.xtec.cat\/escalmacelles\/wp-json\/wp\/v2\/pages\/21149\/revisions"}],"predecessor-version":[{"id":21298,"href":"https:\/\/agora.xtec.cat\/escalmacelles\/wp-json\/wp\/v2\/pages\/21149\/revisions\/21298"}],"up":[{"embeddable":true,"href":"https:\/\/agora.xtec.cat\/escalmacelles\/wp-json\/wp\/v2\/pages\/21122"}],"wp:attachment":[{"href":"https:\/\/agora.xtec.cat\/escalmacelles\/wp-json\/wp\/v2\/media?parent=21149"}],"curies":[{"name":"wp","href":"https:\/\/api.w.org\/{rel}","templated":true}]}}