{"id":21122,"date":"2021-09-28T11:15:23","date_gmt":"2021-09-28T09:15:23","guid":{"rendered":"https:\/\/agora.xtec.cat\/escalmacelles\/?page_id=21122"},"modified":"2021-11-03T22:39:48","modified_gmt":"2021-11-03T21:39:48","slug":"estrategia-digital-de-centre","status":"publish","type":"page","link":"https:\/\/agora.xtec.cat\/escalmacelles\/estrategia-digital-de-centre\/","title":{"rendered":"Estrat\u00e8gia Digital de Centre"},"content":{"rendered":"<div class=\"hJDwNd-AhqUyc-OwsYgb purZT-AhqUyc-II5mzb pSzOP-AhqUyc-qWD73c JNdkSc\">\n<div class=\"JNdkSc-SmKAyb\">\n<div class=\"\">\n<div class=\"oKdM2c Kzv0Me\">\n<div id=\"h.1906351bdfe79e74_35\" class=\"hJDwNd-AhqUyc-OwsYgb jXK9ad D2fZ2 OjCsFc wHaque GNzUNc\">\n<div class=\"jXK9ad-SmKAyb\">\n<div class=\"tyJCtd mGzaTb baZpAe\">\n<p class=\"CDt4Ke zfr3Q\" dir=\"ltr\">El Projecte Educatiu de Centre (PEC) detalla les dades de contextualitzaci\u00f3 general del centre. Pel que fa als aspectes sobre tecnologia digital, cal tenir en compte que el centre fa anys que ha fet una clara aposta per la implementaci\u00f3 de les eines de digitalitzaci\u00f3. Aix\u00ed, tot l&#8217;alumnat i professorat disposa d&#8217;un usuari de centre que els permet tenir serveis com s\u00f3n el correu electr\u00f2nic o l&#8217;emmagatzematge al n\u00favol. Amb aquests usuaris es realitza tota la comunicaci\u00f3 del centre.<\/p>\n<p class=\"CDt4Ke zfr3Q\" dir=\"ltr\">Fa uns quants anys que el centre va posar en marxa el desplegament d&#8217;un Entorn Virtual d&#8217;Aprenentatge (EVA) que ens serveix per treballar de forma virtual i combinat amb la presencialitat de l&#8217;alumne. El centre cedeix un ordinador port\u00e0til a cada professor que s&#8217;incorpora gr\u00e0cies a l&#8217;acceleraci\u00f3 digital per la qual ha apostat el Departament d&#8217;Educaci\u00f3.<\/p>\n<p dir=\"ltr\" style=\"text-align: center;\"><a href=\"https:\/\/agora.xtec.cat\/escalmacelles\/estrategia-digital-de-centre\/edc-part-estrategica\/\"><img loading=\"lazy\" decoding=\"async\" class=\"alignnone wp-image-21146\" src=\"https:\/\/agora.xtec.cat\/escalmacelles\/wp-content\/uploads\/usu1902\/2021\/10\/Part_estrgca.jpg\" alt=\"\" width=\"405\" height=\"93\" srcset=\"https:\/\/agora.xtec.cat\/escalmacelles\/wp-content\/uploads\/usu1902\/2021\/10\/Part_estrgca.jpg 574w, https:\/\/agora.xtec.cat\/escalmacelles\/wp-content\/uploads\/usu1902\/2021\/10\/Part_estrgca-300x69.jpg 300w\" sizes=\"auto, (max-width: 405px) 100vw, 405px\" \/><\/a> <a href=\"https:\/\/agora.xtec.cat\/escalmacelles\/estrategia-digital-de-centre\/edc-cultura-digital\/\"><img loading=\"lazy\" decoding=\"async\" class=\"alignnone wp-image-21147\" src=\"https:\/\/agora.xtec.cat\/escalmacelles\/wp-content\/uploads\/usu1902\/2021\/10\/Cult_dgtal.jpg\" alt=\"\" width=\"404\" height=\"93\" srcset=\"https:\/\/agora.xtec.cat\/escalmacelles\/wp-content\/uploads\/usu1902\/2021\/10\/Cult_dgtal.jpg 574w, https:\/\/agora.xtec.cat\/escalmacelles\/wp-content\/uploads\/usu1902\/2021\/10\/Cult_dgtal-300x69.jpg 300w\" sizes=\"auto, (max-width: 404px) 100vw, 404px\" \/><\/a><\/p>\n<\/div>\n<\/div>\n<\/div>\n<\/div>\n<\/div>\n<\/div>\n<\/div>\n","protected":false},"excerpt":{"rendered":"<p>El Projecte Educatiu de Centre (PEC) detalla les dades de contextualitzaci\u00f3 general del centre. Pel que fa als aspectes sobre tecnologia digital, cal tenir en compte que el centre fa anys que ha fet una clara aposta per la implementaci\u00f3 de les eines de digitalitzaci\u00f3. Aix\u00ed, tot l&#8217;alumnat i professorat disposa d&#8217;un usuari de centre [&hellip;]<\/p>\n","protected":false},"author":1,"featured_media":0,"parent":0,"menu_order":0,"comment_status":"closed","ping_status":"closed","template":"page-templates\/side-menu.php","meta":{"_bbp_topic_count":0,"_bbp_reply_count":0,"_bbp_total_topic_count":0,"_bbp_total_reply_count":0,"_bbp_voice_count":0,"_bbp_anonymous_reply_count":0,"_bbp_topic_count_hidden":0,"_bbp_reply_count_hidden":0,"_bbp_forum_subforum_count":0,"site-sidebar-layout":"default","site-content-layout":"","ast-site-content-layout":"","site-content-style":"default","site-sidebar-style":"default","ast-global-header-display":"","ast-banner-title-visibility":"","ast-main-header-display":"","ast-hfb-above-header-display":"","ast-hfb-below-header-display":"","ast-hfb-mobile-header-display":"","site-post-title":"","ast-breadcrumbs-content":"","ast-featured-img":"","footer-sml-layout":"","theme-transparent-header-meta":"","adv-header-id-meta":"","stick-header-meta":"","header-above-stick-meta":"","header-main-stick-meta":"","header-below-stick-meta":"","astra-migrate-meta-layouts":"default","ast-page-background-enabled":"default","ast-page-background-meta":{"desktop":{"background-color":"var(--ast-global-color-4)","background-image":"","background-repeat":"repeat","background-position":"center center","background-size":"auto","background-attachment":"scroll","background-type":"","background-media":"","overlay-type":"","overlay-color":"","overlay-opacity":"","overlay-gradient":""},"tablet":{"background-color":"","background-image":"","background-repeat":"repeat","background-position":"center center","background-size":"auto","background-attachment":"scroll","background-type":"","background-media":"","overlay-type":"","overlay-color":"","overlay-opacity":"","overlay-gradient":""},"mobile":{"background-color":"","background-image":"","background-repeat":"repeat","background-position":"center center","background-size":"auto","background-attachment":"scroll","background-type":"","background-media":"","overlay-type":"","overlay-color":"","overlay-opacity":"","overlay-gradient":""}},"ast-content-background-meta":{"desktop":{"background-color":"var(--ast-global-color-5)","background-image":"","background-repeat":"repeat","background-position":"center center","background-size":"auto","background-attachment":"scroll","background-type":"","background-media":"","overlay-type":"","overlay-color":"","overlay-opacity":"","overlay-gradient":""},"tablet":{"background-color":"var(--ast-global-color-5)","background-image":"","background-repeat":"repeat","background-position":"center center","background-size":"auto","background-attachment":"scroll","background-type":"","background-media":"","overlay-type":"","overlay-color":"","overlay-opacity":"","overlay-gradient":""},"mobile":{"background-color":"var(--ast-global-color-5)","background-image":"","background-repeat":"repeat","background-position":"center center","background-size":"auto","background-attachment":"scroll","background-type":"","background-media":"","overlay-type":"","overlay-color":"","overlay-opacity":"","overlay-gradient":""}},"footnotes":""},"class_list":["post-21122","page","type-page","status-publish","hentry"],"post_mailing_queue_ids":[],"_links":{"self":[{"href":"https:\/\/agora.xtec.cat\/escalmacelles\/wp-json\/wp\/v2\/pages\/21122","targetHints":{"allow":["GET"]}}],"collection":[{"href":"https:\/\/agora.xtec.cat\/escalmacelles\/wp-json\/wp\/v2\/pages"}],"about":[{"href":"https:\/\/agora.xtec.cat\/escalmacelles\/wp-json\/wp\/v2\/types\/page"}],"author":[{"embeddable":true,"href":"https:\/\/agora.xtec.cat\/escalmacelles\/wp-json\/wp\/v2\/users\/1"}],"replies":[{"embeddable":true,"href":"https:\/\/agora.xtec.cat\/escalmacelles\/wp-json\/wp\/v2\/comments?post=21122"}],"version-history":[{"count":4,"href":"https:\/\/agora.xtec.cat\/escalmacelles\/wp-json\/wp\/v2\/pages\/21122\/revisions"}],"predecessor-version":[{"id":21256,"href":"https:\/\/agora.xtec.cat\/escalmacelles\/wp-json\/wp\/v2\/pages\/21122\/revisions\/21256"}],"wp:attachment":[{"href":"https:\/\/agora.xtec.cat\/escalmacelles\/wp-json\/wp\/v2\/media?parent=21122"}],"curies":[{"name":"wp","href":"https:\/\/api.w.org\/{rel}","templated":true}]}}