{"id":19270,"date":"2019-10-10T12:34:16","date_gmt":"2019-10-10T10:34:16","guid":{"rendered":"http:\/\/agora.xtec.cat\/escalmacelles\/?page_id=19270"},"modified":"2019-10-10T12:35:34","modified_gmt":"2019-10-10T10:35:34","slug":"impuls-a-la-lectura","status":"publish","type":"page","link":"https:\/\/agora.xtec.cat\/escalmacelles\/impuls-a-la-lectura\/","title":{"rendered":"Impuls a la Lectura"},"content":{"rendered":"<p>La lectura \u00e9s un instrument fonamental en el proc\u00e9s de coneixement i de maduraci\u00f3 personal de qualsevol alumne. Per aquest motiu, a l&#8217;escola treballem el programa ILEC (Impuls de la lectura), que t\u00e9 com a objectiu estrat\u00e8gic <strong>millorar la compet\u00e8ncia comunicativa ling\u00fc\u00edstica<\/strong>\u00a0i el\u00a0<strong>desenvolupament de l\u2019h\u00e0bit lector<\/strong> .<\/p>\n<p>&nbsp;<\/p>\n<p>Aquest programa es basa en un projecte que porta a l\u2019aula les diferents estrat\u00e8gies que permeten una millora de la lectura, tant pel que fa a la millora de la dicci\u00f3 lectora com de la seva comprensi\u00f3 i, ensems, adquirides el gust per la lectura.<\/p>\n<p>Tenim present que la compet\u00e8ncia lectora \u00e9s a la base de molts dels aprenentatges i tamb\u00e9 un requisit per participar amb \u00e8xit en bona part dels \u00e0mbits de la vida adulta.<\/p>\n<p>Les bones lectures poden deixar empremta, desperten aficions i interessos nous, eduquen la sensibilitat, faciliten el desenvolupament de la fantasia i de la creativitat, ens proporcionen nous coneixements i ens ajuden a entendre altres formes de viure i de pensar. D\u2019altra banda, els bons lectors acostumen a ser bons estudiants, mostren m\u00e9s disposici\u00f3 a atendre les explicacions, es concentren m\u00e9s, augmenten la capacitat de retenir i memoritzar, comprenen i assimilen amb rapidesa els conceptes nous i, fins i tot, milloren la seva compet\u00e8ncia matem\u00e0tica, pel que fa a la resoluci\u00f3 de problemes, perqu\u00e8 entenen millor all\u00f2 que se&#8217;ls demana i com ho poden resoldre. Esperem treure\u2019n el m\u00e0xim profit.<\/p>\n","protected":false},"excerpt":{"rendered":"<p>La lectura \u00e9s un instrument fonamental en el proc\u00e9s de coneixement i de maduraci\u00f3 personal de qualsevol alumne. Per aquest motiu, a l&#8217;escola treballem el programa ILEC (Impuls de la lectura), que t\u00e9 com a objectiu estrat\u00e8gic millorar la compet\u00e8ncia comunicativa ling\u00fc\u00edstica\u00a0i el\u00a0desenvolupament de l\u2019h\u00e0bit lector . &nbsp; Aquest programa es basa en un projecte [&hellip;]<\/p>\n","protected":false},"author":1,"featured_media":0,"parent":0,"menu_order":0,"comment_status":"closed","ping_status":"closed","template":"","meta":{"_bbp_topic_count":0,"_bbp_reply_count":0,"_bbp_total_topic_count":0,"_bbp_total_reply_count":0,"_bbp_voice_count":0,"_bbp_anonymous_reply_count":0,"_bbp_topic_count_hidden":0,"_bbp_reply_count_hidden":0,"_bbp_forum_subforum_count":0,"site-sidebar-layout":"default","site-content-layout":"","ast-site-content-layout":"","site-content-style":"default","site-sidebar-style":"default","ast-global-header-display":"","ast-banner-title-visibility":"","ast-main-header-display":"","ast-hfb-above-header-display":"","ast-hfb-below-header-display":"","ast-hfb-mobile-header-display":"","site-post-title":"","ast-breadcrumbs-content":"","ast-featured-img":"","footer-sml-layout":"","theme-transparent-header-meta":"","adv-header-id-meta":"","stick-header-meta":"","header-above-stick-meta":"","header-main-stick-meta":"","header-below-stick-meta":"","astra-migrate-meta-layouts":"default","ast-page-background-enabled":"default","ast-page-background-meta":{"desktop":{"background-color":"var(--ast-global-color-4)","background-image":"","background-repeat":"repeat","background-position":"center center","background-size":"auto","background-attachment":"scroll","background-type":"","background-media":"","overlay-type":"","overlay-color":"","overlay-opacity":"","overlay-gradient":""},"tablet":{"background-color":"","background-image":"","background-repeat":"repeat","background-position":"center center","background-size":"auto","background-attachment":"scroll","background-type":"","background-media":"","overlay-type":"","overlay-color":"","overlay-opacity":"","overlay-gradient":""},"mobile":{"background-color":"","background-image":"","background-repeat":"repeat","background-position":"center center","background-size":"auto","background-attachment":"scroll","background-type":"","background-media":"","overlay-type":"","overlay-color":"","overlay-opacity":"","overlay-gradient":""}},"ast-content-background-meta":{"desktop":{"background-color":"var(--ast-global-color-5)","background-image":"","background-repeat":"repeat","background-position":"center center","background-size":"auto","background-attachment":"scroll","background-type":"","background-media":"","overlay-type":"","overlay-color":"","overlay-opacity":"","overlay-gradient":""},"tablet":{"background-color":"var(--ast-global-color-5)","background-image":"","background-repeat":"repeat","background-position":"center center","background-size":"auto","background-attachment":"scroll","background-type":"","background-media":"","overlay-type":"","overlay-color":"","overlay-opacity":"","overlay-gradient":""},"mobile":{"background-color":"var(--ast-global-color-5)","background-image":"","background-repeat":"repeat","background-position":"center center","background-size":"auto","background-attachment":"scroll","background-type":"","background-media":"","overlay-type":"","overlay-color":"","overlay-opacity":"","overlay-gradient":""}},"footnotes":""},"class_list":["post-19270","page","type-page","status-publish","hentry"],"post_mailing_queue_ids":[],"_links":{"self":[{"href":"https:\/\/agora.xtec.cat\/escalmacelles\/wp-json\/wp\/v2\/pages\/19270","targetHints":{"allow":["GET"]}}],"collection":[{"href":"https:\/\/agora.xtec.cat\/escalmacelles\/wp-json\/wp\/v2\/pages"}],"about":[{"href":"https:\/\/agora.xtec.cat\/escalmacelles\/wp-json\/wp\/v2\/types\/page"}],"author":[{"embeddable":true,"href":"https:\/\/agora.xtec.cat\/escalmacelles\/wp-json\/wp\/v2\/users\/1"}],"replies":[{"embeddable":true,"href":"https:\/\/agora.xtec.cat\/escalmacelles\/wp-json\/wp\/v2\/comments?post=19270"}],"version-history":[{"count":1,"href":"https:\/\/agora.xtec.cat\/escalmacelles\/wp-json\/wp\/v2\/pages\/19270\/revisions"}],"predecessor-version":[{"id":19271,"href":"https:\/\/agora.xtec.cat\/escalmacelles\/wp-json\/wp\/v2\/pages\/19270\/revisions\/19271"}],"wp:attachment":[{"href":"https:\/\/agora.xtec.cat\/escalmacelles\/wp-json\/wp\/v2\/media?parent=19270"}],"curies":[{"name":"wp","href":"https:\/\/api.w.org\/{rel}","templated":true}]}}