{"id":19243,"date":"2019-10-10T10:50:43","date_gmt":"2019-10-10T08:50:43","guid":{"rendered":"http:\/\/agora.xtec.cat\/escalmacelles\/?page_id=19243"},"modified":"2019-10-10T10:51:13","modified_gmt":"2019-10-10T08:51:13","slug":"xtec-radio","status":"publish","type":"page","link":"https:\/\/agora.xtec.cat\/escalmacelles\/xtec-radio\/","title":{"rendered":"XTEC RADIO"},"content":{"rendered":"<p>A la r\u00e0dio les paraules s\u00f3n l\u2019\u00fanic mitj\u00e0 de comunicaci\u00f3. Les paraules faran construir les imatges als oients. All\u00f2 que diem i com ho diem adquireixen una import\u00e0ncia cabdal.<\/p>\n<p>La r\u00e0dio \u00e9s un mitj\u00e0 que ens permet el treball oral i escrit a l\u2019escola. Es un mitj\u00e0 no gaire allunyat a les realitats dels nostres alumnes perqu\u00e8 la senten i la coneixen\u2026 i esdev\u00e9 un mitj\u00e0 f\u00e0cil, t\u00e8cnicament parlant, per a \u00e9sser emprat a l\u2019escola\u2026 amb micr\u00f2fons i un ordinador pr\u00e0cticament ja ho tenim tot.<\/p>\n<p>Ara b\u00e9, la import\u00e0ncia de con\u00e8ixer els rols i responsabilitats que t\u00e9 cadascun dels actors que intervenen en una emissora de r\u00e0dio tamb\u00e9 esdev\u00e9 for\u00e7a significativa i per aix\u00f2 utilitzem el nostre propi estudi de r\u00e0dio, amb la seva taula de mescles, els seus monitors, etc.<\/p>\n<p>Al mateix temps, treballar fent r\u00e0dio, ens permet un treball cooperatiu amb els alumnes, un treball cooperatiu de veritat, amb responsabilitats individuals. Cada noi i noia te la seva feina, sense el desenvolupament de cada feina no sortir\u00e0 el programa final.<\/p>\n<p>Es un mitj\u00e0 que ens permet atendre la diversitat, tots tenen la seva feina, i totes les feines tenen la seva import\u00e0ncia.<\/p>\n<p>Ens permet, tamb\u00e9, treballar i aprendre a utilitzar diferents mitjans tecnol\u00f2gics.<\/p>\n<p>Fent r\u00e0dio, fem compet\u00e8ncies, aprenem, treballem, ens divertim i ens auto valorem.<\/p>\n<p>Des de fa molts anys a l\u2019escola funciona \u201c<strong><em>R\u00e0dio Pati<\/em><\/strong>\u201d. Cada divendres s&#8217;emet un programa de r\u00e0dio fet per l&#8217;alumnat de 6\u00e8 en grups redu\u00efts. Produ\u00efm entre 2 i 3 programes trimestrals (depenent dels grups classe que tenim) i \u00e9s de gran import\u00e0ncia l&#8217;apartat de l&#8217;entrevista on, amb for\u00e7a rigor i ganes, els i les alumnes porten una persona que els \u00e9s significativa i des d&#8217;aquest espai fan realitat, desde la redacci\u00f3 fins a la pr\u00e0ctica oral, aquesta tipologia textual, aix\u00ed li donen m\u00e9s sentit.<\/p>\n","protected":false},"excerpt":{"rendered":"<p>A la r\u00e0dio les paraules s\u00f3n l\u2019\u00fanic mitj\u00e0 de comunicaci\u00f3. Les paraules faran construir les imatges als oients. All\u00f2 que diem i com ho diem adquireixen una import\u00e0ncia cabdal. La r\u00e0dio \u00e9s un mitj\u00e0 que ens permet el treball oral i escrit a l\u2019escola. Es un mitj\u00e0 no gaire allunyat a les realitats dels nostres [&hellip;]<\/p>\n","protected":false},"author":1,"featured_media":0,"parent":0,"menu_order":0,"comment_status":"closed","ping_status":"closed","template":"","meta":{"_bbp_topic_count":0,"_bbp_reply_count":0,"_bbp_total_topic_count":0,"_bbp_total_reply_count":0,"_bbp_voice_count":0,"_bbp_anonymous_reply_count":0,"_bbp_topic_count_hidden":0,"_bbp_reply_count_hidden":0,"_bbp_forum_subforum_count":0,"site-sidebar-layout":"default","site-content-layout":"","ast-site-content-layout":"","site-content-style":"default","site-sidebar-style":"default","ast-global-header-display":"","ast-banner-title-visibility":"","ast-main-header-display":"","ast-hfb-above-header-display":"","ast-hfb-below-header-display":"","ast-hfb-mobile-header-display":"","site-post-title":"","ast-breadcrumbs-content":"","ast-featured-img":"","footer-sml-layout":"","theme-transparent-header-meta":"","adv-header-id-meta":"","stick-header-meta":"","header-above-stick-meta":"","header-main-stick-meta":"","header-below-stick-meta":"","astra-migrate-meta-layouts":"default","ast-page-background-enabled":"default","ast-page-background-meta":{"desktop":{"background-color":"var(--ast-global-color-4)","background-image":"","background-repeat":"repeat","background-position":"center center","background-size":"auto","background-attachment":"scroll","background-type":"","background-media":"","overlay-type":"","overlay-color":"","overlay-opacity":"","overlay-gradient":""},"tablet":{"background-color":"","background-image":"","background-repeat":"repeat","background-position":"center center","background-size":"auto","background-attachment":"scroll","background-type":"","background-media":"","overlay-type":"","overlay-color":"","overlay-opacity":"","overlay-gradient":""},"mobile":{"background-color":"","background-image":"","background-repeat":"repeat","background-position":"center center","background-size":"auto","background-attachment":"scroll","background-type":"","background-media":"","overlay-type":"","overlay-color":"","overlay-opacity":"","overlay-gradient":""}},"ast-content-background-meta":{"desktop":{"background-color":"var(--ast-global-color-5)","background-image":"","background-repeat":"repeat","background-position":"center center","background-size":"auto","background-attachment":"scroll","background-type":"","background-media":"","overlay-type":"","overlay-color":"","overlay-opacity":"","overlay-gradient":""},"tablet":{"background-color":"var(--ast-global-color-5)","background-image":"","background-repeat":"repeat","background-position":"center center","background-size":"auto","background-attachment":"scroll","background-type":"","background-media":"","overlay-type":"","overlay-color":"","overlay-opacity":"","overlay-gradient":""},"mobile":{"background-color":"var(--ast-global-color-5)","background-image":"","background-repeat":"repeat","background-position":"center center","background-size":"auto","background-attachment":"scroll","background-type":"","background-media":"","overlay-type":"","overlay-color":"","overlay-opacity":"","overlay-gradient":""}},"footnotes":""},"class_list":["post-19243","page","type-page","status-publish","hentry"],"post_mailing_queue_ids":[],"_links":{"self":[{"href":"https:\/\/agora.xtec.cat\/escalmacelles\/wp-json\/wp\/v2\/pages\/19243","targetHints":{"allow":["GET"]}}],"collection":[{"href":"https:\/\/agora.xtec.cat\/escalmacelles\/wp-json\/wp\/v2\/pages"}],"about":[{"href":"https:\/\/agora.xtec.cat\/escalmacelles\/wp-json\/wp\/v2\/types\/page"}],"author":[{"embeddable":true,"href":"https:\/\/agora.xtec.cat\/escalmacelles\/wp-json\/wp\/v2\/users\/1"}],"replies":[{"embeddable":true,"href":"https:\/\/agora.xtec.cat\/escalmacelles\/wp-json\/wp\/v2\/comments?post=19243"}],"version-history":[{"count":1,"href":"https:\/\/agora.xtec.cat\/escalmacelles\/wp-json\/wp\/v2\/pages\/19243\/revisions"}],"predecessor-version":[{"id":19244,"href":"https:\/\/agora.xtec.cat\/escalmacelles\/wp-json\/wp\/v2\/pages\/19243\/revisions\/19244"}],"wp:attachment":[{"href":"https:\/\/agora.xtec.cat\/escalmacelles\/wp-json\/wp\/v2\/media?parent=19243"}],"curies":[{"name":"wp","href":"https:\/\/api.w.org\/{rel}","templated":true}]}}