{"id":966,"date":"2022-01-27T08:34:28","date_gmt":"2022-01-27T07:34:28","guid":{"rendered":"https:\/\/agora.xtec.cat\/escaldana\/?page_id=966"},"modified":"2022-02-10T09:59:48","modified_gmt":"2022-02-10T08:59:48","slug":"ordenem-la-casa-per-comunitats","status":"publish","type":"page","link":"https:\/\/agora.xtec.cat\/escaldana\/ordenem-la-casa-per-comunitats\/","title":{"rendered":"Ordenem la casa per comunitats"},"content":{"rendered":"<p><span style=\"font-weight: 400;\">Les organitzacions horitzontals amb responsabilitats<a href=\"https:\/\/agora.xtec.cat\/escaldana\/wp-content\/uploads\/usu2638\/2022\/01\/dividimcasacomunitats-1-scaled.jpg\"><img loading=\"lazy\" decoding=\"async\" class=\"wp-image-1075 alignright\" src=\"https:\/\/agora.xtec.cat\/escaldana\/wp-content\/uploads\/usu2638\/2022\/01\/dividimcasacomunitats-1-scaled.jpg\" alt=\"\" width=\"458\" height=\"271\" srcset=\"https:\/\/agora.xtec.cat\/escaldana\/wp-content\/uploads\/usu2638\/2022\/01\/dividimcasacomunitats-1-scaled.jpg 2560w, https:\/\/agora.xtec.cat\/escaldana\/wp-content\/uploads\/usu2638\/2022\/01\/dividimcasacomunitats-1-300x178.jpg 300w, https:\/\/agora.xtec.cat\/escaldana\/wp-content\/uploads\/usu2638\/2022\/01\/dividimcasacomunitats-1-1024x606.jpg 1024w, https:\/\/agora.xtec.cat\/escaldana\/wp-content\/uploads\/usu2638\/2022\/01\/dividimcasacomunitats-1-768x455.jpg 768w, https:\/\/agora.xtec.cat\/escaldana\/wp-content\/uploads\/usu2638\/2022\/01\/dividimcasacomunitats-1-1536x909.jpg 1536w, https:\/\/agora.xtec.cat\/escaldana\/wp-content\/uploads\/usu2638\/2022\/01\/dividimcasacomunitats-1-2048x1212.jpg 2048w\" sizes=\"auto, (max-width: 458px) 100vw, 458px\" \/><\/a> compartides fan cr\u00e9ixer el sentiment d\u2019equip i d\u2019arrelament en els llocs. Ajuden a aconseguir un equip cohesionat, on totes sentim una elevada satisfacci\u00f3 i motivaci\u00f3 pel que estem fent. S\u2019aprofita i es potencien les fortaleses de cadasc\u00fa i les ganes d\u2019aprendre i de compartir per millorar les debilitats que puguin anar apareixent.<\/span><\/p>\n<p><span style=\"font-weight: 400;\">L\u2019escola s\u2019organitza en tres comunitats. Cada una d\u2019aquestes comunitats <\/span><span style=\"font-weight: 400;\">funciona com un cicle aut\u00f2nom amb un projecte educatiu com\u00fa a tota l\u2019escola.<\/span><\/p>\n<p><span style=\"font-weight: 400;\">En aquesta organitzaci\u00f3 horitzontal hi ha un lideratge al capdavant que ha d\u2019incloure un projecte s\u00f2lid, cap on anar, un programa clar, com anar-hi i molta <\/span><span style=\"font-weight: 400;\">emoci\u00f3, il\u00b7lusi\u00f3 de fer-ho. El lideratge no \u00e9s una medalla, ni una posici\u00f3, ni una jerarquia, sin\u00f3 que \u00e9s un proc\u00e9s din\u00e0mic que posa en marxa persones que assumeixen responsabilitats, membres d\u2019un grup que s\u00f3n mobilitzats. Per dur a <\/span><span style=\"font-weight: 400;\">terme un projecte com\u00fa \u00e9s important tenir un espai i un temps per poder fer una <\/span><span style=\"font-weight: 400;\">reflexi\u00f3 sobre la pr\u00e0ctica educativa, la nostra mirada i el nostre fer. Per aquest <\/span><span style=\"font-weight: 400;\">motiu es crea una coordinaci\u00f3 pedag\u00f2gica on hi participin tots els coordinadors<\/span><span style=\"font-weight: 400;\">juntament amb l\u2019equip directiu.<\/span><\/p>\n<p>&nbsp;<\/p>\n<p>&nbsp;<\/p>\n","protected":false},"excerpt":{"rendered":"<p>Les organitzacions horitzontals amb responsabilitats<a href=\"https:\/\/agora.xtec.cat\/escaldana\/wp-content\/uploads\/usu2638\/2022\/01\/dividimcasacomunitats-1-scaled.jpg\"><\/a> compartides fan cr\u00e9ixer el sentiment d\u2019equip i d\u2019arrelament en els llocs. Ajuden a aconseguir un equip cohesionat, on totes sentim una elevada satisfacci\u00f3 i motivaci\u00f3 pel que estem fent. S\u2019aprofita i es potencien les fortaleses de cadasc\u00fa i les&hellip;  <a href=\"https:\/\/agora.xtec.cat\/escaldana\/ordenem-la-casa-per-comunitats\/\" title=\"Read Ordenem la casa per comunitats\">Llegeix m\u00e9s\u00bb<\/a><\/p>\n","protected":false},"author":1,"featured_media":0,"parent":0,"menu_order":7,"comment_status":"closed","ping_status":"closed","template":"page-templates\/side-menu.php","meta":{"_bbp_topic_count":0,"_bbp_reply_count":0,"_bbp_total_topic_count":0,"_bbp_total_reply_count":0,"_bbp_voice_count":0,"_bbp_anonymous_reply_count":0,"_bbp_topic_count_hidden":0,"_bbp_reply_count_hidden":0,"_bbp_forum_subforum_count":0,"footnotes":""},"class_list":["post-966","page","type-page","status-publish","hentry"],"post_mailing_queue_ids":[],"_links":{"self":[{"href":"https:\/\/agora.xtec.cat\/escaldana\/wp-json\/wp\/v2\/pages\/966","targetHints":{"allow":["GET"]}}],"collection":[{"href":"https:\/\/agora.xtec.cat\/escaldana\/wp-json\/wp\/v2\/pages"}],"about":[{"href":"https:\/\/agora.xtec.cat\/escaldana\/wp-json\/wp\/v2\/types\/page"}],"author":[{"embeddable":true,"href":"https:\/\/agora.xtec.cat\/escaldana\/wp-json\/wp\/v2\/users\/1"}],"replies":[{"embeddable":true,"href":"https:\/\/agora.xtec.cat\/escaldana\/wp-json\/wp\/v2\/comments?post=966"}],"version-history":[{"count":3,"href":"https:\/\/agora.xtec.cat\/escaldana\/wp-json\/wp\/v2\/pages\/966\/revisions"}],"predecessor-version":[{"id":1076,"href":"https:\/\/agora.xtec.cat\/escaldana\/wp-json\/wp\/v2\/pages\/966\/revisions\/1076"}],"wp:attachment":[{"href":"https:\/\/agora.xtec.cat\/escaldana\/wp-json\/wp\/v2\/media?parent=966"}],"curies":[{"name":"wp","href":"https:\/\/api.w.org\/{rel}","templated":true}]}}