{"id":695,"date":"2021-10-04T16:17:03","date_gmt":"2021-10-04T14:17:03","guid":{"rendered":"https:\/\/agora.xtec.cat\/escaldana\/?page_id=695"},"modified":"2022-01-31T10:43:49","modified_gmt":"2022-01-31T09:43:49","slug":"projecte-mots-viatgers","status":"publish","type":"page","link":"https:\/\/agora.xtec.cat\/escaldana\/afa\/projecte-mots-viatgers\/","title":{"rendered":"Projecte &#8220;Mots viatgers&#8221;"},"content":{"rendered":"<p>El projecte Mots viatgers \u00e9s un projecte d\u2019intercanvi entre escoles de Barcelona i Filipines.\u00a0 Vol apropar dos mons llunyans, tot treballant amb l\u2019alumnat un mateix eix tem\u00e0tic.: \u201cla just\u00edcia ambiental\u201d (problem\u00e0tiques properes relacionades amb el medi ambient), a trav\u00e9s de la creaci\u00f3 i la dramatitzaci\u00f3 de contes viatgers elaborats conjuntament. El projecte vol promoure que les comunitats educatives donin valor a lleng\u00fces i cultures: catal\u00e0, tagal i de totes les presents a les aules.<\/p>\n<p>Els alumnes de cinqu\u00e8 de prim\u00e0ria han triat la tem\u00e0tica dels animals en perill d&#8217;extinci\u00f3 per crear un conte, primer en catal\u00e0 i despr\u00e9s es traduir\u00e0 al Tagal perqu\u00e8 els nens de l&#8217;escola de Filipines el puguin acabar.<\/p>\n<p>Durant el curs es faran activitats amb les fam\u00edlies per donar a con\u00e8ixer la cultura Filipina.<\/p>\n","protected":false},"excerpt":{"rendered":"<p>El projecte Mots viatgers \u00e9s un projecte d\u2019intercanvi entre escoles de Barcelona i Filipines.\u00a0 Vol apropar dos mons llunyans, tot treballant amb l\u2019alumnat un mateix eix tem\u00e0tic.: \u201cla just\u00edcia ambiental\u201d (problem\u00e0tiques properes relacionades amb el medi ambient), a trav\u00e9s de la creaci\u00f3 i la dramatitzaci\u00f3&hellip;  <a href=\"https:\/\/agora.xtec.cat\/escaldana\/afa\/projecte-mots-viatgers\/\" title=\"Read Projecte &#8220;Mots viatgers&#8221;\">Llegeix m\u00e9s\u00bb<\/a><\/p>\n","protected":false},"author":1,"featured_media":0,"parent":636,"menu_order":40,"comment_status":"closed","ping_status":"closed","template":"page-templates\/side-menu.php","meta":{"_bbp_topic_count":0,"_bbp_reply_count":0,"_bbp_total_topic_count":0,"_bbp_total_reply_count":0,"_bbp_voice_count":0,"_bbp_anonymous_reply_count":0,"_bbp_topic_count_hidden":0,"_bbp_reply_count_hidden":0,"_bbp_forum_subforum_count":0,"footnotes":""},"class_list":["post-695","page","type-page","status-publish","hentry"],"post_mailing_queue_ids":[],"_links":{"self":[{"href":"https:\/\/agora.xtec.cat\/escaldana\/wp-json\/wp\/v2\/pages\/695","targetHints":{"allow":["GET"]}}],"collection":[{"href":"https:\/\/agora.xtec.cat\/escaldana\/wp-json\/wp\/v2\/pages"}],"about":[{"href":"https:\/\/agora.xtec.cat\/escaldana\/wp-json\/wp\/v2\/types\/page"}],"author":[{"embeddable":true,"href":"https:\/\/agora.xtec.cat\/escaldana\/wp-json\/wp\/v2\/users\/1"}],"replies":[{"embeddable":true,"href":"https:\/\/agora.xtec.cat\/escaldana\/wp-json\/wp\/v2\/comments?post=695"}],"version-history":[{"count":2,"href":"https:\/\/agora.xtec.cat\/escaldana\/wp-json\/wp\/v2\/pages\/695\/revisions"}],"predecessor-version":[{"id":1082,"href":"https:\/\/agora.xtec.cat\/escaldana\/wp-json\/wp\/v2\/pages\/695\/revisions\/1082"}],"up":[{"embeddable":true,"href":"https:\/\/agora.xtec.cat\/escaldana\/wp-json\/wp\/v2\/pages\/636"}],"wp:attachment":[{"href":"https:\/\/agora.xtec.cat\/escaldana\/wp-json\/wp\/v2\/media?parent=695"}],"curies":[{"name":"wp","href":"https:\/\/api.w.org\/{rel}","templated":true}]}}