{"id":649,"date":"2021-10-03T13:22:25","date_gmt":"2021-10-03T11:22:25","guid":{"rendered":"https:\/\/agora.xtec.cat\/escaldana\/?page_id=649"},"modified":"2026-01-29T09:41:55","modified_gmt":"2026-01-29T08:41:55","slug":"equip-pedagogic","status":"publish","type":"page","link":"https:\/\/agora.xtec.cat\/escaldana\/lescola\/equip-pedagogic\/","title":{"rendered":"Equip escola Aldana"},"content":{"rendered":"<p><span style=\"font-weight: 400; color: #808080;\">L\u2019equip pedag\u00f2gic de l\u2019escola est\u00e0 format per els mestres de cada comunitat, per l\u2019equip directiu, la t\u00e8cnica d&#8217;educaci\u00f3 infantil i el vetllador\/a.\u00a0<\/span><\/p>\n<table style=\"height: 173px; width: 97.6042%;\">\n<tbody>\n<tr style=\"height: 46px;\">\n<td style=\"width: 33.5366%; height: 46px;\"><strong><span style=\"color: #808080;\">EQUIP DIRECTIU<\/span><\/strong><\/td>\n<td style=\"width: 125.197%; height: 46px;\"><strong><span style=\"color: #808080;\">COORDINACIONS PEDAG\u00d2GIQUES<\/span><\/strong><\/td>\n<\/tr>\n<tr style=\"height: 127px;\">\n<td style=\"width: 33.5366%; height: 127px; vertical-align: top;\">\n<ul>\n<li aria-level=\"1\"><span style=\"color: #808080;\">S\u00edlvia Rodr\u00edguez\u00a0 a la direcci\u00f3<\/span><\/li>\n<li aria-level=\"1\"><span style=\"color: #808080;\">Irene Romero com a cap d\u2019estudis<\/span><\/li>\n<li aria-level=\"1\"><span style=\"color: #808080;\">Patr\u00edcia Bergada com a secret\u00e0ria<\/span><\/li>\n<\/ul>\n<\/td>\n<td style=\"height: 127px; width: 125.197%; vertical-align: top;\">\n<ul>\n<li><span style=\"color: #808080;\">Alicia Guti\u00e9rrez Comunitat de petits<\/span><\/li>\n<li><span style=\"color: #808080;\">Anna Xucl\u00e0 Comunitat de mitjans<\/span><\/li>\n<li><span style=\"color: #808080;\">Joan Moya Comunitat de grans<\/span><\/li>\n<\/ul>\n<\/td>\n<\/tr>\n<\/tbody>\n<\/table>\n<table style=\"width: 101.426%; height: 613px;\" width=\"100%\" cellspacing=\"0\" cellpadding=\"0\">\n<tbody>\n<tr style=\"height: 66px;\" valign=\"top\">\n<td style=\"width: 33%; height: 55px; text-align: center;\" width=\"33%\"><strong><span style=\"color: #808080;\">COMUNITAT DE PETITS<\/span><\/strong><\/td>\n<td style=\"width: 33%; height: 55px; text-align: center;\" width=\"33%\"><strong><span style=\"color: #808080;\">COMUNITAT DE MITJANS<\/span><\/strong><\/td>\n<td style=\"width: 33%; height: 55px; text-align: center;\" width=\"33%\"><strong><span style=\"color: #808080;\">COMUNITAT DE GRANS<\/span><\/strong><\/td>\n<\/tr>\n<tr style=\"height: 66px;\" valign=\"top\">\n<td style=\"width: 33%; height: 42px;\" width=\"33%\">\n<h6 style=\"text-align: center;\"><strong><span style=\"color: #808080;\">Infants de 3, 4 i 5 anys<\/span><\/strong><\/h6>\n<\/td>\n<td style=\"width: 33%; height: 42px;\" width=\"33%\">\n<h6 style=\"text-align: center;\"><strong><span style=\"color: #808080;\">Infants de 3r, 4t i 5\u00e8<\/span><\/strong><\/h6>\n<\/td>\n<td style=\"width: 33%; height: 42px;\" width=\"33%\">\n<h6 style=\"text-align: center;\"><strong><span style=\"color: #808080;\">Infants de 4t, 5\u00e8 i 6\u00e8<\/span><\/strong><\/h6>\n<\/td>\n<\/tr>\n<tr style=\"height: 516px;\" valign=\"top\">\n<td style=\"width: 33%; height: 516px;\" width=\"33%\">\n<p style=\"text-align: justify;\"><span style=\"color: #808080;\">LAIA PAULO : tutora de 3 <\/span><span style=\"color: #808080;\">anys A<\/span><\/p>\n<p style=\"text-align: justify;\"><span style=\"color: #808080;\">\u00c0LEX G\u00d3MEZ: tutora <\/span><span style=\"color: #808080;\">de 3 anys B.<\/span><\/p>\n<p style=\"text-align: justify;\"><span style=\"color: #808080;\">MARTA BAS: tutora de 3 <\/span><span style=\"color: #808080;\">anys C i especialista de<\/span><br \/>\n<span style=\"color: #808080;\">m\u00fasica<\/span><\/p>\n<p style=\"text-align: justify;\"><span style=\"color: #808080;\">AL\u00cdCIA GUTI\u00c9RREZ <\/span><span style=\"color: #808080;\">tutora de 4 anys.<\/span><\/p>\n<p style=\"text-align: justify;\"><span style=\"color: #808080;\">VERONICA PRIETO I JENNIFER MU\u00d1OZ : tutores de 5 anys.<\/span><\/p>\n<p style=\"text-align: justify;\"><span style=\"color: #808080;\">SABRIE SAMI: mestra <\/span><span style=\"color: #808080;\">d\u2019atenci\u00f3 a la diversitat.<\/span><\/p>\n<p style=\"text-align: justify;\"><span style=\"color: #808080;\">T\u00c0NIA I ANNA: TEI&#8217;<\/span><span style=\"color: #808080;\">s<\/span><\/p>\n<p><span style=\"color: #808080;\">ANNA CLOTET: mestra de suport<\/span><\/p>\n<p style=\"text-align: justify;\"><span style=\"color: #808080;\">S\u00cdLVIA RODRIGUEZ:<\/span><br \/>\n<span style=\"color: #808080;\">referent de l\u2019equip<\/span><br \/>\n<span style=\"color: #808080;\">directiu.<\/span><\/p>\n<\/td>\n<td style=\"width: 33%; text-align: justify; height: 516px;\" width=\"33%\"><span style=\"color: #808080;\">ANNA XUCL\u00c0 : tutora de <\/span><span style=\"color: #808080;\">1r A<\/span><\/p>\n<p><span style=\"color: #808080;\">BEGO\u00d1A PICAZO : tutora <\/span><span style=\"color: #808080;\">de 1r B<\/span><\/p>\n<p><span style=\"color: #808080;\">M\u00d3NICA CLUSELLAS: <\/span><span style=\"color: #808080;\">tutora de 2n<\/span><\/p>\n<p><span style=\"color: #808080;\">JORDI GIRB\u00c9S: tutor <\/span><span style=\"color: #808080;\">de 3r<\/span><\/p>\n<p><span style=\"color: #808080;\">MAITE GALOCHA: <\/span><span style=\"color: #808080;\">mestra de suport<\/span><\/p>\n<p><span style=\"color: #808080;\">MILAGROS GAGIAS: <\/span><span style=\"color: #808080;\">mestra de suport<\/span><\/p>\n<p><span style=\"color: #808080;\">SABRIE SAMI: mestra <\/span><span style=\"color: #808080;\">d\u2019atenci\u00f3 a la diversitat.<\/span><\/p>\n<p><span style=\"color: #808080;\">SERGI FERN\u00c1NDEZ: mestre d&#8217;educaci\u00f3 f\u00edsica<\/span><\/p>\n<p><span style=\"color: #808080;\">JUDITH VILLANUEVA: especialista d&#8217;angl\u00e8s<\/span><\/p>\n<p><span style=\"color: #808080;\">SANDRA UCEDA: mestra de religi\u00f3<\/span><\/p>\n<p><span style=\"color: #808080;\">ROSER GIL: especialista de m\u00fasica<\/span><\/p>\n<p><span style=\"color: #808080;\">IRENE ROMERO: r<\/span><span style=\"color: #808080;\">eferent de l\u2019equip <\/span><span style=\"color: #808080;\">directiu<\/span><\/td>\n<td style=\"width: 33%; text-align: justify; height: 516px;\" width=\"33%\"><span style=\"color: #808080;\">\u00c0NGELS MART\u00cdNEZ I BERTA CABEZA: tutores de 4t<\/span><\/p>\n<p><span style=\"color: #808080;\">JOAN MOYA: tutor de 5\u00e8<\/span><\/p>\n<p><span style=\"color: #808080;\">SILVIA SEGURA: tutora de 6\u00e8<\/span><\/p>\n<p><span style=\"color: #808080;\">RUBEN L\u00d3PEZ: mestre de suport<\/span><\/p>\n<p><span style=\"color: #808080;\">ALBERT GAGO: mestre <\/span><span style=\"color: #808080;\">de suport<\/span><\/p>\n<p><span style=\"color: #808080;\">SABRIE SAMI: mestra <\/span><span style=\"color: #808080;\">d\u2019atenci\u00f3 a la diversitat<\/span><\/p>\n<p><span style=\"color: #808080;\">SERGI FERN\u00c1NDEZ: mestre d&#8217;educaci\u00f3 f\u00edsica<\/span><\/p>\n<p><span style=\"color: #808080;\">SANDRA UCEDA: mestra de religi\u00f3<\/span><\/p>\n<p><span style=\"color: #808080;\">ROSER GIL: especialista de m\u00fasica<\/span><\/p>\n<p><span style=\"color: #808080;\">PATRICIA BERGAD\u00c0: r<\/span><span style=\"color: #808080;\">eferent de l\u2019equip<\/span><br \/>\n<span style=\"color: #808080;\">directiu.<\/span><\/td>\n<\/tr>\n<\/tbody>\n<\/table>\n<p>&nbsp;<\/p>\n<p>&nbsp;<\/p>\n","protected":false},"excerpt":{"rendered":"<p>L\u2019equip pedag\u00f2gic de l\u2019escola est\u00e0 format per els mestres de cada comunitat, per l\u2019equip directiu, la t\u00e8cnica d&#8217;educaci\u00f3 infantil i el vetllador\/a.\u00a0<\/p>\n<p>EQUIP DIRECTIU<br \/>\nCOORDINACIONS PEDAG\u00d2GIQUES<\/p>\n<ul>\n<li aria-level=\"1\">S\u00edlvia Rodr\u00edguez\u00a0 a la direcci\u00f3<\/li>\n<li aria-level=\"1\">Irene Romero com a cap d\u2019estudis<\/li>\n<li aria-level=\"1\">Patr\u00edcia Bergada com a secret\u00e0ria<\/li>\n<\/ul>\n<ul>\n<li>Alicia Guti\u00e9rrez Comunitat de petits<\/li>\n<li>Anna Xucl\u00e0&hellip;  <a href=\"https:\/\/agora.xtec.cat\/escaldana\/lescola\/equip-pedagogic\/\" title=\"Read Equip escola Aldana\">Llegeix m\u00e9s\u00bb<\/a><br \/>\n","protected":false},"author":1,"featured_media":0,"parent":22,"menu_order":10,"comment_status":"closed","ping_status":"closed","template":"page-templates\/side-menu.php","meta":{"_bbp_topic_count":0,"_bbp_reply_count":0,"_bbp_total_topic_count":0,"_bbp_total_reply_count":0,"_bbp_voice_count":0,"_bbp_anonymous_reply_count":0,"_bbp_topic_count_hidden":0,"_bbp_reply_count_hidden":0,"_bbp_forum_subforum_count":0,"footnotes":""},"class_list":["post-649","page","type-page","status-publish","hentry"],"post_mailing_queue_ids":[],"_links":{"self":[{"href":"https:\/\/agora.xtec.cat\/escaldana\/wp-json\/wp\/v2\/pages\/649","targetHints":{"allow":["GET"]}}],"collection":[{"href":"https:\/\/agora.xtec.cat\/escaldana\/wp-json\/wp\/v2\/pages"}],"about":[{"href":"https:\/\/agora.xtec.cat\/escaldana\/wp-json\/wp\/v2\/types\/page"}],"author":[{"embeddable":true,"href":"https:\/\/agora.xtec.cat\/escaldana\/wp-json\/wp\/v2\/users\/1"}],"replies":[{"embeddable":true,"href":"https:\/\/agora.xtec.cat\/escaldana\/wp-json\/wp\/v2\/comments?post=649"}],"version-history":[{"count":7,"href":"https:\/\/agora.xtec.cat\/escaldana\/wp-json\/wp\/v2\/pages\/649\/revisions"}],"predecessor-version":[{"id":2379,"href":"https:\/\/agora.xtec.cat\/escaldana\/wp-json\/wp\/v2\/pages\/649\/revisions\/2379"}],"up":[{"embeddable":true,"href":"https:\/\/agora.xtec.cat\/escaldana\/wp-json\/wp\/v2\/pages\/22"}],"wp:attachment":[{"href":"https:\/\/agora.xtec.cat\/escaldana\/wp-json\/wp\/v2\/media?parent=649"}],"curies":[{"name":"wp","href":"https:\/\/api.w.org\/{rel}","templated":true}]}}