{"id":636,"date":"2021-10-03T08:56:37","date_gmt":"2021-10-03T06:56:37","guid":{"rendered":"https:\/\/agora.xtec.cat\/escaldana\/?page_id=636"},"modified":"2024-07-09T16:51:34","modified_gmt":"2024-07-09T14:51:34","slug":"afa","status":"publish","type":"page","link":"https:\/\/agora.xtec.cat\/escaldana\/afa\/","title":{"rendered":"AFA"},"content":{"rendered":"<p style=\"text-align: center;\"><img loading=\"lazy\" decoding=\"async\" class=\"alignnone wp-image-2120\" src=\"https:\/\/agora.xtec.cat\/escaldana\/wp-content\/uploads\/usu2638\/2024\/07\/01-300x188.jpg\" alt=\"\" width=\"319\" height=\"200\" srcset=\"https:\/\/agora.xtec.cat\/escaldana\/wp-content\/uploads\/usu2638\/2024\/07\/01-300x188.jpg 300w, https:\/\/agora.xtec.cat\/escaldana\/wp-content\/uploads\/usu2638\/2024\/07\/01.jpg 527w\" sizes=\"auto, (max-width: 319px) 100vw, 319px\" \/><\/p>\n<h4><span style=\"color: #808080;\"><b>Qu\u00e8 \u00e9s una AFA?<\/b><\/span><\/h4>\n<p><span style=\"font-weight: 400; color: #808080;\">Una Associaci\u00f3 de Fam\u00edlies d&#8217;Alumnes (AFA) d&#8217;una escola t\u00e9 l&#8217;objectiu de promoure la participaci\u00f3 i la millora del centre i de les relacions de tota la comunitat educativa.<\/span><\/p>\n<h4><span style=\"color: #808080;\"><b>Qu\u00e8 fem?<\/b><\/span><\/h4>\n<ul>\n<li style=\"font-weight: 400;\" aria-level=\"1\"><span style=\"font-weight: 400; color: #808080;\">Oferim descomptes en les activitats extraescolars per l&#8217;alumnat (2 euros\/mensuals per activitat)\u00a0<\/span><\/li>\n<li style=\"font-weight: 400;\" aria-level=\"1\"><span style=\"font-weight: 400; color: #808080;\">Organitzem activitats per millorar del funcionament de l&#8217;escola (activitats, xerrades, extraescolars, festes).<\/span><\/li>\n<li style=\"font-weight: 400;\" aria-level=\"1\"><span style=\"font-weight: 400; color: #808080;\">Facilitem la relaci\u00f3 entre les fam\u00edlies, el professorat, l&#8217;equip directiu, extraescolars i menjador.\u00a0<\/span><\/li>\n<li style=\"font-weight: 400;\" aria-level=\"1\"><span style=\"font-weight: 400; color: #808080;\">Ens preocupem per la qualitat educativa i representem a les fam\u00edlies en el Consell Escolar.<\/span><\/li>\n<\/ul>\n<h4><span style=\"color: #808080;\"><b>Inscripci\u00f3:<\/b><\/span><\/h4>\n<ol>\n<li style=\"font-weight: 400;\" aria-level=\"1\"><span style=\"color: #808080;\"><span style=\"font-weight: 400;\">Omple el<\/span><span style=\"color: #3366ff;\"> <a style=\"color: #3366ff;\" href=\"https:\/\/drive.google.com\/file\/d\/11fAudIiTQGCHl6rOUwvGaUmIhQt284wc\/view?usp=sharing\"><span style=\"font-weight: 400;\">formulari d&#8217;inscripci\u00f3<\/span><\/a><\/span><\/span><\/li>\n<li style=\"font-weight: 400; text-align: left;\" aria-level=\"1\"><span style=\"font-weight: 400; color: #808080;\">Col\u00b7labora amb una quota anual de 25\u20ac per fam\u00edlia <img loading=\"lazy\" decoding=\"async\" class=\"wp-image-2116 alignright\" src=\"https:\/\/agora.xtec.cat\/escaldana\/wp-content\/uploads\/usu2638\/2024\/07\/04.jpg\" alt=\"\" width=\"172\" height=\"131\" \/><\/span><\/li>\n<\/ol>\n<h4><span style=\"color: #808080;\"><b>Com participar activament?<\/b><\/span><\/h4>\n<ul>\n<li style=\"font-weight: 400;\" aria-level=\"1\"><span style=\"font-weight: 400; color: #808080;\">Pots fer-ho de diverses maneres:<\/span><\/li>\n<li style=\"font-weight: 400;\" aria-level=\"1\"><span style=\"font-weight: 400; color: #808080;\">Ajuda a l\u2019organitzaci\u00f3 de les festes<\/span><\/li>\n<li style=\"font-weight: 400;\" aria-level=\"1\"><span style=\"font-weight: 400; color: #808080;\">Vine i participa a les assemblees<\/span><\/li>\n<li style=\"font-weight: 400;\" aria-level=\"1\"><span style=\"font-weight: 400; color: #808080;\">Implica&#8217;t a les activitats que fem\u00a0<\/span><\/li>\n<li style=\"font-weight: 400;\" aria-level=\"1\"><span style=\"font-weight: 400; color: #808080;\">Apunta&#8217;t a una comissi\u00f3 de treball: Comissi\u00f3 extraescolars, festes, sostenibilitat\u2026<\/span><\/li>\n<\/ul>\n<h4><span style=\"color: #808080;\"><b>On ens pots trobar?<\/b><\/span><\/h4>\n<p><span style=\"font-weight: 400; color: #808080;\">Presencial: Sala de l&#8217;AFA a l&#8217;escola (a convenir hores)<\/span><\/p>\n<p><span style=\"color: #808080;\"><span style=\"font-weight: 400;\">Correu: <\/span><span style=\"color: #3366ff;\"><a style=\"color: #3366ff;\" href=\"mailto:afaaldana@gmail.com\"><span style=\"font-weight: 400;\">afaaldana@gmail.com<\/span><\/a><\/span><\/span><\/p>\n<p><img loading=\"lazy\" decoding=\"async\" class=\"alignnone wp-image-2118 alignright\" src=\"https:\/\/agora.xtec.cat\/escaldana\/wp-content\/uploads\/usu2638\/2024\/07\/05.jpg\" alt=\"\" width=\"281\" height=\"248\" \/><\/p>\n<p>&nbsp;<\/p>\n<p>&nbsp;<\/p>\n<p><img loading=\"lazy\" decoding=\"async\" class=\"alignnone wp-image-2115\" src=\"https:\/\/agora.xtec.cat\/escaldana\/wp-content\/uploads\/usu2638\/2024\/07\/Logo-300x300.png\" alt=\"\" width=\"141\" height=\"141\" srcset=\"https:\/\/agora.xtec.cat\/escaldana\/wp-content\/uploads\/usu2638\/2024\/07\/Logo-300x300.png 300w, https:\/\/agora.xtec.cat\/escaldana\/wp-content\/uploads\/usu2638\/2024\/07\/Logo-150x150.png 150w, https:\/\/agora.xtec.cat\/escaldana\/wp-content\/uploads\/usu2638\/2024\/07\/Logo.png 500w\" sizes=\"auto, (max-width: 141px) 100vw, 141px\" \/><\/p>\n","protected":false},"excerpt":{"rendered":"<p>Qu\u00e8 \u00e9s una AFA?<br \/>\nUna Associaci\u00f3 de Fam\u00edlies d&#8217;Alumnes (AFA) d&#8217;una escola t\u00e9 l&#8217;objectiu de promoure la participaci\u00f3 i la millora del centre i de les relacions de tota la comunitat educativa.<br \/>\nQu\u00e8 fem?<\/p>\n<ul>\n<li style=\"font-weight: 400;\" aria-level=\"1\">Oferim descomptes en les activitats extraescolars per l&#8217;alumnat (2 euros\/mensuals per&hellip;  <a href=\"https:\/\/agora.xtec.cat\/escaldana\/afa\/\" title=\"Read AFA\">Llegeix m\u00e9s\u00bb<\/a><br \/>\n","protected":false},"author":1,"featured_media":0,"parent":0,"menu_order":0,"comment_status":"closed","ping_status":"closed","template":"page-templates\/side-menu.php","meta":{"_bbp_topic_count":0,"_bbp_reply_count":0,"_bbp_total_topic_count":0,"_bbp_total_reply_count":0,"_bbp_voice_count":0,"_bbp_anonymous_reply_count":0,"_bbp_topic_count_hidden":0,"_bbp_reply_count_hidden":0,"_bbp_forum_subforum_count":0,"footnotes":""},"class_list":["post-636","page","type-page","status-publish","hentry"],"post_mailing_queue_ids":[],"_links":{"self":[{"href":"https:\/\/agora.xtec.cat\/escaldana\/wp-json\/wp\/v2\/pages\/636","targetHints":{"allow":["GET"]}}],"collection":[{"href":"https:\/\/agora.xtec.cat\/escaldana\/wp-json\/wp\/v2\/pages"}],"about":[{"href":"https:\/\/agora.xtec.cat\/escaldana\/wp-json\/wp\/v2\/types\/page"}],"author":[{"embeddable":true,"href":"https:\/\/agora.xtec.cat\/escaldana\/wp-json\/wp\/v2\/users\/1"}],"replies":[{"embeddable":true,"href":"https:\/\/agora.xtec.cat\/escaldana\/wp-json\/wp\/v2\/comments?post=636"}],"version-history":[{"count":7,"href":"https:\/\/agora.xtec.cat\/escaldana\/wp-json\/wp\/v2\/pages\/636\/revisions"}],"predecessor-version":[{"id":2125,"href":"https:\/\/agora.xtec.cat\/escaldana\/wp-json\/wp\/v2\/pages\/636\/revisions\/2125"}],"wp:attachment":[{"href":"https:\/\/agora.xtec.cat\/escaldana\/wp-json\/wp\/v2\/media?parent=636"}],"curies":[{"name":"wp","href":"https:\/\/api.w.org\/{rel}","templated":true}]}}