{"id":1993,"date":"2024-04-04T14:07:39","date_gmt":"2024-04-04T12:07:39","guid":{"rendered":"https:\/\/agora.xtec.cat\/escaldana\/?page_id=1993"},"modified":"2024-11-20T09:09:17","modified_gmt":"2024-11-20T08:09:17","slug":"passaport-edunauta","status":"publish","type":"page","link":"https:\/\/agora.xtec.cat\/escaldana\/passaport-edunauta\/","title":{"rendered":"Passaport edunauta"},"content":{"rendered":"<p style=\"text-align: left;\"><span style=\"color: #808080;\">Qu\u00e8 \u00e9s el passaport edunauta?<\/span><\/p>\n<p dir=\"ltr\" style=\"text-align: left;\"><span style=\"color: #808080;\"><img loading=\"lazy\" decoding=\"async\" class=\"size-medium wp-image-2002 alignleft\" src=\"https:\/\/agora.xtec.cat\/escaldana\/wp-content\/uploads\/usu2638\/2024\/04\/edunauta-296x300.png\" alt=\"\" width=\"296\" height=\"300\" srcset=\"https:\/\/agora.xtec.cat\/escaldana\/wp-content\/uploads\/usu2638\/2024\/04\/edunauta-296x300.png 296w, https:\/\/agora.xtec.cat\/escaldana\/wp-content\/uploads\/usu2638\/2024\/04\/edunauta.png 504w\" sizes=\"auto, (max-width: 296px) 100vw, 296px\" \/>Com sabeu el<span style=\"text-decoration: underline;\">\u00a0<span style=\"color: #333399; text-decoration: underline;\"><a style=\"color: #333399; text-decoration: underline;\" href=\"https:\/\/www.passaportedunauta.cat\/edunautes-app\/families\/index.xhtml\" target=\"_blank\" rel=\"noopener\" data-saferedirecturl=\"https:\/\/www.google.com\/url?q=https:\/\/www.passaportedunauta.cat\/edunautes-app\/families\/index.xhtml&amp;source=gmail&amp;ust=1728980256993000&amp;usg=AOvVaw0n7_BZB8Eex607dGZX2eLp\">passaport edunauta<\/a>\u00a0<\/span><\/span>es un projecte de la Fundaci\u00f3 Bofill i la cooperativa M\u00e9s Educaci\u00f3 per fomentar l\u2019educaci\u00f3 m\u00e9s enll\u00e0 de l\u2019escola,\u00a0que organitzem amb les escoles del barri de Sant Antoni i Raval.\u00a0<\/span><\/p>\n<p dir=\"ltr\" style=\"text-align: left;\"><span style=\"color: #808080;\">Participar d\u2019activitats del barri, anar a la biblioteca, a jugar escacs, anar al cinema, a una cercavila&#8230; \u00c9s una oportunitat per realitzar diferents aprenentatges. I qu\u00e8 res millor que fer-ho viatjant amb un passaport. All\u00e0 on aneu us posaran un segell de la vostra estada.\u00a0<\/span><\/p>\n<p dir=\"ltr\" style=\"text-align: left;\"><span style=\"color: #808080;\">COM HO FAREM AQUEST CURS?<\/span><\/p>\n<p dir=\"ltr\" style=\"text-align: left;\"><span style=\"color: #808080;\">Enguany us donarem el passaport a cada fam\u00edlia i\u00a0vosaltres mateixes el gestionareu,\u00a0no caldr\u00e0 que el porteu a l\u2019escola. Les entitats que fan les activitats tenen el seu propi segell per\u00f2 si no el tenen els vostres fills i filles el poden segellar a l\u2019escola a l\u2019escola.\u00a0<\/span><\/p>\n<p dir=\"ltr\" style=\"text-align: left;\"><span style=\"color: #808080;\">Cada mes se us enviar\u00e0 el\u00a0cat\u00e0leg d\u2019activitats gratu\u00eftes\u00a0i se\u2019n parlar\u00e0 a les converses de cada grup. Tamb\u00e9 el podreu consultar a la p\u00e0gina web.\u00a0\u00a0<\/span><\/p>\n<p dir=\"ltr\" style=\"text-align: left;\"><span style=\"color: #808080;\">QUAN TINDREU EL PASSAPORT?<\/span><\/p>\n<p dir=\"ltr\" style=\"text-align: left;\"><span style=\"color: #808080;\">El dia\u00a024 d\u2019Octubre pel mat\u00ed\u00a0anirem tota l\u2019escola a veure un espectacle amb la resta d\u2019escoles que participen del programa com a tret de sortida del programa.\u00a0A partir d&#8217;aquell dia el repartirem.<\/span><\/p>\n<p dir=\"ltr\" style=\"text-align: left;\"><span style=\"color: #808080;\">\u00c9s una gran oportunitat per gaudir de les propostes gratu\u00eftes molt a prop de casa. Segur que tots, grans i petits en podeu fer aprenentatges interessants, divertits i sorprenents.\u00a0<\/span><\/p>\n<p>&nbsp;<\/p>\n<p><img loading=\"lazy\" decoding=\"async\" class=\"wp-image-2021 aligncenter\" src=\"https:\/\/agora.xtec.cat\/escaldana\/wp-content\/uploads\/usu2638\/2024\/04\/Captura-2.png\" alt=\"\" width=\"605\" height=\"290\" srcset=\"https:\/\/agora.xtec.cat\/escaldana\/wp-content\/uploads\/usu2638\/2024\/04\/Captura-2.png 891w, https:\/\/agora.xtec.cat\/escaldana\/wp-content\/uploads\/usu2638\/2024\/04\/Captura-2-300x144.png 300w, https:\/\/agora.xtec.cat\/escaldana\/wp-content\/uploads\/usu2638\/2024\/04\/Captura-2-768x368.png 768w\" sizes=\"auto, (max-width: 605px) 100vw, 605px\" \/><\/p>\n<h4><span style=\"color: #808080;\"><a href=\"https:\/\/www.educacio360.cat\/aprendre-fora-lescola-passaport-edunauta-leina-mobilitzar-families-barri-sant-antoni\/\" target=\"_blank\" rel=\"noopener\">Article Educaci\u00f3 360<\/a>, l\u2019experi\u00e8ncia de l\u2019escola Aldana amb el passaport edunauta.<\/span><\/h4>\n<p>&nbsp;<\/p>\n<p>&nbsp;<\/p>\n<p>&nbsp;<\/p>\n<p>&nbsp;<\/p>\n<p>&nbsp;<\/p>\n<p>&nbsp;<\/p>\n<p>&nbsp;<\/p>\n","protected":false},"excerpt":{"rendered":"<p>Qu\u00e8 \u00e9s el passaport edunauta?<br \/>\nCom sabeu el\u00a0<a style=\"color: #333399; text-decoration: underline;\" href=\"https:\/\/www.passaportedunauta.cat\/edunautes-app\/families\/index.xhtml\" target=\"_blank\" rel=\"noopener\" data-saferedirecturl=\"https:\/\/www.google.com\/url?q=https:\/\/www.passaportedunauta.cat\/edunautes-app\/families\/index.xhtml&amp;source=gmail&amp;ust=1728980256993000&amp;usg=AOvVaw0n7_BZB8Eex607dGZX2eLp\">passaport edunauta<\/a>\u00a0es un projecte de la Fundaci\u00f3 Bofill i la cooperativa M\u00e9s Educaci\u00f3 per fomentar l\u2019educaci\u00f3 m\u00e9s enll\u00e0 de l\u2019escola,\u00a0que organitzem amb les escoles del barri de Sant Antoni i Raval.\u00a0<br \/>\nParticipar&hellip;  <a href=\"https:\/\/agora.xtec.cat\/escaldana\/passaport-edunauta\/\" title=\"Read Passaport edunauta\">Llegeix m\u00e9s\u00bb<\/a><\/p>\n","protected":false},"author":1,"featured_media":0,"parent":0,"menu_order":0,"comment_status":"closed","ping_status":"closed","template":"","meta":{"_bbp_topic_count":0,"_bbp_reply_count":0,"_bbp_total_topic_count":0,"_bbp_total_reply_count":0,"_bbp_voice_count":0,"_bbp_anonymous_reply_count":0,"_bbp_topic_count_hidden":0,"_bbp_reply_count_hidden":0,"_bbp_forum_subforum_count":0,"footnotes":""},"class_list":["post-1993","page","type-page","status-publish","hentry"],"post_mailing_queue_ids":[],"_links":{"self":[{"href":"https:\/\/agora.xtec.cat\/escaldana\/wp-json\/wp\/v2\/pages\/1993","targetHints":{"allow":["GET"]}}],"collection":[{"href":"https:\/\/agora.xtec.cat\/escaldana\/wp-json\/wp\/v2\/pages"}],"about":[{"href":"https:\/\/agora.xtec.cat\/escaldana\/wp-json\/wp\/v2\/types\/page"}],"author":[{"embeddable":true,"href":"https:\/\/agora.xtec.cat\/escaldana\/wp-json\/wp\/v2\/users\/1"}],"replies":[{"embeddable":true,"href":"https:\/\/agora.xtec.cat\/escaldana\/wp-json\/wp\/v2\/comments?post=1993"}],"version-history":[{"count":6,"href":"https:\/\/agora.xtec.cat\/escaldana\/wp-json\/wp\/v2\/pages\/1993\/revisions"}],"predecessor-version":[{"id":2200,"href":"https:\/\/agora.xtec.cat\/escaldana\/wp-json\/wp\/v2\/pages\/1993\/revisions\/2200"}],"wp:attachment":[{"href":"https:\/\/agora.xtec.cat\/escaldana\/wp-json\/wp\/v2\/media?parent=1993"}],"curies":[{"name":"wp","href":"https:\/\/api.w.org\/{rel}","templated":true}]}}