{"id":1830,"date":"2023-04-03T11:06:17","date_gmt":"2023-04-03T09:06:17","guid":{"rendered":"https:\/\/agora.xtec.cat\/escaldana\/?page_id=1830"},"modified":"2026-04-07T10:43:13","modified_gmt":"2026-04-07T08:43:13","slug":"servei-de-menjador","status":"publish","type":"page","link":"https:\/\/agora.xtec.cat\/escaldana\/serveis\/servei-de-menjador\/","title":{"rendered":"Servei de menjador"},"content":{"rendered":"<p><img loading=\"lazy\" decoding=\"async\" class=\"wp-image-2390 alignleft\" src=\"https:\/\/agora.xtec.cat\/escaldana\/wp-content\/uploads\/usu2638\/2026\/02\/image-1-211x300.png\" alt=\"\" width=\"415\" height=\"590\" srcset=\"https:\/\/agora.xtec.cat\/escaldana\/wp-content\/uploads\/usu2638\/2026\/02\/image-1-211x300.png 211w, https:\/\/agora.xtec.cat\/escaldana\/wp-content\/uploads\/usu2638\/2026\/02\/image-1.png 450w\" sizes=\"auto, (max-width: 415px) 100vw, 415px\" \/>La coordinadora ser\u00e0 l\u2019<strong>Ana Garcia<\/strong>. Estar\u00e0 al centre en horari de 8\u201930 fins les 14\u201930h.<\/p>\n<p>Per contactar amb ella ho podeu fer de la seg\u00fcent manera:<\/p>\n<h6>_ TEL\u00c8FON I WHATSAP : 686318050<\/h6>\n<p>_MAIL :\u00a0<a href=\"mailto:menjador@escaldana.cat\">menjador@escaldana.cat<\/a><\/p>\n<p>L\u2019horari d\u2019atenci\u00f3 presencial a les fam\u00edlies \u00e9s de 8\u201930 a 12h per<\/p>\n<p>&nbsp;<\/p>\n<p>CONSULTES GENERALITZADES<\/p>\n<p>De\u00a0<strong>8\u201930 a 9.30h<\/strong>: COMUNICACI\u00d3 DEL INFANTS QUE AQUELL DIA\u00a0<strong>NO FARAN \u00daS DEL SERVEI DE MIGDIA O QUE FARAN \u00daS ESPOR\u00c0DIC DEL SERVEI<\/strong>\u00a0.<\/p>\n<p>MEN\u00da MENSUAL<\/p>\n<p><a href=\"https:\/\/drive.google.com\/drive\/folders\/1ncT4OhfIp8j4qHRWU9np5kfVfQUm96en\" target=\"_blank\" rel=\"noopener\">Abril<\/a><\/p>\n<p>&nbsp;<\/p>\n","protected":false},"excerpt":{"rendered":"<p>La coordinadora ser\u00e0 l\u2019Ana Garcia. Estar\u00e0 al centre en horari de 8\u201930 fins les 14\u201930h.<br \/>\nPer contactar amb ella ho podeu fer de la seg\u00fcent manera:<br \/>\n_ TEL\u00c8FON I WHATSAP : 686318050<br \/>\n_MAIL :\u00a0<a href=\"mailto:menjador@escaldana.cat\">menjador@escaldana.cat<\/a><br \/>\nL\u2019horari d\u2019atenci\u00f3 presencial a les fam\u00edlies \u00e9s de 8\u201930 a 12h per<br \/>\n&nbsp;<br \/>\nCONSULTES GENERALITZADES<br \/>\nDe\u00a08\u201930 a&hellip;  <a href=\"https:\/\/agora.xtec.cat\/escaldana\/serveis\/servei-de-menjador\/\" title=\"Read Servei de menjador\">Llegeix m\u00e9s\u00bb<\/a><\/p>\n","protected":false},"author":1,"featured_media":0,"parent":66,"menu_order":21,"comment_status":"closed","ping_status":"closed","template":"page-templates\/side-menu.php","meta":{"_bbp_topic_count":0,"_bbp_reply_count":0,"_bbp_total_topic_count":0,"_bbp_total_reply_count":0,"_bbp_voice_count":0,"_bbp_anonymous_reply_count":0,"_bbp_topic_count_hidden":0,"_bbp_reply_count_hidden":0,"_bbp_forum_subforum_count":0,"footnotes":""},"class_list":["post-1830","page","type-page","status-publish","hentry"],"post_mailing_queue_ids":[],"_links":{"self":[{"href":"https:\/\/agora.xtec.cat\/escaldana\/wp-json\/wp\/v2\/pages\/1830","targetHints":{"allow":["GET"]}}],"collection":[{"href":"https:\/\/agora.xtec.cat\/escaldana\/wp-json\/wp\/v2\/pages"}],"about":[{"href":"https:\/\/agora.xtec.cat\/escaldana\/wp-json\/wp\/v2\/types\/page"}],"author":[{"embeddable":true,"href":"https:\/\/agora.xtec.cat\/escaldana\/wp-json\/wp\/v2\/users\/1"}],"replies":[{"embeddable":true,"href":"https:\/\/agora.xtec.cat\/escaldana\/wp-json\/wp\/v2\/comments?post=1830"}],"version-history":[{"count":7,"href":"https:\/\/agora.xtec.cat\/escaldana\/wp-json\/wp\/v2\/pages\/1830\/revisions"}],"predecessor-version":[{"id":2407,"href":"https:\/\/agora.xtec.cat\/escaldana\/wp-json\/wp\/v2\/pages\/1830\/revisions\/2407"}],"up":[{"embeddable":true,"href":"https:\/\/agora.xtec.cat\/escaldana\/wp-json\/wp\/v2\/pages\/66"}],"wp:attachment":[{"href":"https:\/\/agora.xtec.cat\/escaldana\/wp-json\/wp\/v2\/media?parent=1830"}],"curies":[{"name":"wp","href":"https:\/\/api.w.org\/{rel}","templated":true}]}}